{"id":10288,"date":"2023-05-16T22:42:38","date_gmt":"2023-05-16T22:42:38","guid":{"rendered":"https:\/\/www.emprenet.com.mx\/?post_type=product&#038;p=10288"},"modified":"2025-05-28T17:00:41","modified_gmt":"2025-05-28T17:00:41","slug":"ligo-mobile-configurator","status":"publish","type":"product","link":"https:\/\/www.emprenet.com.mx\/en\/tienda\/ligo\/ligo-mobile-configurator\/","title":{"rendered":"LIGO MOBILE CONFIGURATOR"},"content":{"rendered":"<h4><strong>LIGO MOBILE CONFIGURATOR (LMC) <\/strong><\/h4>\n<p>Dise\u00f1ado para instalar y configurar sensores LIGO utilizando 2.4Ghz banda wi-fi con caracteristicas similares a las aplicaciones de configuraci\u00f3n de la aplicaci\u00f3n de la computadora. Con la ventaja de ser compacto, f\u00e1cil de usar, y a menor precio.<\/p>\n<p>&nbsp;<\/p>\n<p>&nbsp;<\/p>","protected":false},"excerpt":{"rendered":"<h5><strong>El LMC hace que la instalaci\u00f3n y configuaracion sea mas f\u00e1cil y conveniente<\/strong><\/h5>","protected":false},"featured_media":10289,"template":"","meta":{"content-type":"","_monsterinsights_skip_tracking":false,"_monsterinsights_sitenote_active":false,"_monsterinsights_sitenote_note":"","_monsterinsights_sitenote_category":0},"product_brand":[],"product_cat":[88],"product_tag":[207,274,275,273],"class_list":{"0":"post-10288","1":"product","2":"type-product","3":"status-publish","4":"has-post-thumbnail","6":"product_cat-ligo","7":"product_tag-accesorios","8":"product_tag-configurator","9":"product_tag-ligo","10":"product_tag-mobile","11":"grve-entry-item","13":"first","14":"instock","15":"taxable","16":"shipping-taxable","17":"purchasable","18":"product-type-simple"},"_links":{"self":[{"href":"https:\/\/www.emprenet.com.mx\/en\/wp-json\/wp\/v2\/product\/10288","targetHints":{"allow":["GET"]}}],"collection":[{"href":"https:\/\/www.emprenet.com.mx\/en\/wp-json\/wp\/v2\/product"}],"about":[{"href":"https:\/\/www.emprenet.com.mx\/en\/wp-json\/wp\/v2\/types\/product"}],"wp:featuredmedia":[{"embeddable":true,"href":"https:\/\/www.emprenet.com.mx\/en\/wp-json\/wp\/v2\/media\/10289"}],"wp:attachment":[{"href":"https:\/\/www.emprenet.com.mx\/en\/wp-json\/wp\/v2\/media?parent=10288"}],"wp:term":[{"taxonomy":"product_brand","embeddable":true,"href":"https:\/\/www.emprenet.com.mx\/en\/wp-json\/wp\/v2\/product_brand?post=10288"},{"taxonomy":"product_cat","embeddable":true,"href":"https:\/\/www.emprenet.com.mx\/en\/wp-json\/wp\/v2\/product_cat?post=10288"},{"taxonomy":"product_tag","embeddable":true,"href":"https:\/\/www.emprenet.com.mx\/en\/wp-json\/wp\/v2\/product_tag?post=10288"}],"curies":[{"name":"wp","href":"https:\/\/api.w.org\/{rel}","templated":true}]}}