{"id":11512,"date":"2023-08-16T21:43:48","date_gmt":"2023-08-16T21:43:48","guid":{"rendered":"https:\/\/www.emprenet.com.mx\/?post_type=product&#038;p=11512"},"modified":"2025-06-25T18:45:43","modified_gmt":"2025-06-25T18:45:43","slug":"fmc650","status":"publish","type":"product","link":"https:\/\/www.emprenet.com.mx\/en\/tienda\/teltonika\/fmc650\/","title":{"rendered":"FMC650"},"content":{"rendered":"<div>\n<div class=\"has-link list-disc py-4 md:pb-8 pt-2 container\">\n<div class=\"flex md:justify-end text-gray-1 flex-col md:flex-row gap-2 md:gap-6 mb-8 last:mb-0\">\n<div class=\"font-semibold w-full max-w-[296px]\">\n<p><strong>MODULE<\/strong><\/p>\n<p><strong>Name<\/strong> SLM320-E2, SLM320-LA<\/p>\n<\/div>\n<\/div>\n<div class=\"flex md:justify-end text-gray-1 flex-col md:flex-row gap-2 md:gap-6 mb-8 last:mb-0\">\n<div class=\"font-semibold w-full max-w-[296px]\">\n<p><strong>Technology<\/strong> LTE (CaT1) \/ 2G (GSM \/ GPRS) \/ GNSS<\/p>\n<p>&nbsp;<\/p>\n<p><strong>GNSS<\/strong><\/p>\n<div>\n<div class=\"has-link list-disc py-4 md:pb-8 pt-2 container\">\n<div class=\"flex md:justify-end text-gray-1 flex-col md:flex-row gap-2 md:gap-6 mb-8 last:mb-0\">\n<div class=\"font-semibold w-full max-w-[296px]\">\n<p><strong>Module name <\/strong>Airoha AG3335MB<\/p>\n<\/div>\n<\/div>\n<div class=\"flex md:justify-end text-gray-1 flex-col md:flex-row gap-2 md:gap-6 mb-8 last:mb-0\">\n<div class=\"font-semibold w-full max-w-[296px]\">\n<p><strong>GNSS <\/strong>GPS, GLONASS, GALILEO, BEIDOU, QZSS<\/p>\n<\/div>\n<\/div>\n<div class=\"flex md:justify-end text-gray-1 flex-col md:flex-row gap-2 md:gap-6 mb-8 last:mb-0\">\n<div class=\"font-semibold w-full max-w-[296px]\">\n<p><strong>Receiver <\/strong>L1 and L5 dual-band GNSS receiver<\/p>\n<\/div>\n<\/div>\n<div class=\"flex md:justify-end text-gray-1 flex-col md:flex-row gap-2 md:gap-6 mb-8 last:mb-0\">\n<div class=\"font-semibold w-full max-w-[296px]\">\n<p><strong>Tracking sensitivity <\/strong>-165 dBM<\/p>\n<\/div>\n<\/div>\n<div class=\"flex md:justify-end text-gray-1 flex-col md:flex-row gap-2 md:gap-6 mb-8 last:mb-0\">\n<div class=\"font-semibold w-full max-w-[296px]\">\n<p><strong>Position Accuracy <\/strong>&lt; 2.5 m CEP<\/p>\n<\/div>\n<\/div>\n<div class=\"flex md:justify-end text-gray-1 flex-col md:flex-row gap-2 md:gap-6 mb-8 last:mb-0\">\n<div class=\"font-semibold w-full max-w-[296px]\">\n<p><strong>Hot start <\/strong>1 s<\/p>\n<\/div>\n<\/div>\n<div class=\"flex md:justify-end text-gray-1 flex-col md:flex-row gap-2 md:gap-6 mb-8 last:mb-0\">\n<div class=\"font-semibold w-full max-w-[296px]\">\n<p><strong>Warm start <\/strong>&lt; 25 s<\/p>\n<\/div>\n<\/div>\n<div class=\"flex md:justify-end text-gray-1 flex-col md:flex-row gap-2 md:gap-6 mb-8 last:mb-0\">\n<div class=\"font-semibold w-full max-w-[296px]\">\n<p><strong>Cold start <\/strong>&lt; 32 s<\/p>\n<\/div>\n<p>&nbsp;<\/p>\n<p><strong>CELLULAR<\/strong><\/p>\n<div class=\"font-semibold w-full max-w-[296px]\">\n<div>\n<div class=\"has-link list-disc py-4 md:pb-8 pt-2 container\">\n<div class=\"flex md:justify-end text-gray-1 flex-col md:flex-row gap-2 md:gap-6 mb-8 last:mb-0\">\n<div class=\"font-semibold w-full max-w-[296px]\">\n<p><strong>Technology<\/strong> LTE Cat 1, GSM<\/p>\n<\/div>\n<\/div>\n<div class=\"flex md:justify-end text-gray-1 flex-col md:flex-row gap-2 md:gap-6 mb-8 last:mb-0\">\n<div class=\"font-semibold w-full max-w-[296px]\">\n<p><strong>2G bands <\/strong>SLM320-E2: B2\/B3\/B5\/B8\u00a0\u00a0\u00a0 SLM320-LA: B2\/B3\/B5\/B8<\/p>\n<\/div>\n<\/div>\n<div class=\"flex md:justify-end text-gray-1 flex-col md:flex-row gap-2 md:gap-6 mb-8 last:mb-0\">\n<div class=\"font-semibold w-full max-w-[296px]\">\n<p><strong>4G LTE Cat 1 bands<\/strong><\/p>\n<\/div>\n<div class=\"w-full max-w-[620px] disc less-bold\">\n<p><em>SLM320-E2:<br \/>\n<\/em>LTE-FDD:B1\/B3\/B7\/B8\/B20\/B28<br \/>\nLTE-TDD:B38\/B40\/B41<\/p>\n<p><em>SLM320-LA:<br \/>\n<\/em>LTE-FDD:B1\/B2\/B3\/B4\/B5\/B7\/B8\/B20\/B28<br \/>\nLTE-TDD:B40<\/p>\n<\/div>\n<\/div>\n<div class=\"flex md:justify-end text-gray-1 flex-col md:flex-row gap-2 md:gap-6 mb-8 last:mb-0\">\n<div class=\"font-semibold w-full max-w-[296px]\">\n<p><strong>Data transfer<\/strong><\/p>\n<\/div>\n<div class=\"w-full max-w-[620px] disc less-bold\">\n<p>LTE FDD: Max 10Mbps (DL)\/Max 5Mbps (UL) LTE TDD<br \/>\nMax 8Mbps (DL)\/Max 2Mbps (UL) GPRS:<br \/>\nMax 85.6Kbps (DL)\/Max 85.6Kbps (UL)<\/p>\n<\/div>\n<\/div>\n<div class=\"flex md:justify-end text-gray-1 flex-col md:flex-row gap-2 md:gap-6 mb-8 last:mb-0\">\n<div class=\"font-semibold w-full max-w-[296px]\">\n<p><strong>Data support<\/strong> SMS (text\/data)<\/p>\n<p>&nbsp;<\/p>\n<p><strong>POWER<\/strong><\/p>\n<div>\n<div class=\"has-link list-disc py-4 md:pb-8 pt-2 container\">\n<div class=\"flex md:justify-end text-gray-1 flex-col md:flex-row gap-2 md:gap-6 mb-8 last:mb-0\">\n<div class=\"font-semibold w-full max-w-[296px]\">\n<p><strong>Input voltage range <\/strong>8\u201332 V DC with overvoltage (compatible with pulse 5a and pulse 5b) and reverse polarity protection<\/p>\n<\/div>\n<div class=\"w-full max-w-[620px] disc less-bold\">\n<p><strong>Internal Back-up battery<\/strong> 550 mAh Ni-Mh, 8.4 V battery<\/p>\n<\/div>\n<\/div>\n<div class=\"flex md:justify-end text-gray-1 flex-col md:flex-row gap-2 md:gap-6 mb-8 last:mb-0\">\n<div class=\"font-semibold w-full max-w-[296px]\">\n<p><strong>Power consumption<\/strong><\/p>\n<\/div>\n<div class=\"w-full max-w-[620px] disc less-bold\">\n<p>At 12V &lt;7 mA (Deep Sleep)<br \/>\nAt 12V &lt;13 mA (Online Deep Sleep)<br \/>\nAt 12V &lt; 47 mA (GPS Sleep)<br \/>\nAt 12V &lt; 68 mA (Normal)<\/p>\n<\/div>\n<p>&nbsp;<\/p>\n<p><strong>BLUETOOTH<\/strong><\/p>\n<div>\n<div class=\"has-link list-disc py-4 md:pb-8 pt-2 container\">\n<div class=\"flex md:justify-end text-gray-1 flex-col md:flex-row gap-2 md:gap-6 mb-8 last:mb-0\">\n<div class=\"font-semibold w-full max-w-[296px]\">\n<p><strong>Name<\/strong> Blue NRG232<\/p>\n<\/div>\n<\/div>\n<div class=\"flex md:justify-end text-gray-1 flex-col md:flex-row gap-2 md:gap-6 mb-8 last:mb-0\">\n<div class=\"font-semibold w-full max-w-[296px]\">\n<p><strong>Specification<\/strong> 5.0 + LE<\/p>\n<\/div>\n<\/div>\n<div class=\"flex md:justify-end text-gray-1 flex-col md:flex-row gap-2 md:gap-6 mb-8 last:mb-0\">\n<div class=\"font-semibold w-full max-w-[296px]\">\n<p><strong>Supported peripherals<\/strong> Temperature and Humidity sensor, Universal BLE sensors support<\/p>\n<p>&nbsp;<\/p>\n<\/div>\n<p><strong>PHYSICAL SPECIFICATIONS<\/strong><\/p>\n<div>\n<div class=\"has-link list-disc py-4 md:pb-8 pt-2 container\">\n<div class=\"flex md:justify-end text-gray-1 flex-col md:flex-row gap-2 md:gap-6 mb-8 last:mb-0\">\n<div class=\"font-semibold w-full max-w-[296px]\">\n<p><strong>Dimensions<\/strong> 104,1 x 76,8 x 31,5 mm (L x W x H)<\/p>\n<\/div>\n<\/div>\n<div class=\"flex md:justify-end text-gray-1 flex-col md:flex-row gap-2 md:gap-6 mb-8 last:mb-0\">\n<div class=\"font-semibold w-full max-w-[296px]\">\n<p><strong>Weight<\/strong> 197 g<\/p>\n<\/div>\n<\/div>\n<\/div>\n<p>&nbsp;<\/p>\n<p><strong>OPERATING ENVIROMENT<\/strong><\/p>\n<div>\n<div class=\"has-link list-disc py-4 md:pb-8 pt-2 container\">\n<div class=\"flex md:justify-end text-gray-1 flex-col md:flex-row gap-2 md:gap-6 mb-8 last:mb-0\">\n<div class=\"font-semibold w-full max-w-[296px]\">\n<p><strong>Operating temperature (without battery)<\/strong> -40 \u00b0C to +85 \u00b0C<\/p>\n<\/div>\n<\/div>\n<div class=\"flex md:justify-end text-gray-1 flex-col md:flex-row gap-2 md:gap-6 mb-8 last:mb-0\">\n<div class=\"font-semibold w-full max-w-[296px]\">\n<p><strong>Storage temperature (without battery)<\/strong> -40 \u00b0C to +85 \u00b0C<\/p>\n<\/div>\n<\/div>\n<div class=\"flex md:justify-end text-gray-1 flex-col md:flex-row gap-2 md:gap-6 mb-8 last:mb-0\">\n<div class=\"font-semibold w-full max-w-[296px]\">\n<p><strong>Operating humidity<\/strong> 5% to 95% non-condensing<\/p>\n<\/div>\n<\/div>\n<div class=\"flex md:justify-end text-gray-1 flex-col md:flex-row gap-2 md:gap-6 mb-8 last:mb-0\">\n<div class=\"font-semibold w-full max-w-[296px]\">\n<p><strong>Storage temperature (with battery) <\/strong>-20 \u00b0C to +45 \u00b0C<\/p>\n<\/div>\n<\/div>\n<div class=\"flex md:justify-end text-gray-1 flex-col md:flex-row gap-2 md:gap-6 mb-8 last:mb-0\">\n<div class=\"font-semibold w-full max-w-[296px]\">\n<p><strong>Ingress Protection Rating <\/strong>IP41<\/p>\n<\/div>\n<\/div>\n<div class=\"flex md:justify-end text-gray-1 flex-col md:flex-row gap-2 md:gap-6 mb-8 last:mb-0\">\n<div class=\"font-semibold w-full max-w-[296px]\">\n<p><strong>Battery storage temperature <\/strong>-20 \u00b0C to +45\u00b0C<\/p>\n<p>&nbsp;<\/p>\n<\/div>\n<p><strong>INTERFACE<\/strong><\/p>\n<div>\n<div class=\"has-link list-disc py-4 md:pb-8 pt-2 container\">\n<div class=\"flex md:justify-end text-gray-1 flex-col md:flex-row gap-2 md:gap-6 mb-8 last:mb-0\">\n<div class=\"font-semibold w-full max-w-[296px]\">\n<p><strong>Digital Inputs<\/strong> 4<\/p>\n<\/div>\n<\/div>\n<div class=\"flex md:justify-end text-gray-1 flex-col md:flex-row gap-2 md:gap-6 mb-8 last:mb-0\">\n<div class=\"font-semibold w-full max-w-[296px]\">\n<p><strong>Digital Outputs<\/strong> 4<\/p>\n<\/div>\n<\/div>\n<div class=\"flex md:justify-end text-gray-1 flex-col md:flex-row gap-2 md:gap-6 mb-8 last:mb-0\">\n<div class=\"font-semibold w-full max-w-[296px]\">\n<p><strong>Analog Inputs<\/strong> 4<\/p>\n<\/div>\n<\/div>\n<div class=\"flex md:justify-end text-gray-1 flex-col md:flex-row gap-2 md:gap-6 mb-8 last:mb-0\">\n<div class=\"font-semibold w-full max-w-[296px]\">\n<p><strong>1-Wire<\/strong> 1<\/p>\n<\/div>\n<\/div>\n<div class=\"flex md:justify-end text-gray-1 flex-col md:flex-row gap-2 md:gap-6 mb-8 last:mb-0\">\n<div class=\"font-semibold w-full max-w-[296px]\">\n<p><strong>RS232 <\/strong>2<\/p>\n<\/div>\n<\/div>\n<div class=\"flex md:justify-end text-gray-1 flex-col md:flex-row gap-2 md:gap-6 mb-8 last:mb-0\">\n<div class=\"font-semibold w-full max-w-[296px]\">\n<p><strong>RS485 <\/strong>1<\/p>\n<\/div>\n<\/div>\n<div class=\"flex md:justify-end text-gray-1 flex-col md:flex-row gap-2 md:gap-6 mb-8 last:mb-0\">\n<div class=\"font-semibold w-full max-w-[296px]\">\n<p><strong>CAN J1939 <\/strong>2<\/p>\n<\/div>\n<\/div>\n<div class=\"flex md:justify-end text-gray-1 flex-col md:flex-row gap-2 md:gap-6 mb-8 last:mb-0\">\n<div class=\"font-semibold w-full max-w-[296px]\">\n<p><strong>J1708 <\/strong>1<\/p>\n<\/div>\n<\/div>\n<div class=\"flex md:justify-end text-gray-1 flex-col md:flex-row gap-2 md:gap-6 mb-8 last:mb-0\">\n<div class=\"font-semibold w-full max-w-[296px]\">\n<p><strong>K-line <\/strong>1<\/p>\n<\/div>\n<\/div>\n<div class=\"flex md:justify-end text-gray-1 flex-col md:flex-row gap-2 md:gap-6 mb-8 last:mb-0\">\n<div class=\"font-semibold w-full max-w-[296px]\">\n<p><strong>GNSS antenna <\/strong>External High Gain (L1+L5)<\/p>\n<\/div>\n<\/div>\n<div class=\"flex md:justify-end text-gray-1 flex-col md:flex-row gap-2 md:gap-6 mb-8 last:mb-0\">\n<div class=\"font-semibold w-full max-w-[296px]\">\n<p><strong>Cellular antenna <\/strong>External High Gain<\/p>\n<\/div>\n<\/div>\n<div class=\"flex md:justify-end text-gray-1 flex-col md:flex-row gap-2 md:gap-6 mb-8 last:mb-0\">\n<div class=\"font-semibold w-full max-w-[296px]\">\n<p><strong>USB <\/strong>2.0 Mini-USB \u2013 device can be powered by USB for easier device configuration<\/p>\n<\/div>\n<\/div>\n<div class=\"flex md:justify-end text-gray-1 flex-col md:flex-row gap-2 md:gap-6 mb-8 last:mb-0\">\n<div class=\"font-semibold w-full max-w-[296px]\">\n<p><strong>LED indication <\/strong>2 status LED lights<\/p>\n<\/div>\n<\/div>\n<div class=\"flex md:justify-end text-gray-1 flex-col md:flex-row gap-2 md:gap-6 mb-8 last:mb-0\">\n<div class=\"font-semibold w-full max-w-[296px]\">\n<p><strong>SIM<\/strong> 2x SIM Card (Dual-SIM) or 1x eSIM<\/p>\n<\/div>\n<\/div>\n<div class=\"flex md:justify-end text-gray-1 flex-col md:flex-row gap-2 md:gap-6 mb-8 last:mb-0\">\n<div class=\"font-semibold w-full max-w-[296px]\">\n<p><strong>Memory <\/strong>16 MB internal flash memory and external Micro SD card up to 32GB<\/p>\n<\/div>\n<\/div>\n<div class=\"flex md:justify-end text-gray-1 flex-col md:flex-row gap-2 md:gap-6 mb-8 last:mb-0\">\n<div class=\"font-semibold w-full max-w-[296px]\">\n<p><strong>Switchable CAN terminators <\/strong>Supported on CAN1 and CAN2 lines<\/p>\n<\/div>\n<\/div>\n<p>&nbsp;<\/p>\n<p><strong>FEATURES<\/strong><\/p>\n<div>\n<div class=\"has-link list-disc py-4 md:pb-8 pt-2 container\">\n<div class=\"flex md:justify-end text-gray-1 flex-col md:flex-row gap-2 md:gap-6 mb-8 last:mb-0\">\n<div class=\"font-semibold w-full max-w-[296px]\">\n<p><strong>Sensors <\/strong>Accelerometer<\/p>\n<\/div>\n<\/div>\n<div class=\"flex md:justify-end text-gray-1 flex-col md:flex-row gap-2 md:gap-6 mb-8 last:mb-0\">\n<div class=\"font-semibold w-full max-w-[296px]\">\n<p><strong>Scenarios<\/strong> Green\/Eco Driving, Over Speeding detection, Jamming detection, Excessive Idling detection, Towing detection, Crash detection, Immobilizer, iButton Read Notification, Auto Geofencing, Manual Geofencing, Trip detection, Odometer, Fuel counter, GNSS Unplug Detection, DDD download and Tacho online data, Offline tracking<\/p>\n<\/div>\n<\/div>\n<div class=\"flex md:justify-end text-gray-1 flex-col md:flex-row gap-2 md:gap-6 mb-8 last:mb-0\">\n<div class=\"font-semibold w-full max-w-[296px]\">\n<p><strong>Supported peripherals <\/strong>Garmin, RFID RS232, RFID 1-Wire, iButton 1-Wire, Temperature 1-Wire, LV-CAN200, ALL-CAN300, CAN-CONTROL, CAN FMS (J1939, J1708), K-line data, Continental tire pressure measurement sensor, Iridium SBD (Iridium Edge\/TSM232), Carrier freezer, Log Mode, NMEA, TCP ASCII\/Binary, Temperature and humidity sensor, Universal BLE sensors support<\/p>\n<\/div>\n<\/div>\n<div class=\"flex md:justify-end text-gray-1 flex-col md:flex-row gap-2 md:gap-6 mb-8 last:mb-0\">\n<div class=\"font-semibold w-full max-w-[296px]\">\n<p><strong>Sleep modes <\/strong>GPS Sleep, Online Deep Sleep, Deep Sleep<\/p>\n<\/div>\n<\/div>\n<div class=\"flex md:justify-end text-gray-1 flex-col md:flex-row gap-2 md:gap-6 mb-8 last:mb-0\">\n<div class=\"font-semibold w-full max-w-[296px]\">\n<p><strong>Configuration and firmware update <\/strong>FOTA Web, FOTA, Teltonika Configurator<\/p>\n<\/div>\n<\/div>\n<div class=\"flex md:justify-end text-gray-1 flex-col md:flex-row gap-2 md:gap-6 mb-8 last:mb-0\">\n<div class=\"font-semibold w-full max-w-[296px]\">\n<p><strong>SMS<\/strong> Configuration, Events, DOUT control, Debug<\/p>\n<\/div>\n<\/div>\n<div class=\"flex md:justify-end text-gray-1 flex-col md:flex-row gap-2 md:gap-6 mb-8 last:mb-0\">\n<div class=\"font-semibold w-full max-w-[296px]\">\n<p><strong>GPRS commands<\/strong> Configuration, DOUT control, Debug<\/p>\n<\/div>\n<\/div>\n<div class=\"flex md:justify-end text-gray-1 flex-col md:flex-row gap-2 md:gap-6 mb-8 last:mb-0\">\n<div class=\"font-semibold w-full max-w-[296px]\">\n<p><strong>Time Synchronization <\/strong>GNSS, NITZ, NTP<\/p>\n<\/div>\n<\/div>\n<div class=\"flex md:justify-end text-gray-1 flex-col md:flex-row gap-2 md:gap-6 mb-8 last:mb-0\">\n<div class=\"font-semibold w-full max-w-[296px]\">\n<p><strong>Fuel monitoring <\/strong>LLS (Analog), Digital LLS (RS232, RS485), LV-CAN200, ALL-CAN300, CAN-CONTROL, CAN FMS, Ultrasonic level sensor<\/p>\n<\/div>\n<\/div>\n<div class=\"flex md:justify-end text-gray-1 flex-col md:flex-row gap-2 md:gap-6 mb-8 last:mb-0\">\n<div class=\"font-semibold w-full max-w-[296px]\">\n<p><strong>Ignition detection <\/strong>Digital Input, Accelerometer, External Power Voltage<\/p>\n<\/div>\n<\/div>\n<div class=\"flex md:justify-end text-gray-1 flex-col md:flex-row gap-2 md:gap-6 mb-8 last:mb-0\">\n<div class=\"font-semibold w-full max-w-[296px]\">\n<p><strong>RS232 Modes <\/strong>Log Mode, NMEA, LLS, LCD, RFID HID\/MF7, Garmin FMI, TCP ASCII\/Binary, TCP ASCII\/Binary (Buffered), Rec to LCD, Atol Tachograph, UL202-2 Fuel Sensor, Iridium Edge\/TSM232 Satellite backup, Carrier Freezer<\/p>\n<\/div>\n<\/div>\n<div class=\"flex md:justify-end text-gray-1 flex-col md:flex-row gap-2 md:gap-6 mb-8 last:mb-0\">\n<div class=\"font-semibold w-full max-w-[296px]\">\n<p><strong>RS485 Modes <\/strong>Silent, Log Mode, NMEA, LLS, TCP ASCII\/Binary, TCP ASCII\/Binary (Buffered)<\/p>\n<\/div>\n<\/div>\n<\/div>\n<\/div>\n<\/div>\n<\/div>\n<\/div>\n<\/div>\n<\/div>\n<p>&nbsp;<\/p>\n<\/div>\n<\/div>\n<\/div>\n<\/div>\n<\/div>\n<\/div>\n<\/div>\n<\/div>\n<p>&nbsp;<\/p>\n<\/div>\n<\/div>\n<\/div>\n<\/div>\n<\/div>\n<\/div>\n<\/div>\n<\/div>\n<\/div>\n<\/div>\n<\/div>\n","protected":false},"excerpt":{"rendered":"<p><a href=\"https:\/\/www.emprenet.com.mx\/wp-content\/uploads\/2025\/06\/DS-FMC650.pdf\">FICHA T\u00c9CNICA<\/a><\/p>\n<p>El modelo FMC650\u00a0 es un rastreador GPS profesional para la gesti\u00f3n de flotas que ofrece una cobertura global fiable y un m\u00f3dulo GNSS independiente para un seguimiento preciso.<\/p>\n<p>Con una conexi\u00f3n 4G \/2G, puede estar seguro de que sus veh\u00edculos estar\u00e1n siempre conectados. El m\u00f3dulo GNSS independiente tiene soporte de doble canal para las frecuencias L1 y L5, lo que garantiza datos de localizaci\u00f3n precisos.<br \/>\nAdem\u00e1s del seguimiento de la ubicaci\u00f3n del veh\u00edculo, el FMC650 tambi\u00e9n ofrece descarga remota de archivos de tac\u00f3grafo y datos en directo. Puede leer los datos en directo del tac\u00f3grafo a trav\u00e9s de las conexiones K-Line, ALL-CAN, Tacho CAN o FMS para la gesti\u00f3n diaria del conductor y la eficiencia de la flota.<\/p>\n<p>El sistema tambi\u00e9n admite la lectura de datos CAN de veh\u00edculos pesados y maquinaria especial, incluidos datos J1939 de camiones y datos J1939 sin procesar de gr\u00faas de construcci\u00f3n o autobuses el\u00e9ctricos sin necesidad de adaptadores CAN adicionales. Con la posibilidad de conectarse a la l\u00ednea CAN con m\u00faltiples nodos, este sistema es altamente adaptable a cualquier necesidad de gesti\u00f3n de flotas.<\/p>\n<p>Ofrece 2 interfaces de comunicaci\u00f3n serie RS232 y 1 RS485 para conectar dispositivos externos como sensores de temperatura y nivel de combustible, lectores RFID, etc., lo que lo convierte en una soluci\u00f3n completa para todos sus requisitos de gesti\u00f3n de flotas.<\/p>\n<p>&nbsp;<\/p>","protected":false},"featured_media":11526,"template":"","meta":{"content-type":"","_monsterinsights_skip_tracking":false,"_monsterinsights_sitenote_active":false,"_monsterinsights_sitenote_note":"","_monsterinsights_sitenote_category":0},"product_brand":[],"product_cat":[74],"product_tag":[260,28,239],"class_list":{"0":"post-11512","1":"product","2":"type-product","3":"status-publish","4":"has-post-thumbnail","6":"product_cat-teltonika","7":"product_tag-fmc650","8":"product_tag-gps","9":"product_tag-teltonika","10":"grve-entry-item","12":"first","13":"instock","14":"taxable","15":"shipping-taxable","16":"purchasable","17":"product-type-simple"},"_links":{"self":[{"href":"https:\/\/www.emprenet.com.mx\/en\/wp-json\/wp\/v2\/product\/11512","targetHints":{"allow":["GET"]}}],"collection":[{"href":"https:\/\/www.emprenet.com.mx\/en\/wp-json\/wp\/v2\/product"}],"about":[{"href":"https:\/\/www.emprenet.com.mx\/en\/wp-json\/wp\/v2\/types\/product"}],"wp:featuredmedia":[{"embeddable":true,"href":"https:\/\/www.emprenet.com.mx\/en\/wp-json\/wp\/v2\/media\/11526"}],"wp:attachment":[{"href":"https:\/\/www.emprenet.com.mx\/en\/wp-json\/wp\/v2\/media?parent=11512"}],"wp:term":[{"taxonomy":"product_brand","embeddable":true,"href":"https:\/\/www.emprenet.com.mx\/en\/wp-json\/wp\/v2\/product_brand?post=11512"},{"taxonomy":"product_cat","embeddable":true,"href":"https:\/\/www.emprenet.com.mx\/en\/wp-json\/wp\/v2\/product_cat?post=11512"},{"taxonomy":"product_tag","embeddable":true,"href":"https:\/\/www.emprenet.com.mx\/en\/wp-json\/wp\/v2\/product_tag?post=11512"}],"curies":[{"name":"wp","href":"https:\/\/api.w.org\/{rel}","templated":true}]}}