{"id":11676,"date":"2023-09-25T17:39:09","date_gmt":"2023-09-25T17:39:09","guid":{"rendered":"https:\/\/www.emprenet.com.mx\/?post_type=product&#038;p=11676"},"modified":"2025-10-22T18:49:04","modified_gmt":"2025-10-22T18:49:04","slug":"fmc003","status":"publish","type":"product","link":"https:\/\/www.emprenet.com.mx\/en\/tienda\/teltonika\/fmc003\/","title":{"rendered":"FMC003"},"content":{"rendered":"<div class=\"flex md:justify-end text-gray-1 flex-col md:flex-row gap-2 md:gap-6 mb-8 last:mb-0\">\n<div class=\"font-semibold w-full max-w-[296px]\">\n<p><strong>Name <\/strong>Teltonika TM2500, MeiG SLM320-E, MeiG SLM320-LA<\/p>\n<p><strong>Technology<\/strong> LTE(CaT1)\/2G(GSM\/GPRS)\/GNSS\/BLUETOOTH<\/p>\n<\/div>\n<\/div>\n<div class=\"flex md:justify-end text-gray-1 flex-col md:flex-row gap-2 md:gap-6 mb-8 last:mb-0\">\n<div>\n<div class=\"has-link list-disc py-4 md:pb-8 pt-2 container\">\n<div class=\"flex md:justify-end text-gray-1 flex-col md:flex-row gap-2 md:gap-6 mb-8 last:mb-0\">\n<div class=\"font-semibold w-full max-w-[296px]\">\n<p><strong>GNSS<\/strong> GPS, GLONASS, GALILEO, BEIDOU, SBAS, QZSS, DGPS, AGPS<\/p>\n<\/div>\n<\/div>\n<div class=\"flex md:justify-end text-gray-1 flex-col md:flex-row gap-2 md:gap-6 mb-8 last:mb-0\">\n<div class=\"font-semibold w-full max-w-[296px]\">\n<p><strong>Receiver<\/strong> 33 channel<\/p>\n<\/div>\n<\/div>\n<div class=\"flex md:justify-end text-gray-1 flex-col md:flex-row gap-2 md:gap-6 mb-8 last:mb-0\">\n<div class=\"font-semibold w-full max-w-[296px]\">\n<p><strong>Tracking sensitivity<\/strong> -165 dBM<\/p>\n<\/div>\n<\/div>\n<div class=\"flex md:justify-end text-gray-1 flex-col md:flex-row gap-2 md:gap-6 mb-8 last:mb-0\">\n<div class=\"font-semibold w-full max-w-[296px]\">\n<p><strong>Position Accuracy<\/strong> &lt; 2.5 m CEP<\/p>\n<\/div>\n<\/div>\n<div class=\"flex md:justify-end text-gray-1 flex-col md:flex-row gap-2 md:gap-6 mb-8 last:mb-0\">\n<div class=\"font-semibold w-full max-w-[296px]\">\n<p><strong>Hot start<\/strong> &lt; 1 s<\/p>\n<\/div>\n<\/div>\n<div class=\"flex md:justify-end text-gray-1 flex-col md:flex-row gap-2 md:gap-6 mb-8 last:mb-0\">\n<div class=\"font-semibold w-full max-w-[296px]\">\n<p><strong>Warm start<\/strong> &lt; 25 s<\/p>\n<\/div>\n<\/div>\n<div class=\"flex md:justify-end text-gray-1 flex-col md:flex-row gap-2 md:gap-6 mb-8 last:mb-0\">\n<div class=\"font-semibold w-full max-w-[296px]\">\n<p><strong>Cold start<\/strong> &lt; 35 s<\/p>\n<\/div>\n<\/div>\n<div class=\"flex md:justify-end text-gray-1 flex-col md:flex-row gap-2 md:gap-6 mb-8 last:mb-0\">\n<div class=\"font-semibold w-full max-w-[296px]\">\n<p><strong>Velocity Accuracy<\/strong> &lt; 0.1 m\/s (within +\/- 15% error)<\/p>\n<div>\n<div class=\"has-link list-disc py-4 md:pb-8 pt-2 container\">\n<div class=\"flex md:justify-end text-gray-1 flex-col md:flex-row gap-2 md:gap-6 mb-8 last:mb-0\">\n<div class=\"font-semibold w-full max-w-[296px]\">\n<p><strong>Technology<\/strong> GSM<\/p>\n<\/div>\n<\/div>\n<div class=\"flex md:justify-end text-gray-1 flex-col md:flex-row gap-2 md:gap-6 mb-8 last:mb-0\">\n<div class=\"font-semibold w-full max-w-[296px]\">\n<p><strong>Transmit power<\/strong><\/p>\n<\/div>\n<div class=\"w-full max-w-[620px] disc less-bold\">\n<p>Class 4 for GSM850\/900: 23\u00b12dBm<\/p>\n<p>Class 1 for GSM1800\/1900: 20\u00b12dBm<\/p>\n<p>Class 3 for LTE-TDD: 23\u00b12.7dBm<\/p>\n<p>Class 3 for LTE-FDD: 23\u00b12.7dBm<\/p>\n<\/div>\n<\/div>\n<div class=\"flex md:justify-end text-gray-1 flex-col md:flex-row gap-2 md:gap-6 mb-8 last:mb-0\">\n<div class=\"font-semibold w-full max-w-[296px]\">\n<p><strong>2G bands <\/strong>GSM: B2\/B3\/B5\/B8<\/p>\n<\/div>\n<\/div>\n<div class=\"flex md:justify-end text-gray-1 flex-col md:flex-row gap-2 md:gap-6 mb-8 last:mb-0\">\n<div class=\"font-semibold w-full max-w-[296px]\">\n<p><strong>4G LTE Cat 1 bands <\/strong>SLM320-E: LTE FDD: B1\/B3\/B7\/B8\/B20\/B28 LTE-TDD:B38\/B40\/B41 SLM320-LA: LTE FDD: B1\/B2\/B3\/B4\/B5\/B7\/B8\/B20\/B28 LTE-TDD:B40<\/p>\n<\/div>\n<\/div>\n<div class=\"flex md:justify-end text-gray-1 flex-col md:flex-row gap-2 md:gap-6 mb-8 last:mb-0\">\n<div class=\"font-semibold w-full max-w-[296px]\">\n<p><strong>Data transfer<\/strong> LTE:LTE FDD: Max 10Mbps (DL)\/Max 5Mbps (UL) LTE TDD: Max 8Mbps (DL)\/Max 2Mbps (UL) GSM:GPRS: Max 85.6Kbps (DL)\/Max 85.6Kbps (UL)<\/p>\n<\/div>\n<\/div>\n<div class=\"flex md:justify-end text-gray-1 flex-col md:flex-row gap-2 md:gap-6 mb-8 last:mb-0\">\n<div class=\"font-semibold w-full max-w-[296px]\">\n<p><strong>Data support<\/strong> SMS (text\/data)<\/p>\n<div>\n<div class=\"has-link list-disc py-4 md:pb-8 pt-2 container\">\n<div class=\"flex md:justify-end text-gray-1 flex-col md:flex-row gap-2 md:gap-6 mb-8 last:mb-0\">\n<div class=\"font-semibold w-full max-w-[296px]\">\n<p><strong>Input voltage range <\/strong>10\u201330 V DC with overvoltage and reverse polarity protection<\/p>\n<\/div>\n<\/div>\n<div class=\"flex md:justify-end text-gray-1 flex-col md:flex-row gap-2 md:gap-6 mb-8 last:mb-0\">\n<div class=\"font-semibold w-full max-w-[296px]\">\n<p><strong>Internal Back-up battery <\/strong>170 mAh Li-Ion battery, 3.7 V (0.63 Wh)<\/p>\n<\/div>\n<\/div>\n<div class=\"flex md:justify-end text-gray-1 flex-col md:flex-row gap-2 md:gap-6 mb-8 last:mb-0\">\n<div class=\"font-semibold w-full max-w-[296px]\">\n<p><strong>Power consumption<\/strong><\/p>\n<\/div>\n<div class=\"w-full max-w-[620px] disc less-bold\">\n<p>At 12V &lt; 3 mA (Ultra Deep Sleep)<\/p>\n<p>At 12V &lt; 5 mA (Deep Sleep)<\/p>\n<p>At 12V &lt; 16 mA (Online Deep Sleep)<\/p>\n<p>At 12V &lt; 18 mA (GPS Sleep)<\/p>\n<p>At 12V &lt; 33 mA (nominal)<\/p>\n<div>\n<div class=\"has-link list-disc py-4 md:pb-8 pt-2 container\">\n<div class=\"flex md:justify-end text-gray-1 flex-col md:flex-row gap-2 md:gap-6 mb-8 last:mb-0\">\n<div class=\"font-semibold w-full max-w-[296px]\">\n<p><strong>Specification <\/strong>4.0 + LE<\/p>\n<\/div>\n<\/div>\n<div class=\"flex md:justify-end text-gray-1 flex-col md:flex-row gap-2 md:gap-6 mb-8 last:mb-0\">\n<div class=\"font-semibold w-full max-w-[296px]\">\n<p><strong>Supported peripherals <\/strong>Temperature and Humidity sensor, Inateck Barcode Scanner, Universal BLE sensors support<\/p>\n<div>\n<div class=\"has-link list-disc py-4 md:pb-8 pt-2 container\">\n<div class=\"flex md:justify-end text-gray-1 flex-col md:flex-row gap-2 md:gap-6 mb-8 last:mb-0\">\n<div class=\"font-semibold w-full max-w-[296px]\">\n<p><strong>Data <\/strong>K-Line, CAN bus data<\/p>\n<\/div>\n<\/div>\n<div class=\"flex md:justify-end text-gray-1 flex-col md:flex-row gap-2 md:gap-6 mb-8 last:mb-0\">\n<div class=\"font-semibold w-full max-w-[296px]\">\n<p><strong>Data reading<\/strong><\/p>\n<p>Up to 32 vehicle onboard parameters, supported OBD protocols:<br \/>\nISO 9141-2 (5 baud init, 10.4 kbaud)<br \/>\nISO 14230-4 KWP (5 baud init, 10.4 kbaud)<br \/>\nISO 14230-4 KWP (fast init, 10.4 kbaud)<br \/>\nISO 15765-4 CAN (11 bit ID, 250 kbaud)<br \/>\nISO 15765-4 CAN (11 bit ID, 500 kbaud)<br \/>\nISO 15765-4 CAN (29 bit ID, 250 kbaud)<br \/>\nISO 15765-4 CAN (29 bit ID, 500 kbaud)<\/p>\n<div>\n<div class=\"has-link list-disc py-4 md:pb-8 pt-2 container\">\n<div class=\"flex md:justify-end text-gray-1 flex-col md:flex-row gap-2 md:gap-6 mb-8 last:mb-0\">\n<div class=\"font-semibold w-full max-w-[296px]\">\n<p><strong>Connection<\/strong> OBDII Socket<\/p>\n<\/div>\n<\/div>\n<div class=\"flex md:justify-end text-gray-1 flex-col md:flex-row gap-2 md:gap-6 mb-8 last:mb-0\">\n<div class=\"font-semibold w-full max-w-[296px]\">\n<p><strong>GNSS antenna<\/strong> Internal High Gain<\/p>\n<\/div>\n<\/div>\n<div class=\"flex md:justify-end text-gray-1 flex-col md:flex-row gap-2 md:gap-6 mb-8 last:mb-0\">\n<div class=\"font-semibold w-full max-w-[296px]\">\n<p><strong>Cellular antenna<\/strong> Internal GSM High Gain<\/p>\n<\/div>\n<\/div>\n<div class=\"flex md:justify-end text-gray-1 flex-col md:flex-row gap-2 md:gap-6 mb-8 last:mb-0\">\n<div class=\"font-semibold w-full max-w-[296px]\">\n<p><strong>USB<\/strong> 2.0 Micro-USB<\/p>\n<\/div>\n<\/div>\n<div class=\"flex md:justify-end text-gray-1 flex-col md:flex-row gap-2 md:gap-6 mb-8 last:mb-0\">\n<div class=\"font-semibold w-full max-w-[296px]\">\n<p><strong>LED indication <\/strong>2 status LED lights<\/p>\n<\/div>\n<\/div>\n<div class=\"flex md:justify-end text-gray-1 flex-col md:flex-row gap-2 md:gap-6 mb-8 last:mb-0\">\n<div class=\"font-semibold w-full max-w-[296px]\">\n<p><strong>SIM <\/strong>Micro-SIM<\/p>\n<\/div>\n<\/div>\n<div class=\"flex md:justify-end text-gray-1 flex-col md:flex-row gap-2 md:gap-6 mb-8 last:mb-0\">\n<div class=\"font-semibold w-full max-w-[296px]\">\n<p><strong>Memory <\/strong>128MB internal flash memory<\/p>\n<div>\n<div class=\"has-link list-disc py-4 md:pb-8 pt-2 container\">\n<div class=\"flex md:justify-end text-gray-1 flex-col md:flex-row gap-2 md:gap-6 mb-8 last:mb-0\">\n<div class=\"font-semibold w-full max-w-[296px]\">\n<p><strong>Weight<\/strong> 63 g<\/p>\n<\/div>\n<\/div>\n<div class=\"flex md:justify-end text-gray-1 flex-col md:flex-row gap-2 md:gap-6 mb-8 last:mb-0\">\n<div class=\"font-semibold w-full max-w-[296px]\">\n<p><strong>Dimensions<\/strong> 67,2 x 49,6 x 25 mm (L x W x H)<\/p>\n<div>\n<div class=\"has-link list-disc py-4 md:pb-8 pt-2 container\">\n<div class=\"flex md:justify-end text-gray-1 flex-col md:flex-row gap-2 md:gap-6 mb-8 last:mb-0\">\n<div class=\"font-semibold w-full max-w-[296px]\">\n<p><strong>Operating temperature (without battery<\/strong>) -40 \u00b0C to +85 \u00b0C<\/p>\n<\/div>\n<\/div>\n<div class=\"flex md:justify-end text-gray-1 flex-col md:flex-row gap-2 md:gap-6 mb-8 last:mb-0\">\n<div class=\"font-semibold w-full max-w-[296px]\">\n<p><strong>Storage temperature (without battery) <\/strong>-40 \u00b0C to +85 \u00b0C<\/p>\n<\/div>\n<\/div>\n<div class=\"flex md:justify-end text-gray-1 flex-col md:flex-row gap-2 md:gap-6 mb-8 last:mb-0\">\n<div class=\"font-semibold w-full max-w-[296px]\">\n<p><strong>Operating humidity <\/strong>5% to 95% non-condensing<\/p>\n<\/div>\n<\/div>\n<div class=\"flex md:justify-end text-gray-1 flex-col md:flex-row gap-2 md:gap-6 mb-8 last:mb-0\">\n<div class=\"font-semibold w-full max-w-[296px]\">\n<p><strong>Ingress Protection Rating <\/strong>IP41<\/p>\n<\/div>\n<\/div>\n<div class=\"flex md:justify-end text-gray-1 flex-col md:flex-row gap-2 md:gap-6 mb-8 last:mb-0\">\n<div class=\"font-semibold w-full max-w-[296px]\">\n<p><strong>Battery charge temperature <\/strong>0 \u00b0C to +45 \u00b0C<\/p>\n<\/div>\n<\/div>\n<div class=\"flex md:justify-end text-gray-1 flex-col md:flex-row gap-2 md:gap-6 mb-8 last:mb-0\">\n<div class=\"font-semibold w-full max-w-[296px]\">\n<p><strong>Battery discharge temperature <\/strong>-20 \u00b0C to +60 \u00b0C<\/p>\n<\/div>\n<\/div>\n<div class=\"flex md:justify-end text-gray-1 flex-col md:flex-row gap-2 md:gap-6 mb-8 last:mb-0\">\n<div class=\"font-semibold w-full max-w-[296px]\">\n<p><strong>Battery storage temperature <\/strong>-20 \u00b0C to +45 \u00b0C for 1 month\u00a0\u00a0 -20 \u00b0C to +35 \u00b0C for 6 months<\/p>\n<div>\n<div class=\"has-link list-disc py-4 md:pb-8 pt-2 container\">\n<div class=\"flex md:justify-end text-gray-1 flex-col md:flex-row gap-2 md:gap-6 mb-8 last:mb-0\">\n<div class=\"font-semibold w-full max-w-[296px]\">\n<p><strong>Sensors<\/strong> Accelerometer<\/p>\n<\/div>\n<\/div>\n<div class=\"flex md:justify-end text-gray-1 flex-col md:flex-row gap-2 md:gap-6 mb-8 last:mb-0\">\n<div class=\"font-semibold w-full max-w-[296px]\">\n<p><strong>Scenarios <\/strong>Green Driving, Over Speeding detection, Jamming detection, GNSS Fuel Counter, Excessive Idling detection, Unplug detection, Towing detection, Crash detection, Auto Geofence, Manual Geofence, Trip<\/p>\n<\/div>\n<\/div>\n<div class=\"flex md:justify-end text-gray-1 flex-col md:flex-row gap-2 md:gap-6 mb-8 last:mb-0\">\n<div class=\"font-semibold w-full max-w-[296px]\">\n<p><strong>Sleep modes <\/strong>GPS Sleep, Online Deep Sleep, Deep Sleep, Ultra Deep Sleep<\/p>\n<\/div>\n<\/div>\n<div class=\"flex md:justify-end text-gray-1 flex-col md:flex-row gap-2 md:gap-6 mb-8 last:mb-0\">\n<div class=\"font-semibold w-full max-w-[296px]\">\n<p><strong>Configuration and firmware update <\/strong>FOTA WEB, FOTA, Teltonika Configurator (USB, Bluetooth), FMBT mobile application (Configuration)<\/p>\n<\/div>\n<\/div>\n<div class=\"flex md:justify-end text-gray-1 flex-col md:flex-row gap-2 md:gap-6 mb-8 last:mb-0\">\n<div class=\"font-semibold w-full max-w-[296px]\">\n<p><strong>SMS<\/strong> Configuration, Events, Debug<\/p>\n<\/div>\n<\/div>\n<div class=\"flex md:justify-end text-gray-1 flex-col md:flex-row gap-2 md:gap-6 mb-8 last:mb-0\">\n<div class=\"font-semibold w-full max-w-[296px]\">\n<p><strong>GPRS commands <\/strong>Configuration, Debug<\/p>\n<\/div>\n<\/div>\n<div class=\"flex md:justify-end text-gray-1 flex-col md:flex-row gap-2 md:gap-6 mb-8 last:mb-0\">\n<div class=\"font-semibold w-full max-w-[296px]\">\n<p><strong>Time Synchronization <\/strong>GNSS, NITZ, NTP<\/p>\n<\/div>\n<\/div>\n<div class=\"flex md:justify-end text-gray-1 flex-col md:flex-row gap-2 md:gap-6 mb-8 last:mb-0\">\n<div class=\"font-semibold w-full max-w-[296px]\">\n<p><strong>Fuel monitoring<\/strong> OBD II<\/p>\n<\/div>\n<\/div>\n<div class=\"flex md:justify-end text-gray-1 flex-col md:flex-row gap-2 md:gap-6 mb-8 last:mb-0\">\n<div class=\"font-semibold w-full max-w-[296px]\">\n<p><strong>Ignition detection <\/strong>Accelerometer, External Power Voltage, Engine RPM<\/p>\n<\/div>\n<\/div>\n<\/div>\n<\/div>\n<\/div>\n<\/div>\n<\/div>\n<\/div>\n<\/div>\n<\/div>\n<\/div>\n<\/div>\n<\/div>\n<\/div>\n<\/div>\n<\/div>\n<\/div>\n<\/div>\n<\/div>\n<\/div>\n<\/div>\n<\/div>\n<\/div>\n<\/div>\n<\/div>\n<\/div>\n<\/div>\n<\/div>\n<\/div>\n<\/div>\n<\/div>\n<\/div>\n<\/div>\n<\/div>\n<\/div>\n<\/div>\n<\/div>\n","protected":false},"excerpt":{"rendered":"<p><a href=\"https:\/\/www.emprenet.com.mx\/wp-content\/uploads\/2023\/09\/DS-FMC003.pdf\"><strong>Visualiza la ficha t\u00e9cnica dando clic aqu\u00ed<\/strong><\/a><\/p>\n<p>El FMC003 es un dispositivo peque\u00f1o con cobertura LTE CAT1 y fallback 2G (GSM).<br \/>\nSu principal caracter\u00edstica es la posibilidad de leer par\u00e1metros OEM (PIDs) v\u00eda puerto OBD. Con este dispositivo tienes la posibilidad de leer \u00abReal Odometer\u00bb y \u00abReal Fuel Level data\u00bb.<\/p>\n<p>Es perfecto para una serie de usos y casos incluyendo el manejo de flotillas, veh\u00edculos comerciales, seguros (UBI), veh\u00edculos de renta y dem\u00e1s. Soporta varios accesorios BLE 4.0 incluyendo sensores, beacons, firmware y configuradores via bluetooth.<\/p>\n<p>&nbsp;<\/p>","protected":false},"featured_media":11677,"template":"","meta":{"content-type":"","_monsterinsights_skip_tracking":false,"_monsterinsights_sitenote_active":false,"_monsterinsights_sitenote_note":"","_monsterinsights_sitenote_category":0},"product_brand":[],"product_cat":[74],"product_tag":[245,181,239],"class_list":{"0":"post-11676","1":"product","2":"type-product","3":"status-publish","4":"has-post-thumbnail","6":"product_cat-teltonika","7":"product_tag-dispositivo-gps","8":"product_tag-obdii","9":"product_tag-teltonika","10":"grve-entry-item","12":"first","13":"instock","14":"taxable","15":"shipping-taxable","16":"purchasable","17":"product-type-simple"},"_links":{"self":[{"href":"https:\/\/www.emprenet.com.mx\/en\/wp-json\/wp\/v2\/product\/11676","targetHints":{"allow":["GET"]}}],"collection":[{"href":"https:\/\/www.emprenet.com.mx\/en\/wp-json\/wp\/v2\/product"}],"about":[{"href":"https:\/\/www.emprenet.com.mx\/en\/wp-json\/wp\/v2\/types\/product"}],"wp:featuredmedia":[{"embeddable":true,"href":"https:\/\/www.emprenet.com.mx\/en\/wp-json\/wp\/v2\/media\/11677"}],"wp:attachment":[{"href":"https:\/\/www.emprenet.com.mx\/en\/wp-json\/wp\/v2\/media?parent=11676"}],"wp:term":[{"taxonomy":"product_brand","embeddable":true,"href":"https:\/\/www.emprenet.com.mx\/en\/wp-json\/wp\/v2\/product_brand?post=11676"},{"taxonomy":"product_cat","embeddable":true,"href":"https:\/\/www.emprenet.com.mx\/en\/wp-json\/wp\/v2\/product_cat?post=11676"},{"taxonomy":"product_tag","embeddable":true,"href":"https:\/\/www.emprenet.com.mx\/en\/wp-json\/wp\/v2\/product_tag?post=11676"}],"curies":[{"name":"wp","href":"https:\/\/api.w.org\/{rel}","templated":true}]}}