{"id":11694,"date":"2023-09-25T19:01:39","date_gmt":"2023-09-25T19:01:39","guid":{"rendered":"https:\/\/www.emprenet.com.mx\/?post_type=product&#038;p=11694"},"modified":"2025-11-04T21:49:43","modified_gmt":"2025-11-04T21:49:43","slug":"wth301","status":"publish","type":"product","link":"https:\/\/www.emprenet.com.mx\/en\/tienda\/queclink\/wth301\/","title":{"rendered":"WTH301"},"content":{"rendered":"<div class=\"et_pb_module et_pb_wc_description et_pb_wc_description_0 et_pb_bg_layout_light  et_pb_text_align_left\">\n<div class=\"et_pb_module_inner\">\n<p>BLE Temperature and Humidity Sensor<\/p>\n<\/div>\n<\/div>\n<div class=\"et_pb_module et_pb_text et_pb_text_0  et_pb_text_align_left et_pb_bg_layout_light et_multi_view__hover_selector et_multi_view__hovered\">\n<div class=\"et_pb_text_inner\" data-et-multi-view=\"{&quot;schema&quot;:{&quot;content&quot;:{&quot;desktop&quot;:&quot;&lt;p style=\\&quot;overflow: hidden; margin-bottom: 20px;\\&quot;&gt;&lt;strong style=\\&quot;font-size: 32px; float: left; width: 8%;\\&quot;&gt;1.&lt;\\\/strong&gt; Easy and Low Cost Installation&lt;\\\/p&gt;\\n&lt;p style=\\&quot;overflow: hidden; margin-bottom: 20px;\\&quot;&gt;&lt;strong style=\\&quot;font-size: 32px; float: left; width: 8%;\\&quot;&gt;2.&lt;\\\/strong&gt; Compact Size&lt;\\\/p&gt;\\n&lt;p style=\\&quot;overflow: hidden; margin-bottom: 20px;\\&quot;&gt;&lt;strong style=\\&quot;font-size: 32px; float: left; width: 8%;\\&quot;&gt;3.&lt;\\\/strong&gt; IP66 Waterproof&lt;\\\/p&gt;\\n&lt;p style=\\&quot;overflow: hidden; margin-bottom: 20px;\\&quot;&gt;&lt;strong style=\\&quot;font-size: 32px; float: left; width: 8%;\\&quot;&gt;4.&lt;\\\/strong&gt;BLE 5.1&lt;\\\/p&gt;\\n&lt;p style=\\&quot;overflow: hidden; margin-bottom: 20px;\\&quot;&gt;&lt;strong style=\\&quot;font-size: 32px; float: left; width: 8%;\\&quot;&gt;5.&lt;\\\/strong&gt;Long Standby Time&lt;\\\/p&gt;\\n&lt;p style=\\&quot;overflow: hidden; margin-bottom: 20px;\\&quot;&gt;&lt;strong style=\\&quot;font-size: 32px; float: left; width: 8%;\\&quot;&gt;6.&lt;\\\/strong&gt;LED Indicator&lt;\\\/p&gt;&quot;,&quot;phone&quot;:&quot;&lt;p style=\\&quot;overflow: hidden; margin-bottom: 20px;\\&quot;&gt;&lt;strong style=\\&quot;font-size: 24px; float: left; width: 8%;\\&quot;&gt;1.&lt;\\\/strong&gt; Easy and Low Cost Installation&lt;\\\/p&gt;\\n&lt;p style=\\&quot;overflow: hidden; margin-bottom: 20px;\\&quot;&gt;&lt;strong style=\\&quot;font-size: 24px; float: left; width: 8%;\\&quot;&gt;2.&lt;\\\/strong&gt; Compact Size&lt;\\\/p&gt;\\n&lt;p style=\\&quot;overflow: hidden; margin-bottom: 20px;\\&quot;&gt;&lt;strong style=\\&quot;font-size: 24px; float: left; width: 8%;\\&quot;&gt;3.&lt;\\\/strong&gt; IP66 Waterproof&lt;\\\/p&gt;\\n&lt;p style=\\&quot;overflow: hidden; margin-bottom: 20px;\\&quot;&gt;&lt;strong style=\\&quot;font-size: 24px; float: left; width: 8%;\\&quot;&gt;4.&lt;\\\/strong&gt;BLE 5.1&lt;\\\/p&gt;\\n&lt;p style=\\&quot;overflow: hidden; margin-bottom: 20px;\\&quot;&gt;&lt;strong style=\\&quot;font-size: 24px; float: left; width: 8%;\\&quot;&gt;5.&lt;\\\/strong&gt;Long Standby Time&lt;\\\/p&gt;\\n&lt;p style=\\&quot;overflow: hidden; margin-bottom: 20px;\\&quot;&gt;&lt;strong style=\\&quot;font-size: 24px; float: left; width: 8%;\\&quot;&gt;6.&lt;\\\/strong&gt;LED Indicator&lt;\\\/p&gt;&quot;}},&quot;slug&quot;:&quot;et_pb_text&quot;}\" data-et-multi-view-load-phone-hidden=\"true\">\n<p><strong>1.<\/strong> Easy and Low Cost Installation<br \/>\n<strong>2.<\/strong> Compact Size<br \/>\n<strong>3.<\/strong> IP66 Waterproof<br \/>\n<strong>4.<\/strong>BLE 5.1<br \/>\n<strong>5.<\/strong>Long Standby Time<br \/>\n<strong>6.<\/strong>LED Indicator<\/p>\n<table width=\"100%\">\n<tbody>\n<tr>\n<td width=\"30%\"><strong>Dimensions<\/strong><\/td>\n<td width=\"70%\">75mm\u00d738mm\u00d719mm<\/td>\n<\/tr>\n<tr>\n<td width=\"30%\"><strong>Weight<\/strong><\/td>\n<td width=\"70%\">48g<\/td>\n<\/tr>\n<tr>\n<td width=\"30%\"><strong>Operating Voltage<\/strong><\/td>\n<td width=\"70%\">3V<\/td>\n<\/tr>\n<tr>\n<td width=\"30%\"><strong>Operating Temperature<\/strong><\/td>\n<td width=\"70%\">-40\u2103~+70\u2103<\/td>\n<\/tr>\n<tr>\n<td width=\"30%\"><strong>BLE<\/strong><\/td>\n<td width=\"70%\">Support BLE 5.1 protocol<\/td>\n<\/tr>\n<tr>\n<td width=\"30%\"><strong>Transmission Distance<\/strong><\/td>\n<td width=\"70%\">Maximum 150m(open area)<\/td>\n<\/tr>\n<tr>\n<td width=\"30%\"><strong>IP Rating<\/strong><\/td>\n<td width=\"70%\">IP66<\/td>\n<\/tr>\n<tr>\n<td width=\"30%\"><strong>Temperature Measurement<\/strong><\/td>\n<td width=\"70%\">Range: -40\u2103~+70\u2103<br \/>\nAccuracy:<br \/>\n\u00b10.2\u00b0C (5\u00b0C~60\u00b0C)<br \/>\n\u00b11.4\u00b0C (&lt;5\u00b0C or &gt;60\u00b0C )<br \/>\nResolution: 0.01\u00b0C<\/td>\n<\/tr>\n<tr>\n<td width=\"30%\"><strong>Humidity Measurement<\/strong><\/td>\n<td width=\"70%\">Range: 0%RH~100%RH<br \/>\nAccuracy:<br \/>\n\u00b12 %RH (20%RH~80%RH)<br \/>\n\u00b13.5%RH (&lt;20 RH or&gt;80%RH<br \/>\nResolution: 0.01% RH<\/td>\n<\/tr>\n<tr>\n<td width=\"30%\"><strong>T\/H Sample Period<\/strong><\/td>\n<td width=\"70%\">10 seconds<\/td>\n<\/tr>\n<tr>\n<td width=\"30%\"><strong>Installation<\/strong><\/td>\n<td width=\"70%\">3M Sticker<\/td>\n<\/tr>\n<tr>\n<td width=\"30%\"><strong>Static Current<\/strong><\/td>\n<td width=\"70%\">Static: 4.5uA<br \/>\nPeak: 10mA<br \/>\nAverage: 33uA<\/td>\n<\/tr>\n<tr>\n<td width=\"30%\"><strong>Battery Life<\/strong><\/td>\n<td width=\"70%\">Static: 4.5uA<br \/>\nPeak: 10mA<br \/>\nAverage: 33uA<\/td>\n<\/tr>\n<tr>\n<td width=\"30%\"><strong>Battery Life<\/strong><\/td>\n<td width=\"70%\">Lithium iron battery (1200mAh), Over 3 years lifetime (+7dB transmit power, report every 10 seconds)<\/td>\n<\/tr>\n<\/tbody>\n<\/table>\n<\/div>\n<\/div>","protected":false},"excerpt":{"rendered":"<p>The WTH301 is used to measure temperature and humidity levels in logistics and transportation.<\/p>\n<p>The product is easy to install and features IP66 waterproof housing, making it ideal for cold chain logistics,<br \/>\ntrailer and container tracking applications when working with Queclink\u2019s BLE trackers.<\/p>\n<p>*Precio en dolares m\u00e1s iva tipo de cambio DOF al d\u00eda de facturaci\u00f3n (compra)*<\/p>","protected":false},"featured_media":11695,"template":"","meta":{"content-type":"","_monsterinsights_skip_tracking":false,"_monsterinsights_sitenote_active":false,"_monsterinsights_sitenote_note":"","_monsterinsights_sitenote_category":0},"product_brand":[],"product_cat":[70],"product_tag":[207,204,251],"class_list":{"0":"post-11694","1":"product","2":"type-product","3":"status-publish","4":"has-post-thumbnail","6":"product_cat-queclink","7":"product_tag-accesorios","8":"product_tag-queclink","9":"product_tag-wth301","10":"grve-entry-item","12":"first","13":"instock","14":"taxable","15":"shipping-taxable","16":"purchasable","17":"product-type-simple"},"_links":{"self":[{"href":"https:\/\/www.emprenet.com.mx\/en\/wp-json\/wp\/v2\/product\/11694","targetHints":{"allow":["GET"]}}],"collection":[{"href":"https:\/\/www.emprenet.com.mx\/en\/wp-json\/wp\/v2\/product"}],"about":[{"href":"https:\/\/www.emprenet.com.mx\/en\/wp-json\/wp\/v2\/types\/product"}],"wp:featuredmedia":[{"embeddable":true,"href":"https:\/\/www.emprenet.com.mx\/en\/wp-json\/wp\/v2\/media\/11695"}],"wp:attachment":[{"href":"https:\/\/www.emprenet.com.mx\/en\/wp-json\/wp\/v2\/media?parent=11694"}],"wp:term":[{"taxonomy":"product_brand","embeddable":true,"href":"https:\/\/www.emprenet.com.mx\/en\/wp-json\/wp\/v2\/product_brand?post=11694"},{"taxonomy":"product_cat","embeddable":true,"href":"https:\/\/www.emprenet.com.mx\/en\/wp-json\/wp\/v2\/product_cat?post=11694"},{"taxonomy":"product_tag","embeddable":true,"href":"https:\/\/www.emprenet.com.mx\/en\/wp-json\/wp\/v2\/product_tag?post=11694"}],"curies":[{"name":"wp","href":"https:\/\/api.w.org\/{rel}","templated":true}]}}