{"id":13011,"date":"2024-02-19T23:17:41","date_gmt":"2024-02-19T23:17:41","guid":{"rendered":"https:\/\/www.emprenet.com.mx\/?post_type=product&#038;p=13011"},"modified":"2025-06-04T16:36:52","modified_gmt":"2025-06-04T16:36:52","slug":"gv501lg","status":"publish","type":"product","link":"https:\/\/www.emprenet.com.mx\/en\/tienda\/queclink\/gv501lg\/","title":{"rendered":"GV501LG"},"content":{"rendered":"<div class=\"et_pb_module et_pb_wc_description et_pb_wc_description_0 et_pb_bg_layout_light et_pb_text_align_left\">\n<div class=\"et_pb_module_inner\">\n<p>Enrutador LTE WiFi Plug-in Cat 4<\/p>\n<\/div>\n<\/div>\n<div class=\"et_pb_module et_pb_text et_pb_text_0 et_pb_text_align_left et_pb_bg_layout_light et_multi_view__hover_selector et_multi_view__hovered\">\n<div class=\"et_pb_text_inner\" data-et-multi-view=\"{&quot;schema&quot;:{&quot;content&quot;:{&quot;desktop&quot;:&quot;&lt;p style=\\&quot;overflow: hidden; margin-bottom: 20px;\\&quot;&gt;&lt;strong style=\\&quot;font-size: 32px; float: left; width: 8%;\\&quot;&gt;1.&lt;\\\/strong&gt; &lt;span style=\\&quot;float: left; margin-left: 10px; width: 85%;\\&quot;&gt;LTE Cat 4 con retroceso 3G y 2G&lt;\\\/span&gt;&lt;\\\/p&gt;\\n&lt;p style=\\&quot;overflow: hidden; margin-bottom: 20px;\\&quot;&gt;&lt;strong style=\\&quot;font-size: 32px; float: left; width: 8%;\\&quot;&gt;2.&lt;\\\/strong&gt; &lt;span style=\\&quot;float: left; margin-left: 10px; width: 85%;\\&quot;&gt;Plug and play, lee de forma fiable los datos ISO CAN Bus&lt;\\\/span&gt;&lt;\\\/p&gt;\\n&lt;p style=\\&quot;overflow: hidden; margin-bottom: 20px;\\&quot;&gt;&lt;strong style=\\&quot;font-size: 32px; float: left; width: 8%;\\&quot;&gt;3.&lt;\\\/strong&gt; &lt;span style=\\&quot;float: left; margin-left: 10px; width: 85%;\\&quot;&gt;Punto de acceso WiFi compartible&lt;\\\/span&gt;&lt;\\\/p&gt;\\n&lt;p style=\\&quot;overflow: hidden; margin-bottom: 20px;\\&quot;&gt;&lt;strong style=\\&quot;font-size: 32px; float: left; width: 8%;\\&quot;&gt;4.&lt;\\\/strong&gt; &lt;span style=\\&quot;float: left; margin-left: 10px; width: 85%;\\&quot;&gt;Funciones telem\\u00e1ticas, incluido el posicionamiento GNSS&lt;\\\/span&gt;&lt;\\\/p&gt;\\n&lt;p style=\\&quot;overflow: hidden; margin-bottom: 20px;\\&quot;&gt;&lt;strong style=\\&quot;font-size: 32px; float: left; width: 8%;\\&quot;&gt;5.&lt;\\\/strong&gt; &lt;span style=\\&quot;float: left; margin-left: 10px; width: 85%;\\&quot;&gt;Admite BLE 5.0&lt;\\\/span&gt;&lt;\\\/p&gt;&quot;,&quot;phone&quot;:&quot;&lt;p style=\\&quot;overflow: hidden; margin-bottom: 20px;\\&quot;&gt;&lt;strong style=\\&quot;font-size: 24px; float: left; width: 8%;\\&quot;&gt;1.&lt;\\\/strong&gt; &lt;span style=\\&quot;float: left; margin-left: 10px; width: 85%;\\&quot;&gt;LTE Cat 4 con retroceso 3G y 2G&lt;\\\/span&gt;&lt;\\\/p&gt;\\n&lt;p style=\\&quot;overflow: hidden; margin-bottom: 20px;\\&quot;&gt;&lt;strong style=\\&quot;font-size: 24px; float: left; width: 8%;\\&quot;&gt;2.&lt;\\\/strong&gt; &lt;span style=\\&quot;float: left; margin-left: 10px; width: 85%;\\&quot;&gt;Plug and play, lee de forma fiable los datos ISO CAN Bus&lt;\\\/span&gt;&lt;\\\/p&gt;\\n&lt;p style=\\&quot;overflow: hidden; margin-bottom: 20px;\\&quot;&gt;&lt;strong style=\\&quot;font-size: 24px; float: left; width: 8%;\\&quot;&gt;3.&lt;\\\/strong&gt; &lt;span style=\\&quot;float: left; margin-left: 10px; width: 85%;\\&quot;&gt;Punto de acceso WiFi compartible&lt;\\\/span&gt;&lt;\\\/p&gt;\\n&lt;p style=\\&quot;overflow: hidden; margin-bottom: 20px;\\&quot;&gt;&lt;strong style=\\&quot;font-size: 24px; float: left; width: 8%;\\&quot;&gt;4.&lt;\\\/strong&gt; &lt;span style=\\&quot;float: left; margin-left: 10px; width: 85%;\\&quot;&gt;Funciones telem\\u00e1ticas, incluido el posicionamiento GNSS&lt;\\\/span&gt;&lt;\\\/p&gt;\\n&lt;p style=\\&quot;overflow: hidden; margin-bottom: 20px;\\&quot;&gt;&lt;strong style=\\&quot;font-size: 24px; float: left; width: 8%;\\&quot;&gt;5.&lt;\\\/strong&gt; &lt;span style=\\&quot;float: left; margin-left: 10px; width: 85%;\\&quot;&gt;Admite BLE 5.0&lt;\\\/span&gt;&lt;\\\/p&gt;&quot;}},&quot;slug&quot;:&quot;et_pb_text&quot;}\" data-et-multi-view-load-phone-hidden=\"true\">\n<p><strong>1.<\/strong> LTE Cat 4 con retroceso 3G y 2G<\/p>\n<p><strong>2.<\/strong> Plug and play, lee de forma fiable los datos ISO CAN Bus<\/p>\n<p><strong>3.<\/strong> Punto de acceso WiFi compartible<\/p>\n<p><strong>4.<\/strong> Funciones telem\u00e1ticas, incluido el posicionamiento GNSS<\/p>\n<p><strong>5.<\/strong> Admite BLE 5.0<\/p>\n<\/div>\n<\/div>","protected":false},"excerpt":{"rendered":"<p><a href=\"https:\/\/www.emprenet.com.mx\/wp-content\/uploads\/2024\/02\/ES-GV501LG-20220621.pdf\"><strong>CONSULTA LA FICHA T\u00c9CNICA AQU\u00cd<\/strong><\/a><\/p>\n<p>*SOLICITA T\u00c9RMINOS Y CONDICIONES EN PRECIO REBAJADO\/OFERTA*<\/p>\n<p>El GV501LG es el primero de la nueva gama de productos de enrutadores OBDII de Queclink que a\u00f1ade el acceso super |r\u00e1pido a Internet desde el veh\u00edculo a nuestra gama de productos OBD. El robusto firmware telem\u00e1tico de Queclink y el fiable acceso a los datos del OBD est\u00e1n potenciados por un fiable acceso compartido a Internet para cualquier coche o cami\u00f3n ligero. Los conductores de furgonetas, los vendedores y otros empleados m\u00f3viles se benefician del acceso a Internet desde el veh\u00edculo las 24 horas del d\u00eda, los 7 d\u00edas de la semana. El GV501LG soporta la recolecci\u00f3n confiables de datos, como son ; VIN, od\u00f3metro y tambi\u00e9n c\u00f3digos de diagn\u00f3stico de fallas (DTC) para aplicaciones de mantenimiento de veh\u00edculos.<\/p>\n<p><strong>*PRECIO EN D\u00d3LARES M\u00c1S IVA*<\/strong><br \/>\n<strong>*TIPO DE CAMBIO AL D\u00cdA*<\/strong><\/p>","protected":false},"featured_media":13013,"template":"","meta":{"content-type":"","_monsterinsights_skip_tracking":false,"_monsterinsights_sitenote_active":false,"_monsterinsights_sitenote_note":"","_monsterinsights_sitenote_category":0},"product_brand":[],"product_cat":[70],"product_tag":[245,247,181,204],"class_list":{"0":"post-13011","1":"product","2":"type-product","3":"status-publish","4":"has-post-thumbnail","6":"product_cat-queclink","7":"product_tag-dispositivo-gps","8":"product_tag-gv501lg","9":"product_tag-obdii","10":"product_tag-queclink","11":"grve-entry-item","13":"first","14":"instock","15":"taxable","16":"shipping-taxable","17":"purchasable","18":"product-type-simple"},"_links":{"self":[{"href":"https:\/\/www.emprenet.com.mx\/en\/wp-json\/wp\/v2\/product\/13011","targetHints":{"allow":["GET"]}}],"collection":[{"href":"https:\/\/www.emprenet.com.mx\/en\/wp-json\/wp\/v2\/product"}],"about":[{"href":"https:\/\/www.emprenet.com.mx\/en\/wp-json\/wp\/v2\/types\/product"}],"wp:featuredmedia":[{"embeddable":true,"href":"https:\/\/www.emprenet.com.mx\/en\/wp-json\/wp\/v2\/media\/13013"}],"wp:attachment":[{"href":"https:\/\/www.emprenet.com.mx\/en\/wp-json\/wp\/v2\/media?parent=13011"}],"wp:term":[{"taxonomy":"product_brand","embeddable":true,"href":"https:\/\/www.emprenet.com.mx\/en\/wp-json\/wp\/v2\/product_brand?post=13011"},{"taxonomy":"product_cat","embeddable":true,"href":"https:\/\/www.emprenet.com.mx\/en\/wp-json\/wp\/v2\/product_cat?post=13011"},{"taxonomy":"product_tag","embeddable":true,"href":"https:\/\/www.emprenet.com.mx\/en\/wp-json\/wp\/v2\/product_tag?post=13011"}],"curies":[{"name":"wp","href":"https:\/\/api.w.org\/{rel}","templated":true}]}}