{"id":13015,"date":"2024-02-19T23:22:19","date_gmt":"2024-02-19T23:22:19","guid":{"rendered":"https:\/\/www.emprenet.com.mx\/?post_type=product&#038;p=13015"},"modified":"2025-06-04T16:36:41","modified_gmt":"2025-06-04T16:36:41","slug":"gb130mg","status":"publish","type":"product","link":"https:\/\/www.emprenet.com.mx\/en\/tienda\/queclink\/gb130mg\/","title":{"rendered":"GB130MG"},"content":{"rendered":"<div class=\"et_pb_module et_pb_wc_description et_pb_wc_description_0 et_pb_bg_layout_light et_pb_text_align_left\">\n<div class=\"et_pb_module_inner\">\n<p>Rastreador de Veh\u00edculos LTE impermeable montado en bater\u00eda con BLE integrado<\/p>\n<\/div>\n<\/div>\n<div class=\"et_pb_module et_pb_text et_pb_text_0 et_pb_text_align_left et_pb_bg_layout_light et_multi_view__hover_selector et_multi_view__hovered\">\n<div class=\"et_pb_text_inner\" data-et-multi-view=\"{&quot;schema&quot;:{&quot;content&quot;:{&quot;desktop&quot;:&quot;&lt;p style=\\&quot;overflow: hidden; margin-bottom: 20px;\\&quot;&gt;&lt;strong style=\\&quot;font-size: 32px; float: left; width: 8%;\\&quot;&gt;1.&lt;\\\/strong&gt; &lt;span style=\\&quot;float: left; margin-left: 10px; width: 85%;\\&quot;&gt;LTE global Cat M1\\\/NB2 con retroceso a 2G mediante una soluci\\u00f3n de antena \\u00fanica&lt;\\\/span&gt;&lt;\\\/p&gt;\\n&lt;p style=\\&quot;overflow: hidden; margin-bottom: 20px;\\&quot;&gt;&lt;strong style=\\&quot;font-size: 32px; float: left; width: 8%;\\&quot;&gt;2.&lt;\\\/strong&gt; &lt;span style=\\&quot;float: left; margin-left: 10px; width: 85%;\\&quot;&gt;Los productos de la serie GB100 se utilizan con \\u00e9xito en grandes proyectos UBI en todo el mundo&lt;\\\/span&gt;&lt;\\\/p&gt;\\n&lt;p style=\\&quot;overflow: hidden; margin-bottom: 20px;\\&quot;&gt;&lt;strong style=\\&quot;font-size: 32px; float: left; width: 8%;\\&quot;&gt;3.&lt;\\\/strong&gt; &lt;span style=\\&quot;float: left; margin-left: 10px; width: 85%;\\&quot;&gt;Instalaci\\u00f3n segura en menos de cinco minutos&lt;\\\/span&gt;&lt;\\\/p&gt;\\n&lt;p style=\\&quot;overflow: hidden; margin-bottom: 20px;\\&quot;&gt;&lt;strong style=\\&quot;font-size: 32px; float: left; width: 8%;\\&quot;&gt;4.&lt;\\\/strong&gt; &lt;span style=\\&quot;float: left; margin-left: 10px; width: 85%;\\&quot;&gt;Resistente al agua, conforme a IP67&lt;\\\/span&gt;&lt;\\\/p&gt;\\n&lt;p style=\\&quot;overflow: hidden; margin-bottom: 20px;\\&quot;&gt;&lt;strong style=\\&quot;font-size: 32px; float: left; width: 8%;\\&quot;&gt;5.&lt;\\\/strong&gt; &lt;span style=\\&quot;float: left; margin-left: 10px; width: 85%;\\&quot;&gt;Aceler\\u00f3metro interno de 6 ejes que permite monitorizar el comportamiento del conductor y detectar colisiones&lt;\\\/span&gt;&lt;\\\/p&gt;\\n&lt;p style=\\&quot;overflow: hidden; margin-bottom: 20px;\\&quot;&gt;&lt;strong style=\\&quot;font-size: 32px; float: left; width: 8%;\\&quot;&gt;6.&lt;\\\/strong&gt; &lt;span style=\\&quot;float: left; margin-left: 10px; width: 85%;\\&quot;&gt;Compatible con BLE 5.2&lt;\\\/span&gt;&lt;\\\/p&gt;&quot;,&quot;phone&quot;:&quot;&lt;p style=\\&quot;overflow: hidden; margin-bottom: 20px;\\&quot;&gt;&lt;strong style=\\&quot;font-size: 24px; float: left; width: 8%;\\&quot;&gt;1.&lt;\\\/strong&gt; &lt;span style=\\&quot;float: left; margin-left: 10px; width: 85%;\\&quot;&gt;Global LTE Cat M1\\\/NB2 with 2G fallback using unique antenna solution&lt;\\\/span&gt;&lt;\\\/p&gt;\\n&lt;p style=\\&quot;overflow: hidden; margin-bottom: 20px;\\&quot;&gt;&lt;strong style=\\&quot;font-size: 24px; float: left; width: 8%;\\&quot;&gt;2.&lt;\\\/strong&gt; &lt;span style=\\&quot;float: left; margin-left: 10px; width: 85%;\\&quot;&gt;GB100 series products are successfully deployed in large UBI projects worldwide&lt;\\\/span&gt;&lt;\\\/p&gt;\\n&lt;p style=\\&quot;overflow: hidden; margin-bottom: 20px;\\&quot;&gt;&lt;strong style=\\&quot;font-size: 24px; float: left; width: 8%;\\&quot;&gt;3.&lt;\\\/strong&gt; &lt;span style=\\&quot;float: left; margin-left: 10px; width: 85%;\\&quot;&gt;Safe installation in under five minutes&lt;\\\/span&gt;&lt;\\\/p&gt;\\n&lt;p style=\\&quot;overflow: hidden; margin-bottom: 20px;\\&quot;&gt;&lt;strong style=\\&quot;font-size: 24px; float: left; width: 8%;\\&quot;&gt;4.&lt;\\\/strong&gt; &lt;span style=\\&quot;float: left; margin-left: 10px; width: 85%;\\&quot;&gt;Waterproof, compliant to IP67&lt;\\\/span&gt;&lt;\\\/p&gt;\\n&lt;p style=\\&quot;overflow: hidden; margin-bottom: 20px;\\&quot;&gt;&lt;strong style=\\&quot;font-size: 24px; float: left; width: 8%;\\&quot;&gt;5.&lt;\\\/strong&gt; &lt;span style=\\&quot;float: left; margin-left: 10px; width: 85%;\\&quot;&gt;Internal 6-axis accelerometer that supports driver behavior monitoring and crash detection&lt;\\\/span&gt;&lt;\\\/p&gt;\\n&lt;p style=\\&quot;overflow: hidden; margin-bottom: 20px;\\&quot;&gt;&lt;strong style=\\&quot;font-size: 24px; float: left; width: 8%;\\&quot;&gt;6.&lt;\\\/strong&gt; &lt;span style=\\&quot;float: left; margin-left: 10px; width: 85%;\\&quot;&gt;Supports BLE 5.2&lt;\\\/span&gt;&lt;\\\/p&gt;&quot;}},&quot;slug&quot;:&quot;et_pb_text&quot;}\" data-et-multi-view-load-phone-hidden=\"true\">\n<p><strong>1.<\/strong> LTE global Cat M1\/NB2 con retroceso a 2G mediante una soluci\u00f3n de antena \u00fanica<\/p>\n<p><strong>2.<\/strong> Los productos de la serie GB100 se utilizan con \u00e9xito en grandes proyectos UBI en todo el mundo<\/p>\n<p><strong>3.<\/strong> Instalaci\u00f3n segura en menos de cinco minutos<\/p>\n<p><strong>4.<\/strong> Resistente al agua, conforme a IP67<\/p>\n<p><strong>5.<\/strong> Aceler\u00f3metro interno de 6 ejes que permite monitorizar el comportamiento del conductor y detectar colisiones<\/p>\n<p><strong>6.<\/strong> Compatible con BLE 5.2<\/p>\n<\/div>\n<\/div>","protected":false},"excerpt":{"rendered":"<p><a href=\"https:\/\/www.emprenet.com.mx\/wp-content\/uploads\/2024\/02\/GB130MG-20220104.pdf\"><strong>Consulta la ficha t\u00e9cnica aqu\u00ed<\/strong><\/a><\/p>\n<p>*SOLICITA T\u00c9RMINOS Y CONDICIONES EN PRECIO REBAJADO\/OFERTA*<\/p>\n<p>El rastreador GB130MG es la versi\u00f3n LTE de nuestro probado producto telem\u00e1tico para seguros basado en el uso GB100P. Su aceler\u00f3metro de 6 ejes integrado permite obtener datos precisos de accidentes mostrados hasta 400 veces por segundo. Con BLE incorporado, admite accesorios inal\u00e1mbricos, lo que permite que el producto sea flexible y adecuado para aplicaciones m\u00e1s all\u00e1 de la adquisici\u00f3n de datos de seguros.<br \/>\nEl rastreador GB130MG es un producto montado en bater\u00eda del veh\u00edculo dise\u00f1ado espec\u00edficamente para reducir los costes de instalaci\u00f3n de los productos telem\u00e1ticos en el mercado de los seguros basados en el uso. Su bater\u00eda interna y su carcasa resistente al agua mantienen un rendimiento estable y fiable cuando se instala en el compartimento del motor de los veh\u00edculos. La serie GB100 ha demostrado que puede proporcionar datos precisos y fiables bajo el cap\u00f3 met\u00e1lico del motor de un veh\u00edculo y se ha utilizado con \u00e9xito en la entrega de varios proyectos UBI de gran envergadura tanto para aseguradoras como para proveedores de servicios.<\/p>\n<p><strong>*PRECIO EN D\u00d3LARES M\u00c1S IVA*<\/strong><br \/>\n<strong>*TIPO DE CAMBIO AL D\u00cdA DE COMPRA*<\/strong><\/p>","protected":false},"featured_media":13016,"template":"","meta":{"content-type":"","_monsterinsights_skip_tracking":false,"_monsterinsights_sitenote_active":false,"_monsterinsights_sitenote_note":"","_monsterinsights_sitenote_category":0},"product_brand":[],"product_cat":[70],"product_tag":[245,246,204],"class_list":{"0":"post-13015","1":"product","2":"type-product","3":"status-publish","4":"has-post-thumbnail","6":"product_cat-queclink","7":"product_tag-dispositivo-gps","8":"product_tag-gb130mg","9":"product_tag-queclink","10":"grve-entry-item","12":"first","13":"instock","14":"taxable","15":"shipping-taxable","16":"purchasable","17":"product-type-simple"},"_links":{"self":[{"href":"https:\/\/www.emprenet.com.mx\/en\/wp-json\/wp\/v2\/product\/13015","targetHints":{"allow":["GET"]}}],"collection":[{"href":"https:\/\/www.emprenet.com.mx\/en\/wp-json\/wp\/v2\/product"}],"about":[{"href":"https:\/\/www.emprenet.com.mx\/en\/wp-json\/wp\/v2\/types\/product"}],"wp:featuredmedia":[{"embeddable":true,"href":"https:\/\/www.emprenet.com.mx\/en\/wp-json\/wp\/v2\/media\/13016"}],"wp:attachment":[{"href":"https:\/\/www.emprenet.com.mx\/en\/wp-json\/wp\/v2\/media?parent=13015"}],"wp:term":[{"taxonomy":"product_brand","embeddable":true,"href":"https:\/\/www.emprenet.com.mx\/en\/wp-json\/wp\/v2\/product_brand?post=13015"},{"taxonomy":"product_cat","embeddable":true,"href":"https:\/\/www.emprenet.com.mx\/en\/wp-json\/wp\/v2\/product_cat?post=13015"},{"taxonomy":"product_tag","embeddable":true,"href":"https:\/\/www.emprenet.com.mx\/en\/wp-json\/wp\/v2\/product_tag?post=13015"}],"curies":[{"name":"wp","href":"https:\/\/api.w.org\/{rel}","templated":true}]}}