{"id":13032,"date":"2024-02-20T16:03:35","date_gmt":"2024-02-20T16:03:35","guid":{"rendered":"https:\/\/www.emprenet.com.mx\/?post_type=product&#038;p=13032"},"modified":"2025-11-04T21:48:45","modified_gmt":"2025-11-04T21:48:45","slug":"wkf300","status":"publish","type":"product","link":"https:\/\/www.emprenet.com.mx\/en\/tienda\/queclink\/wkf300\/","title":{"rendered":"WKF300"},"content":{"rendered":"<table width=\"100%\">\n<tbody>\n<tr>\n<td width=\"30%\">Dimensiones<\/td>\n<td width=\"70%\">2.20\u2019\u2019(L)\u00d71.61\u2019\u2019(W)\u00d70.31\u2019\u2019(H)<br \/>\n(56\u00d741\u00d78mm)<\/td>\n<\/tr>\n<tr>\n<td width=\"30%\">Peso<\/td>\n<td width=\"70%\">0.79oz (22.3g)<\/td>\n<\/tr>\n<tr>\n<td width=\"30%\">Voltaje de funcionamiento<\/td>\n<td width=\"70%\">2.4V~3.3V DC<\/td>\n<\/tr>\n<tr>\n<td width=\"30%\">Temperatura de funcionamiento<\/td>\n<td width=\"70%\">-20\u2103~+60\u2103<\/td>\n<\/tr>\n<tr>\n<td width=\"30%\">Bater\u00eda<\/td>\n<td width=\"70%\">Bater\u00eda CR2032 tipo bot\u00f3n<\/td>\n<\/tr>\n<tr>\n<td width=\"30%\">Autonomia en reposo<\/td>\n<td width=\"70%\">3 a\u00f1os (en condiciones ambientales normales, presionando tres veces al d\u00eda);<\/p>\n<p>1 a\u00f1o (emisi\u00f3n continua cada segundo)<\/td>\n<\/tr>\n<tr>\n<td width=\"30%\">Distancia de transmisi\u00f3n<\/td>\n<td width=\"70%\">80m (\u00e1rea abierta)<\/td>\n<\/tr>\n<tr>\n<td width=\"30%\">Frecuencia portadora<\/td>\n<td width=\"70%\">2.4 GHz<\/td>\n<\/tr>\n<tr>\n<td width=\"30%\">Sensibilidad<\/td>\n<td width=\"70%\">-88dBm<\/td>\n<\/tr>\n<tr>\n<td width=\"30%\">Per\u00edodo de muestreo<\/td>\n<td width=\"70%\">Una vez por segundo<\/td>\n<\/tr>\n<tr>\n<td width=\"30%\">Indicador LED<\/td>\n<td width=\"70%\">Indica la activaci\u00f3n del dispositivo principal, el modo emparejamiento o el estado de bater\u00eda baja<\/td>\n<\/tr>\n<tr>\n<td width=\"30%\">Modo de transmisi\u00f3n<\/td>\n<td width=\"70%\">Emisi\u00f3n continua del estado del conductor a bordo (1000ms a 5000ms)<\/td>\n<\/tr>\n<tr>\n<td width=\"30%\">Alarma de baja potencia<\/td>\n<td width=\"70%\">Emisi\u00f3n \u00fanica de datos para alertas de emergencia<\/td>\n<\/tr>\n<\/tbody>\n<\/table>","protected":false},"excerpt":{"rendered":"<h4>Llavero de seguridad BLE<\/h4>\n<h4>El WKF300 es una baliza BLE dise\u00f1ada como un llavero. Se puede usar para la identificaci\u00f3n del conductor y como bot\u00f3n de p\u00e1nico.<\/h4>\n<p><strong>*PRECIO EN D\u00d3LARES M\u00c1S IVA*<\/strong><br \/>\n<strong>*TIPO DE CAMBIO AL D\u00cdA DE LA COMPRA*<\/strong><\/p>","protected":false},"featured_media":13033,"template":"","meta":{"content-type":"","_monsterinsights_skip_tracking":false,"_monsterinsights_sitenote_active":false,"_monsterinsights_sitenote_note":"","_monsterinsights_sitenote_category":0},"product_brand":[],"product_cat":[70],"product_tag":[207,204,237],"class_list":{"0":"post-13032","1":"product","2":"type-product","3":"status-publish","4":"has-post-thumbnail","6":"product_cat-queclink","7":"product_tag-accesorios","8":"product_tag-queclink","9":"product_tag-wkf300","10":"grve-entry-item","12":"first","13":"instock","14":"taxable","15":"shipping-taxable","16":"purchasable","17":"product-type-simple"},"_links":{"self":[{"href":"https:\/\/www.emprenet.com.mx\/en\/wp-json\/wp\/v2\/product\/13032","targetHints":{"allow":["GET"]}}],"collection":[{"href":"https:\/\/www.emprenet.com.mx\/en\/wp-json\/wp\/v2\/product"}],"about":[{"href":"https:\/\/www.emprenet.com.mx\/en\/wp-json\/wp\/v2\/types\/product"}],"wp:featuredmedia":[{"embeddable":true,"href":"https:\/\/www.emprenet.com.mx\/en\/wp-json\/wp\/v2\/media\/13033"}],"wp:attachment":[{"href":"https:\/\/www.emprenet.com.mx\/en\/wp-json\/wp\/v2\/media?parent=13032"}],"wp:term":[{"taxonomy":"product_brand","embeddable":true,"href":"https:\/\/www.emprenet.com.mx\/en\/wp-json\/wp\/v2\/product_brand?post=13032"},{"taxonomy":"product_cat","embeddable":true,"href":"https:\/\/www.emprenet.com.mx\/en\/wp-json\/wp\/v2\/product_cat?post=13032"},{"taxonomy":"product_tag","embeddable":true,"href":"https:\/\/www.emprenet.com.mx\/en\/wp-json\/wp\/v2\/product_tag?post=13032"}],"curies":[{"name":"wp","href":"https:\/\/api.w.org\/{rel}","templated":true}]}}