{"id":13038,"date":"2024-02-20T16:24:12","date_gmt":"2024-02-20T16:24:12","guid":{"rendered":"https:\/\/www.emprenet.com.mx\/?post_type=product&#038;p=13038"},"modified":"2025-05-28T17:09:43","modified_gmt":"2025-05-28T17:09:43","slug":"dr102-rfid","status":"publish","type":"product","link":"https:\/\/www.emprenet.com.mx\/en\/tienda\/queclink\/dr102-rfid\/","title":{"rendered":"DR102 RFID"},"content":{"rendered":"<div class=\"et_pb_module et_pb_text et_pb_text_0  et_pb_text_align_left et_pb_bg_layout_light et_multi_view__hover_selector et_multi_view__hovered\">\n<div class=\"et_pb_text_inner et_multi_view_swapped\" data-et-multi-view=\"{&quot;schema&quot;:{&quot;content&quot;:{&quot;desktop&quot;:&quot;&lt;p style=\\&quot;overflow: hidden; margin-bottom: 20px;\\&quot;&gt;&lt;strong style=\\&quot;font-size: 32px; float: left; width: 8%;\\&quot;&gt;1.&lt;\\\/strong&gt; &lt;span style=\\&quot;float: left; margin-left: 10px; width: 85%;\\&quot;&gt;Soporta varios transpondedores MIFARE&lt;br \\\/&gt;\\n&lt;\\\/span&gt;&lt;\\\/p&gt;\\n&lt;p style=\\&quot;overflow: hidden; margin-bottom: 20px;\\&quot;&gt;&lt;strong style=\\&quot;font-size: 32px; float: left; width: 8%;\\&quot;&gt;2.&lt;\\\/strong&gt; &lt;span style=\\&quot;float: left; margin-left: 10px; width: 85%;\\&quot;&gt;Zumbador incorporado&lt;\\\/span&gt;&lt;\\\/p&gt;&quot;,&quot;tablet&quot;:&quot;&lt;p style=\\&quot;overflow:hidden; margin-bottom: 20px;\\&quot;&gt;&lt;strong style=\\&quot;font-size: 32px; float: left; width: 8%;\\&quot;&gt;1.&lt;\\\/strong&gt; &lt;span style=\\&quot;float: left; margin-left: 10px; width: 85%;\\&quot;&gt;Soporta varios transpondedores MIFARE&lt;\\\/span&gt;&lt;\\\/p&gt;\\n&lt;p style=\\&quot;overflow:hidden; margin-bottom: 20px;\\&quot;&gt;&lt;strong style=\\&quot;font-size: 32px; float: left; width: 8%;\\&quot;&gt;2.&lt;\\\/strong&gt; &lt;span style=\\&quot;float: left; margin-left: 10px; width: 85%;\\&quot;&gt;Zumbador incorporado&lt;\\\/span&gt;&lt;\\\/p&gt;&quot;,&quot;phone&quot;:&quot;&lt;p style=\\&quot;margin-bottom: 20px;overflow:hidden;\\&quot;&gt;&lt;strong style=\\&quot;font-size: 24px; float: left; width: 10%;\\&quot;&gt;1.&lt;\\\/strong&gt; &lt;span style=\\&quot;float: left; margin-left: 10px; width: 80%;\\&quot;&gt;Soporta varios transpondedores MIFARE&lt;\\\/span&gt;&lt;\\\/p&gt;\\n&lt;p style=\\&quot;margin-bottom: 20px;overflow:hidden;\\&quot;&gt;&lt;strong style=\\&quot;font-size: 24px; float: left; width: 10%;\\&quot;&gt;2.&lt;\\\/strong&gt; &lt;span style=\\&quot;float: left; margin-left: 10px; width: 80%;\\&quot;&gt;Zumbador incorporado&lt;\\\/span&gt;&lt;\\\/p&gt;&quot;}},&quot;slug&quot;:&quot;et_pb_text&quot;}\" data-et-multi-view-load-tablet-hidden=\"true\" data-et-multi-view-load-phone-hidden=\"true\">\n<p>&nbsp;<\/p>\n<p>Interface<\/p>\n<p>Circuit DC Input<br \/>\nGND, RS232-RX, RS232-TX<\/p>\n<p>Indicator LED<br \/>\nRed LED for power indicator Green LED for success indicator<\/p>\n<p>Buzzer<\/p>\n<p>Power and RFID success<\/p>\n<p>UART Protocol<br \/>\nGVXXX @Track Air Interface Protoco<\/p>\n<p>Frequency<br \/>\n13.56 MHz<\/p>\n<p>RF Output Power<br \/>\n200 mW (VCC=5V) 700 mW (VCC=3.0\/3.3V)<\/p>\n<p>Supported RF Standards and Transponders<br \/>\nAll MIFARE transponders<\/p>\n<p>RF Standard<br \/>\nMIFARE Mini, MIFARE Ultralight, MIFARE<br \/>\nDESFire EV1, MIFARE Plus, MIFARE ONE<br \/>\n(S50), MIFARE ONE (S70), MIFARE Pro (X<\/p>\n<\/div>\n<\/div>","protected":false},"excerpt":{"rendered":"<p><a href=\"https:\/\/www.emprenet.com.mx\/wp-content\/uploads\/2024\/02\/DR102-EN-20180621_1.pdf\"><strong>Conoce m\u00e1s dando clic aqu\u00ed<\/strong><\/a><\/p>\n<p>Kit lector de tarjetas RFID<\/p>\n<div class=\"et_pb_module et_pb_text et_pb_text_0  et_pb_text_align_left et_pb_bg_layout_light et_multi_view__hover_selector et_multi_view__hovered\">\n<div class=\"et_pb_text_inner et_multi_view_swapped\" data-et-multi-view=\"{&quot;schema&quot;:{&quot;content&quot;:{&quot;desktop&quot;:&quot;&lt;p style=\\&quot;overflow: hidden; margin-bottom: 20px;\\&quot;&gt;&lt;strong style=\\&quot;font-size: 32px; float: left; width: 8%;\\&quot;&gt;1.&lt;\\\/strong&gt; &lt;span style=\\&quot;float: left; margin-left: 10px; width: 85%;\\&quot;&gt;Soporta varios transpondedores MIFARE&lt;br \\\/&gt;\\n&lt;\\\/span&gt;&lt;\\\/p&gt;\\n&lt;p style=\\&quot;overflow: hidden; margin-bottom: 20px;\\&quot;&gt;&lt;strong style=\\&quot;font-size: 32px; float: left; width: 8%;\\&quot;&gt;2.&lt;\\\/strong&gt; &lt;span style=\\&quot;float: left; margin-left: 10px; width: 85%;\\&quot;&gt;Zumbador incorporado&lt;\\\/span&gt;&lt;\\\/p&gt;&quot;,&quot;tablet&quot;:&quot;&lt;p style=\\&quot;overflow:hidden; margin-bottom: 20px;\\&quot;&gt;&lt;strong style=\\&quot;font-size: 32px; float: left; width: 8%;\\&quot;&gt;1.&lt;\\\/strong&gt; &lt;span style=\\&quot;float: left; margin-left: 10px; width: 85%;\\&quot;&gt;Soporta varios transpondedores MIFARE&lt;\\\/span&gt;&lt;\\\/p&gt;\\n&lt;p style=\\&quot;overflow:hidden; margin-bottom: 20px;\\&quot;&gt;&lt;strong style=\\&quot;font-size: 32px; float: left; width: 8%;\\&quot;&gt;2.&lt;\\\/strong&gt; &lt;span style=\\&quot;float: left; margin-left: 10px; width: 85%;\\&quot;&gt;Zumbador incorporado&lt;\\\/span&gt;&lt;\\\/p&gt;&quot;,&quot;phone&quot;:&quot;&lt;p style=\\&quot;margin-bottom: 20px;overflow:hidden;\\&quot;&gt;&lt;strong style=\\&quot;font-size: 24px; float: left; width: 10%;\\&quot;&gt;1.&lt;\\\/strong&gt; &lt;span style=\\&quot;float: left; margin-left: 10px; width: 80%;\\&quot;&gt;Soporta varios transpondedores MIFARE&lt;\\\/span&gt;&lt;\\\/p&gt;\\n&lt;p style=\\&quot;margin-bottom: 20px;overflow:hidden;\\&quot;&gt;&lt;strong style=\\&quot;font-size: 24px; float: left; width: 10%;\\&quot;&gt;2.&lt;\\\/strong&gt; &lt;span style=\\&quot;float: left; margin-left: 10px; width: 80%;\\&quot;&gt;Zumbador incorporado&lt;\\\/span&gt;&lt;\\\/p&gt;&quot;}},&quot;slug&quot;:&quot;et_pb_text&quot;}\" data-et-multi-view-load-tablet-hidden=\"true\" data-et-multi-view-load-phone-hidden=\"true\">El kit incluye un lector de RFID y dos tarjetas de RFID que pueden comunicarse con los modelos de la serie Queclink GV a trav\u00e9s del puerto serie RS232. Se utiliza para la identificaci\u00f3n del conductor en aplicaciones de gesti\u00f3n de flotas; Adem\u00e1s, tiene un buzzer y un indicador LED incorporados. El kit incluye: 1) Un lector de RFID 2) Dos tarjetas RF<\/div>\n<\/div>\n<div data-et-multi-view=\"{&quot;schema&quot;:{&quot;content&quot;:{&quot;desktop&quot;:&quot;&lt;p style=\\&quot;overflow: hidden; margin-bottom: 20px;\\&quot;&gt;&lt;strong style=\\&quot;font-size: 32px; float: left; width: 8%;\\&quot;&gt;1.&lt;\\\/strong&gt; &lt;span style=\\&quot;float: left; margin-left: 10px; width: 85%;\\&quot;&gt;Soporta varios transpondedores MIFARE&lt;br \\\/&gt;\\n&lt;\\\/span&gt;&lt;\\\/p&gt;\\n&lt;p style=\\&quot;overflow: hidden; margin-bottom: 20px;\\&quot;&gt;&lt;strong style=\\&quot;font-size: 32px; float: left; width: 8%;\\&quot;&gt;2.&lt;\\\/strong&gt; &lt;span style=\\&quot;float: left; margin-left: 10px; width: 85%;\\&quot;&gt;Zumbador incorporado&lt;\\\/span&gt;&lt;\\\/p&gt;&quot;,&quot;tablet&quot;:&quot;&lt;p style=\\&quot;overflow:hidden; margin-bottom: 20px;\\&quot;&gt;&lt;strong style=\\&quot;font-size: 32px; float: left; width: 8%;\\&quot;&gt;1.&lt;\\\/strong&gt; &lt;span style=\\&quot;float: left; margin-left: 10px; width: 85%;\\&quot;&gt;Soporta varios transpondedores MIFARE&lt;\\\/span&gt;&lt;\\\/p&gt;\\n&lt;p style=\\&quot;overflow:hidden; margin-bottom: 20px;\\&quot;&gt;&lt;strong style=\\&quot;font-size: 32px; float: left; width: 8%;\\&quot;&gt;2.&lt;\\\/strong&gt; &lt;span style=\\&quot;float: left; margin-left: 10px; width: 85%;\\&quot;&gt;Zumbador incorporado&lt;\\\/span&gt;&lt;\\\/p&gt;&quot;,&quot;phone&quot;:&quot;&lt;p style=\\&quot;margin-bottom: 20px;overflow:hidden;\\&quot;&gt;&lt;strong style=\\&quot;font-size: 24px; float: left; width: 10%;\\&quot;&gt;1.&lt;\\\/strong&gt; &lt;span style=\\&quot;float: left; margin-left: 10px; width: 80%;\\&quot;&gt;Soporta varios transpondedores MIFARE&lt;\\\/span&gt;&lt;\\\/p&gt;\\n&lt;p style=\\&quot;margin-bottom: 20px;overflow:hidden;\\&quot;&gt;&lt;strong style=\\&quot;font-size: 24px; float: left; width: 10%;\\&quot;&gt;2.&lt;\\\/strong&gt; &lt;span style=\\&quot;float: left; margin-left: 10px; width: 80%;\\&quot;&gt;Zumbador incorporado&lt;\\\/span&gt;&lt;\\\/p&gt;&quot;}},&quot;slug&quot;:&quot;et_pb_text&quot;}\" data-et-multi-view-load-tablet-hidden=\"true\" data-et-multi-view-load-phone-hidden=\"true\"><\/div>\n<div data-et-multi-view=\"{&quot;schema&quot;:{&quot;content&quot;:{&quot;desktop&quot;:&quot;&lt;p style=\\&quot;overflow: hidden; margin-bottom: 20px;\\&quot;&gt;&lt;strong style=\\&quot;font-size: 32px; float: left; width: 8%;\\&quot;&gt;1.&lt;\\\/strong&gt; &lt;span style=\\&quot;float: left; margin-left: 10px; width: 85%;\\&quot;&gt;Soporta varios transpondedores MIFARE&lt;br \\\/&gt;\\n&lt;\\\/span&gt;&lt;\\\/p&gt;\\n&lt;p style=\\&quot;overflow: hidden; margin-bottom: 20px;\\&quot;&gt;&lt;strong style=\\&quot;font-size: 32px; float: left; width: 8%;\\&quot;&gt;2.&lt;\\\/strong&gt; &lt;span style=\\&quot;float: left; margin-left: 10px; width: 85%;\\&quot;&gt;Zumbador incorporado&lt;\\\/span&gt;&lt;\\\/p&gt;&quot;,&quot;tablet&quot;:&quot;&lt;p style=\\&quot;overflow:hidden; margin-bottom: 20px;\\&quot;&gt;&lt;strong style=\\&quot;font-size: 32px; float: left; width: 8%;\\&quot;&gt;1.&lt;\\\/strong&gt; &lt;span style=\\&quot;float: left; margin-left: 10px; width: 85%;\\&quot;&gt;Soporta varios transpondedores MIFARE&lt;\\\/span&gt;&lt;\\\/p&gt;\\n&lt;p style=\\&quot;overflow:hidden; margin-bottom: 20px;\\&quot;&gt;&lt;strong style=\\&quot;font-size: 32px; float: left; width: 8%;\\&quot;&gt;2.&lt;\\\/strong&gt; &lt;span style=\\&quot;float: left; margin-left: 10px; width: 85%;\\&quot;&gt;Zumbador incorporado&lt;\\\/span&gt;&lt;\\\/p&gt;&quot;,&quot;phone&quot;:&quot;&lt;p style=\\&quot;margin-bottom: 20px;overflow:hidden;\\&quot;&gt;&lt;strong style=\\&quot;font-size: 24px; float: left; width: 10%;\\&quot;&gt;1.&lt;\\\/strong&gt; &lt;span style=\\&quot;float: left; margin-left: 10px; width: 80%;\\&quot;&gt;Soporta varios transpondedores MIFARE&lt;\\\/span&gt;&lt;\\\/p&gt;\\n&lt;p style=\\&quot;margin-bottom: 20px;overflow:hidden;\\&quot;&gt;&lt;strong style=\\&quot;font-size: 24px; float: left; width: 10%;\\&quot;&gt;2.&lt;\\\/strong&gt; &lt;span style=\\&quot;float: left; margin-left: 10px; width: 80%;\\&quot;&gt;Zumbador incorporado&lt;\\\/span&gt;&lt;\\\/p&gt;&quot;}},&quot;slug&quot;:&quot;et_pb_text&quot;}\" data-et-multi-view-load-tablet-hidden=\"true\" data-et-multi-view-load-phone-hidden=\"true\"><strong>*PRECIO EN D\u00d3LARES M\u00c1S IVA*<\/strong><br \/>\n<strong>*TIPO DE CAMBIO AL D\u00cdA DE COMPRA*<\/strong><\/div>","protected":false},"featured_media":13040,"template":"","meta":{"content-type":"","_monsterinsights_skip_tracking":false,"_monsterinsights_sitenote_active":false,"_monsterinsights_sitenote_note":"","_monsterinsights_sitenote_category":0},"product_brand":[],"product_cat":[70],"product_tag":[207,233,204,234],"class_list":{"0":"post-13038","1":"product","2":"type-product","3":"status-publish","4":"has-post-thumbnail","6":"product_cat-queclink","7":"product_tag-accesorios","8":"product_tag-dr102","9":"product_tag-queclink","10":"product_tag-rfid","11":"grve-entry-item","13":"first","14":"instock","15":"taxable","16":"shipping-taxable","17":"purchasable","18":"product-type-simple"},"_links":{"self":[{"href":"https:\/\/www.emprenet.com.mx\/en\/wp-json\/wp\/v2\/product\/13038","targetHints":{"allow":["GET"]}}],"collection":[{"href":"https:\/\/www.emprenet.com.mx\/en\/wp-json\/wp\/v2\/product"}],"about":[{"href":"https:\/\/www.emprenet.com.mx\/en\/wp-json\/wp\/v2\/types\/product"}],"wp:featuredmedia":[{"embeddable":true,"href":"https:\/\/www.emprenet.com.mx\/en\/wp-json\/wp\/v2\/media\/13040"}],"wp:attachment":[{"href":"https:\/\/www.emprenet.com.mx\/en\/wp-json\/wp\/v2\/media?parent=13038"}],"wp:term":[{"taxonomy":"product_brand","embeddable":true,"href":"https:\/\/www.emprenet.com.mx\/en\/wp-json\/wp\/v2\/product_brand?post=13038"},{"taxonomy":"product_cat","embeddable":true,"href":"https:\/\/www.emprenet.com.mx\/en\/wp-json\/wp\/v2\/product_cat?post=13038"},{"taxonomy":"product_tag","embeddable":true,"href":"https:\/\/www.emprenet.com.mx\/en\/wp-json\/wp\/v2\/product_tag?post=13038"}],"curies":[{"name":"wp","href":"https:\/\/api.w.org\/{rel}","templated":true}]}}