{"id":14191,"date":"2024-06-03T22:43:27","date_gmt":"2024-06-03T22:43:27","guid":{"rendered":"https:\/\/www.emprenet.com.mx\/?post_type=product&#038;p=14191"},"modified":"2025-06-04T16:30:51","modified_gmt":"2025-06-04T16:30:51","slug":"hcv5","status":"publish","type":"product","link":"https:\/\/www.emprenet.com.mx\/en\/tienda\/ruptela\/hcv5\/","title":{"rendered":"HCV5"},"content":{"rendered":"<ul>\n<li><strong>Especificaciones ambientales<\/strong><br \/>\nTemperatura Operaci\u00f3n: -20 a +60 \u00b0C<br \/>\nAlmacenamiento: -20 a +45 \u00b0C<br \/>\nCarga de bater\u00eda: 0 a +45 \u00b0C<br \/>\nDescarga de bater\u00eda: -20 a +60 \u00b0C<br \/>\nHumedad relativa 5% a 95% sin condensaci\u00f3n<\/li>\n<li><strong>Especificaciones el\u00e9ctricas<\/strong><br \/>\nRango de alimentaci\u00f3n 9 \u2013 32 V DC<br \/>\nBater\u00eda interna LiPo 3.7 V 1050 mAh<br \/>\nProtecciones Protecci\u00f3n de bater\u00eda y 1-Wire contra cortocircuitos<br \/>\nProtecci\u00f3n contra polaridad inversa<br \/>\nProtecci\u00f3n de USB, l\u00ednea de datos de 1-Wire, ranura de la tarjeta SIM contra descarga<br \/>\nelectrost\u00e1tica<br \/>\nProtecci\u00f3n de l\u00ednea de poder de 1-Wire y salidas digitales contra sobreintensidad<br \/>\nProtecci\u00f3n de entradas contra voltaje excesivo<br \/>\nProtecci\u00f3n de carga de bater\u00eda<br \/>\nFusible de 2 amp en la l\u00ednea de alimentaci\u00f3n<\/li>\n<li><strong>Consumo de energ\u00eda promedio @ 12 V DC<\/strong><br \/>\nOperaci\u00f3n (bater\u00eda cargando)<br \/>\nOperaci\u00f3n regular (intervalo de env\u00edo de datos ~15 s): ~160 mA<br \/>\nOperaci\u00f3n regular (constant link activo): ~155 mA<br \/>\nValor m\u00e1ximo: ~260 mA<br \/>\nModo reposo Todos los m\u00f3dulos deshabilitados: ~6 mA<br \/>\nM\u00f3dem en modo reposo, otros m\u00f3dulos deshabilitados: ~8 mA<br \/>\nM\u00f3dem habilitado, otros m\u00f3dulos deshabilitados: ~16 mA<br \/>\nM\u00f3dulo GNSS habilitado, otros m\u00f3dulos deshabilitados: ~22 mA<\/li>\n<li><strong>Conectividad<\/strong><br \/>\nOpci\u00f3n LTE Cat M1\/NB-IoT M\u00f3dem: Quectel BG95*<br \/>\nAntena: Interna<br \/>\nBandas de frecuencia @ 2G (GSM): 850\/900\/1800\/1900 MHz (GPRS multi-slot class 33)<br \/>\nBandas @ 4G (LTE Cat M1): B1\/B2\/B3\/B4\/B5\/B8\/B12\/B13\/B18\/B19\/B20\/B25\/B26\/B27\/B28\/B66\/<br \/>\nB85<br \/>\nBandas @ 4G (NB-IoT): B1\/B2\/B3\/B4\/B5\/B8\/B12\/B13\/B18\/B19\/B20\/B25\/B28\/B66\/B71\/B85<br \/>\nM\u00f3dem: Quectel BG96*<br \/>\nAntena: Interna<br \/>\nBandas de frecuencia @ 2G (GSM): 850\/900\/1800\/1900 MHz (GPRS multi-slot class 33)<br \/>\nBandas @ 4G (LTE Cat M1\/NB-IoT):<br \/>\nB1\/B2\/B3\/B4\/B5\/B8\/B12\/B13\/B18\/B19\/B20\/B25**\/B26\/B28\/B39**<br \/>\n* \u2013 depende de la disponibilidad de los componentes, comun\u00edquese con su gerente de ventas para<br \/>\nobtener m\u00e1s informaci\u00f3n<br \/>\n** \u2013 disponible a solicitud<br \/>\nM\u00f3dulo GNSS M\u00f3dulo: U-blox EVA-M8M<br \/>\nAntena: Interna y externa (disponible como un accesorio adicional)<br \/>\nSistemas de posicionamiento: GPS, GLONASS, Galileo<br \/>\nSistemas de aumento: QZSS, SBAS (WAAS, GAGAN, EGNOS, MSAS)<br \/>\nServicios de comienzo asistido: AssistNow Online<br \/>\nSensibilidad de rastreo: -154 a -164 dBm<br \/>\nSensibilidad de readquisici\u00f3n: -152 a -160 dBm<br \/>\nDuraci\u00f3n de comienzo en fr\u00edo: &lt; 30 s<br \/>\nDuraci\u00f3n de comienzo asistido: Tan bajo como 3 s<br \/>\nTasa de actualizaci\u00f3n de navegaci\u00f3n: 10 Hz<br \/>\nPrecisi\u00f3n de posici\u00f3n horizontal: 2,5 m (CEP, 50 %, 24 horas est\u00e1tico, -130 dBm, &gt; 6 SV)<br \/>\nM\u00f3dulo BLE M\u00f3dulo: NRF52832<br \/>\nVersi\u00f3n de BLE: 5.1 Low energy<\/li>\n<\/ul>","protected":false},"excerpt":{"rendered":"<h3><a href=\"https:\/\/www.emprenet.com.mx\/wp-content\/uploads\/2024\/06\/ES-HCV5-Ficha-tecnica.pdf\"><strong>Para consultar ficha t\u00e9cnica dar clic aqu\u00ed<\/strong> <\/a><\/h3>\n<p>*Precio en USD + IVA*<\/p>\n<p>GPS vers\u00e1til dise\u00f1ado para todo tipo de veh\u00edculos. Este dispositivo avanzado no solo rastrea veh\u00edculos, sino que tambi\u00e9n lee datos de en el ordenador de a bordo del veh\u00edculo, monitore el comportamiento del conductor, descargue remotamente datos del tac\u00f3grafo, administre el combustible y m\u00e1s. Con accesorios adicionales, se puede utilizar para remolques, refrigeradores, monitoreo del peso de los ejes y seguimiento del estado de la carga y otras soluciones. Es la soluci\u00f3n definitiva para la gesti\u00f3n y optimizaci\u00f3n integral de flotas.<\/p>","protected":false},"featured_media":14186,"template":"","meta":{"content-type":"","_monsterinsights_skip_tracking":false,"_monsterinsights_sitenote_active":false,"_monsterinsights_sitenote_note":"","_monsterinsights_sitenote_category":0},"product_brand":[],"product_cat":[71],"product_tag":[188,228,28,227],"class_list":{"0":"post-14191","1":"product","2":"type-product","3":"status-publish","4":"has-post-thumbnail","6":"product_cat-ruptela","7":"product_tag-canbus","8":"product_tag-dispositivo-de-rastreo","9":"product_tag-gps","10":"product_tag-ruptela","11":"grve-entry-item","13":"first","14":"instock","15":"taxable","16":"shipping-taxable","17":"purchasable","18":"product-type-simple"},"_links":{"self":[{"href":"https:\/\/www.emprenet.com.mx\/en\/wp-json\/wp\/v2\/product\/14191","targetHints":{"allow":["GET"]}}],"collection":[{"href":"https:\/\/www.emprenet.com.mx\/en\/wp-json\/wp\/v2\/product"}],"about":[{"href":"https:\/\/www.emprenet.com.mx\/en\/wp-json\/wp\/v2\/types\/product"}],"wp:featuredmedia":[{"embeddable":true,"href":"https:\/\/www.emprenet.com.mx\/en\/wp-json\/wp\/v2\/media\/14186"}],"wp:attachment":[{"href":"https:\/\/www.emprenet.com.mx\/en\/wp-json\/wp\/v2\/media?parent=14191"}],"wp:term":[{"taxonomy":"product_brand","embeddable":true,"href":"https:\/\/www.emprenet.com.mx\/en\/wp-json\/wp\/v2\/product_brand?post=14191"},{"taxonomy":"product_cat","embeddable":true,"href":"https:\/\/www.emprenet.com.mx\/en\/wp-json\/wp\/v2\/product_cat?post=14191"},{"taxonomy":"product_tag","embeddable":true,"href":"https:\/\/www.emprenet.com.mx\/en\/wp-json\/wp\/v2\/product_tag?post=14191"}],"curies":[{"name":"wp","href":"https:\/\/api.w.org\/{rel}","templated":true}]}}