{"id":16656,"date":"2024-07-09T17:31:58","date_gmt":"2024-07-09T17:31:58","guid":{"rendered":"https:\/\/www.emprenet.com.mx\/?post_type=product&#038;p=16656"},"modified":"2025-05-28T17:08:39","modified_gmt":"2025-05-28T17:08:39","slug":"acl120","status":"publish","type":"product","link":"https:\/\/www.emprenet.com.mx\/en\/tienda\/queclink\/acl120\/","title":{"rendered":"ACL120"},"content":{"rendered":"<h5>Contactless CANBus Data Reading Accessory<\/h5>\n<p>&nbsp;<\/p>\n<p>El ACL120 es un accesorio que permite la lectura del CANBuss sin necesidad de cortar o soldar alg\u00fan cable.<br \/>\nEl lector CAN sin contacto no afecta las garant\u00edas del veh\u00edculo, su uso u operaci\u00f3n.<\/p>","protected":false},"excerpt":{"rendered":"<p>Contactless CANBus Data Reading Accessory &nbsp; El ACL120 es un accesorio que permite la lectura del CANBuss sin necesidad de cortar o soldar alg\u00fan cable. El lector CAN sin contacto no afecta las garant\u00edas del veh\u00edculo, su uso u operaci\u00f3n.<\/p>","protected":false},"featured_media":16657,"template":"","meta":{"content-type":"","_monsterinsights_skip_tracking":false,"_monsterinsights_sitenote_active":false,"_monsterinsights_sitenote_note":"","_monsterinsights_sitenote_category":0},"product_brand":[],"product_cat":[70],"product_tag":[193,204],"class_list":{"0":"post-16656","1":"product","2":"type-product","3":"status-publish","4":"has-post-thumbnail","6":"product_cat-queclink","7":"product_tag-accesorio","8":"product_tag-queclink","9":"grve-entry-item","11":"first","12":"instock","13":"taxable","14":"shipping-taxable","15":"purchasable","16":"product-type-simple"},"_links":{"self":[{"href":"https:\/\/www.emprenet.com.mx\/en\/wp-json\/wp\/v2\/product\/16656","targetHints":{"allow":["GET"]}}],"collection":[{"href":"https:\/\/www.emprenet.com.mx\/en\/wp-json\/wp\/v2\/product"}],"about":[{"href":"https:\/\/www.emprenet.com.mx\/en\/wp-json\/wp\/v2\/types\/product"}],"wp:featuredmedia":[{"embeddable":true,"href":"https:\/\/www.emprenet.com.mx\/en\/wp-json\/wp\/v2\/media\/16657"}],"wp:attachment":[{"href":"https:\/\/www.emprenet.com.mx\/en\/wp-json\/wp\/v2\/media?parent=16656"}],"wp:term":[{"taxonomy":"product_brand","embeddable":true,"href":"https:\/\/www.emprenet.com.mx\/en\/wp-json\/wp\/v2\/product_brand?post=16656"},{"taxonomy":"product_cat","embeddable":true,"href":"https:\/\/www.emprenet.com.mx\/en\/wp-json\/wp\/v2\/product_cat?post=16656"},{"taxonomy":"product_tag","embeddable":true,"href":"https:\/\/www.emprenet.com.mx\/en\/wp-json\/wp\/v2\/product_tag?post=16656"}],"curies":[{"name":"wp","href":"https:\/\/api.w.org\/{rel}","templated":true}]}}