{"id":16669,"date":"2024-07-09T18:16:22","date_gmt":"2024-07-09T18:16:22","guid":{"rendered":"https:\/\/www.emprenet.com.mx\/?post_type=product&#038;p=16669"},"modified":"2025-05-28T17:07:45","modified_gmt":"2025-05-28T17:07:45","slug":"atp102","status":"publish","type":"product","link":"https:\/\/www.emprenet.com.mx\/en\/tienda\/queclink\/atp102\/","title":{"rendered":"ATP102"},"content":{"rendered":"<h5>TPMS interno ATP102 BLE<\/h5>\n<p>El sensor ATP102 de monitoreo de presi\u00f3n de neum\u00e1ticos integrado, emparejado con los dispositivos de rastreo de Queclink, permite el monitoreo de la presi\u00f3n y la<br \/>\ntemperatura de los neum\u00e1ticos en tiempo real, y emite alertas en tiempo real de la presi\u00f3n anormal de todos los neum\u00e1ticos. Los datos recolectados por el sensor ATP102<br \/>\nse transmiten al dispositivo de rastreo a trav\u00e9s de BLE, y luego se cargan en el servidor backend. Cuenta con una gran capacidad de bater\u00eda, un largo tiempo<br \/>\nde espera, una medici\u00f3n precisa de la presi\u00f3n de los neum\u00e1ticos y una instalaci\u00f3n incorporada para evitar da\u00f1os.<\/p>","protected":false},"excerpt":{"rendered":"<p>*Precio en USD + IVA* Tipo de cambio DOF al d\u00eda<\/p>\n<p>Consulta m\u00e1s informaci\u00f3n con tu ejecutivo<\/p>","protected":false},"featured_media":16670,"template":"","meta":{"content-type":"","_monsterinsights_skip_tracking":false,"_monsterinsights_sitenote_active":false,"_monsterinsights_sitenote_note":"","_monsterinsights_sitenote_category":0},"product_brand":[],"product_cat":[70],"product_tag":[207,222,204,195,221],"class_list":{"0":"post-16669","1":"product","2":"type-product","3":"status-publish","4":"has-post-thumbnail","6":"product_cat-queclink","7":"product_tag-accesorios","8":"product_tag-llantas","9":"product_tag-queclink","10":"product_tag-sensor","11":"product_tag-vehiculo","12":"grve-entry-item","14":"first","15":"instock","16":"taxable","17":"shipping-taxable","18":"purchasable","19":"product-type-simple"},"_links":{"self":[{"href":"https:\/\/www.emprenet.com.mx\/en\/wp-json\/wp\/v2\/product\/16669","targetHints":{"allow":["GET"]}}],"collection":[{"href":"https:\/\/www.emprenet.com.mx\/en\/wp-json\/wp\/v2\/product"}],"about":[{"href":"https:\/\/www.emprenet.com.mx\/en\/wp-json\/wp\/v2\/types\/product"}],"wp:featuredmedia":[{"embeddable":true,"href":"https:\/\/www.emprenet.com.mx\/en\/wp-json\/wp\/v2\/media\/16670"}],"wp:attachment":[{"href":"https:\/\/www.emprenet.com.mx\/en\/wp-json\/wp\/v2\/media?parent=16669"}],"wp:term":[{"taxonomy":"product_brand","embeddable":true,"href":"https:\/\/www.emprenet.com.mx\/en\/wp-json\/wp\/v2\/product_brand?post=16669"},{"taxonomy":"product_cat","embeddable":true,"href":"https:\/\/www.emprenet.com.mx\/en\/wp-json\/wp\/v2\/product_cat?post=16669"},{"taxonomy":"product_tag","embeddable":true,"href":"https:\/\/www.emprenet.com.mx\/en\/wp-json\/wp\/v2\/product_tag?post=16669"}],"curies":[{"name":"wp","href":"https:\/\/api.w.org\/{rel}","templated":true}]}}