{"id":16774,"date":"2024-07-09T23:03:47","date_gmt":"2024-07-09T23:03:47","guid":{"rendered":"https:\/\/www.emprenet.com.mx\/?post_type=product&#038;p=16774"},"modified":"2025-05-28T16:54:40","modified_gmt":"2025-05-28T16:54:40","slug":"ci02-camara-cabina-usb-jc450","status":"publish","type":"product","link":"https:\/\/www.emprenet.com.mx\/en\/tienda\/jimiiot\/ci02-camara-cabina-usb-jc450\/","title":{"rendered":"CI02 CAMARA CABINA USB (JC450)"},"content":{"rendered":"<p><strong>CAMARA CABINA<\/strong><\/p>\n<p>Dise\u00f1ada para la serie JC450. Se puede montar perfectamente en la unidad principal, y su amplio<br \/>\n\u00e1ngulo de visi\u00f3n puede satisfacer casi todos los requisitos de supervisi\u00f3n de la cabina.<\/p>\n<ul>\n<li>Compatible con JC450<\/li>\n<li>Resoluci\u00f3n 1280 x 720<\/li>\n<li>Campo de visi\u00f3n 135\u00b0 (H), 85\u00b0 (V), 170\u00b0 (D)<\/li>\n<li>Visi\u00f3n nocturna: IR-940*2<\/li>\n<\/ul>\n<p><strong>*Grabaci\u00f3n a color<\/strong><\/p>","protected":false},"excerpt":{"rendered":"<p><strong>*Precio en USD + IVA*<\/strong> Tipo de cambio DOF al d\u00eda<\/p>\n<p>Solicita m\u00e1s informaci\u00f3n a tu ejecutivo<\/p>","protected":false},"featured_media":16775,"template":"","meta":{"content-type":"","_monsterinsights_skip_tracking":false,"_monsterinsights_sitenote_active":false,"_monsterinsights_sitenote_note":"","_monsterinsights_sitenote_category":0},"product_brand":[],"product_cat":[99],"product_tag":[194,173,200,199],"class_list":{"0":"post-16774","1":"product","2":"type-product","3":"status-publish","4":"has-post-thumbnail","6":"product_cat-jimiiot","7":"product_tag-cabina","8":"product_tag-camara","9":"product_tag-jc450","10":"product_tag-usb","11":"grve-entry-item","13":"first","14":"instock","15":"taxable","16":"shipping-taxable","17":"purchasable","18":"product-type-simple"},"_links":{"self":[{"href":"https:\/\/www.emprenet.com.mx\/en\/wp-json\/wp\/v2\/product\/16774","targetHints":{"allow":["GET"]}}],"collection":[{"href":"https:\/\/www.emprenet.com.mx\/en\/wp-json\/wp\/v2\/product"}],"about":[{"href":"https:\/\/www.emprenet.com.mx\/en\/wp-json\/wp\/v2\/types\/product"}],"wp:featuredmedia":[{"embeddable":true,"href":"https:\/\/www.emprenet.com.mx\/en\/wp-json\/wp\/v2\/media\/16775"}],"wp:attachment":[{"href":"https:\/\/www.emprenet.com.mx\/en\/wp-json\/wp\/v2\/media?parent=16774"}],"wp:term":[{"taxonomy":"product_brand","embeddable":true,"href":"https:\/\/www.emprenet.com.mx\/en\/wp-json\/wp\/v2\/product_brand?post=16774"},{"taxonomy":"product_cat","embeddable":true,"href":"https:\/\/www.emprenet.com.mx\/en\/wp-json\/wp\/v2\/product_cat?post=16774"},{"taxonomy":"product_tag","embeddable":true,"href":"https:\/\/www.emprenet.com.mx\/en\/wp-json\/wp\/v2\/product_tag?post=16774"}],"curies":[{"name":"wp","href":"https:\/\/api.w.org\/{rel}","templated":true}]}}