{"id":16788,"date":"2024-07-09T23:32:04","date_gmt":"2024-07-09T23:32:04","guid":{"rendered":"https:\/\/www.emprenet.com.mx\/?post_type=product&#038;p=16788"},"modified":"2025-05-28T16:49:54","modified_gmt":"2025-05-28T16:49:54","slug":"extension-para-camara-ip67","status":"publish","type":"product","link":"https:\/\/www.emprenet.com.mx\/en\/tienda\/jimiiot\/extension-para-camara-ip67\/","title":{"rendered":"Extensi\u00f3n para c\u00e1mara IP67"},"content":{"rendered":"<p><strong>Extensi\u00f3n de 9 metros<\/strong><\/p>","protected":false},"excerpt":{"rendered":"<p><strong>*Precio en USD + IVA* <\/strong>Tipo de cambio DOF al d\u00eda<\/p>\n<p>&nbsp;<\/p>","protected":false},"featured_media":16789,"template":"","meta":{"content-type":"","_monsterinsights_skip_tracking":false,"_monsterinsights_sitenote_active":false,"_monsterinsights_sitenote_note":"","_monsterinsights_sitenote_category":0},"product_brand":[],"product_cat":[99],"product_tag":[173,215,185,171],"class_list":{"0":"post-16788","1":"product","2":"type-product","3":"status-publish","4":"has-post-thumbnail","6":"product_cat-jimiiot","7":"product_tag-camara","8":"product_tag-extension","9":"product_tag-ip67","10":"product_tag-jimi-iot","11":"grve-entry-item","13":"first","14":"outofstock","15":"taxable","16":"shipping-taxable","17":"purchasable","18":"product-type-simple"},"_links":{"self":[{"href":"https:\/\/www.emprenet.com.mx\/en\/wp-json\/wp\/v2\/product\/16788","targetHints":{"allow":["GET"]}}],"collection":[{"href":"https:\/\/www.emprenet.com.mx\/en\/wp-json\/wp\/v2\/product"}],"about":[{"href":"https:\/\/www.emprenet.com.mx\/en\/wp-json\/wp\/v2\/types\/product"}],"wp:featuredmedia":[{"embeddable":true,"href":"https:\/\/www.emprenet.com.mx\/en\/wp-json\/wp\/v2\/media\/16789"}],"wp:attachment":[{"href":"https:\/\/www.emprenet.com.mx\/en\/wp-json\/wp\/v2\/media?parent=16788"}],"wp:term":[{"taxonomy":"product_brand","embeddable":true,"href":"https:\/\/www.emprenet.com.mx\/en\/wp-json\/wp\/v2\/product_brand?post=16788"},{"taxonomy":"product_cat","embeddable":true,"href":"https:\/\/www.emprenet.com.mx\/en\/wp-json\/wp\/v2\/product_cat?post=16788"},{"taxonomy":"product_tag","embeddable":true,"href":"https:\/\/www.emprenet.com.mx\/en\/wp-json\/wp\/v2\/product_tag?post=16788"}],"curies":[{"name":"wp","href":"https:\/\/api.w.org\/{rel}","templated":true}]}}