{"id":17911,"date":"2024-10-08T21:47:12","date_gmt":"2024-10-08T21:47:12","guid":{"rendered":"https:\/\/www.emprenet.com.mx\/?post_type=product&#038;p=17911"},"modified":"2025-10-01T18:17:46","modified_gmt":"2025-10-01T18:17:46","slug":"eco-5-lite-lte-la","status":"publish","type":"product","link":"https:\/\/www.emprenet.com.mx\/en\/tienda\/ruptela\/eco-5-lite-lte-la\/","title":{"rendered":"ECO 5 LITE LTE LA"},"content":{"rendered":"<ul>\n<li><strong>Especificaciones el\u00e9ctricas<br \/>\n<\/strong>Rango de alimentaci\u00f3n: 9 &#8211; 32 V DC<br \/>\nBater\u00eda interna: LiPo 3.7 V 180 mAh<br \/>\nProtecciones: Protecci\u00f3n contra cortocircuitos de la bater\u00eda, Protecci\u00f3n contra polaridad inversa, Protecci\u00f3n contra descargas electrost\u00e1ticas en USB, Protecci\u00f3n de carga<br \/>\nMenor consumo de energ\u00eda: &lt;0.5 mA @ 12 V DC<\/li>\n<li><strong>Conectividad y especificaciones de hardware<br \/>\n<\/strong>Conectividad: LTE Cat 1: B2\/B3\/B4\/B5\/B7\/B8\/B28\/B66 GSM: 850\/900\/1800\/1900 MHz (GPRS multi-slot class 12)<\/p>\n<p>BLE: 5.0<\/p>\n<p>GNSS:<br \/>\nM\u00f3dulo: u-blox M10<br \/>\nAntena: Interna<br \/>\nSistemas de posicionamiento: GPS, GLONASS, Galileo<br \/>\nSistemas de aumento: QZSS, SBAS (WAAS, GAGAN, EGNOS, MSAS)<br \/>\nServicios de comienzo asistido: AssistNow Online<br \/>\nSensibilidad de rastreo: -167 to -168 dBm<br \/>\nSensibilidad de readquisici\u00f3n: -160 dBm<br \/>\nDuraci\u00f3n de comienzo en fr\u00edo: &lt; 30 s<br \/>\nDuraci\u00f3n de comienzo asistido: Tan bajo como 1 s<br \/>\nTasa de actualizaci\u00f3n de navegaci\u00f3n: 10 Hz<br \/>\nPrecisi\u00f3n de posici\u00f3n horizontal:<br \/>\n1,5 m (CEP, 50 %, 24 horas est\u00e1tico, -130 dBm, &gt; 6 SV para cada sistema GNSS)<br \/>\n<strong><br \/>\n<\/strong>Accelor\u00f3metro: 3 ejes (auto calibrado, detecci\u00f3n golpes, movimiento e inclinaci\u00f3n, detecci\u00f3n de inclinaci\u00f3n, fuerza hasta 16 g)<\/p>\n<p>I\/O Interfaces: 1 DIN (detecci\u00f3n de encendido), 1 DOUT, 1 AIN\/DIN (modo positivo\/masa)<\/p>\n<p>Tarjeta SIM: Nano SIM<\/p>\n<p>Puerto USB: Micro USB<\/p>\n<p>Indicaciones adicionales: 1xLED<\/p>\n<p>Gesti\u00f3n de dispositivos: Supervisi\u00f3n, gesti\u00f3n, actualizaci\u00f3n, firmware, configuraci\u00f3n y resoluci\u00f3n de problemas de dispositivos a distancia<\/li>\n<li><strong>Especificaciones ambientales<\/strong><br \/>\nTemperatura:<br \/>\nOperaci\u00f3n: -20 to +40 \u00b0C<br \/>\nAlmacenamiento: -20 to +45 \u00b0C<br \/>\nBater\u00eda cargando: 0 to +45 \u00b0C<br \/>\nBater\u00eda en descarga: -20 to +60 \u00b0C<\/p>\n<p>Humedad: 5% a 95% Sin condensaci\u00f3n<\/li>\n<li><strong>Certificaciones: <\/strong>FCC<\/li>\n<li><strong>Caracter\u00edsticas f\u00edsicas:<br \/>\n<\/strong>Dimensiones: 95mm x 51mm x 14mm<br \/>\nPeso: 57 g +\/- 2 g con arn\u00e9s<br \/>\nCarcasa: Pl\u00e1stico negro<strong><br \/>\n<\/strong>Longitud est\u00e1ndar del arn\u00e9s<strong>: ~<\/strong>700 mm<strong><br \/>\n<\/strong>Fusible externo: 1A<strong><br \/>\n<\/strong><\/li>\n<\/ul>\n<p>&nbsp;<\/p>","protected":false},"excerpt":{"rendered":"<h3><a href=\"https:\/\/www.emprenet.com.mx\/wp-content\/uploads\/2024\/10\/ECO5LITE-IP54.pdf\"><strong>Consulta ficha t\u00e9cnica dando clic aqu\u00ed<\/strong><\/a><\/h3>\n<p><em>*Costo en USD + IVA*<\/em><\/p>\n<p>Rastreador de veh\u00edculos basado en GNSS muy compacto y universal dise\u00f1ado para la gesti\u00f3n de flotas. Ofrece conectividad 4G+2G y un m\u00f3dulo GNSS de primera calidad, lo que garantiza una transmisi\u00f3n de datos fiable y precisa. En su versi\u00f3n IP54, proporcionan una protecci\u00f3n extra.<\/p>\n<div class=\"wpb_text_column wpb_content_element\">\n<div class=\"wpb_wrapper\">\n<p><strong>Tama\u00f1o peque\u00f1o<br \/>\n<\/strong>Extremadamente compacto, con un tama\u00f1o de s\u00f3lo 14 mm.<\/p>\n<div class=\"wpb_text_column wpb_content_element\">\n<div class=\"wpb_wrapper\">\n<p><strong>Bajo consumo de energ\u00eda<br \/>\n<\/strong><span class=\"EOP SCXP182102895 BCX0\">En modo de reposo profundo, este producto alcanza un nivel de eficiencia energ\u00e9tica sin precedentes, con un consumo excepcionalmente bajo de s\u00f3lo 0,5 miliamperios.\u200b<br \/>\n<\/span><\/p>\n<div class=\"wpb_text_column wpb_content_element\">\n<div class=\"wpb_wrapper\">\n<p><b><strong>Excelente rendimiento<br \/>\n<\/strong><\/b>GNSS premium de u-blox, componentes de alta calidad.<\/p>\n<div class=\"wpb_text_column wpb_content_element\">\n<div class=\"wpb_wrapper\">\n<p><b><strong>F\u00e1cil instalaci\u00f3n y uso<br \/>\n<\/strong><\/b>Dimensiones compactas, dise\u00f1o ergon\u00f3mico, montaje sin herramientas, utilidades espec\u00edficas (Centro de dispositivos, Asistente de instalaci\u00f3n) y capacidades inal\u00e1mbricas caracterizan este producto.<\/p>\n<div class=\"wpb_text_column wpb_content_element\">\n<div class=\"wpb_wrapper\">\n<p><b><strong>Asegure<br \/>\n<\/strong><\/b>Detecci\u00f3n de interferencias, bater\u00eda de reserva.<\/p>\n<div class=\"wpb_text_column wpb_content_element\">\n<div class=\"wpb_wrapper\">\n<p><b><strong>Soluci\u00f3n completa de un solo proveedor<br \/>\n<\/strong><\/b>Dispositivo de localizaci\u00f3n GPS\/GNSS combinado con los accesorios adecuados.<\/p>\n<div class=\"wpb_text_column wpb_content_element\">\n<div class=\"wpb_wrapper\">\n<p><strong><span class=\"TextRun SCXW65402528 BCX0\" lang=\"EN-US\" xml:lang=\"EN-US\" data-contrast=\"none\"><span class=\"NormalTextRun SCXW65402528 BCX0\"><b>BLE 5.0<br \/>\n<\/b><\/span><\/span><\/strong>Para varios accesorios inal\u00e1mbricos.<\/p>\n<\/div>\n<\/div>\n<\/div>\n<\/div>\n<\/div>\n<\/div>\n<\/div>\n<\/div>\n<\/div>\n<\/div>\n<p><span class=\"EOP SCXP182102895 BCX0\">\u00a0<\/span><\/p>\n<p>&nbsp;<\/p>\n<\/div>\n<\/div>\n<\/div>\n<\/div>","protected":false},"featured_media":17913,"template":"","meta":{"content-type":"","_monsterinsights_skip_tracking":false,"_monsterinsights_sitenote_active":false,"_monsterinsights_sitenote_note":"","_monsterinsights_sitenote_category":0},"product_brand":[],"product_cat":[71],"product_tag":[254,228,28,227],"class_list":{"0":"post-17911","1":"product","2":"type-product","3":"status-publish","4":"has-post-thumbnail","6":"product_cat-ruptela","7":"product_tag-compacto","8":"product_tag-dispositivo-de-rastreo","9":"product_tag-gps","10":"product_tag-ruptela","11":"grve-entry-item","13":"first","14":"instock","15":"taxable","16":"shipping-taxable","17":"purchasable","18":"product-type-simple"},"_links":{"self":[{"href":"https:\/\/www.emprenet.com.mx\/en\/wp-json\/wp\/v2\/product\/17911","targetHints":{"allow":["GET"]}}],"collection":[{"href":"https:\/\/www.emprenet.com.mx\/en\/wp-json\/wp\/v2\/product"}],"about":[{"href":"https:\/\/www.emprenet.com.mx\/en\/wp-json\/wp\/v2\/types\/product"}],"wp:featuredmedia":[{"embeddable":true,"href":"https:\/\/www.emprenet.com.mx\/en\/wp-json\/wp\/v2\/media\/17913"}],"wp:attachment":[{"href":"https:\/\/www.emprenet.com.mx\/en\/wp-json\/wp\/v2\/media?parent=17911"}],"wp:term":[{"taxonomy":"product_brand","embeddable":true,"href":"https:\/\/www.emprenet.com.mx\/en\/wp-json\/wp\/v2\/product_brand?post=17911"},{"taxonomy":"product_cat","embeddable":true,"href":"https:\/\/www.emprenet.com.mx\/en\/wp-json\/wp\/v2\/product_cat?post=17911"},{"taxonomy":"product_tag","embeddable":true,"href":"https:\/\/www.emprenet.com.mx\/en\/wp-json\/wp\/v2\/product_tag?post=17911"}],"curies":[{"name":"wp","href":"https:\/\/api.w.org\/{rel}","templated":true}]}}