{"id":17924,"date":"2024-10-08T23:23:33","date_gmt":"2024-10-08T23:23:33","guid":{"rendered":"https:\/\/www.emprenet.com.mx\/?post_type=product&#038;p=17924"},"modified":"2025-06-27T21:05:41","modified_gmt":"2025-06-27T21:05:41","slug":"jc261p","status":"publish","type":"product","link":"https:\/\/www.emprenet.com.mx\/en\/tienda\/jimiiot\/jc261p\/","title":{"rendered":"JC261P"},"content":{"rendered":"<table>\n<tbody>\n<tr>\n<td class=\"ty_SPECIFICATIONS_title_bk\" colspan=\"2\" width=\"711\"><strong><b>Especificaci\u00f3n<\/b><\/strong><\/td>\n<\/tr>\n<tr>\n<td class=\"ty_SPECIFICATIONS_title_bk\" colspan=\"2\" width=\"711\"><strong><b>Red<\/b><\/strong><\/td>\n<\/tr>\n<tr>\n<td width=\"161\">Est\u00e1ndar<\/td>\n<td width=\"550\">4G LTE Cat.4<\/td>\n<\/tr>\n<tr>\n<td width=\"161\">WiFi<\/td>\n<td width=\"550\">2.4GHz, Soporta Modo AP\/Modo STD\/WiFi Directo<\/td>\n<\/tr>\n<tr>\n<td width=\"161\">Bluetooth<\/td>\n<td width=\"550\">BLE 4.0<\/td>\n<\/tr>\n<tr>\n<td rowspan=\"2\" width=\"161\">Banda<\/td>\n<td width=\"550\">Versi\u00f3n Euroasi\u00e1tica<br \/>\nLTE-FDD: B1\/B3\/B5\/B7\/B8\/B19\/B20<br \/>\nLTE-TDD: B38\/B39\/B40\/B41 (100 M)<br \/>\nWCDMA: B1\/B2\/B5\/B8<br \/>\nGSM: B2\/B3\/B5\/B8<\/td>\n<\/tr>\n<tr>\n<td width=\"550\">Versi\u00f3n Americana<br \/>\nLTE-FDD: B2\/B3\/B4\/B5\/B7\/B12\/B17<br \/>\nLTE-TDD: B38\/B41 (100 M)<br \/>\nWCDMA: B2\/B4\/B5<br \/>\nGSM: B2\/B5\/B8<\/td>\n<\/tr>\n<tr>\n<td class=\"ty_SPECIFICATIONS_title_bk\" colspan=\"2\" width=\"711\"><strong><b>C\u00e1mara<\/b><\/strong><\/td>\n<\/tr>\n<tr>\n<td width=\"161\">C\u00e1mara frontal (principal)<\/td>\n<td width=\"550\">1920\u00d71080\/25FPS\/F2.2\/Todo color\/85\u00b0 (HFoV)<\/td>\n<\/tr>\n<tr>\n<td>C\u00e1mara secundaria<\/td>\n<td width=\"550\">1280\u00d7720\/15FPS\/F2,5\/Todo color de d\u00eda y monocromo en penumbra\/90\u00b0 (HFoV)<\/td>\n<\/tr>\n<tr>\n<td width=\"161\">Formato de v\u00eddeo<\/td>\n<td width=\"550\">.ts<\/td>\n<\/tr>\n<tr>\n<td class=\"ty_SPECIFICATIONS_title_bk\" colspan=\"2\" width=\"711\"><strong><b>Configuraci\u00f3n<\/b><\/strong><\/td>\n<\/tr>\n<tr>\n<td width=\"161\">GNSS<\/td>\n<td width=\"550\">GPS\/BDS<\/td>\n<\/tr>\n<tr>\n<td width=\"161\">Sensor<\/td>\n<td width=\"550\">3 ejes<\/td>\n<\/tr>\n<tr>\n<td width=\"161\">Micr\u00f3fono<\/td>\n<td width=\"550\">Compatible<\/td>\n<\/tr>\n<tr>\n<td width=\"161\">Altavoz<\/td>\n<td width=\"550\">Compatible<\/td>\n<\/tr>\n<tr>\n<td width=\"161\">Interfaz<\/td>\n<td width=\"550\">Micro USB*1, SOS*1, TTL*1, Rel\u00e9*1<\/td>\n<\/tr>\n<tr>\n<td width=\"161\">Soporte de memoria<\/td>\n<td width=\"550\">Tarjeta TF (hasta 256 GB)<\/td>\n<\/tr>\n<tr>\n<td width=\"161\">Tipo de tarjeta SIM<\/td>\n<td width=\"550\">Nano<\/td>\n<\/tr>\n<tr>\n<td width=\"161\">Indicaci\u00f3n LED<\/td>\n<td width=\"550\">Rojo (alimentaci\u00f3n), Azul (celular), Verde (GNSS)<\/td>\n<\/tr>\n<tr>\n<td class=\"ty_SPECIFICATIONS_title_bk\" colspan=\"2\" width=\"711\"><strong><b>Others<\/b><\/strong><\/td>\n<\/tr>\n<tr>\n<td width=\"161\">Fuente de alimentaci\u00f3n<\/td>\n<td width=\"550\">Cable de alimentaci\u00f3n: B+\/ACC\/GND<\/td>\n<\/tr>\n<tr>\n<td width=\"161\">Tensi\u00f3n de funcionamiento<\/td>\n<td width=\"550\">CC 9-30 V<\/td>\n<\/tr>\n<tr>\n<td width=\"161\">Temperatura de funcionamiento<\/td>\n<td width=\"550\">-20\u00b0C a +65\u00b0C<\/td>\n<\/tr>\n<tr>\n<td width=\"161\">Temperatura de almacenamiento<\/td>\n<td width=\"550\">-30\u00b0C a +85\u00b0C<\/td>\n<\/tr>\n<tr>\n<td width=\"161\">Peso del dispositivo<\/td>\n<td width=\"550\">233g<\/td>\n<\/tr>\n<tr>\n<td width=\"161\">Dimensi\u00f3n del dispositivo<\/td>\n<td width=\"550\">109*69*52mm<\/td>\n<\/tr>\n<tr>\n<td width=\"161\">Certificaciones<\/td>\n<td width=\"550\">CE\/FCC\/RoHS<\/td>\n<\/tr>\n<\/tbody>\n<\/table>","protected":false},"excerpt":{"rendered":"<h1><a href=\"https:\/\/www.emprenet.com.mx\/wp-content\/uploads\/2024\/10\/20230728-JC261P_es.pdf\">Consulta la ficha t\u00e9cnica aqu\u00ed<\/a><\/h1>\n<p>*Precio en USD + IVA*<\/p>\n<p>IA Dual-Canal DashCam integrada<\/p>\n<p>JC261P dashcam con doble lente integrada le permite vigilar simult\u00e1neamente la carretera y la cabina. El sistema incluye una serie de funciones de seguridad, como visi\u00f3n nocturna por infrarrojos (lente orientada hacia el interior), ADAS, alertas de excepci\u00f3n, etc. Adem\u00e1s, la capacidad 4G del dispositivo permite la transmisi\u00f3n de v\u00eddeo sin interrupciones, alertas de audio en directo, repetici\u00f3n de rutas y reproducci\u00f3n del historial de v\u00eddeo. Con todas estas funciones, los gestores de flotas pueden orientar a los conductores bas\u00e1ndose en los datos y mejorar las operaciones para obtener m\u00e1s beneficios, tanto si gestionan flotas gubernamentales, log\u00edsticas, de transporte colectivo o de taxis.<\/p>\n<p><strong>Videovigilancia<\/strong><\/p>\n<p>La potente conectividad LTE permite la supervisi\u00f3n en directo del interior y el exterior del veh\u00edculo a trav\u00e9s de una plataforma en l\u00ednea; mientras que los clips de v\u00eddeo cr\u00edticos del dispositivo permiten la reproducci\u00f3n a la carta despu\u00e9s del hecho desde cualquier lugar y en cualquier momento.<\/p>\n<div class=\"elementor-column elementor-col-50 elementor-top-column elementor-element elementor-element-91ccdfc\" data-id=\"91ccdfc\" data-element_type=\"column\">\n<div class=\"elementor-widget-wrap elementor-element-populated\">\n<div class=\"elementor-element elementor-element-4a1abd7 elementor-widget elementor-widget-heading\" data-id=\"4a1abd7\" data-element_type=\"widget\" data-widget_type=\"heading.default\">\n<div class=\"elementor-widget-container\">\n<div><\/div>\n<\/div>\n<\/div>\n<div>\n<div class=\"elementor-element elementor-element-f34b19e elementor-widget elementor-widget-heading\" data-id=\"f34b19e\" data-element_type=\"widget\" data-widget_type=\"heading.default\">\n<div class=\"elementor-widget-container\">\n<div class=\"elementor-heading-title elementor-size-default\"><strong>Grabaci\u00f3n de doble canal<\/strong><\/div>\n<\/div>\n<\/div>\n<div class=\"elementor-element elementor-element-5b438e5 features_2_describe elementor-widget elementor-widget-heading\" data-id=\"5b438e5\" data-element_type=\"widget\" data-widget_type=\"heading.default\">\n<div class=\"elementor-widget-container\">\n<div class=\"elementor-heading-title elementor-size-default\">Controle simult\u00e1neamente la carretera y lo que ocurre en la cabina en tiempo real a trav\u00e9s de las dos lentes integradas en el dispositivo, sin necesidad de c\u00e1maras perif\u00e9ricas.<\/div>\n<\/div>\n<\/div>\n<div>\n<div class=\"elementor-column elementor-col-50 elementor-top-column elementor-element elementor-element-651460a\" data-id=\"651460a\" data-element_type=\"column\">\n<div class=\"elementor-widget-wrap elementor-element-populated\">\n<div class=\"elementor-element elementor-element-77f8dc3 elementor-widget elementor-widget-heading\" data-id=\"77f8dc3\" data-element_type=\"widget\" data-widget_type=\"heading.default\">\n<div class=\"elementor-widget-container\">\n<div><\/div>\n<div class=\"elementor-heading-title elementor-size-default\"><strong>Asistencia al conductor (ADAS)<\/strong><\/div>\n<\/div>\n<\/div>\n<div class=\"elementor-element elementor-element-e648bde elementor-widget elementor-widget-heading\" data-id=\"e648bde\" data-element_type=\"widget\" data-widget_type=\"heading.default\">\n<div class=\"elementor-widget-container\">\n<div class=\"elementor-heading-title elementor-size-default\">El algoritmo ADAS permite al dispositivo controlar las incidencias relacionadas con la distancia de seguimiento,las colisiones cercanas, el mantenimiento del carril, etc., y avisar al conductor en tiempo real.<\/div>\n<\/div>\n<\/div>\n<\/div>\n<\/div>\n<div>\n<div class=\"elementor-column elementor-col-50 elementor-top-column elementor-element elementor-element-7d1d84d\" data-id=\"7d1d84d\" data-element_type=\"column\">\n<div class=\"elementor-widget-wrap elementor-element-populated\">\n<div class=\"elementor-element elementor-element-a91cd50 elementor-widget elementor-widget-heading\" data-id=\"a91cd50\" data-element_type=\"widget\" data-widget_type=\"heading.default\">\n<div class=\"elementor-widget-container\">\n<div class=\"elementor-heading-title elementor-size-default\"><strong>Dise\u00f1o altamente integrado<\/strong><\/div>\n<\/div>\n<\/div>\n<div class=\"elementor-element elementor-element-1ede745 elementor-widget elementor-widget-heading\" data-id=\"1ede745\" data-element_type=\"widget\" data-widget_type=\"heading.default\">\n<div class=\"elementor-widget-container\">\n<div class=\"elementor-heading-title elementor-size-default\">La c\u00e1mara de alta definici\u00f3n orientada hacia la carretera (principal) y la c\u00e1mara orientada hacia el interior (secundaria) est\u00e1n integradas en una sola unidad. Esto ahorra espacio y facilita la instalaci\u00f3n.<\/div>\n<\/div>\n<\/div>\n<\/div>\n<\/div>\n<\/div>\n<div>\n<div class=\"elementor-column elementor-col-50 elementor-top-column elementor-element elementor-element-ad30f21\" data-id=\"ad30f21\" data-element_type=\"column\">\n<div class=\"elementor-widget-wrap elementor-element-populated\">\n<div class=\"elementor-element elementor-element-2aaaf27 elementor-widget elementor-widget-heading\" data-id=\"2aaaf27\" data-element_type=\"widget\" data-widget_type=\"heading.default\">\n<div class=\"elementor-widget-container\">\n<div class=\"elementor-heading-title elementor-size-default\"><strong>Integraci\u00f3n r\u00e1pida<\/strong><\/div>\n<\/div>\n<\/div>\n<div class=\"elementor-element elementor-element-ad3da46 elementor-widget elementor-widget-text-editor\" data-id=\"ad3da46\" data-element_type=\"widget\" data-widget_type=\"text-editor.default\">\n<div class=\"elementor-widget-container\">\n<p>Podemos proporcionar un IoT Hub para facilitar una integraci\u00f3n r\u00e1pida y sin fisuras a cualquier plataforma de terceros o al sistema de transporte inteligente (ITS).<\/p>\n<\/div>\n<\/div>\n<\/div>\n<\/div>\n<\/div>\n<\/div>\n<\/div>\n<\/div>\n<\/div>","protected":false},"featured_media":17926,"template":"","meta":{"content-type":"","_monsterinsights_skip_tracking":false,"_monsterinsights_sitenote_active":false,"_monsterinsights_sitenote_note":"","_monsterinsights_sitenote_category":0},"product_brand":[],"product_cat":[99],"product_tag":[173,228,245,28,244,329,171,191,176,241],"class_list":{"0":"post-17924","1":"product","2":"type-product","3":"status-publish","4":"has-post-thumbnail","6":"product_cat-jimiiot","7":"product_tag-camara","8":"product_tag-dispositivo-de-rastreo","9":"product_tag-dispositivo-gps","10":"product_tag-gps","11":"product_tag-ia","12":"product_tag-inteligencia-artificial","13":"product_tag-jimi-iot","14":"product_tag-lte","15":"product_tag-mas-vendidos","16":"product_tag-rastreo-vehicular","17":"grve-entry-item","19":"first","20":"outofstock","21":"taxable","22":"shipping-taxable","23":"purchasable","24":"product-type-simple"},"_links":{"self":[{"href":"https:\/\/www.emprenet.com.mx\/en\/wp-json\/wp\/v2\/product\/17924","targetHints":{"allow":["GET"]}}],"collection":[{"href":"https:\/\/www.emprenet.com.mx\/en\/wp-json\/wp\/v2\/product"}],"about":[{"href":"https:\/\/www.emprenet.com.mx\/en\/wp-json\/wp\/v2\/types\/product"}],"wp:featuredmedia":[{"embeddable":true,"href":"https:\/\/www.emprenet.com.mx\/en\/wp-json\/wp\/v2\/media\/17926"}],"wp:attachment":[{"href":"https:\/\/www.emprenet.com.mx\/en\/wp-json\/wp\/v2\/media?parent=17924"}],"wp:term":[{"taxonomy":"product_brand","embeddable":true,"href":"https:\/\/www.emprenet.com.mx\/en\/wp-json\/wp\/v2\/product_brand?post=17924"},{"taxonomy":"product_cat","embeddable":true,"href":"https:\/\/www.emprenet.com.mx\/en\/wp-json\/wp\/v2\/product_cat?post=17924"},{"taxonomy":"product_tag","embeddable":true,"href":"https:\/\/www.emprenet.com.mx\/en\/wp-json\/wp\/v2\/product_tag?post=17924"}],"curies":[{"name":"wp","href":"https:\/\/api.w.org\/{rel}","templated":true}]}}