{"id":17927,"date":"2024-10-08T23:30:12","date_gmt":"2024-10-08T23:30:12","guid":{"rendered":"https:\/\/www.emprenet.com.mx\/?post_type=product&#038;p=17927"},"modified":"2025-05-28T17:02:09","modified_gmt":"2025-05-28T17:02:09","slug":"easycan","status":"publish","type":"product","link":"https:\/\/www.emprenet.com.mx\/en\/tienda\/ruptela\/easycan\/","title":{"rendered":"EasyCan"},"content":{"rendered":"<p><strong>Compatibilidad:<\/strong><\/p>\n<ul>\n<li>HCv5<\/li>\n<li>LCV5<\/li>\n<li>Pro5<\/li>\n<li>Pro5 Lite<\/li>\n<li>Pro4<\/li>\n<\/ul>","protected":false},"excerpt":{"rendered":"<p><em>*Precio en USD + IVA*<\/em><\/p>\n<p>EasyCAN es un adaptador desarrollado y fabricado por Ruptela que se utiliza para realizar una conexi\u00f3n segura a ordenador a bordo (CANbus) de los veh\u00edculos. EasyCAN se conecta al ordenador a bordo de los veh\u00edculos, sin cortar cables y sin incumplir la garant\u00eda del fabricante. EasyCAN puede leer datos de CANbus en los est\u00e1ndares FMS y J1708.<\/p>","protected":false},"featured_media":17928,"template":"","meta":{"content-type":"","_monsterinsights_skip_tracking":false,"_monsterinsights_sitenote_active":false,"_monsterinsights_sitenote_note":"","_monsterinsights_sitenote_category":0},"product_brand":[],"product_cat":[71],"product_tag":[193,207,289,203,188,227],"class_list":{"0":"post-17927","1":"product","2":"type-product","3":"status-publish","4":"has-post-thumbnail","6":"product_cat-ruptela","7":"product_tag-accesorio","8":"product_tag-accesorios","9":"product_tag-adaptador","10":"product_tag-cable","11":"product_tag-canbus","12":"product_tag-ruptela","13":"grve-entry-item","15":"first","16":"outofstock","17":"taxable","18":"shipping-taxable","19":"purchasable","20":"product-type-simple"},"_links":{"self":[{"href":"https:\/\/www.emprenet.com.mx\/en\/wp-json\/wp\/v2\/product\/17927","targetHints":{"allow":["GET"]}}],"collection":[{"href":"https:\/\/www.emprenet.com.mx\/en\/wp-json\/wp\/v2\/product"}],"about":[{"href":"https:\/\/www.emprenet.com.mx\/en\/wp-json\/wp\/v2\/types\/product"}],"wp:featuredmedia":[{"embeddable":true,"href":"https:\/\/www.emprenet.com.mx\/en\/wp-json\/wp\/v2\/media\/17928"}],"wp:attachment":[{"href":"https:\/\/www.emprenet.com.mx\/en\/wp-json\/wp\/v2\/media?parent=17927"}],"wp:term":[{"taxonomy":"product_brand","embeddable":true,"href":"https:\/\/www.emprenet.com.mx\/en\/wp-json\/wp\/v2\/product_brand?post=17927"},{"taxonomy":"product_cat","embeddable":true,"href":"https:\/\/www.emprenet.com.mx\/en\/wp-json\/wp\/v2\/product_cat?post=17927"},{"taxonomy":"product_tag","embeddable":true,"href":"https:\/\/www.emprenet.com.mx\/en\/wp-json\/wp\/v2\/product_tag?post=17927"}],"curies":[{"name":"wp","href":"https:\/\/api.w.org\/{rel}","templated":true}]}}