{"id":17934,"date":"2024-10-09T21:47:08","date_gmt":"2024-10-09T21:47:08","guid":{"rendered":"https:\/\/www.emprenet.com.mx\/?post_type=product&#038;p=17934"},"modified":"2025-05-28T16:47:55","modified_gmt":"2025-05-28T16:47:55","slug":"wpb100-2","status":"publish","type":"product","link":"https:\/\/www.emprenet.com.mx\/en\/tienda\/queclink\/wpb100-2\/","title":{"rendered":"WPB100"},"content":{"rendered":"<table width=\"100%\">\n<tbody>\n<tr>\n<td width=\"30%\">Dimensiones<\/td>\n<td width=\"70%\">1.81\u201d(L)\u00d71.34\u201d(W)\u00d70.47\u201d(H)<br \/>\n(46\u00d734\u00d712mm)<\/td>\n<\/tr>\n<tr>\n<td width=\"30%\">Peso<\/td>\n<td width=\"70%\">0.56oz (16g)<\/td>\n<\/tr>\n<tr>\n<td width=\"30%\">Tensi\u00f3n de funcionamiento<\/td>\n<td width=\"70%\">2.4V~3.3V DC<\/td>\n<\/tr>\n<tr>\n<td width=\"30%\">Temperatura de funcionamiento<\/td>\n<td width=\"70%\">-20\u2103~+60\u2103<\/td>\n<\/tr>\n<tr>\n<td width=\"30%\">Sensibilidad (FSK)<\/td>\n<td width=\"70%\">-105dBm@1Kb\/s<\/td>\n<\/tr>\n<tr>\n<td width=\"30%\">Bater\u00eda<\/td>\n<td width=\"70%\">Bater\u00eda CR2032 tipo bot\u00f3n<\/td>\n<\/tr>\n<tr>\n<td width=\"30%\">Autonomia en reposo<\/td>\n<td width=\"70%\">3 a\u00f1os (en condiciones ambientales normales, informando una vez cada 24 horas)<\/td>\n<\/tr>\n<tr>\n<td width=\"30%\">Funci\u00f3n del boton<\/td>\n<td width=\"70%\">El bot\u00f3n de p\u00e1nico permite funciones de seguridad personal<\/td>\n<\/tr>\n<tr>\n<td width=\"30%\">Indicador LED<\/td>\n<td width=\"70%\">Indica el estado de emparejamiento o la transmisi\u00f3n de datos<\/td>\n<\/tr>\n<tr>\n<td width=\"30%\">Funci\u00f3n principal<\/td>\n<td width=\"70%\">Al pulsar el bot\u00f3n se activan las funciones de seguridad personal<\/td>\n<\/tr>\n<\/tbody>\n<\/table>","protected":false},"excerpt":{"rendered":"<p>*PRECIO EN USD+IVA*<\/p>\n<p><strong>Bot\u00f3n de p\u00e1nico inal\u00e1mbrico de 433,92MHz<\/strong><\/p>\n<p>El WPB100 es un bot\u00f3n de p\u00e1nico inal\u00e1mbrico que permite hacer llamadas de emergencia basadas en la radiofrecuencia de 433,92MHz. Se utiliza para la seguridad personal en situaciones de emergencia.<\/p>","protected":false},"featured_media":17937,"template":"","meta":{"content-type":"","_monsterinsights_skip_tracking":false,"_monsterinsights_sitenote_active":false,"_monsterinsights_sitenote_note":"","_monsterinsights_sitenote_category":0},"product_brand":[],"product_cat":[70],"product_tag":[193,207,331,211,261,204],"class_list":{"0":"post-17934","1":"product","2":"type-product","3":"status-publish","4":"has-post-thumbnail","6":"product_cat-queclink","7":"product_tag-accesorio","8":"product_tag-accesorios","9":"product_tag-boton-de-panico","10":"product_tag-button","11":"product_tag-panic-button","12":"product_tag-queclink","13":"grve-entry-item","15":"first","16":"instock","17":"taxable","18":"shipping-taxable","19":"purchasable","20":"product-type-simple"},"_links":{"self":[{"href":"https:\/\/www.emprenet.com.mx\/en\/wp-json\/wp\/v2\/product\/17934","targetHints":{"allow":["GET"]}}],"collection":[{"href":"https:\/\/www.emprenet.com.mx\/en\/wp-json\/wp\/v2\/product"}],"about":[{"href":"https:\/\/www.emprenet.com.mx\/en\/wp-json\/wp\/v2\/types\/product"}],"wp:featuredmedia":[{"embeddable":true,"href":"https:\/\/www.emprenet.com.mx\/en\/wp-json\/wp\/v2\/media\/17937"}],"wp:attachment":[{"href":"https:\/\/www.emprenet.com.mx\/en\/wp-json\/wp\/v2\/media?parent=17934"}],"wp:term":[{"taxonomy":"product_brand","embeddable":true,"href":"https:\/\/www.emprenet.com.mx\/en\/wp-json\/wp\/v2\/product_brand?post=17934"},{"taxonomy":"product_cat","embeddable":true,"href":"https:\/\/www.emprenet.com.mx\/en\/wp-json\/wp\/v2\/product_cat?post=17934"},{"taxonomy":"product_tag","embeddable":true,"href":"https:\/\/www.emprenet.com.mx\/en\/wp-json\/wp\/v2\/product_tag?post=17934"}],"curies":[{"name":"wp","href":"https:\/\/api.w.org\/{rel}","templated":true}]}}