{"id":17938,"date":"2024-10-09T21:53:10","date_gmt":"2024-10-09T21:53:10","guid":{"rendered":"https:\/\/www.emprenet.com.mx\/?post_type=product&#038;p=17938"},"modified":"2025-05-28T16:47:55","modified_gmt":"2025-05-28T16:47:55","slug":"wid310","status":"publish","type":"product","link":"https:\/\/www.emprenet.com.mx\/en\/tienda\/queclink\/wid310\/","title":{"rendered":"WID310"},"content":{"rendered":"<table width=\"100%\">\n<tbody>\n<tr>\n<td width=\"30%\"><strong>Material<\/strong><\/td>\n<td width=\"70%\">ABS<\/td>\n<\/tr>\n<tr>\n<td width=\"30%\"><strong>Color de la carcasa<\/strong><\/td>\n<td width=\"70%\">Negro<\/td>\n<\/tr>\n<tr>\n<td width=\"30%\"><strong>Dimensiones<\/strong><\/td>\n<td width=\"70%\">\u03a659.55*39*18 mm<\/td>\n<\/tr>\n<tr>\n<td width=\"30%\"><strong>Peso<\/strong><\/td>\n<td width=\"70%\">25g (incluyendo la bater\u00eda)<\/td>\n<\/tr>\n<tr>\n<td width=\"30%\"><strong>Bater\u00eda<\/strong><\/td>\n<td width=\"70%\">1 x bater\u00eda CR2477<\/td>\n<\/tr>\n<tr>\n<td width=\"30%\"><strong>Vida \u00fatil de la bater\u00eda<\/strong><\/td>\n<td width=\"70%\">&gt;1.5 a\u00f1os (0 dBm, intervalo de env\u00edo 500ms)<br \/>\n&gt;2 a\u00f1os (0 dBm, intervalo de env\u00edo 875ms)<\/td>\n<\/tr>\n<tr>\n<td width=\"30%\"><strong>Temperatura de funcionamiento<\/strong><\/td>\n<td width=\"70%\">-20\u00b0C~+70\u00b0C<\/td>\n<\/tr>\n<tr>\n<td width=\"30%\"><strong>BLE<\/strong><\/td>\n<td width=\"70%\">BLE 5.1<\/td>\n<\/tr>\n<tr>\n<td width=\"30%\"><strong>Distancia m\u00e1xima de transmisi\u00f3n<\/strong><\/td>\n<td width=\"70%\">100 metros (Potencia m\u00e1xima de transmisi\u00f3n en \u00e1reas abiertas)<\/td>\n<\/tr>\n<tr>\n<td width=\"30%\"><strong>Resistencia al agua<\/strong><\/td>\n<td width=\"70%\">IP67<\/td>\n<\/tr>\n<tr>\n<td width=\"30%\"><strong>Montaje<\/strong><\/td>\n<td width=\"70%\">Montaje con cinta adhesiva de doble cara (preferible) o tornillos (opcional)<\/td>\n<\/tr>\n<\/tbody>\n<\/table>","protected":false},"excerpt":{"rendered":"<div class=\"et_pb_module et_pb_wc_title et_pb_wc_title_0 et_pb_bg_layout_light\">\n<div class=\"et_pb_module_inner\">\n<h1><a href=\"https:\/\/www.emprenet.com.mx\/wp-content\/uploads\/2024\/10\/WID310-ES-230809.pdf\">CONSULTA FICHA T\u00c9CNICA AQU\u00cd<\/a><\/h1>\n<p>*Precio en USD + IVA*<\/p>\n<h1>WID310<\/h1>\n<\/div>\n<\/div>\n<div class=\"et_pb_module et_pb_wc_description et_pb_wc_description_0 et_pb_bg_layout_light  et_pb_text_align_left\">\n<div class=\"et_pb_module_inner\">\n<p>Baliza BLE WID310<\/p>\n<\/div>\n<\/div>\n<div class=\"et_pb_module et_pb_text et_pb_text_0  et_pb_text_align_left et_pb_bg_layout_light et_multi_view__hover_selector et_multi_view__hovered\">\n<div class=\"et_pb_text_inner\" data-et-multi-view=\"{&quot;schema&quot;:{&quot;content&quot;:{&quot;desktop&quot;:&quot;&lt;p style=\\&quot;overflow: hidden; margin-bottom: 20px;\\&quot;&gt;&lt;strong style=\\&quot;font-size: 32px; float: left; width: 8%;\\&quot;&gt;1.&lt;\\\/strong&gt; &lt;span style=\\&quot;float: left; margin-left: 10px; width: 85%;\\&quot;&gt; Instalaci\\u00f3n F\\u00e1cil y de Bajo Costo&lt;\\\/span&gt;&lt;\\\/p&gt;\\n&lt;p style=\\&quot;overflow: hidden; margin-bottom: 20px;\\&quot;&gt;&lt;strong style=\\&quot;font-size: 32px; float: left; width: 8%;\\&quot;&gt;2.&lt;\\\/strong&gt; &lt;span style=\\&quot;float: left; margin-left: 10px; width: 85%;\\&quot;&gt; Resistente al Agua IP67&lt;\\\/span&gt;&lt;\\\/p&gt;\\n&lt;p style=\\&quot;overflow: hidden; margin-bottom: 20px;\\&quot;&gt;&lt;strong style=\\&quot;font-size: 32px; float: left; width: 8%;\\&quot;&gt;3.&lt;\\\/strong&gt; &lt;span style=\\&quot;float: left; margin-left: 10px; width: 85%;\\&quot;&gt;Tama\\u00f1o Compacto&lt;\\\/span&gt;&lt;\\\/p&gt;\\n&lt;p style=\\&quot;overflow: hidden; margin-bottom: 20px;\\&quot;&gt;&lt;strong style=\\&quot;font-size: 32px; float: left; width: 8%;\\&quot;&gt;4.&lt;\\\/strong&gt; &lt;span style=\\&quot;float: left; margin-left: 10px; width: 85%;\\&quot;&gt;Bater\\u00eda de Bot\\u00f3n Reemplazable&lt;\\\/span&gt;&lt;\\\/p&gt;\\n&lt;p style=\\&quot;overflow: hidden; margin-bottom: 20px;\\&quot;&gt;&lt;strong style=\\&quot;font-size: 32px; float: left; width: 8%;\\&quot;&gt;5.&lt;\\\/strong&gt; &lt;span style=\\&quot;float: left; margin-left: 10px; width: 85%;\\&quot;&gt;Interruptor de Encendido\\\/Apagado&lt;\\\/span&gt;&lt;\\\/p&gt;&quot;,&quot;phone&quot;:&quot;&lt;p style=\\&quot;overflow: hidden; margin-bottom: 20px;\\&quot;&gt;&lt;strong style=\\&quot;font-size: 24px; float: left; width: 8%;\\&quot;&gt;1.&lt;\\\/strong&gt; &lt;span style=\\&quot;float: left; margin-left: 10px; width: 85%;\\&quot;&gt; Instalaci\\u00f3n F\\u00e1cil y de Bajo Costo&lt;\\\/span&gt;&lt;\\\/p&gt;\\n&lt;p style=\\&quot;overflow: hidden; margin-bottom: 20px;\\&quot;&gt;&lt;strong style=\\&quot;font-size: 24px; float: left; width: 8%;\\&quot;&gt;2.&lt;\\\/strong&gt; &lt;span style=\\&quot;float: left; margin-left: 10px; width: 85%;\\&quot;&gt; Resistente al Agua IP67&lt;\\\/span&gt;&lt;\\\/p&gt;\\n&lt;p style=\\&quot;overflow: hidden; margin-bottom: 20px;\\&quot;&gt;&lt;strong style=\\&quot;font-size: 24px; float: left; width: 8%;\\&quot;&gt;3.&lt;\\\/strong&gt; &lt;span style=\\&quot;float: left; margin-left: 10px; width: 85%;\\&quot;&gt;Tama\\u00f1o Compacto&lt;\\\/span&gt;&lt;\\\/p&gt;\\n&lt;p style=\\&quot;overflow: hidden; margin-bottom: 20px;\\&quot;&gt;&lt;strong style=\\&quot;font-size: 24px; float: left; width: 8%;\\&quot;&gt;4.&lt;\\\/strong&gt; &lt;span style=\\&quot;float: left; margin-left: 10px; width: 85%;\\&quot;&gt;Bater\\u00eda de Bot\\u00f3n Reemplazable&lt;\\\/span&gt;&lt;\\\/p&gt;\\n&lt;p style=\\&quot;overflow: hidden; margin-bottom: 20px;\\&quot;&gt;&lt;strong style=\\&quot;font-size: 24px; float: left; width: 8%;\\&quot;&gt;5.&lt;\\\/strong&gt; &lt;span style=\\&quot;float: left; margin-left: 10px; width: 85%;\\&quot;&gt;Interruptor de Encendido\\\/Apagado&lt;\\\/span&gt;&lt;\\\/p&gt;&quot;}},&quot;slug&quot;:&quot;et_pb_text&quot;}\" data-et-multi-view-load-phone-hidden=\"true\">\n<p><strong>1.<\/strong> Instalaci\u00f3n F\u00e1cil y de Bajo Costo<\/p>\n<p><strong>2.<\/strong> Resistente al Agua IP67<\/p>\n<p><strong>3.<\/strong> Tama\u00f1o Compacto<\/p>\n<p><strong>4.<\/strong> Bater\u00eda de Bot\u00f3n Reemplazable<\/p>\n<p><strong>5.<\/strong> Interruptor de Encendido\/Apagado<\/p>\n<\/div>\n<p>La WID310 es una baliza BLE 5.1. Este producto, en conexi\u00f3n con los dispositivos de seguimiento de Queclink,es ideal para el rastreo y la gesti\u00f3n de activos en log\u00edstica y almacenes. Su carcasa es resistente al agua y al polvo y le garantiza un rendimiento fiable en los entornos m\u00e1s dif\u00edciles. La baliza BLE puede montarse f\u00e1cilmente utilizando cinta adhesiva de doble cara en los objetos destinados. Tambi\u00e9n es posible usar un m\u00e9todo opcional para realizar el montaje con tornillos<\/p>\n<\/div>","protected":false},"featured_media":17939,"template":"","meta":{"content-type":"","_monsterinsights_skip_tracking":false,"_monsterinsights_sitenote_active":false,"_monsterinsights_sitenote_note":"","_monsterinsights_sitenote_category":0},"product_brand":[],"product_cat":[70],"product_tag":[193,207,332,333,185,204],"class_list":{"0":"post-17938","1":"product","2":"type-product","3":"status-publish","4":"has-post-thumbnail","6":"product_cat-queclink","7":"product_tag-accesorio","8":"product_tag-accesorios","9":"product_tag-baliza","10":"product_tag-ble-5-1","11":"product_tag-ip67","12":"product_tag-queclink","13":"grve-entry-item","15":"first","16":"instock","17":"taxable","18":"shipping-taxable","19":"purchasable","20":"product-type-simple"},"_links":{"self":[{"href":"https:\/\/www.emprenet.com.mx\/en\/wp-json\/wp\/v2\/product\/17938","targetHints":{"allow":["GET"]}}],"collection":[{"href":"https:\/\/www.emprenet.com.mx\/en\/wp-json\/wp\/v2\/product"}],"about":[{"href":"https:\/\/www.emprenet.com.mx\/en\/wp-json\/wp\/v2\/types\/product"}],"wp:featuredmedia":[{"embeddable":true,"href":"https:\/\/www.emprenet.com.mx\/en\/wp-json\/wp\/v2\/media\/17939"}],"wp:attachment":[{"href":"https:\/\/www.emprenet.com.mx\/en\/wp-json\/wp\/v2\/media?parent=17938"}],"wp:term":[{"taxonomy":"product_brand","embeddable":true,"href":"https:\/\/www.emprenet.com.mx\/en\/wp-json\/wp\/v2\/product_brand?post=17938"},{"taxonomy":"product_cat","embeddable":true,"href":"https:\/\/www.emprenet.com.mx\/en\/wp-json\/wp\/v2\/product_cat?post=17938"},{"taxonomy":"product_tag","embeddable":true,"href":"https:\/\/www.emprenet.com.mx\/en\/wp-json\/wp\/v2\/product_tag?post=17938"}],"curies":[{"name":"wp","href":"https:\/\/api.w.org\/{rel}","templated":true}]}}