{"id":17945,"date":"2024-10-09T22:06:18","date_gmt":"2024-10-09T22:06:18","guid":{"rendered":"https:\/\/www.emprenet.com.mx\/?post_type=product&#038;p=17945"},"modified":"2025-05-28T16:47:53","modified_gmt":"2025-05-28T16:47:53","slug":"can100-ble","status":"publish","type":"product","link":"https:\/\/www.emprenet.com.mx\/en\/tienda\/queclink\/can100-ble\/","title":{"rendered":"CAN100 BLE"},"content":{"rendered":"<table width=\"100%\">\n<tbody>\n<tr>\n<td width=\"30%\"><strong>Dimensiones<\/strong><\/td>\n<td width=\"70%\">69\u00d748\u00d718mm<br \/>\n2.72\u2019\u2019(L)\u00d71.89\u2019\u2019(W)\u00d70.71\u2019\u2019(H)<\/td>\n<\/tr>\n<tr>\n<td width=\"30%\"><strong>Voltaje de la fuente de alimentaci\u00f3n<\/strong><\/td>\n<td width=\"70%\">8V~36V DC<\/td>\n<\/tr>\n<tr>\n<td width=\"30%\"><strong>Temperatura de funcionamiento<\/strong><\/td>\n<td width=\"70%\">-40\u2103~+80\u2103<\/td>\n<\/tr>\n<tr>\n<td width=\"30%\"><strong>Consumo de corriente<\/strong><\/td>\n<td width=\"70%\">4.93mA (operating mode @12V)<br \/>\n2.3mA (operating mode @24V)<br \/>\n&lt;1mA (sleep mode)<\/td>\n<\/tr>\n<\/tbody>\n<\/table>","protected":false},"excerpt":{"rendered":"<p>El CAN100 BLE es compatible con varios modelos de veh\u00edculos y se ajusta autom\u00e1ticamente al veh\u00edculo seleccionado.<\/p>\n<p>Decodifica la informaci\u00f3n de los Bus digitales de los veh\u00edculos (CANBus y J1708) para el monitoreo de los mismos. El CAN100 proporciona informaci\u00f3n que indica el estado actual del veh\u00edculo, incluyendo el od\u00f3metro del veh\u00edculo, el nivel de combustible, la velocidad del motor, la temperatura del motor y el estado de las puertas trav\u00e9s de BLE.<\/p>","protected":false},"featured_media":17946,"template":"","meta":{"content-type":"","_monsterinsights_skip_tracking":false,"_monsterinsights_sitenote_active":false,"_monsterinsights_sitenote_note":"","_monsterinsights_sitenote_category":0},"product_brand":[],"product_cat":[70],"product_tag":[193,207,203,335,188,204,241],"class_list":{"0":"post-17945","1":"product","2":"type-product","3":"status-publish","4":"has-post-thumbnail","6":"product_cat-queclink","7":"product_tag-accesorio","8":"product_tag-accesorios","9":"product_tag-cable","10":"product_tag-can100","11":"product_tag-canbus","12":"product_tag-queclink","13":"product_tag-rastreo-vehicular","14":"grve-entry-item","16":"first","17":"instock","18":"taxable","19":"shipping-taxable","20":"purchasable","21":"product-type-simple"},"_links":{"self":[{"href":"https:\/\/www.emprenet.com.mx\/en\/wp-json\/wp\/v2\/product\/17945","targetHints":{"allow":["GET"]}}],"collection":[{"href":"https:\/\/www.emprenet.com.mx\/en\/wp-json\/wp\/v2\/product"}],"about":[{"href":"https:\/\/www.emprenet.com.mx\/en\/wp-json\/wp\/v2\/types\/product"}],"wp:featuredmedia":[{"embeddable":true,"href":"https:\/\/www.emprenet.com.mx\/en\/wp-json\/wp\/v2\/media\/17946"}],"wp:attachment":[{"href":"https:\/\/www.emprenet.com.mx\/en\/wp-json\/wp\/v2\/media?parent=17945"}],"wp:term":[{"taxonomy":"product_brand","embeddable":true,"href":"https:\/\/www.emprenet.com.mx\/en\/wp-json\/wp\/v2\/product_brand?post=17945"},{"taxonomy":"product_cat","embeddable":true,"href":"https:\/\/www.emprenet.com.mx\/en\/wp-json\/wp\/v2\/product_cat?post=17945"},{"taxonomy":"product_tag","embeddable":true,"href":"https:\/\/www.emprenet.com.mx\/en\/wp-json\/wp\/v2\/product_tag?post=17945"}],"curies":[{"name":"wp","href":"https:\/\/api.w.org\/{rel}","templated":true}]}}