{"id":1981,"date":"2021-10-18T17:03:27","date_gmt":"2021-10-18T17:03:27","guid":{"rendered":"https:\/\/www.emprenet.com.mx\/?post_type=product&#038;p=1981"},"modified":"2025-05-28T17:24:52","modified_gmt":"2025-05-28T17:24:52","slug":"bocina","status":"publish","type":"product","link":"https:\/\/www.emprenet.com.mx\/en\/tienda\/queclink\/bocina\/","title":{"rendered":"Kit de Audio Queclink"},"content":{"rendered":"<h4><strong>Dise\u00f1ado para ser usado con los productos de la serie Queclink GV<\/strong><\/h4>","protected":false},"excerpt":{"rendered":"<p><strong>Microfono se vende por separado<\/strong><\/p>\n<p>Est\u00e1 dise\u00f1ado para ser usado con los productos de la serie Queclink GV y permite hacer llamadas de voz bidireccionales entre un producto de la serie GV y un centro de gesti\u00f3n de flotas u otro equipo de comunicaci\u00f3n de voz. Es adecuado tanto para la gesti\u00f3n de flotas como para la seguridad de los conductores. Este accesorio est\u00e1 disponible en dos versiones: 1. El kit PS100 + AM100 est\u00e1 dise\u00f1ado para su uso con el producto GV800G 1) PS100: Altavoz pasivo con un cable de 2 metros de largo, dise\u00f1ado para los dispositivos GV800G que tienen salidas de audio con un circuito controlador. 2) AM100: Micr\u00f3fono con un cable de 2 metros de largo. 2. El kit AS100 + AM100 est\u00e1 dise\u00f1ado para su uso con los productos GV300 y GV300W 1) AS100: Altavoz activo con un cable de 2 metros de largo, dise\u00f1ado para los dispositivos GV300 y GV300W que tienen salida de audio sin un circuito controlador. 2) AM100: Micr\u00f3fono con un cable de 2 metros de largo PS100, AS100 y AM100 tambi\u00e9n se pueden vender por separado.<\/p>","protected":false},"featured_media":3797,"template":"","meta":{"content-type":"","_monsterinsights_skip_tracking":false,"_monsterinsights_sitenote_active":false,"_monsterinsights_sitenote_note":"","_monsterinsights_sitenote_category":0},"product_brand":[],"product_cat":[70],"product_tag":[207,325,208,204],"class_list":{"0":"post-1981","1":"product","2":"type-product","3":"status-publish","4":"has-post-thumbnail","6":"product_cat-queclink","7":"product_tag-accesorios","8":"product_tag-audio","9":"product_tag-kit","10":"product_tag-queclink","11":"grve-entry-item","13":"first","14":"instock","15":"taxable","16":"shipping-taxable","17":"purchasable","18":"product-type-simple"},"_links":{"self":[{"href":"https:\/\/www.emprenet.com.mx\/en\/wp-json\/wp\/v2\/product\/1981","targetHints":{"allow":["GET"]}}],"collection":[{"href":"https:\/\/www.emprenet.com.mx\/en\/wp-json\/wp\/v2\/product"}],"about":[{"href":"https:\/\/www.emprenet.com.mx\/en\/wp-json\/wp\/v2\/types\/product"}],"wp:featuredmedia":[{"embeddable":true,"href":"https:\/\/www.emprenet.com.mx\/en\/wp-json\/wp\/v2\/media\/3797"}],"wp:attachment":[{"href":"https:\/\/www.emprenet.com.mx\/en\/wp-json\/wp\/v2\/media?parent=1981"}],"wp:term":[{"taxonomy":"product_brand","embeddable":true,"href":"https:\/\/www.emprenet.com.mx\/en\/wp-json\/wp\/v2\/product_brand?post=1981"},{"taxonomy":"product_cat","embeddable":true,"href":"https:\/\/www.emprenet.com.mx\/en\/wp-json\/wp\/v2\/product_cat?post=1981"},{"taxonomy":"product_tag","embeddable":true,"href":"https:\/\/www.emprenet.com.mx\/en\/wp-json\/wp\/v2\/product_tag?post=1981"}],"curies":[{"name":"wp","href":"https:\/\/api.w.org\/{rel}","templated":true}]}}