{"id":1982,"date":"2021-10-18T17:10:58","date_gmt":"2021-10-18T17:10:58","guid":{"rendered":"https:\/\/www.emprenet.com.mx\/?post_type=product&#038;p=1982"},"modified":"2025-11-04T21:43:43","modified_gmt":"2025-11-04T21:43:43","slug":"gv75w","status":"publish","type":"product","link":"https:\/\/www.emprenet.com.mx\/en\/tienda\/queclink\/gv75w\/","title":{"rendered":"GV75W"},"content":{"rendered":"<p>Especificaciones GSM<\/p>\n<table width=\"100%\">\n<tbody>\n<tr>\n<td width=\"30%\"><strong>Frecuencia<\/strong><\/td>\n<td width=\"70%\">Cuatri-banda: 850 \/ 900 \/ 1800 \/ 1900 MHz<br \/>\nCompatible con GSM fase 2\/2+<br \/>\n-Clase 4 (2W @ 850\/900 MHz)<br \/>\n-Clase 1 (1W @ 1800\/1900 MHz)<\/td>\n<\/tr>\n<tr>\n<td width=\"30%\"><strong>GPRS<\/strong><\/td>\n<td width=\"70%\">GPRS multi ranura Clase 12 (10 por defecto)<br \/>\nGPRS estaci\u00f3n m\u00f3vil clase B<\/td>\n<\/tr>\n<\/tbody>\n<\/table>\n<p>Especificaciones de UMTS\/ HSPA<\/p>\n<table width=\"100%\">\n<tbody>\n<tr>\n<td width=\"30%\"><strong>Frecuencia<\/strong><\/td>\n<td width=\"70%\">UMTS 850 \/ 1900 \/ 2100 MHz<br \/>\nUMTS Clase 3 (24+1\/-3 dBm)<\/td>\n<\/tr>\n<tr>\n<td width=\"30%\"><strong>Transmisi\u00f3n de datos<\/strong><\/td>\n<td width=\"70%\">HSDPA R5: M\u00e1ximo 3.6Mbps (DL)<br \/>\nWCDMA R99: Max 384Kbps (DL)\/Max 384Kbps (UL)<\/td>\n<\/tr>\n<\/tbody>\n<\/table>\n<p>Especificaciones GNSS<\/p>\n<table width=\"100%\">\n<tbody>\n<tr>\n<td width=\"30%\"><strong>Tipo de receptor GNSS<\/strong><\/td>\n<td width=\"70%\">Receptor GNSS u-blox All-in-One<\/td>\n<\/tr>\n<tr>\n<td width=\"30%\"><strong>Sensibilidad<\/strong><\/td>\n<td width=\"70%\">Aut\u00f3nomo: -147 dBm<br \/>\nInicio en caliente: -156 dBm<br \/>\nReadquisici\u00f3n: -160 dBm<br \/>\nRastreo: -162 dBm<\/td>\n<\/tr>\n<tr>\n<td width=\"30%\"><strong>Precisi\u00f3n de posici\u00f3n (CEP)<\/strong><\/td>\n<td width=\"70%\">Aut\u00f3nomo: &lt; 2.5m<\/td>\n<\/tr>\n<tr>\n<td width=\"30%\"><strong>TTFF (Cielo despejado)<\/strong><\/td>\n<td width=\"70%\">Inicio en fr\u00edo: 27s promedio<br \/>\nInicio reciente: 27s promedio<br \/>\nInicio en caliente: 1s promedio<\/td>\n<\/tr>\n<\/tbody>\n<\/table>\n<p>Especificaciones generales<\/p>\n<table width=\"100%\">\n<tbody>\n<tr>\n<td width=\"30%\"><strong>Dimensiones<\/strong><\/td>\n<td width=\"70%\">102 \u00d7 46 \u00d7 20.5mm<br \/>\n4.02\u201d (L) \u00d7 1.81\u201d (W) \u00d7 0.81\u201d (H)<\/td>\n<\/tr>\n<tr>\n<td width=\"30%\"><strong>Peso<\/strong><\/td>\n<td width=\"70%\">122g \u00a0(4.30oz)<\/td>\n<\/tr>\n<tr>\n<td width=\"30%\"><strong>Bater\u00eda<\/strong><\/td>\n<td width=\"70%\">Pol\u00edmero de Litio 1100 mAh<\/td>\n<\/tr>\n<tr>\n<td width=\"30%\"><strong>Voltaje de operaci\u00f3n<\/strong><\/td>\n<td width=\"70%\">8V a 32V CD<\/td>\n<\/tr>\n<tr>\n<td width=\"30%\"><strong>Temperatura de operaci\u00f3n<\/strong><\/td>\n<td width=\"70%\">-30\u00b0C ~ +70\u00b0C<\/td>\n<\/tr>\n<tr>\n<td width=\"30%\"><strong>Resistente al agua<\/strong><\/td>\n<td width=\"70%\">De acuerdo al est\u00e1ndar IP67<\/td>\n<\/tr>\n<tr>\n<td width=\"30%\"><strong>Tiempo de duraci\u00f3n<\/strong><\/td>\n<td width=\"70%\">Sin reportar: 140 horas<br \/>\nReportes cada 5 minutos: 70 horas<br \/>\nReportes cada 10 minutos: 80 horas<\/td>\n<\/tr>\n<tr>\n<td width=\"30%\"><strong>Cero consumo de corriente<\/strong><\/td>\n<td width=\"70%\">Disponible en GV75W<\/td>\n<\/tr>\n<\/tbody>\n<\/table>\n<p>Interfaces<\/p>\n<table width=\"100%\">\n<tbody>\n<tr>\n<td width=\"30%\"><strong>Entradas digitales<\/strong><\/td>\n<td width=\"70%\">1 entrada digital positiva para la detecci\u00f3n de ignici\u00f3n<br \/>\n1 entrada de activaci\u00f3n negativa para el uso normal<br \/>\n(Compatible con TPM)<\/td>\n<\/tr>\n<tr>\n<td width=\"30%\"><strong>Salidas digitales<\/strong><\/td>\n<td width=\"70%\">1 salida digital, colector\/drenaje abierto,m\u00e1xima corriente de salida 150 mA<\/td>\n<\/tr>\n<tr>\n<td width=\"30%\"><strong>Salidas digitales (Latched)<\/strong><\/td>\n<td width=\"70%\">1 salida digital con circuito de cierre interno,<br \/>\ncolector\/drenaje abierto, m\u00e1xima corriente de salida 150 mA<\/td>\n<\/tr>\n<tr>\n<td width=\"30%\"><strong>Puerto serial<\/strong><\/td>\n<td width=\"70%\">1 puerto serie RS232 con conector de 11 pines paradispositivos externos (soporte del protocolo GARMIN)<\/td>\n<\/tr>\n<tr>\n<td width=\"30%\"><strong>Antena GSM<\/strong><\/td>\n<td width=\"70%\">Interna<\/td>\n<\/tr>\n<tr>\n<td width=\"30%\"><strong>Antena GNSS<\/strong><\/td>\n<td width=\"70%\">Interna<\/td>\n<\/tr>\n<tr>\n<td width=\"30%\"><strong>Indicador LED<\/strong><\/td>\n<td width=\"70%\">CEL, GNSS, PWR<\/td>\n<\/tr>\n<tr>\n<td width=\"30%\"><strong>Puerto USB<\/strong><\/td>\n<td width=\"70%\">1 puerto USB en un cable de 11 pines, utilizado para actualizaciones<\/td>\n<\/tr>\n<\/tbody>\n<\/table>\n<p>Protocolo de comunicaciones<\/p>\n<table width=\"100%\">\n<tbody>\n<tr>\n<td width=\"30%\"><strong>Protocolo de transmisi\u00f3n<\/strong><\/td>\n<td width=\"70%\">TCP, UDP, SMS<\/td>\n<\/tr>\n<tr>\n<td width=\"30%\"><strong>Reporte programable<\/strong><\/td>\n<td width=\"70%\">Reporta el estado del dispositivo y la posici\u00f3n basado en los par\u00e1metros de distancia,intervalos de tiempo preestablecidos,kilometraje o una combinaci\u00f3n de<br \/>\nestos.<\/td>\n<\/tr>\n<tr>\n<td width=\"30%\"><strong>Geo cercas<\/strong><\/td>\n<td width=\"70%\">Alerta basada en geo cercas y en el aparcamiento; Se pueden definir hasta 20 cercas geogr\u00e1ficas<\/td>\n<\/tr>\n<tr>\n<td width=\"30%\"><strong>Alerta de bater\u00eda baja<\/strong><\/td>\n<td width=\"70%\">Alerta cuando la bater\u00eda est\u00e1 baja<\/td>\n<\/tr>\n<tr>\n<td width=\"30%\"><strong>Reporte de encendido<\/strong><\/td>\n<td width=\"70%\">Reporta cuando el dispositivo se enciende<\/td>\n<\/tr>\n<tr>\n<td width=\"30%\"><strong>Alerta de arrastre<\/strong><\/td>\n<td width=\"70%\">Alerta de arrastre activa cuando el veh\u00edculo est\u00e1 apagado<\/td>\n<\/tr>\n<tr>\n<td width=\"30%\"><strong>Monitoreo de h\u00e1bitos de manejo<\/strong><\/td>\n<td width=\"70%\">Detecci\u00f3n de conductas agresivas, incluyendo frenado brusco, aceleraci\u00f3n brusca, etc.<\/td>\n<\/tr>\n<tr>\n<td width=\"30%\"><strong>Detecci\u00f3n de choque<\/strong><\/td>\n<td width=\"70%\">Recopilaci\u00f3n de datos de accidentes para la reconstrucci\u00f3n y an\u00e1lisis de los mismos<\/td>\n<\/tr>\n<tr>\n<td width=\"30%\"><strong>Alerta especial<\/strong><\/td>\n<td width=\"70%\">Alerta especial basada en la activaci\u00f3n de la entrada digital<\/td>\n<\/tr>\n<tr>\n<td width=\"30%\"><strong>Activaci\u00f3n remota<\/strong><\/td>\n<td width=\"70%\">Capacidad de controlar las salidas digitales de manera<br \/>\nremota<\/td>\n<\/tr>\n<\/tbody>\n<\/table>\n<p>Ver: <a href=\"https:\/\/www.emprenet.com.mx\/wp-content\/uploads\/2021\/10\/GV75W.pdf\">Ficha t\u00e9cnica GV75W<\/a><\/p>","protected":false},"excerpt":{"rendered":"<p>Ver: <a href=\"https:\/\/www.emprenet.com.mx\/wp-content\/uploads\/2021\/10\/GV75W.pdf\">Ficha t\u00e9cnica GV75W<\/a><\/p>\n<p>El GV75W est\u00e1 dise\u00f1ado espec\u00edficamente para su uso en motocicletas y aporta tranquilidad a los propietarios de motocicletas de todo el mundo. Cuenta con el revolucionario consumo de energ\u00eda-cero de Queclink, que permite a los usuarios dejar sus motocicletas sin uso durante largos per\u00edodos de tiempo sin tener que preocuparse por el agotamiento de la bater\u00eda. Nuestros clientes han encontrado muchas aplicaciones en veh\u00edculos y flotas para este vers\u00e1til producto. La carcasa impermeable y a prueba de polvo lo hace adecuado no s\u00f3lo para motocicletas, sino tambi\u00e9n para cuatrimotos ( ATV ) , embarcaciones y maquinaria pesada.<\/p>","protected":false},"featured_media":17380,"template":"","meta":{"content-type":"","_monsterinsights_skip_tracking":false,"_monsterinsights_sitenote_active":false,"_monsterinsights_sitenote_note":"","_monsterinsights_sitenote_category":0},"product_brand":[],"product_cat":[70],"product_tag":[28,320,204],"class_list":{"0":"post-1982","1":"product","2":"type-product","3":"status-publish","4":"has-post-thumbnail","6":"product_cat-queclink","7":"product_tag-gps","8":"product_tag-gv75w","9":"product_tag-queclink","10":"grve-entry-item","12":"first","13":"instock","14":"taxable","15":"shipping-taxable","16":"purchasable","17":"product-type-simple"},"_links":{"self":[{"href":"https:\/\/www.emprenet.com.mx\/en\/wp-json\/wp\/v2\/product\/1982","targetHints":{"allow":["GET"]}}],"collection":[{"href":"https:\/\/www.emprenet.com.mx\/en\/wp-json\/wp\/v2\/product"}],"about":[{"href":"https:\/\/www.emprenet.com.mx\/en\/wp-json\/wp\/v2\/types\/product"}],"wp:featuredmedia":[{"embeddable":true,"href":"https:\/\/www.emprenet.com.mx\/en\/wp-json\/wp\/v2\/media\/17380"}],"wp:attachment":[{"href":"https:\/\/www.emprenet.com.mx\/en\/wp-json\/wp\/v2\/media?parent=1982"}],"wp:term":[{"taxonomy":"product_brand","embeddable":true,"href":"https:\/\/www.emprenet.com.mx\/en\/wp-json\/wp\/v2\/product_brand?post=1982"},{"taxonomy":"product_cat","embeddable":true,"href":"https:\/\/www.emprenet.com.mx\/en\/wp-json\/wp\/v2\/product_cat?post=1982"},{"taxonomy":"product_tag","embeddable":true,"href":"https:\/\/www.emprenet.com.mx\/en\/wp-json\/wp\/v2\/product_tag?post=1982"}],"curies":[{"name":"wp","href":"https:\/\/api.w.org\/{rel}","templated":true}]}}