{"id":1984,"date":"2021-10-18T17:29:19","date_gmt":"2021-10-18T17:29:19","guid":{"rendered":"https:\/\/www.emprenet.com.mx\/?post_type=product&#038;p=1984"},"modified":"2025-11-04T21:42:42","modified_gmt":"2025-11-04T21:42:42","slug":"gv55w","status":"publish","type":"product","link":"https:\/\/www.emprenet.com.mx\/en\/tienda\/queclink\/gv55w\/","title":{"rendered":"GV55W"},"content":{"rendered":"<p>Especificaciones GSM<\/p>\n<table width=\"100%\">\n<tbody>\n<tr>\n<td width=\"30%\"><strong>Frecuencia<\/strong><\/td>\n<td width=\"70%\">GSM 850 \/ 900 \/ 1800 \/ 1900 MHz<br \/>\nCompatible con GSM fase 2\/2+<br \/>\n-Clase 4 (2W @ 850\/900 MHz)<br \/>\n-Clase 1 (1W @ 1800\/1900 MHz)<\/td>\n<\/tr>\n<tr>\n<td width=\"30%\"><strong>GPRS<\/strong><\/td>\n<td width=\"70%\">GPRS multi ranura Clase 12 (10 por defecto)<br \/>\nGPRS estaci\u00f3n m\u00f3vil clase B<\/td>\n<\/tr>\n<\/tbody>\n<\/table>\n<p>Especificaciones UMTS \/ HSPA<\/p>\n<table width=\"100%\">\n<tbody>\n<tr>\n<td width=\"30%\"><strong>Frecuencia<\/strong><\/td>\n<td width=\"70%\">UMTS: 850 \/ 1900 \/ 2100 MHz<br \/>\nUMTS: Clase 3 (0.25W@ 850 \/ 1900 \/ 2100 MHz)<\/td>\n<\/tr>\n<tr>\n<td width=\"30%\"><strong>Transmisi\u00f3n de datos<\/strong><\/td>\n<td width=\"70%\">HSDPA R5: M\u00e1x 3.6 Mbps (DL)<br \/>\nWCDMA R99: M\u00e1x 384 kbps (DL) \/ M\u00e1x 384 kbps (UL)<\/td>\n<\/tr>\n<\/tbody>\n<\/table>\n<p>Especificaciones GNSS<\/p>\n<table width=\"100%\">\n<tbody>\n<tr>\n<td width=\"30%\"><strong>Tipo de receptor GNSS<\/strong><\/td>\n<td width=\"70%\">Receptor GPS u-blox All-in-One<\/td>\n<\/tr>\n<tr>\n<td width=\"30%\"><strong>Sensibilidad<\/strong><\/td>\n<td width=\"70%\">Aut\u00f3nomo: -147 dBm<br \/>\nInicio en caliente: -156 dBm<br \/>\nReadquisici\u00f3n: -160 dBm<br \/>\nRastreo: -162 dBm<\/td>\n<\/tr>\n<tr>\n<td width=\"30%\"><strong>Precisi\u00f3n de posici\u00f3n (CEP)<\/strong><\/td>\n<td width=\"70%\">Aut\u00f3nomo: &lt; 2.5m<\/td>\n<\/tr>\n<tr>\n<td width=\"30%\"><strong>TTFF (Cielo despejado)<\/strong><\/td>\n<td width=\"70%\">Inicio en fr\u00edo: 27s promedio<br \/>\nInicio reciente: 27s promedio<br \/>\nInicio en caliente: 1s promedio<\/td>\n<\/tr>\n<\/tbody>\n<\/table>\n<p>Especificaciones generales<\/p>\n<table width=\"100%\">\n<tbody>\n<tr>\n<td width=\"30%\"><strong>Dimensiones<\/strong><\/td>\n<td width=\"70%\">63 x 50 x 21.8mm<br \/>\n2.48\u201d(L) x 1.97\u201d(W) x 0.86\u201d(H)<\/td>\n<\/tr>\n<tr>\n<td width=\"30%\"><strong>Peso<\/strong><\/td>\n<td width=\"70%\">50g (1.76oz)<\/td>\n<\/tr>\n<tr>\n<td width=\"30%\"><strong>Bater\u00eda de respaldo<\/strong><\/td>\n<td width=\"70%\">Pol\u00edmero de Litio 250 mAh<\/td>\n<\/tr>\n<tr>\n<td width=\"30%\"><strong>Tiempo de duraci\u00f3n<\/strong><\/td>\n<td width=\"70%\">Sin reportar: 34 horas<br \/>\nReportes cada 5 minutos: 19 horas<br \/>\nInformes cada 10 minutos: 23 horas<\/td>\n<\/tr>\n<tr>\n<td width=\"30%\"><strong>Voltaje de operaci\u00f3n<\/strong><\/td>\n<td width=\"70%\">8V a 32V CD<\/td>\n<\/tr>\n<tr>\n<td width=\"30%\"><strong>Temperatura de operaci\u00f3n<\/strong><\/td>\n<td width=\"70%\">-30\u00b0C ~ +70\u00b0C<br \/>\n-40\u2103 ~ +80\u2103 para almacenamiento<\/td>\n<\/tr>\n<\/tbody>\n<\/table>\n<p>Interfaces<\/p>\n<table width=\"100%\">\n<tbody>\n<tr>\n<td width=\"30%\"><strong>Entradas digitales<\/strong><\/td>\n<td width=\"70%\">1 entrada digital positiva para la detecci\u00f3n de ignici\u00f3n<br \/>\n1 entrada de activaci\u00f3n negativa para el uso normal<\/td>\n<\/tr>\n<tr>\n<td width=\"30%\"><strong>Salidas digitales<\/strong><\/td>\n<td width=\"70%\">1 salida digital, colector\/drenaje abierto, m\u00e1xima corriente de salida 150 mA<\/td>\n<\/tr>\n<tr>\n<td width=\"30%\"><strong>Salidas digitales (Latched)<\/strong><\/td>\n<td width=\"70%\">1 salida digital con circuito de cierre interno, colector\/drenaje abierto, m\u00e1xima corriente de salida 150 mA<\/td>\n<\/tr>\n<tr>\n<td width=\"30%\"><strong>Antena GSM<\/strong><\/td>\n<td width=\"70%\">Interna<\/td>\n<\/tr>\n<tr>\n<td width=\"30%\"><strong>Antena GPS<\/strong><\/td>\n<td width=\"70%\">Interna<\/td>\n<\/tr>\n<tr>\n<td width=\"30%\"><strong>Indicador LED<\/strong><\/td>\n<td width=\"70%\">GSM, GPS, PWR<\/td>\n<\/tr>\n<tr>\n<td width=\"30%\"><strong>Interfaz Mini USB<\/strong><\/td>\n<td width=\"70%\">Para actualizaci\u00f3n y configuraci\u00f3n<\/td>\n<\/tr>\n<\/tbody>\n<\/table>\n<p>Protocolo de comunicaciones<\/p>\n<table width=\"100%\">\n<tbody>\n<tr>\n<td width=\"30%\"><strong>Protocolo de transmisi\u00f3n<\/strong><\/td>\n<td width=\"70%\">TCP, UDP, SMS<\/td>\n<\/tr>\n<tr>\n<td width=\"30%\"><strong>Monitoreo alimentaci\u00f3n externa<\/strong><\/td>\n<td width=\"70%\">Reporta el estado de la alimentaci\u00f3n externa y el de la bater\u00eda de respaldo del dispositivo<\/td>\n<\/tr>\n<tr>\n<td width=\"30%\"><strong>Reporte programable<\/strong><\/td>\n<td width=\"70%\">Reporta el estado del dispositivo y la posici\u00f3n basado en los par\u00e1metros de distancia, intervalos de tiempo preestablecidos, kilometraje o una combinaci\u00f3n de estos.<\/td>\n<\/tr>\n<tr>\n<td width=\"30%\"><strong>Geo cercas<\/strong><\/td>\n<td width=\"70%\">Alerta basada en geo cercas y en el aparcamiento; Se pueden definir hasta 20 cercas geogr\u00e1ficas<\/td>\n<\/tr>\n<tr>\n<td width=\"30%\"><strong>Alerta de arrastre<\/strong><\/td>\n<td width=\"70%\">Alerta de arrastre activa cuando el veh\u00edculo est\u00e1 apagado<\/td>\n<\/tr>\n<tr>\n<td width=\"30%\"><strong>Alerta de velocidad<\/strong><\/td>\n<td width=\"70%\">Alerta de velocidad inusual basada en el monitoreo de velocidad con configuraci\u00f3n flexible<\/td>\n<\/tr>\n<tr>\n<td width=\"30%\"><strong>Monitoreo de h\u00e1bitos de manejo<\/strong><\/td>\n<td width=\"70%\">Detecci\u00f3n de conductas agresivas, incluyendo frenado brusco, aceleraci\u00f3n brusca, etc.<\/td>\n<\/tr>\n<tr>\n<td width=\"30%\"><strong>Detecci\u00f3n de choque<\/strong><\/td>\n<td width=\"70%\">Recopilaci\u00f3n de datos de accidentes para la reconstrucci\u00f3n y an\u00e1lisis de los mismos<\/td>\n<\/tr>\n<tr>\n<td width=\"30%\"><strong>Alerta especial<\/strong><\/td>\n<td width=\"70%\">Alerta especial basada en la activaci\u00f3n de la entrada digital<\/td>\n<\/tr>\n<tr>\n<td width=\"30%\"><strong>Activaci\u00f3n remota<\/strong><\/td>\n<td width=\"70%\">Capacidad de controlar las salidas digitales de manera remota<\/td>\n<\/tr>\n<tr>\n<td width=\"30%\"><strong>Detecci\u00f3n de jamming<\/strong><\/td>\n<td width=\"70%\">Alerta basada en la detecci\u00f3n de interferencias<\/td>\n<\/tr>\n<\/tbody>\n<\/table>\n<p>Ver: <a href=\"https:\/\/www.emprenet.com.mx\/wp-content\/uploads\/2021\/10\/GV55w.pdf\">Ficha T\u00e9cnica GV55w<\/a><\/p>","protected":false},"excerpt":{"rendered":"<h3>Ver: <a href=\"https:\/\/www.emprenet.com.mx\/wp-content\/uploads\/2021\/10\/GV55w.pdf\">Ficha T\u00e9cnica GV55w<\/a><\/h3>\n<p>El GV55W es la versi\u00f3n WCDMA\/3G del GV55. Es un producto telem\u00e1tico de tama\u00f1o peque\u00f1o y f\u00e1cil de implementar que permite una instalaci\u00f3n encubierta. Es ideal para usarse en aplicaciones de rastreo de veh\u00edculos ligeros as\u00ed en el c\u00f3mo alquiler y arrendamiento de autom\u00f3viles, seguro basado en el uso UBI, y compra aqu\u00ed paga aqu\u00ed BHPH. La serie GV55 est\u00e1 probada y aprobada en el mercado con un n\u00famero significativo de instalaciones en todo el mundo.<\/p>","protected":false},"featured_media":1985,"template":"","meta":{"content-type":"","_monsterinsights_skip_tracking":false,"_monsterinsights_sitenote_active":false,"_monsterinsights_sitenote_note":"","_monsterinsights_sitenote_category":0},"product_brand":[],"product_cat":[70],"product_tag":[28,324,204],"class_list":{"0":"post-1984","1":"product","2":"type-product","3":"status-publish","4":"has-post-thumbnail","6":"product_cat-queclink","7":"product_tag-gps","8":"product_tag-gv55w","9":"product_tag-queclink","10":"grve-entry-item","12":"first","13":"instock","14":"taxable","15":"shipping-taxable","16":"purchasable","17":"product-type-simple"},"_links":{"self":[{"href":"https:\/\/www.emprenet.com.mx\/en\/wp-json\/wp\/v2\/product\/1984","targetHints":{"allow":["GET"]}}],"collection":[{"href":"https:\/\/www.emprenet.com.mx\/en\/wp-json\/wp\/v2\/product"}],"about":[{"href":"https:\/\/www.emprenet.com.mx\/en\/wp-json\/wp\/v2\/types\/product"}],"wp:featuredmedia":[{"embeddable":true,"href":"https:\/\/www.emprenet.com.mx\/en\/wp-json\/wp\/v2\/media\/1985"}],"wp:attachment":[{"href":"https:\/\/www.emprenet.com.mx\/en\/wp-json\/wp\/v2\/media?parent=1984"}],"wp:term":[{"taxonomy":"product_brand","embeddable":true,"href":"https:\/\/www.emprenet.com.mx\/en\/wp-json\/wp\/v2\/product_brand?post=1984"},{"taxonomy":"product_cat","embeddable":true,"href":"https:\/\/www.emprenet.com.mx\/en\/wp-json\/wp\/v2\/product_cat?post=1984"},{"taxonomy":"product_tag","embeddable":true,"href":"https:\/\/www.emprenet.com.mx\/en\/wp-json\/wp\/v2\/product_tag?post=1984"}],"curies":[{"name":"wp","href":"https:\/\/api.w.org\/{rel}","templated":true}]}}