{"id":1986,"date":"2021-10-18T17:34:32","date_gmt":"2021-10-18T17:34:32","guid":{"rendered":"https:\/\/www.emprenet.com.mx\/?post_type=product&#038;p=1986"},"modified":"2025-06-04T16:41:40","modified_gmt":"2025-06-04T16:41:40","slug":"gl300w","status":"publish","type":"product","link":"https:\/\/www.emprenet.com.mx\/en\/tienda\/queclink\/gl300w\/","title":{"rendered":"GL300W"},"content":{"rendered":"<p>Especificaciones de RF<\/p>\n<table width=\"100%\">\n<tbody>\n<tr>\n<td width=\"30%\"><strong>Banda operativa<\/strong><\/td>\n<td width=\"70%\">UMTS 850 \/ 1900 \/ 2100 MHz<br \/>\nGSM\/GPRS: 850 \/ 900 \/ 1800 \/ 1900 MHz<\/td>\n<\/tr>\n<tr>\n<td width=\"30%\"><strong>Transmisi\u00f3n de datos<\/strong><\/td>\n<td width=\"70%\">GPRS multi ranura clase 12<\/td>\n<\/tr>\n<tr>\n<td width=\"30%\"><strong>Transmisi\u00f3n de la energ\u00eda<\/strong><\/td>\n<td width=\"70%\">Clase 4 (33\u00b12 dBm) para GSM 850 y EGSM 900<br \/>\nClase 1 (30\u00b12 dBm) para DCS 1800 y PCS 1900<br \/>\nClase 3 (24+1\/-3 dBm) para UMTS 850 \/ 1900 \/ 2100<\/td>\n<\/tr>\n<\/tbody>\n<\/table>\n<p>Especificaciones GNSS<\/p>\n<table width=\"100%\">\n<tbody>\n<tr>\n<td width=\"30%\"><strong>Tipo de receptor GNSS<\/strong><\/td>\n<td width=\"70%\">Receptor GPS u-blox All-in-One<\/td>\n<\/tr>\n<tr>\n<td width=\"30%\"><strong>Sensibilidad<\/strong><\/td>\n<td width=\"70%\">Aut\u00f3nomo: -147 dBm<br \/>\nInicio en caliente: -156 dBm<br \/>\nReadquisici\u00f3n: -160 dBm<br \/>\nRastreo: -162 dBm<\/td>\n<\/tr>\n<tr>\n<td width=\"30%\"><strong>Precisi\u00f3n de posici\u00f3n (CEP)<\/strong><\/td>\n<td width=\"70%\">Aut\u00f3nomo: &lt; 2.5m<\/td>\n<\/tr>\n<tr>\n<td width=\"30%\"><strong>TTFF (Cielo despejado)<\/strong><\/td>\n<td width=\"70%\">Inicio en fr\u00edo: 27s promedio<br \/>\nInicio reciente: 27s promedio<br \/>\nInicio en caliente: 1s promedio<\/td>\n<\/tr>\n<\/tbody>\n<\/table>\n<p>Especificaciones generales<\/p>\n<table width=\"100%\">\n<tbody>\n<tr>\n<td width=\"30%\"><strong>Dimensiones<\/strong><\/td>\n<td width=\"70%\">77.9 \u00d7 39.9 \u00d7 26.7mm<br \/>\n3.07\u201d(L) \u00d7 1.57\u201d(W) \u00d7 1.05\u201d(H)<\/td>\n<\/tr>\n<tr>\n<td width=\"30%\"><strong>Peso<\/strong><\/td>\n<td width=\"70%\">93g (3.28oz)<\/td>\n<\/tr>\n<tr>\n<td width=\"30%\"><strong>Bater\u00eda<\/strong><\/td>\n<td width=\"70%\">Pol\u00edmero de Litio 2600 mAh<\/td>\n<\/tr>\n<tr>\n<td width=\"30%\"><strong>Tiempo de duraci\u00f3n<\/strong><\/td>\n<td width=\"70%\">Sin reportar: 670 horas<br \/>\nReportes cada 5 minutos: 320 horas<br \/>\nReporte cada 10 minutos: 410 horas<\/td>\n<\/tr>\n<tr>\n<td width=\"30%\"><strong>Resistencia al agua<\/strong><\/td>\n<td width=\"70%\">De acuerdo al est\u00e1ndar IPX5<\/td>\n<\/tr>\n<tr>\n<td width=\"30%\"><strong>Voltaje de carga<\/strong><\/td>\n<td width=\"70%\">5V DC<\/td>\n<\/tr>\n<tr>\n<td width=\"30%\"><strong>Voltaje de bater\u00eda externa<\/strong><\/td>\n<td width=\"70%\">3.5V a 4.2V DC<\/td>\n<\/tr>\n<tr>\n<td width=\"30%\"><strong>Temperatura de operaci\u00f3n<\/strong><\/td>\n<td width=\"70%\">-20\u00b0C ~ +55\u00b0C<\/td>\n<\/tr>\n<\/tbody>\n<\/table>\n<p>Interfaces<\/p>\n<table width=\"100%\">\n<tbody>\n<tr>\n<td width=\"30%\"><strong>Entradas digitales<\/strong><\/td>\n<td width=\"70%\">1 entrada de activaci\u00f3n positiva para la detecci\u00f3n de ignici\u00f3n y 1 entrada de activaci\u00f3n negativa para uso com\u00fan<\/td>\n<\/tr>\n<tr>\n<td width=\"30%\"><strong>Bot\u00f3n Encendido\/Apagado<\/strong><\/td>\n<td width=\"70%\">Enciende o apaga el dispositivo. Puede ser deshabilitado por medio del protocolo de comunicaciones.<\/td>\n<\/tr>\n<tr>\n<td width=\"30%\"><strong>Bot\u00f3n de funci\u00f3n con confirmaci\u00f3n por vibraci\u00f3n<\/strong><\/td>\n<td width=\"70%\">Para alarma SOS o una configuraci\u00f3n r\u00e1pida de Geo cercas<\/td>\n<\/tr>\n<tr>\n<td width=\"30%\"><strong>Antena GSM<\/strong><\/td>\n<td width=\"70%\">Interna<\/td>\n<\/tr>\n<tr>\n<td width=\"30%\"><strong>Antena GPS<\/strong><\/td>\n<td width=\"70%\">Interna<\/td>\n<\/tr>\n<tr>\n<td width=\"30%\"><strong>Indicador LED<\/strong><\/td>\n<td width=\"70%\">CEL, GPS, PWR<\/td>\n<\/tr>\n<tr>\n<td width=\"30%\"><strong>Interfaz Mini USB<\/strong><\/td>\n<td width=\"70%\">Para actualizaci\u00f3n y configuraci\u00f3n<\/td>\n<\/tr>\n<\/tbody>\n<\/table>\n<p>Protocolo de comunicaciones<\/p>\n<table width=\"100%\">\n<tbody>\n<tr>\n<td width=\"30%\"><strong>Protocolo de transmisi\u00f3n<\/strong><\/td>\n<td width=\"70%\">TCP, UDP, SMS<\/td>\n<\/tr>\n<tr>\n<td width=\"30%\"><strong>Reporte programable<\/strong><\/td>\n<td width=\"70%\">Reporta el estado del dispositivo y la posici\u00f3n basado en los par\u00e1metros de distancia, intervalos de tiempo preestablecidos, kilometraje o una combinaci\u00f3n de estos.<\/td>\n<\/tr>\n<tr>\n<td width=\"30%\"><strong>Geo cercas<\/strong><\/td>\n<td width=\"70%\">Se pueden definir 20 cercas geogr\u00e1ficas<\/td>\n<\/tr>\n<tr>\n<td width=\"30%\"><strong>Reporte de Encendido\/Apagado<\/strong><\/td>\n<td width=\"70%\">Reporta cuando el dispositivo se enciende o se apaga<\/td>\n<\/tr>\n<tr>\n<td width=\"30%\"><strong>Alerta de bater\u00eda baja<\/strong><\/td>\n<td width=\"70%\">Alerta cuando la bater\u00eda est\u00e1 baja<\/td>\n<\/tr>\n<tr>\n<td width=\"30%\"><strong>Alerta de SOS\/Emergencia<\/strong><\/td>\n<td width=\"70%\">Alerta SOS cuando el bot\u00f3n es presionado<\/td>\n<\/tr>\n<tr>\n<td width=\"30%\"><strong>Alerta especial<\/strong><\/td>\n<td width=\"70%\">Alerta especial basada en la activaci\u00f3n de la entrada digital<\/td>\n<\/tr>\n<tr>\n<td width=\"30%\"><strong>Detecci\u00f3n de movimiento<\/strong><\/td>\n<td width=\"70%\">Alerta de movimiento basada en aceler\u00f3metro de 3 ejes<\/td>\n<\/tr>\n<\/tbody>\n<\/table>\n<p>&nbsp;<\/p>","protected":false},"excerpt":{"rendered":"<h3>Ver: <a href=\"https:\/\/www.emprenet.com.mx\/wp-content\/uploads\/2021\/10\/GL300W.pdf\">Ficha T\u00e9cnica GL300W<\/a><\/h3>\n<p>El GL300W es la versi\u00f3n WCDMA\/3G de nuestro muy exitoso GL300, que es la serie m\u00e1s popular de nuestra gama de rastreadores de activos con una gran aceptaci\u00f3n en todo el mundo. Se utiliza para una amplia gama de aplicaciones que requieren conocimientos de localizaci\u00f3n en tiempo real, como son las investigaciones privadas, entrega de paquetes, seguimiento temporal de veh\u00edculos, transporte de larga distancia, competiciones de resistencia y rastreo de animales entre muchas otras . Como uno de los l\u00edderes del mercado en rastreadores de activos fiables alimentados por bater\u00eda, nuestros productos son blancos de imitaci\u00f3n, pero nos complace decir que hasta el d\u00eda de hoy, nuestro GL300 sigue liderando en el campo de duraci\u00f3n de la bater\u00eda otorgando m\u00e1s horas de uso y mejor desempe\u00f1o que cualquier otro producto en el mercado.<\/p>","protected":false},"featured_media":17379,"template":"","meta":{"content-type":"","_monsterinsights_skip_tracking":false,"_monsterinsights_sitenote_active":false,"_monsterinsights_sitenote_note":"","_monsterinsights_sitenote_category":0},"product_brand":[],"product_cat":[70],"product_tag":[254,322,28,204],"class_list":{"0":"post-1986","1":"product","2":"type-product","3":"status-publish","4":"has-post-thumbnail","6":"product_cat-queclink","7":"product_tag-compacto","8":"product_tag-gl300w","9":"product_tag-gps","10":"product_tag-queclink","11":"grve-entry-item","13":"first","14":"instock","15":"taxable","16":"shipping-taxable","17":"purchasable","18":"product-type-simple"},"_links":{"self":[{"href":"https:\/\/www.emprenet.com.mx\/en\/wp-json\/wp\/v2\/product\/1986","targetHints":{"allow":["GET"]}}],"collection":[{"href":"https:\/\/www.emprenet.com.mx\/en\/wp-json\/wp\/v2\/product"}],"about":[{"href":"https:\/\/www.emprenet.com.mx\/en\/wp-json\/wp\/v2\/types\/product"}],"wp:featuredmedia":[{"embeddable":true,"href":"https:\/\/www.emprenet.com.mx\/en\/wp-json\/wp\/v2\/media\/17379"}],"wp:attachment":[{"href":"https:\/\/www.emprenet.com.mx\/en\/wp-json\/wp\/v2\/media?parent=1986"}],"wp:term":[{"taxonomy":"product_brand","embeddable":true,"href":"https:\/\/www.emprenet.com.mx\/en\/wp-json\/wp\/v2\/product_brand?post=1986"},{"taxonomy":"product_cat","embeddable":true,"href":"https:\/\/www.emprenet.com.mx\/en\/wp-json\/wp\/v2\/product_cat?post=1986"},{"taxonomy":"product_tag","embeddable":true,"href":"https:\/\/www.emprenet.com.mx\/en\/wp-json\/wp\/v2\/product_tag?post=1986"}],"curies":[{"name":"wp","href":"https:\/\/api.w.org\/{rel}","templated":true}]}}