{"id":21530,"date":"2025-10-16T21:38:16","date_gmt":"2025-10-16T21:38:16","guid":{"rendered":"https:\/\/www.emprenet.com.mx\/?post_type=product&#038;p=21530"},"modified":"2025-10-16T21:38:17","modified_gmt":"2025-10-16T21:38:17","slug":"smart5","status":"publish","type":"product","link":"https:\/\/www.emprenet.com.mx\/en\/tienda\/ruptela\/smart5\/","title":{"rendered":"Smart5"},"content":{"rendered":"<p><strong>Informaci\u00f3n t\u00e9cnica<br \/>\nVersi\u00f3n CAN de 12 cables con soporte de red LTE Cat-1 y 2G fallback para la regi\u00f3n de Am\u00e9rica Latina en carcasa IP54.<br \/>\n<\/strong><\/p>\n<p><strong>Rango de alimentaci\u00f3n<\/strong> 9 &#8211; 32 V DC<br \/>\n<strong>Bater\u00eda interna<\/strong> LiPo 3.7 V 180 mAh<br \/>\n<strong>Protecciones<\/strong> Protecci\u00f3n contra cortocircuitos de la bater\u00eda, Protecci\u00f3n contra polaridad inversa, Protecci\u00f3n contra descargas electrost\u00e1ticas en USB, Protecci\u00f3n de carga<br \/>\n<strong>Consumo m\u00ednimo<\/strong> &lt;0.5 mA @ 12 V DC<\/p>\n<p><strong>Conectividad<\/strong> LTE Cat 1: B2\/B3\/B4\/B5\/B7\/B8\/B28\/B66 GSM: 850\/900\/1800\/1900 MHz (GPRS multiranura clase 12)<br \/>\n<strong>BLE<\/strong> 5.0<br \/>\n<strong>GNSS<\/strong> M\u00f3dulo: u-blox M10<br \/>\nAntena: interna<br \/>\nSistemas de posicionamiento: GPS, GLONASS, Galileo<br \/>\nSistemas de aumentaci\u00f3n: QZSS, SBAS (WAAS, GAGAN, EGNOS, MSAS)<br \/>\nServicios de arranque asistido: AssistNow Online (A-GPS)<br \/>\nSensibilidad de seguimiento: -167 to -168 dBm<br \/>\nSensibilidad de readquisici\u00f3n: -160 dBm<br \/>\nDuraci\u00f3n del arranque en fr\u00edo:&lt; 30 s<br \/>\nArranque asistido: Tan bajo como 1 s<br \/>\nVelocidad de actualizaci\u00f3n de la navegaci\u00f3n: 10 Hz<br \/>\nPrecisi\u00f3n de posici\u00f3n horizontal: 1.5 m 1,5 m (CEP, 50%, 24 horas est\u00e1tico, -130 dBm, &gt;6 SVs para cada sistema GNSS)<br \/>\n<strong>Aceler\u00f3metro <\/strong>3 ejes (autocalibraci\u00f3n, detecci\u00f3n de impactos, detecci\u00f3n de movimiento, detecci\u00f3n de inclinaci\u00f3n, fuerza g de hasta 16 g)<br \/>\n<strong>Interfaces de I\/O<\/strong> 1 DIN (detecci\u00f3n de encendido), 2 DIN (modo positivo\/tierra), 2 DOUT, 1 AIN\/DIN (modo positivo\/ tierra), 1-wire (alimentaci\u00f3n\/datos)<br \/>\n<strong>Interfaz CAN<\/strong> 1 CAN (Bajo\/Alto)<br \/>\n<strong>Ranura SIM<\/strong> Nano SIM<br \/>\n<strong>Puerto USB<\/strong> Micro USB<br \/>\n<strong>Indicaciones adicionales<\/strong> 1xLED<br \/>\n<strong>Gesti\u00f3n de dispositivos<\/strong> supervice, gestione, actualice el firmware, configure el solucione problemas de los dispositivos a distancia<\/p>\n<p>&nbsp;<\/p>\n<p><strong>Temperatura<br \/>\n<\/strong>Funcionamiento: de -20 a +40 \u00b0C<br \/>\nFuncionamiento sin bater\u00eda: -20 a + 60 \u00b0C<br \/>\nAlmacenamiento: de -20 a +45 \u00b0C<br \/>\nCarga de la bater\u00eda: de 0 a +45 \u00b0C<br \/>\nDescarga de la bater\u00eda: de -20 a +60 \u00b0C<br \/>\n<strong>Humedad:<\/strong> 5% a 95% sin condensaci\u00f3n<br \/>\n<strong>Certificados:<\/strong> FCC \/ Anatel<\/p>\n<p><strong>Dimensiones<\/strong> 95mm x 51mm x 14mm<br \/>\n<strong>Peso<\/strong> 90g +\/- 2g con arn\u00e9s<br \/>\n<strong>Carcasa<\/strong> Pl\u00e1stico negro<br \/>\n<strong>Longitud est\u00e1ndar del arn\u00e9s <\/strong>~700 mm<strong><br \/>\nFusible externo<\/strong> 1 A<\/p>","protected":false},"excerpt":{"rendered":"<h1><a href=\"https:\/\/www.emprenet.com.mx\/wp-content\/uploads\/2025\/09\/ES-Smart5-IP54-datasheet.pdf\">Consulta la ficha t\u00e9cnica aqu\u00ed<\/a><\/h1>\n<p>*Precio en USD + IVA*<\/p>\n<p>El Smart5 es un vers\u00e1til rastreador de veh\u00edculos basado en GNSS dise\u00f1ado para la gesti\u00f3n de diversas flotas. Con capacidades de lectura de datos CAN y OBD, incluyendo CustomCAN para el manejo de datos a medida, el Smart5 ofrece informaci\u00f3n completa sobre el rendimiento del veh\u00edculo. Su carcasa con clasificaci\u00f3n IP54 ofrece una protecci\u00f3n medioambiental fiable, garantizando el rendimiento en diversas condiciones. Compatible con BLE 5.0 y m\u00faltiples opciones de entrada y salida, el Smart5 destaca en la supervisi\u00f3n de flotas en tiempo real, el an\u00e1lisis del comportamiento del conductor y la seguridad de la carga. Su flexibilidad y s\u00f3lida conectividad lo convierten en la soluci\u00f3n perfecta para veh\u00edculos pesados y ligeros.<\/p>\n<p><strong>Versatilidad\u00a0<\/strong><\/p>\n<p>Adecuado tanto para veh\u00edculos pesados como ligeros, con capacidad de lectura de datos CAN incluyendo CustomCAN para la configuraci\u00f3n de datos espec\u00edficos.<\/p>\n<p><strong>Dise\u00f1o estilizado<br \/>\n<\/strong><\/p>\n<p>Extremadamente compacto, s\u00f3lo 14 mm de grosor.<\/p>\n<p><b><strong>Excelente rendimiento\u00a0<\/strong><\/b><\/p>\n<p>M\u00f3dulo GNSS u-blox de fabricaci\u00f3n suiza.<\/p>\n<p><b><strong><span class=\"TextRun SCXW233930151 BCX0\" lang=\"EN-US\" xml:lang=\"EN-US\" data-contrast=\"auto\"><span class=\"NormalTextRun SpellingErrorV2Themed SCXW233930151 BCX0\">Bajo consumo de energ\u00eda<br \/>\n<\/span><\/span><\/strong><\/b><\/p>\n<p>En modo de reposo profundo, s\u00f3lo consume 0,5 mA, lo que proporciona una eficiencia energ\u00e9tica excepcional.<\/p>\n<p><b><strong>Seguro<\/strong><\/b><\/p>\n<p>Cuenta con detecci\u00f3n de interferencias y una bater\u00eda de reserva para la detecci\u00f3n de interrupciones del suministro el\u00e9ctrico.<\/p>\n<p><b><strong>BLE 5.0<br \/>\n<\/strong><\/b><\/p>\n<p>Compatible con accesorios inal\u00e1mbricos.<\/p>","protected":false},"featured_media":21519,"template":"","meta":{"content-type":"","_monsterinsights_skip_tracking":false,"_monsterinsights_sitenote_active":false,"_monsterinsights_sitenote_note":"","_monsterinsights_sitenote_category":0},"product_brand":[],"product_cat":[71],"product_tag":[188,254,28,227],"class_list":{"0":"post-21530","1":"product","2":"type-product","3":"status-publish","4":"has-post-thumbnail","6":"product_cat-ruptela","7":"product_tag-canbus","8":"product_tag-compacto","9":"product_tag-gps","10":"product_tag-ruptela","11":"grve-entry-item","13":"first","14":"instock","15":"taxable","16":"shipping-taxable","17":"purchasable","18":"product-type-simple"},"_links":{"self":[{"href":"https:\/\/www.emprenet.com.mx\/en\/wp-json\/wp\/v2\/product\/21530","targetHints":{"allow":["GET"]}}],"collection":[{"href":"https:\/\/www.emprenet.com.mx\/en\/wp-json\/wp\/v2\/product"}],"about":[{"href":"https:\/\/www.emprenet.com.mx\/en\/wp-json\/wp\/v2\/types\/product"}],"wp:featuredmedia":[{"embeddable":true,"href":"https:\/\/www.emprenet.com.mx\/en\/wp-json\/wp\/v2\/media\/21519"}],"wp:attachment":[{"href":"https:\/\/www.emprenet.com.mx\/en\/wp-json\/wp\/v2\/media?parent=21530"}],"wp:term":[{"taxonomy":"product_brand","embeddable":true,"href":"https:\/\/www.emprenet.com.mx\/en\/wp-json\/wp\/v2\/product_brand?post=21530"},{"taxonomy":"product_cat","embeddable":true,"href":"https:\/\/www.emprenet.com.mx\/en\/wp-json\/wp\/v2\/product_cat?post=21530"},{"taxonomy":"product_tag","embeddable":true,"href":"https:\/\/www.emprenet.com.mx\/en\/wp-json\/wp\/v2\/product_tag?post=21530"}],"curies":[{"name":"wp","href":"https:\/\/api.w.org\/{rel}","templated":true}]}}