{"id":21532,"date":"2025-10-16T22:34:14","date_gmt":"2025-10-16T22:34:14","guid":{"rendered":"https:\/\/www.emprenet.com.mx\/?post_type=product&#038;p=21532"},"modified":"2025-10-16T22:34:18","modified_gmt":"2025-10-16T22:34:18","slug":"eco-5-lite-lte-la-ip68","status":"publish","type":"product","link":"https:\/\/www.emprenet.com.mx\/en\/tienda\/ruptela\/eco-5-lite-lte-la-ip68\/","title":{"rendered":"Eco 5 Lite + LTE-LA IP68"},"content":{"rendered":"<p><strong>Versi\u00f3n de alta tensi\u00f3n de 5 cables con soporte de red LTE Cat-1 y 2G fallback para la regi\u00f3n de Latinoam\u00e9rica en carcasa IP68.<\/strong><\/p>\n<p><strong>Informaci\u00f3n t\u00e9cnica<\/strong><\/p>\n<p><strong>Rango de alimentaci\u00f3n<\/strong> 9 &#8211; 97 V DC<br \/>\n<strong>Bater\u00eda Interna<\/strong> LiPo 3.7 V 180 mAh<br \/>\n<strong>Protecciones<\/strong> Protecci\u00f3n contra cortocircuitos de la bater\u00eda, Protecci\u00f3n contra polaridad inversa, protecci\u00f3n contra descargas electrost\u00e1ticas en USB, Protecci\u00f3n de carga<br \/>\n<strong>Consumo m\u00ednimo<\/strong> &lt;0.5 mA @ 12 V DC<\/p>\n<p><strong>Conectividad<\/strong> LTE Cat 1: B2\/B3\/B4\/ B5\/B7\/B8\/B28\/B66 GSM: 850\/900\/1800\/ 1900 MHz (GPRS multiranura clase 12)<br \/>\n<strong>BLE<\/strong> 5.0<br \/>\n<strong>GNSS<\/strong> M\u00f3dulo: u-blox M10<br \/>\nAntena: interna<br \/>\nSistemas de posicionamiento: GPS, GLONASS, Galileo<br \/>\nSistemas de aumentaci\u00f3n: QZSS, SBAS (WAAS, GAGAN, EGNOS, MSAS)<br \/>\nServicios de arranque asistido: AssistNow Online (A-GPS)<br \/>\nSensibilidad de seguimiento: -167 to -168 dBm<br \/>\nSensibilidad de readquisici\u00f3n: -160 dBm<br \/>\nDuraci\u00f3n del arranque en fr\u00edo: &lt; 30 s<br \/>\nArranque asistido: Tan bajo como 1 s<br \/>\nVelocidad de actualizaci\u00f3n de la navegaci\u00f3n: 10 Hz<br \/>\nPrecisi\u00f3n de posici\u00f3n horizontal: 1.5 m 1,5 m (CEP, 50%, 24 horas est\u00e1tico, -130 dBm, &gt;6 SVs para cada sistema GNSS)<br \/>\n<strong>Aceler\u00f3metro 3 ejes<\/strong> (autocalibraci\u00f3n, detecci\u00f3n de impactos, detecci\u00f3n de movimiento, detecci\u00f3n de inclinaci\u00f3n, fuerza g de hasta 16 g)<br \/>\n<strong>Interfaces de I\/O<\/strong> 1 DIN (detecci\u00f3n de encendido), 1 DOUT, 1 AIN\/DIN (modo positivo\/tierra)<br \/>\n<strong>Ranura SIM<\/strong> Nano SIM<br \/>\n<strong>Puerto USB<\/strong> Micro USB<br \/>\n<strong>Indicaciones adicionales<\/strong> 1xLED<br \/>\n<strong>Gesti\u00f3n de dispositivos<\/strong> Supervise, gestione, actualice el firmware, configure y solucione problemas de los dispositivos a distancia<\/p>\n<p><strong>Temperatura<\/strong> Operaci\u00f3n: de -20 a +40 \u00b0C<br \/>\nOperaci\u00f3n (sin bater\u00eda): de -20 a +60 \u00b0C<br \/>\nAlmacenamiento: de -20 a +45 \u00b0C<br \/>\nBater\u00eda cargando: de 0 a+45 \u00b0C<br \/>\nBater\u00eda en descarga: de -20 a +60 \u00b0C<br \/>\n<strong>Humedad<\/strong> 5% a 95% sin condensaci\u00f3n<br \/>\n<strong>Certificaciones<\/strong> FCC\/Anatel<\/p>\n<p><strong>Dimensiones<\/strong> 98mm x 56mm x 21.5mm<br \/>\n<strong>Peso<\/strong> 105g +\/- 2g con arn\u00e9s<br \/>\n<strong>Carcasa<\/strong> Pl\u00e1stico negro<br \/>\n<strong>Longitud est\u00e1ndar del arn\u00e9s<\/strong> ~1000 mm<br \/>\n<strong>Fusible externo<\/strong> 1A<\/p>","protected":false},"excerpt":{"rendered":"<h1><a href=\"https:\/\/www.emprenet.com.mx\/wp-content\/uploads\/2025\/10\/ES-Eco5-Liteplus-1.pdf\">Consulta la ficha t\u00e9cnica aqu\u00ed<\/a><\/h1>\n<p>*Precio en USD + IVA*<\/p>\n<p><span class=\"NormalTextRun SCXW125327876 BCX0\">La Eco5 Lite+\u00a0<\/span><span class=\"NormalTextRun SpellingErrorV2Themed SCXW125327876 BCX0\">mejora<\/span><span class=\"NormalTextRun SCXW125327876 BCX0\">\u00a0las\u00a0<\/span><span class=\"NormalTextRun SpellingErrorV2Themed SCXW125327876 BCX0\">capacidades<\/span><span class=\"NormalTextRun SCXW125327876 BCX0\">\u00a0de la Eco5 Lite con\u00a0<\/span><span class=\"NormalTextRun SpellingErrorV2Themed SCXW125327876 BCX0\">una<\/span><span class=\"NormalTextRun SCXW125327876 BCX0\">\u00a0robusta\u00a0<\/span><span class=\"NormalTextRun SpellingErrorV2Themed SCXW125327876 BCX0\">carcasa<\/span><span class=\"NormalTextRun SCXW125327876 BCX0\">\u00a0con\u00a0<\/span><span class=\"NormalTextRun SpellingErrorV2Themed SCXW125327876 BCX0\">clasificaci\u00f3n<\/span><span class=\"NormalTextRun SCXW125327876 BCX0\"> IP68, que <\/span><span class=\"NormalTextRun SpellingErrorV2Themed SCXW125327876 BCX0\">ofrece<\/span>\u00a0<span class=\"NormalTextRun SpellingErrorV2Themed SCXW125327876 BCX0\">una<\/span>\u00a0<span class=\"NormalTextRun SpellingErrorV2Themed SCXW125327876 BCX0\">protecci\u00f3n<\/span><span class=\"NormalTextRun SCXW125327876 BCX0\">\u00a0superior\u00a0<\/span><span class=\"NormalTextRun SpellingErrorV2Themed SCXW125327876 BCX0\">en<\/span>\u00a0<span class=\"NormalTextRun SpellingErrorV2Themed SCXW125327876 BCX0\">entornos<\/span>\u00a0<span class=\"NormalTextRun SpellingErrorV2Themed SCXW125327876 BCX0\">dif\u00edciles<\/span><span class=\"NormalTextRun SCXW125327876 BCX0\">.\u00a0<\/span><span class=\"NormalTextRun SpellingErrorV2Themed SCXW125327876 BCX0\">Adem\u00e1s<\/span><span class=\"NormalTextRun SCXW125327876 BCX0\">,\u00a0<\/span><span class=\"NormalTextRun SpellingErrorV2Themed SCXW125327876 BCX0\">acepta<\/span><span class=\"NormalTextRun SCXW125327876 BCX0\">\u00a0altos\u00a0<\/span><span class=\"NormalTextRun SpellingErrorV2Themed SCXW125327876 BCX0\">voltajes<\/span><span class=\"NormalTextRun SCXW125327876 BCX0\">, lo que le\u00a0<\/span><span class=\"NormalTextRun SpellingErrorV2Themed SCXW125327876 BCX0\">permite<\/span>\u00a0<span class=\"NormalTextRun SpellingErrorV2Themed SCXW125327876 BCX0\">integrarse<\/span>\u00a0<span class=\"NormalTextRun SpellingErrorV2Themed SCXW125327876 BCX0\">en<\/span>\u00a0<span class=\"NormalTextRun SpellingErrorV2Themed SCXW125327876 BCX0\">una<\/span>\u00a0<span class=\"NormalTextRun SpellingErrorV2Themed SCXW125327876 BCX0\">gama<\/span>\u00a0<span class=\"NormalTextRun SpellingErrorV2Themed SCXW125327876 BCX0\">m\u00e1s<\/span>\u00a0<span class=\"NormalTextRun SpellingErrorV2Themed SCXW125327876 BCX0\">amplia<\/span><span class=\"NormalTextRun SCXW125327876 BCX0\">\u00a0de\u00a0<\/span><span class=\"NormalTextRun SpellingErrorV2Themed SCXW125327876 BCX0\">veh\u00edculos<\/span><span class=\"NormalTextRun SCXW125327876 BCX0\">\u00a0and\u00a0<\/span><span class=\"NormalTextRun SpellingErrorV2Themed SCXW125327876 BCX0\">sistemas<\/span><span class=\"NormalTextRun SCXW125327876 BCX0\">\u00a0de\u00a0<\/span><span class=\"NormalTextRun SpellingErrorV2Themed SCXW125327876 BCX0\">alimentaci\u00f3n<\/span><span class=\"NormalTextRun SCXW125327876 BCX0\">. Compatible con BLE 5.0, entrada y\u00a0<\/span><span class=\"NormalTextRun SpellingErrorV2Themed SCXW125327876 BCX0\">salida<\/span>\u00a0<span class=\"NormalTextRun SpellingErrorV2Themed SCXW125327876 BCX0\">digitales<\/span><span class=\"NormalTextRun SCXW125327876 BCX0\">, y entrada\u00a0<\/span><span class=\"NormalTextRun SpellingErrorV2Themed SCXW125327876 BCX0\">combinada<\/span>\u00a0<span class=\"NormalTextRun SpellingErrorV2Themed SCXW125327876 BCX0\">anal\u00f3gica<\/span><span class=\"NormalTextRun SCXW125327876 BCX0\">\/digital,\u00a0<\/span><span class=\"NormalTextRun SpellingErrorV2Themed SCXW125327876 BCX0\">este<\/span>\u00a0<span class=\"NormalTextRun SpellingErrorV2Themed SCXW125327876 BCX0\">modelo<\/span><span class=\"NormalTextRun SCXW125327876 BCX0\"> es ideal para <\/span><span class=\"NormalTextRun SpellingErrorV2Themed SCXW125327876 BCX0\">el<\/span>\u00a0<span class=\"NormalTextRun SpellingErrorV2Themed SCXW125327876 BCX0\">seguimiento<\/span>\u00a0<span class=\"NormalTextRun SpellingErrorV2Themed SCXW125327876 BCX0\">b\u00e1sico<\/span><span class=\"NormalTextRun SCXW125327876 BCX0\">\u00a0de\u00a0<\/span><span class=\"NormalTextRun SpellingErrorV2Themed SCXW125327876 BCX0\">veh\u00edculos<\/span><span class=\"NormalTextRun SCXW125327876 BCX0\">\u00a0and\u00a0<\/span><span class=\"NormalTextRun SpellingErrorV2Themed SCXW125327876 BCX0\">operaciones<\/span>\u00a0<span class=\"NormalTextRun SpellingErrorV2Themed SCXW125327876 BCX0\">en<\/span>\u00a0<span class=\"NormalTextRun SpellingErrorV2Themed SCXW125327876 BCX0\">condiciones<\/span>\u00a0<span class=\"NormalTextRun SpellingErrorV2Themed SCXW125327876 BCX0\">exigentes<\/span><span class=\"NormalTextRun SCXW125327876 BCX0\">. Su\u00a0<\/span><span class=\"NormalTextRun SpellingErrorV2Themed SCXW125327876 BCX0\">combinaci\u00f3n<\/span><span class=\"NormalTextRun SCXW125327876 BCX0\">\u00a0de\u00a0<\/span><span class=\"NormalTextRun SpellingErrorV2Themed SCXW125327876 BCX0\">resistencia<\/span><span class=\"NormalTextRun SCXW125327876 BCX0\">\u00a0and\u00a0<\/span><span class=\"NormalTextRun SpellingErrorV2Themed SCXW125327876 BCX0\">eficiencia<\/span><span class=\"NormalTextRun SCXW125327876 BCX0\">\u00a0lo\u00a0<\/span><span class=\"NormalTextRun SpellingErrorV2Themed SCXW125327876 BCX0\">convierte<\/span>\u00a0<span class=\"NormalTextRun SpellingErrorV2Themed SCXW125327876 BCX0\">en<\/span>\u00a0<span class=\"NormalTextRun SpellingErrorV2Themed SCXW125327876 BCX0\">una<\/span>\u00a0<span class=\"NormalTextRun SpellingErrorV2Themed SCXW125327876 BCX0\">opci\u00f3n<\/span>\u00a0<span class=\"NormalTextRun SpellingErrorV2Themed SCXW125327876 BCX0\">vers\u00e1til<\/span><span class=\"NormalTextRun SCXW125327876 BCX0\">\u00a0para las\u00a0<\/span><span class=\"NormalTextRun SpellingErrorV2Themed SCXW125327876 BCX0\">diversas<\/span>\u00a0<span class=\"NormalTextRun SpellingErrorV2Themed SCXW125327876 BCX0\">necesidades<\/span><span class=\"NormalTextRun SCXW125327876 BCX0\">\u00a0de las\u00a0<\/span><span class=\"NormalTextRun SpellingErrorV2Themed SCXW125327876 BCX0\">flotas<\/span><span class=\"NormalTextRun SCXW125327876 BCX0\">.<\/span><\/p>\n<p>&nbsp;<\/p>\n<p><strong>Aceptaci\u00f3n de alto voltaje<\/strong><\/p>\n<p><span class=\"NormalTextRun SCXW24988326 BCX0\">El\u00a0<\/span><span class=\"NormalTextRun SpellingErrorV2Themed SCXW24988326 BCX0\">dispositivo<\/span>\u00a0<span class=\"NormalTextRun SpellingErrorV2Themed SCXW24988326 BCX0\">puede<\/span>\u00a0<span class=\"NormalTextRun SpellingErrorV2Themed SCXW24988326 BCX0\">alimentarse<\/span><span class=\"NormalTextRun SCXW24988326 BCX0\">\u00a0con\u00a0<\/span><span class=\"NormalTextRun SpellingErrorV2Themed SCXW24988326 BCX0\">una<\/span>\u00a0<span class=\"NormalTextRun SpellingErrorV2Themed SCXW24988326 BCX0\">fuente<\/span><span class=\"NormalTextRun SCXW24988326 BCX0\">\u00a0de\u00a0<\/span><span class=\"NormalTextRun SpellingErrorV2Themed SCXW24988326 BCX0\">alimentaci\u00f3n<\/span><span class=\"NormalTextRun SCXW24988326 BCX0\">\u00a0de 9-97 V\u00a0<\/span><span class=\"NormalTextRun SCXW24988326 BCX0\">D<\/span><span class=\"NormalTextRun SCXW24988326 BCX0\">C, lo que\u00a0<\/span><span class=\"NormalTextRun SpellingErrorV2Themed SCXW24988326 BCX0\">garantiza<\/span>\u00a0<span class=\"NormalTextRun SpellingErrorV2Themed SCXW24988326 BCX0\">su<\/span>\u00a0<span class=\"NormalTextRun SpellingErrorV2Themed SCXW24988326 BCX0\">compatibilidad<\/span><span class=\"NormalTextRun SCXW24988326 BCX0\">\u00a0con\u00a0<\/span><span class=\"NormalTextRun SpellingErrorV2Themed SCXW24988326 BCX0\">veh\u00edculos<\/span>\u00a0<span class=\"NormalTextRun SpellingErrorV2Themed SCXW24988326 BCX0\">el\u00e9ctricos<\/span><span class=\"NormalTextRun SCXW24988326 BCX0\">.<\/span><\/p>\n<p><strong>Dise\u00f1o delgado\u00a0<\/strong><\/p>\n<p><span class=\"TextRun SCXW75744198 BCX0\" lang=\"EN-US\" xml:lang=\"EN-US\" data-contrast=\"auto\"><span class=\"NormalTextRun SpellingErrorV2Themed SCXW75744198 BCX0\">Extremadamente<\/span>\u00a0<\/span><span class=\"TextRun Highlight SCXW75744198 BCX0\" lang=\"EN-US\" xml:lang=\"EN-US\" data-contrast=\"auto\"><span class=\"NormalTextRun SpellingErrorV2Themed SCXW75744198 BCX0\">compact<\/span><span class=\"NormalTextRun SpellingErrorV2Themed SCXW75744198 BCX0\">or<\/span><\/span><span class=\"TextRun SCXW75744198 BCX0\" lang=\"EN-US\" xml:lang=\"EN-US\" data-contrast=\"auto\"><span class=\"NormalTextRun SCXW75744198 BCX0\">, la\u00a0<\/span><span class=\"NormalTextRun SpellingErrorV2Themed SCXW75744198 BCX0\">versi\u00f3n<\/span><span class=\"NormalTextRun SCXW75744198 BCX0\">\u00a0IP68\u00a0<\/span><span class=\"NormalTextRun SpellingErrorV2Themed SCXW75744198 BCX0\">s\u00f3lo<\/span>\u00a0<span class=\"NormalTextRun SpellingErrorV2Themed SCXW75744198 BCX0\">tiene<\/span>\u00a021<span class=\"NormalTextRun SCXW75744198 BCX0\">\u00a0mm<\/span><span class=\"NormalTextRun SCXW75744198 BCX0\">\u00a0de\u00a0<\/span><span class=\"NormalTextRun SpellingErrorV2Themed SCXW75744198 BCX0\">grosor<\/span><span class=\"NormalTextRun SCXW75744198 BCX0\">.\u00a0<\/span><\/span><span class=\"EOP SCXW75744198 BCX0\" data-ccp-props=\"{}\">\u00a0<\/span><\/p>\n<p><strong>Bajo consumo de energ\u00eda<\/strong><\/p>\n<p><span class=\"EOP SCXP182102895 BCX0\">En modo de reposo profundo, este producto alcanza un nivel de eficiencia energ\u00e9tica sin precedentes, con un consumo excepcionalmente bajo de s\u00f3lo 0,5 miliamperios.\u200b<\/span><\/p>\n<p><b><strong>Excelente rendimiento\u00a0<\/strong><\/b><\/p>\n<p>Equipado con un m\u00f3dulo GNSS u-blox de primera calidad y componentes de alta calidad.<\/p>\n<p><b><strong><span class=\"TextRun SCXW233930151 BCX0\" lang=\"EN-US\" xml:lang=\"EN-US\" data-contrast=\"auto\"><span class=\"NormalTextRun SpellingErrorV2Themed SCXW233930151 BCX0\">F\u00e1cil<\/span>\u00a0<span class=\"NormalTextRun SpellingErrorV2Themed SCXW233930151 BCX0\">instalaci\u00f3n<\/span><span class=\"NormalTextRun SCXW233930151 BCX0\">\u00a0and\u00a0<\/span><span class=\"NormalTextRun SpellingErrorV2Themed SCXW233930151 BCX0\">uso<\/span><span class=\"NormalTextRun SCXW233930151 BCX0\">\u00a0<\/span><\/span><\/strong><\/b><\/p>\n<p><span class=\"TextRun SCXW157462689 BCX0\" lang=\"EN-US\" xml:lang=\"EN-US\" data-contrast=\"auto\"><span class=\"NormalTextRun SpellingErrorV2Themed SCXW157462689 BCX0\">Dise\u00f1o<\/span>\u00a0<span class=\"NormalTextRun SpellingErrorV2Themed SCXW157462689 BCX0\">compacto<\/span><span class=\"NormalTextRun SCXW157462689 BCX0\">\u00a0and\u00a0<\/span><span class=\"NormalTextRun SpellingErrorV2Themed SCXW157462689 BCX0\">ergon\u00f3mico<\/span><span class=\"NormalTextRun SCXW157462689 BCX0\">\u00a0con\u00a0<\/span><span class=\"NormalTextRun SpellingErrorV2Themed SCXW157462689 BCX0\">configuraci\u00f3n<\/span><span class=\"NormalTextRun SCXW157462689 BCX0\">\u00a0sin\u00a0<\/span><span class=\"NormalTextRun SpellingErrorV2Themed SCXW157462689 BCX0\">herramientas<\/span><span class=\"NormalTextRun SCXW157462689 BCX0\">\u00a0and\u00a0<\/span><span class=\"NormalTextRun SpellingErrorV2Themed SCXW157462689 BCX0\">capacidades<\/span>\u00a0<span class=\"NormalTextRun SpellingErrorV2Themed SCXW157462689 BCX0\">inal\u00e1mbricas<\/span><span class=\"NormalTextRun SCXW157462689 BCX0\">.\u00a0<\/span><\/span><span class=\"EOP SCXW157462689 BCX0\" data-ccp-props=\"{}\">\u00a0<\/span><\/p>\n<p><b><strong>Seguro<\/strong><\/b><\/p>\n<p>Incluye detecci\u00f3n de interferencias y una bater\u00eda de reserva integrada para mejorar la seguridad.<\/p>\n<p><b><strong>Soluci\u00f3n completa de un solo proveedor\u00a0<\/strong><\/b><\/p>\n<p>Ofrece un completo dispositivo de localizaci\u00f3n GPS\/GNSS, emparejado con accesorios compatibles.<\/p>\n<p><b><strong>Excelente resistencia de la carcasa\u00a0<\/strong><\/b><\/p>\n<p><span class=\"TextRun Highlight SCXW136857189 BCX0\" lang=\"EN-US\" xml:lang=\"EN-US\" data-contrast=\"auto\"><span class=\"NormalTextRun SCXW136857189 BCX0\">Dise\u00f1ado para\u00a0<\/span><span class=\"NormalTextRun SpellingErrorV2Themed SCXW136857189 BCX0\">soportar<\/span>\u00a0<span class=\"NormalTextRun SpellingErrorV2Themed SCXW136857189 BCX0\">entornos<\/span>\u00a0<span class=\"NormalTextRun SpellingErrorV2Themed SCXW136857189 BCX0\">exigentes<\/span><span class=\"NormalTextRun SCXW136857189 BCX0\">, con un\u00a0<\/span><\/span><span class=\"TextRun Highlight SCXW136857189 BCX0\" lang=\"EN-US\" xml:lang=\"EN-US\" data-contrast=\"auto\"><span class=\"NormalTextRun SpellingErrorV2Themed SCXW136857189 BCX0\">grado<\/span><\/span><span class=\"TextRun Highlight SCXW136857189 BCX0\" lang=\"EN-US\" xml:lang=\"EN-US\" data-contrast=\"auto\">\u00a0<span class=\"NormalTextRun SCXW136857189 BCX0\">de\u00a0<\/span><span class=\"NormalTextRun SpellingErrorV2Themed SCXW136857189 BCX0\">protecci\u00f3n<\/span><span class=\"NormalTextRun SCXW136857189 BCX0\">\u00a0IP68 para\u00a0<\/span><span class=\"NormalTextRun SpellingErrorV2Themed SCXW136857189 BCX0\">una<\/span>\u00a0<span class=\"NormalTextRun SpellingErrorV2Themed SCXW136857189 BCX0\">protecci\u00f3n<\/span>\u00a0<span class=\"NormalTextRun SpellingErrorV2Themed SCXW136857189 BCX0\">fiable<\/span><span class=\"NormalTextRun SCXW136857189 BCX0\">.<\/span><\/span><span class=\"TextRun SCXW136857189 BCX0\" lang=\"EN-US\" xml:lang=\"EN-US\" data-contrast=\"auto\"><span class=\"NormalTextRun SCXW136857189 BCX0\">\u00a0<\/span><\/span><\/p>\n<p><strong><span class=\"TextRun SCXW65402528 BCX0\" lang=\"EN-US\" xml:lang=\"EN-US\" data-contrast=\"none\"><span class=\"NormalTextRun SCXW65402528 BCX0\"><b>BLE 5.0<\/b><\/span><\/span><\/strong><\/p>\n<p>Compatible con una amplia gama de accesorios inal\u00e1mbricos.<\/p>","protected":false},"featured_media":21520,"template":"","meta":{"content-type":"","_monsterinsights_skip_tracking":false,"_monsterinsights_sitenote_active":false,"_monsterinsights_sitenote_note":"","_monsterinsights_sitenote_category":0},"product_brand":[],"product_cat":[71],"product_tag":[186,339,341,28,338,227],"class_list":{"0":"post-21532","1":"product","2":"type-product","3":"status-publish","4":"has-post-thumbnail","6":"product_cat-ruptela","7":"product_tag-ble-5-0","8":"product_tag-eco5","9":"product_tag-equipo-lite","10":"product_tag-gps","11":"product_tag-ip68","12":"product_tag-ruptela","13":"grve-entry-item","15":"first","16":"instock","17":"taxable","18":"shipping-taxable","19":"purchasable","20":"product-type-simple"},"_links":{"self":[{"href":"https:\/\/www.emprenet.com.mx\/en\/wp-json\/wp\/v2\/product\/21532","targetHints":{"allow":["GET"]}}],"collection":[{"href":"https:\/\/www.emprenet.com.mx\/en\/wp-json\/wp\/v2\/product"}],"about":[{"href":"https:\/\/www.emprenet.com.mx\/en\/wp-json\/wp\/v2\/types\/product"}],"wp:featuredmedia":[{"embeddable":true,"href":"https:\/\/www.emprenet.com.mx\/en\/wp-json\/wp\/v2\/media\/21520"}],"wp:attachment":[{"href":"https:\/\/www.emprenet.com.mx\/en\/wp-json\/wp\/v2\/media?parent=21532"}],"wp:term":[{"taxonomy":"product_brand","embeddable":true,"href":"https:\/\/www.emprenet.com.mx\/en\/wp-json\/wp\/v2\/product_brand?post=21532"},{"taxonomy":"product_cat","embeddable":true,"href":"https:\/\/www.emprenet.com.mx\/en\/wp-json\/wp\/v2\/product_cat?post=21532"},{"taxonomy":"product_tag","embeddable":true,"href":"https:\/\/www.emprenet.com.mx\/en\/wp-json\/wp\/v2\/product_tag?post=21532"}],"curies":[{"name":"wp","href":"https:\/\/api.w.org\/{rel}","templated":true}]}}