{"id":3022,"date":"2022-04-01T18:50:53","date_gmt":"2022-04-01T18:50:53","guid":{"rendered":"https:\/\/www.emprenet.com.mx\/?post_type=product&#038;p=3022"},"modified":"2025-10-01T18:29:34","modified_gmt":"2025-10-01T18:29:34","slug":"gv53mg","status":"publish","type":"product","link":"https:\/\/www.emprenet.com.mx\/en\/tienda\/queclink\/gv53mg\/","title":{"rendered":"GV53MG"},"content":{"rendered":"<p><span style=\"color: #0000ff;\"><strong>Especificaciones LTE<\/strong><\/span><\/p>\n<table width=\"100%\">\n<tbody>\n<tr>\n<td width=\"30%\"><strong>Banda operativa<\/strong><\/td>\n<td width=\"70%\">LTE Cat M1\/NB2<br \/>\nCat M1:<br \/>\nLTE-FDD: B1\/B2\/B3\/B4\/B5\/B8\/B12\/B13\/B18\/B19\/B20\/B25\/B27<br \/>\n\/B28\/B66\/B85<br \/>\nCat NB2:<br \/>\nLTE-FDD: B1\/B2\/B3\/B4\/B5\/B8\/B12\/B13\/B18\/B19\/B20\/B25\/B28<br \/>\n\/B66\/B71\/B85<\/td>\n<\/tr>\n<tr>\n<td width=\"30%\"><strong>Transmisi\u00f3n de datos<\/strong><\/td>\n<td width=\"70%\">eMTC (DL) 348 Kbps<br \/>\neMTC (UL) 1.08 Mbps<br \/>\nNB2 (DL) 121 Kbps<br \/>\nNB2 (UL) 150 Kbps<br \/>\nNB1 (DL) 74.1 Kbps<br \/>\nNB1 (UL) 101 Kbps<\/td>\n<\/tr>\n<\/tbody>\n<\/table>\n<p><span style=\"color: #0000ff;\"><strong>Especificaciones EGPRS<\/strong><\/span><\/p>\n<table width=\"100%\">\n<tbody>\n<tr>\n<td width=\"30%\"><strong>Frecuencia<\/strong><\/td>\n<td width=\"70%\">850 \/ 900 \/ 1800 \/ 1900 MHz<\/td>\n<\/tr>\n<tr>\n<td width=\"30%\"><strong>Transmisi\u00f3n de datos<\/strong><\/td>\n<td width=\"70%\">EDGE 296 Kbps (DL) \/ 236.8 Kbps (UL)<br \/>\nGPRS 107 Kbps (DL) \/ 85.6 Kbps (UL)<\/td>\n<\/tr>\n<\/tbody>\n<\/table>\n<p><span style=\"color: #0000ff;\"><strong>Especificaciones GNSS<\/strong><\/span><\/p>\n<table width=\"100%\">\n<tbody>\n<tr>\n<td width=\"30%\"><strong>Tipo de receptor GNSS<\/strong><\/td>\n<td width=\"70%\">Receptor GNSS u-blox All-in-One<\/td>\n<\/tr>\n<tr>\n<td width=\"30%\"><strong>Sensibilidad<\/strong><\/td>\n<td width=\"70%\">Aut\u00f3nomo: -147 dBm<br \/>\nInicio en caliente: -156 dBm<br \/>\nReadquisici\u00f3n: -160 dBm<br \/>\nRastreo: -162 dBm<\/td>\n<\/tr>\n<tr>\n<td width=\"30%\"><strong>Precisi\u00f3n de posici\u00f3n (CEP)<\/strong><\/td>\n<td width=\"70%\">Aut\u00f3nomo: &lt; 2.5m<\/td>\n<\/tr>\n<tr>\n<td width=\"30%\"><strong>TTFF (Cielo despejado)<\/strong><\/td>\n<td width=\"70%\">Inicio en fr\u00edo: 27s promedio<br \/>\nInicio reciente: 27s promedio<br \/>\nInicio en caliente: 1s promedio<\/td>\n<\/tr>\n<\/tbody>\n<\/table>\n<p><span style=\"color: #0000ff;\"><strong>Especificaciones generales<\/strong><\/span><\/p>\n<table width=\"100%\">\n<tbody>\n<tr>\n<td width=\"30%\"><strong>Dimensiones<\/strong><\/td>\n<td width=\"70%\">87\u00d7 55 \u00d7 12.5mm<br \/>\n3.43\u201d(L) \u00d7 2.17\u201d(W) \u00d7 0.49\u201d(H)<\/td>\n<\/tr>\n<tr>\n<td width=\"30%\"><strong>Peso<\/strong><\/td>\n<td width=\"70%\">95g (3.35oz)<\/td>\n<\/tr>\n<tr>\n<td width=\"30%\"><strong>Bater\u00eda de respaldo<\/strong><\/td>\n<td width=\"70%\">Pol\u00edmero de Litio 190 mAh<\/td>\n<\/tr>\n<tr>\n<td width=\"30%\"><strong>Voltaje de operaci\u00f3n<\/strong><\/td>\n<td width=\"70%\">8V a 32V CD<\/td>\n<\/tr>\n<tr>\n<td width=\"30%\"><strong>Temperatura de operaci\u00f3n<\/strong><\/td>\n<td width=\"70%\">-30\u00b0C ~ +80\u00b0C<br \/>\n-40\u2103 ~ +80\u2103 para almacenamiento<\/td>\n<\/tr>\n<tr>\n<td width=\"30%\"><strong>Mensaje de b\u00fafer<\/strong><\/td>\n<td width=\"70%\">Hasta 10.000 mensajes en el b\u00fafer de datos<\/td>\n<\/tr>\n<\/tbody>\n<\/table>\n<p><span style=\"color: #0000ff;\"><strong>Interfaces<\/strong><\/span><\/p>\n<table width=\"100%\">\n<tbody>\n<tr>\n<td width=\"30%\"><strong>Entrada digitales<\/strong><\/td>\n<td width=\"70%\">1 entrada digital positiva para la detecci\u00f3n de ignici\u00f3n<\/td>\n<\/tr>\n<tr>\n<td width=\"30%\"><strong>Salidas digitales<\/strong><\/td>\n<td width=\"70%\">1 salida digital, colector\/drenaje abierto, m\u00e1xima corriente de salida 150 mA<\/td>\n<\/tr>\n<tr>\n<td width=\"30%\"><strong>Entrada\/salida configurable<\/strong><\/td>\n<td width=\"70%\">1 conector especial que puede ser configurado como una entrada digital de activaci\u00f3n negativa o salida de colector\/drenaje abierto, m\u00e1xima corriente de salida 150 mA<\/td>\n<\/tr>\n<tr>\n<td width=\"30%\"><strong>Puerto serial<\/strong><\/td>\n<td width=\"70%\">1 puerto TTL UART para actualizaci\u00f3n y configuraci\u00f3n<\/td>\n<\/tr>\n<tr>\n<td width=\"30%\"><strong>Antena GSM<\/strong><\/td>\n<td width=\"70%\">Interna<\/td>\n<\/tr>\n<tr>\n<td width=\"30%\"><strong>Antena GNSS<\/strong><\/td>\n<td width=\"70%\">Interna<\/td>\n<\/tr>\n<tr>\n<td width=\"30%\"><strong>Indicador LED<\/strong><\/td>\n<td width=\"70%\">CEL, GNSS<\/td>\n<\/tr>\n<\/tbody>\n<\/table>\n<p><span style=\"color: #0000ff;\"><strong>Protocolo de comunicaciones<\/strong><\/span><\/p>\n<table width=\"100%\">\n<tbody>\n<tr>\n<td width=\"30%\"><strong>Protocolo de transmisi\u00f3n<\/strong><\/td>\n<td width=\"70%\">TCP, UDP, SMS<\/td>\n<\/tr>\n<tr>\n<td width=\"30%\"><strong>Reporte programable<\/strong><\/td>\n<td width=\"70%\">Reporta el estado del dispositivo y la posici\u00f3n basado en los par\u00e1metros de distancia, intervalos de tiempo preestablecidos, kilometraje o una combinaci\u00f3n de estos.<\/td>\n<\/tr>\n<tr>\n<td width=\"30%\"><strong>Geo cercas<\/strong><\/td>\n<td width=\"70%\">Alerta basada en geo cercas y en el aparcamiento; Se pueden definir hasta 20 cercas circulares y hasta 20 cercas poligonales<\/td>\n<\/tr>\n<tr>\n<td width=\"30%\"><strong>Reporte de encendido<\/strong><\/td>\n<td width=\"70%\">Reporta cuando el dispositivo se enciende<\/td>\n<\/tr>\n<tr>\n<td width=\"30%\"><strong>Alerta de arrastre<\/strong><\/td>\n<td width=\"70%\">Alerta de arrastre activa cuando el veh\u00edculo est\u00e1 apagado<\/td>\n<\/tr>\n<tr>\n<td width=\"30%\"><strong>Monitoreo de h\u00e1bitos de manejo<\/strong><\/td>\n<td width=\"70%\">Detecci\u00f3n de conductas agresivas, incluyendo frenado brusco, aceleraci\u00f3n brusca, etc.<\/td>\n<\/tr>\n<tr>\n<td width=\"30%\"><strong>Detecci\u00f3n de choque<\/strong><\/td>\n<td width=\"70%\">Recopilaci\u00f3n de datos del aceler\u00f3metro, previos y posteriores al evento, para la reconstrucci\u00f3n y an\u00e1lisis de accidentes.<\/td>\n<\/tr>\n<tr>\n<td width=\"30%\"><strong>Alerta especial<\/strong><\/td>\n<td width=\"70%\">Alerta especial basada en la activaci\u00f3n de la entrada digital<\/td>\n<\/tr>\n<tr>\n<td width=\"30%\"><strong>Activaci\u00f3n remota<\/strong><\/td>\n<td width=\"70%\">Capacidad de controlar las salidas digitales de manera remota<\/td>\n<\/tr>\n<\/tbody>\n<\/table>\n<p>Ver: <a href=\"https:\/\/www.emprenet.com.mx\/wp-content\/uploads\/2022\/04\/GV53MG.pdf\">Ficha t\u00e9cnica GV53MG<\/a><\/p>","protected":false},"excerpt":{"rendered":"<h4><strong>Pregunta por el precio en promoci\u00f3n<\/strong><\/h4>\n<h3>Ver: <a href=\"https:\/\/www.emprenet.com.mx\/wp-content\/uploads\/2022\/04\/GV53MG.pdf\">Ficha t\u00e9cnica GV53MG<\/a><\/h3>\n<p>El GV53MG es la versi\u00f3n LTE Cat M1 \/ NB2 mejorada de GV50MG. Integra los \u00faltimos est\u00e1ndares de redes de \u00e1rea amplia de bajo consumo y cubre un \u00e1rea m\u00e1s amplia, lo que la hace m\u00e1s flexible de implementar. Es un producto compacto y ultradelgado que permite una instalaci\u00f3n f\u00e1cil y encubierta. El producto ofrece E \/ S digitales b\u00e1sicas que se pueden utilizar para la detecci\u00f3n de encendido y el control de veh\u00edculos. Una E \/ S configurable adicional permite aplicaciones flexibles. El GV53MG admite el cifrado AES-256 para proteger los datos cr\u00edticos para el negocio, protegerse contra el acceso no autorizado y garantizar la integridad de los datos. Est\u00e1 dise\u00f1ado para varios casos de uso como la financiaci\u00f3n de autom\u00f3viles, comprar aqu\u00ed pagar aqu\u00ed (BHPH), alquiler y arrendamiento de coches, gesti\u00f3n b\u00e1sica de flotas y recuperaci\u00f3n de veh\u00edculos robados SVR.<\/p>","protected":false},"featured_media":3023,"template":"","meta":{"content-type":"","_monsterinsights_skip_tracking":false,"_monsterinsights_sitenote_active":false,"_monsterinsights_sitenote_note":"","_monsterinsights_sitenote_category":0},"product_brand":[],"product_cat":[70],"product_tag":[28,204,241],"class_list":{"0":"post-3022","1":"product","2":"type-product","3":"status-publish","4":"has-post-thumbnail","6":"product_cat-queclink","7":"product_tag-gps","8":"product_tag-queclink","9":"product_tag-rastreo-vehicular","10":"grve-entry-item","12":"first","13":"outofstock","14":"taxable","15":"shipping-taxable","16":"purchasable","17":"product-type-simple"},"_links":{"self":[{"href":"https:\/\/www.emprenet.com.mx\/en\/wp-json\/wp\/v2\/product\/3022","targetHints":{"allow":["GET"]}}],"collection":[{"href":"https:\/\/www.emprenet.com.mx\/en\/wp-json\/wp\/v2\/product"}],"about":[{"href":"https:\/\/www.emprenet.com.mx\/en\/wp-json\/wp\/v2\/types\/product"}],"wp:featuredmedia":[{"embeddable":true,"href":"https:\/\/www.emprenet.com.mx\/en\/wp-json\/wp\/v2\/media\/3023"}],"wp:attachment":[{"href":"https:\/\/www.emprenet.com.mx\/en\/wp-json\/wp\/v2\/media?parent=3022"}],"wp:term":[{"taxonomy":"product_brand","embeddable":true,"href":"https:\/\/www.emprenet.com.mx\/en\/wp-json\/wp\/v2\/product_brand?post=3022"},{"taxonomy":"product_cat","embeddable":true,"href":"https:\/\/www.emprenet.com.mx\/en\/wp-json\/wp\/v2\/product_cat?post=3022"},{"taxonomy":"product_tag","embeddable":true,"href":"https:\/\/www.emprenet.com.mx\/en\/wp-json\/wp\/v2\/product_tag?post=3022"}],"curies":[{"name":"wp","href":"https:\/\/api.w.org\/{rel}","templated":true}]}}