{"id":3024,"date":"2022-04-01T18:52:06","date_gmt":"2022-04-01T18:52:06","guid":{"rendered":"https:\/\/www.emprenet.com.mx\/?post_type=product&#038;p=3024"},"modified":"2025-10-01T18:31:07","modified_gmt":"2025-10-01T18:31:07","slug":"gv500map","status":"publish","type":"product","link":"https:\/\/www.emprenet.com.mx\/en\/tienda\/queclink\/gv500map\/","title":{"rendered":"GV500MAP"},"content":{"rendered":"<table width=\"100%\">\n<tbody>\n<tr>\n<td width=\"30%\"><strong>Puerto OBDII<\/strong><\/td>\n<td width=\"70%\">Proporciona energ\u00eda al dispositivo<br \/>\nPermite que la informaci\u00f3n sea le\u00edda desde el puerto OBDII<br \/>\nCompatible con los protocolos OBDII legislados: ISO 15765<br \/>\nApoya los veh\u00edculos fabricados despu\u00e9s de 2008 que se venden en los Estados Unidos<\/td>\n<\/tr>\n<tr>\n<td width=\"30%\"><strong>Antena GSM<\/strong><\/td>\n<td width=\"70%\">Interna<\/td>\n<\/tr>\n<tr>\n<td width=\"30%\"><strong>Antena GNSS<\/strong><\/td>\n<td width=\"70%\">2 antenas GNSS internas; Autom\u00e1ticamente selecciona la antena con la mejor se\u00f1al<\/td>\n<\/tr>\n<tr>\n<td width=\"30%\"><strong>Antena BLE<\/strong><\/td>\n<td width=\"70%\">Interna<\/td>\n<\/tr>\n<tr>\n<td width=\"30%\"><strong>Indicador LED<\/strong><\/td>\n<td width=\"70%\">CELL, GNSS<\/td>\n<\/tr>\n<tr>\n<td width=\"30%\"><strong>Interfaz Mini USB<\/strong><\/td>\n<td width=\"70%\">Para actualizaci\u00f3n y configuraci\u00f3n<\/td>\n<\/tr>\n<\/tbody>\n<\/table>\n<p>&nbsp;<\/p>","protected":false},"excerpt":{"rendered":"<h3>Ver: <a href=\"https:\/\/www.emprenet.com.mx\/wp-content\/uploads\/2022\/04\/GV500-OBD-LTE-Series-20200420.pdf\">Ficha T\u00e9cnica GV500 OBD LTE<\/a><\/h3>\n<p>La serie GV500 OBD (LTE) es una gama de dispositivos OBD que se conectan al puerto OBDII de un veh\u00edculo, lo que permite una f\u00e1cil instalaci\u00f3n para los clientes. Todos los modelos de la serie admiten BLE 4.2 que se utiliza para la transmisi\u00f3n de datos. La serie es compatible con la red LTE Cat M1\/ NB1 en m\u00faltiples bandas para operar globalmente con un respaldo a EGPRS.<\/p>","protected":false},"featured_media":3025,"template":"","meta":{"content-type":"","_monsterinsights_skip_tracking":false,"_monsterinsights_sitenote_active":false,"_monsterinsights_sitenote_note":"","_monsterinsights_sitenote_category":0},"product_brand":[],"product_cat":[70],"product_tag":[28,316,181,204],"class_list":{"0":"post-3024","1":"product","2":"type-product","3":"status-publish","4":"has-post-thumbnail","6":"product_cat-queclink","7":"product_tag-gps","8":"product_tag-gv500map","9":"product_tag-obdii","10":"product_tag-queclink","11":"grve-entry-item","13":"first","14":"outofstock","15":"taxable","16":"shipping-taxable","17":"purchasable","18":"product-type-simple"},"_links":{"self":[{"href":"https:\/\/www.emprenet.com.mx\/en\/wp-json\/wp\/v2\/product\/3024","targetHints":{"allow":["GET"]}}],"collection":[{"href":"https:\/\/www.emprenet.com.mx\/en\/wp-json\/wp\/v2\/product"}],"about":[{"href":"https:\/\/www.emprenet.com.mx\/en\/wp-json\/wp\/v2\/types\/product"}],"wp:featuredmedia":[{"embeddable":true,"href":"https:\/\/www.emprenet.com.mx\/en\/wp-json\/wp\/v2\/media\/3025"}],"wp:attachment":[{"href":"https:\/\/www.emprenet.com.mx\/en\/wp-json\/wp\/v2\/media?parent=3024"}],"wp:term":[{"taxonomy":"product_brand","embeddable":true,"href":"https:\/\/www.emprenet.com.mx\/en\/wp-json\/wp\/v2\/product_brand?post=3024"},{"taxonomy":"product_cat","embeddable":true,"href":"https:\/\/www.emprenet.com.mx\/en\/wp-json\/wp\/v2\/product_cat?post=3024"},{"taxonomy":"product_tag","embeddable":true,"href":"https:\/\/www.emprenet.com.mx\/en\/wp-json\/wp\/v2\/product_tag?post=3024"}],"curies":[{"name":"wp","href":"https:\/\/api.w.org\/{rel}","templated":true}]}}