{"id":3026,"date":"2022-04-01T18:53:22","date_gmt":"2022-04-01T18:53:22","guid":{"rendered":"https:\/\/www.emprenet.com.mx\/?post_type=product&#038;p=3026"},"modified":"2025-06-04T16:41:06","modified_gmt":"2025-06-04T16:41:06","slug":"gv350mg","status":"publish","type":"product","link":"https:\/\/www.emprenet.com.mx\/en\/tienda\/queclink\/gv350mg\/","title":{"rendered":"GV350MG"},"content":{"rendered":"<p>Especificaciones LTE<\/p>\n<table width=\"100%\">\n<tbody>\n<tr>\n<td width=\"30%\"><strong>Banda operativa<\/strong><\/td>\n<td width=\"70%\">Cat M1\/Cat NB1:<br \/>\nLTE-FDD: B1\/ B2\/ B3\/ B4\/ B5\/ B8\/ B12\/ B13\/ B18\/ B19\/ B20\/ B25\/ B28<\/td>\n<\/tr>\n<tr>\n<td width=\"30%\"><strong>Transmisi\u00f3n de datos<\/strong><\/td>\n<td width=\"70%\">eMTC (DL) 375 Kbps<br \/>\neMTC (UL) 375 Kbps<br \/>\nNB1 (DL) 32 Kbps<br \/>\nNB1 (UL) 70 Kbps<\/td>\n<\/tr>\n<\/tbody>\n<\/table>\n<p>Especificaciones EGPRS<\/p>\n<table width=\"100%\">\n<tbody>\n<tr>\n<td width=\"30%\"><strong>Frecuencia<\/strong><\/td>\n<td width=\"70%\">850 \/ 900 \/ 1800 \/ 1900 MHz<\/td>\n<\/tr>\n<tr>\n<td width=\"30%\"><strong>Transmisi\u00f3n de datos<\/strong><\/td>\n<td width=\"70%\">GPRS multi ranura clase 33 (33 por defecto)<br \/>\nEDGE multi ranura clase 33 (33 por defecto)<\/td>\n<\/tr>\n<\/tbody>\n<\/table>\n<p>Especificaciones GNSS<\/p>\n<table width=\"100%\">\n<tbody>\n<tr>\n<td width=\"30%\"><strong>Tipo de receptor GNSS<\/strong><\/td>\n<td width=\"70%\">Receptor GNSS u-blox All-in-One<\/td>\n<\/tr>\n<tr>\n<td width=\"30%\"><strong>Sensibilidad<\/strong><\/td>\n<td width=\"70%\">Aut\u00f3nomo: -147 dBm<br \/>\nInicio en caliente: -156 dBm<br \/>\nReadquisici\u00f3n: -160 dBm<br \/>\nRastreo: -162 dBm<\/td>\n<\/tr>\n<tr>\n<td width=\"30%\"><strong>Precisi\u00f3n de posici\u00f3n (CEP)<\/strong><\/td>\n<td width=\"70%\">Aut\u00f3nomo: &lt; 2.5m<\/td>\n<\/tr>\n<tr>\n<td width=\"30%\"><strong>TTFF (Cielo despejado)<\/strong><\/td>\n<td width=\"70%\">Inicio en fr\u00edo: 27s promedio<br \/>\nInicio reciente: 27s promedio<br \/>\nInicio en caliente: 1s promedio<\/td>\n<\/tr>\n<\/tbody>\n<\/table>\n<p>Especificaciones generales<\/p>\n<table width=\"100%\">\n<tbody>\n<tr>\n<td width=\"30%\"><strong>Dimensiones<\/strong><\/td>\n<td width=\"70%\">80 x 48 x 25mm<br \/>\n3.15\u201d(L) x 1.8\u201d(W) x 0.9\u201d(H)<\/td>\n<\/tr>\n<tr>\n<td width=\"30%\"><strong>Peso<\/strong><\/td>\n<td width=\"70%\">75g (2.65oz)<\/td>\n<\/tr>\n<tr>\n<td width=\"30%\"><strong>Bater\u00eda<\/strong><\/td>\n<td width=\"70%\">Pol\u00edmero de Litio 250 mAh<\/td>\n<\/tr>\n<tr>\n<td width=\"30%\"><strong>Voltaje de operaci\u00f3n<\/strong><\/td>\n<td width=\"70%\">8V a 32V CD<\/td>\n<\/tr>\n<tr>\n<td width=\"30%\"><strong>Temperatura de operaci\u00f3n<\/strong><\/td>\n<td width=\"70%\">-30\u00b0C ~ +80\u00b0C<br \/>\n-40\u2103 ~ +80\u2103 para almacenamiento<\/td>\n<\/tr>\n<tr>\n<td width=\"30%\"><strong>Humedad de operaci\u00f3n<\/strong><\/td>\n<td width=\"70%\">0% ~ 95% sin condensaci\u00f3n<\/td>\n<\/tr>\n<tr>\n<td width=\"30%\"><strong>Mensaje de b\u00fafer<\/strong><\/td>\n<td width=\"70%\">Hasta 10.000 mensajes en el b\u00fafer de datos<\/td>\n<\/tr>\n<\/tbody>\n<\/table>\n<p>Interfaces<\/p>\n<table width=\"100%\">\n<tbody>\n<tr>\n<td width=\"30%\"><strong>Entradas digitales<\/strong><\/td>\n<td width=\"70%\">1 entrada digital positiva para la detecci\u00f3n de ignici\u00f3n<br \/>\n3 entradas digitales negativas para uso com\u00fan<\/td>\n<\/tr>\n<tr>\n<td width=\"30%\"><strong>Salidas digitales<\/strong><\/td>\n<td width=\"70%\">1 salida digital, colector\/drenaje abierto, m\u00e1xima corriente de salida 150 mA<\/td>\n<\/tr>\n<tr>\n<td width=\"30%\"><strong>Salidas digitales (Latched)<\/strong><\/td>\n<td width=\"70%\">1 salida digital con circuito de cierre interno, colector\/drenaje abierto, m\u00e1xima corriente de salida 150 mA<\/td>\n<\/tr>\n<tr>\n<td width=\"30%\"><strong>Entrada\/salida configurable<\/strong><\/td>\n<td width=\"70%\">1 conector E\/S especial que puede ser configurado como una entrada anal\u00f3gica de 0V-32V o una salida con colector\/drenaje abierto y con una corriente de accionamiento m\u00e1xima de 150 mA<\/td>\n<\/tr>\n<tr>\n<td width=\"30%\"><strong>Puertos seriales<\/strong><\/td>\n<td width=\"70%\">2 puertos seriales RS232 en un conector tipo molex de 16 pines para dispositivos externos<\/td>\n<\/tr>\n<tr>\n<td width=\"30%\"><strong>Interfaz bus CAN<\/strong><\/td>\n<td width=\"70%\">CAN 2.0A\/B, SAE J1939<\/td>\n<\/tr>\n<tr>\n<td width=\"30%\"><strong>Interfaz 1-wire<\/strong><\/td>\n<td width=\"70%\">Compatible con el sensor de temperatura de 1-Wire y el identificador de conductor iButton (m\u00e1ximo 8 canales)<\/td>\n<\/tr>\n<tr>\n<td width=\"30%\"><strong>Antena GSM<\/strong><\/td>\n<td width=\"70%\">Interna<\/td>\n<\/tr>\n<tr>\n<td width=\"30%\"><strong>Antena GNSS<\/strong><\/td>\n<td width=\"70%\">Antena interna de tipo parche y antena externa opcional (conector tipo SMA)<\/td>\n<\/tr>\n<tr>\n<td width=\"30%\"><strong>Indicador LED<\/strong><\/td>\n<td width=\"70%\">CEL, GNSS, PWR<\/td>\n<\/tr>\n<tr>\n<td width=\"30%\"><strong>Interfaz Mini USB<\/strong><\/td>\n<td width=\"70%\">Para actualizaci\u00f3n y configuraci\u00f3n<\/td>\n<\/tr>\n<\/tbody>\n<\/table>\n<p>Protocolo de comunicaciones<\/p>\n<table width=\"100%\">\n<tbody>\n<tr>\n<td width=\"30%\"><strong>Protocolo de transmisi\u00f3n<\/strong><\/td>\n<td width=\"70%\">TCP, UDP, SMS<\/td>\n<\/tr>\n<tr>\n<td width=\"30%\"><strong>Reporte programable<\/strong><\/td>\n<td width=\"70%\">Reporta el estado del dispositivo y la posici\u00f3n basado en los par\u00e1metros de distancia, intervalos de tiempo preestablecidos, kilometraje o una combinaci\u00f3n de estos.<\/td>\n<\/tr>\n<tr>\n<td width=\"30%\"><strong>Geo cercas<\/strong><\/td>\n<td width=\"70%\">Alarma de geovalla, admite hasta 20 cercas geogr\u00e1ficas circulares y 20 poligonales<\/td>\n<\/tr>\n<tr>\n<td width=\"30%\"><strong>Reporte de encendido<\/strong><\/td>\n<td width=\"70%\">Reporta cuando el dispositivo se enciende<\/td>\n<\/tr>\n<tr>\n<td width=\"30%\"><strong>Alerta de arrastre<\/strong><\/td>\n<td width=\"70%\">Alerta basada en aceler\u00f3metro de 3 ejes<\/td>\n<\/tr>\n<tr>\n<td width=\"30%\"><strong>Monitoreo de h\u00e1bitos de manejo<\/strong><\/td>\n<td width=\"70%\">Detecci\u00f3n de conductas agresivas, incluyendo frenado brusco, aceleraci\u00f3n brusca, etc.<\/td>\n<\/tr>\n<tr>\n<td width=\"30%\"><strong>Detecci\u00f3n de choque<\/strong><\/td>\n<td width=\"70%\">Recopilaci\u00f3n de datos de accidentes para la reconstrucci\u00f3n y an\u00e1lisis de los mismos<\/td>\n<\/tr>\n<tr>\n<td width=\"30%\"><strong>Alerta especial<\/strong><\/td>\n<td width=\"70%\">Alerta especial basada en la activaci\u00f3n de la entrada digital<\/td>\n<\/tr>\n<tr>\n<td width=\"30%\"><strong>Activaci\u00f3n remota<\/strong><\/td>\n<td width=\"70%\">Capacidad de controlar las salidas digitales de manera remota<\/td>\n<\/tr>\n<\/tbody>\n<\/table>\n<p>&nbsp;<\/p>\n<p><a href=\"https:\/\/www.emprenet.com.mx\/wp-content\/uploads\/2022\/04\/GV350MG.pdf\">Ficha tecnica GV350MG<\/a><\/p>","protected":false},"excerpt":{"rendered":"<h3>Ver:\u00a0<strong><a href=\"https:\/\/www.emprenet.com.mx\/wp-content\/uploads\/2022\/04\/GV350MG.pdf\">Ficha tecnica GV350MG<\/a><\/strong><\/h3>\n<p>El GV350MG mejora sobre la base del GV300 tomando en cuenta los comentarios y sugerencias de nuestros clientes y a\u00f1adiendo capacidad LTE al exitoso GV300 2G. La interfaz CAN del GV350MG puede personalizarse para cumplir \u00edntegramente con los protocolos espec\u00edficos requeridos por nuestros clientes. Esta personalizaci\u00f3n de la interfaz se ha utilizado en la integraci\u00f3n de tractores y otras situaciones \u00fanicas con requisitos espec\u00edficos de CAN. Los camiones pesados que incorporan el protocolo FMS J1939 pueden integrarse con los m\u00faltiples accesorios del GV350MG, como el control de doble tanque de combustible, los productos FMI de Garmin, las c\u00e1maras y los extensores de E\/S de Queclink.<\/p>\n<p>&nbsp;<\/p>","protected":false},"featured_media":3027,"template":"","meta":{"content-type":"","_monsterinsights_skip_tracking":false,"_monsterinsights_sitenote_active":false,"_monsterinsights_sitenote_note":"","_monsterinsights_sitenote_category":0},"product_brand":[],"product_cat":[70],"product_tag":[188,28,315,204],"class_list":{"0":"post-3026","1":"product","2":"type-product","3":"status-publish","4":"has-post-thumbnail","6":"product_cat-queclink","7":"product_tag-canbus","8":"product_tag-gps","9":"product_tag-gv350mg","10":"product_tag-queclink","11":"grve-entry-item","13":"first","14":"instock","15":"taxable","16":"shipping-taxable","17":"purchasable","18":"product-type-simple"},"_links":{"self":[{"href":"https:\/\/www.emprenet.com.mx\/en\/wp-json\/wp\/v2\/product\/3026","targetHints":{"allow":["GET"]}}],"collection":[{"href":"https:\/\/www.emprenet.com.mx\/en\/wp-json\/wp\/v2\/product"}],"about":[{"href":"https:\/\/www.emprenet.com.mx\/en\/wp-json\/wp\/v2\/types\/product"}],"wp:featuredmedia":[{"embeddable":true,"href":"https:\/\/www.emprenet.com.mx\/en\/wp-json\/wp\/v2\/media\/3027"}],"wp:attachment":[{"href":"https:\/\/www.emprenet.com.mx\/en\/wp-json\/wp\/v2\/media?parent=3026"}],"wp:term":[{"taxonomy":"product_brand","embeddable":true,"href":"https:\/\/www.emprenet.com.mx\/en\/wp-json\/wp\/v2\/product_brand?post=3026"},{"taxonomy":"product_cat","embeddable":true,"href":"https:\/\/www.emprenet.com.mx\/en\/wp-json\/wp\/v2\/product_cat?post=3026"},{"taxonomy":"product_tag","embeddable":true,"href":"https:\/\/www.emprenet.com.mx\/en\/wp-json\/wp\/v2\/product_tag?post=3026"}],"curies":[{"name":"wp","href":"https:\/\/api.w.org\/{rel}","templated":true}]}}