{"id":3231,"date":"2022-04-22T18:45:28","date_gmt":"2022-04-22T18:45:28","guid":{"rendered":"https:\/\/www.emprenet.com.mx\/?post_type=product&#038;p=3231"},"modified":"2025-05-28T17:21:31","modified_gmt":"2025-05-28T17:21:31","slug":"can100_std","status":"publish","type":"product","link":"https:\/\/www.emprenet.com.mx\/en\/tienda\/queclink\/can100_std\/","title":{"rendered":"CAN100_STD"},"content":{"rendered":"<table width=\"100%\">\n<tbody>\n<tr>\n<td width=\"30%\">Dimensiones<\/td>\n<td width=\"70%\">2.72\u2019\u2019(L)\u00d71.95\u2019\u2019(W)\u00d70.71\u2019\u2019(H)<br \/>\n(69\u00d749.5\u00d718mm)<\/td>\n<\/tr>\n<tr>\n<td width=\"30%\">Voltaje de la fuente de alimentaci\u00f3n<\/td>\n<td width=\"70%\">7V~36V DC<\/td>\n<\/tr>\n<tr>\n<td width=\"30%\">Temperatura de funcionamiento<\/td>\n<td width=\"70%\">-40\u2103~+80\u2103<\/td>\n<\/tr>\n<tr>\n<td width=\"30%\">Consumo de corriente<\/td>\n<td width=\"70%\">6,5mA (modo de operaci\u00f3n @12V)<br \/>\n4mA (modo de operaci\u00f3n @24V)<br \/>\n&lt;1mA (modo hibernaci\u00f3n)<\/td>\n<\/tr>\n<tr>\n<td width=\"30%\">Corriente de salida<\/td>\n<td width=\"70%\">50mA (salida OUT1, OUT2, OUT3)<\/td>\n<\/tr>\n<\/tbody>\n<\/table>\n<p>Interface<\/p>\n<table width=\"100%\">\n<tbody>\n<tr>\n<td width=\"30%\"><strong>CAN100 STD<\/strong><\/td>\n<td width=\"70%\">Puerto serial compatible RS232<\/td>\n<\/tr>\n<tr>\n<td width=\"30%\"><strong>CAN100 INV<\/strong><\/td>\n<td width=\"70%\">Puerto serial compatible UART<\/td>\n<\/tr>\n<tr>\n<td width=\"30%\"><strong>CAN100 INV with Cable<\/strong><\/td>\n<td width=\"70%\">Puerto serial compatible UART<\/p>\n<p>Con cable UART incluido<\/td>\n<\/tr>\n<\/tbody>\n<\/table>","protected":false},"excerpt":{"rendered":"<p>El CAN100 decodifica la informaci\u00f3n de los Bus digitales de los veh\u00edculos (CANBus y J1708) para el monitoreo de los mismos. El CAN100 proporciona informaci\u00f3n que indica el estado actual del veh\u00edculo, incluyendo el od\u00f3metro del veh\u00edculo, el nivel de combustible, la velocidad del motor, la temperatura del motor y el estado de las puertas. Este accesorio est\u00e1 disponible en tres versiones: 1. CAN100 STD, adecuado para los dispositivos GV350MG, GV300, GV300W, GV75 y GV75W 2. CAN100 INV, adecuado para los dispositivos GV300, GV65 y GV65 Plus 3. CAN100 INV con cable, adecuado para los dispositivos GV300, GV65 y GV65 Plus<\/p>","protected":false},"featured_media":3232,"template":"","meta":{"content-type":"","_monsterinsights_skip_tracking":false,"_monsterinsights_sitenote_active":false,"_monsterinsights_sitenote_note":"","_monsterinsights_sitenote_category":0},"product_brand":[],"product_cat":[70],"product_tag":[207,314,204],"class_list":{"0":"post-3231","1":"product","2":"type-product","3":"status-publish","4":"has-post-thumbnail","6":"product_cat-queclink","7":"product_tag-accesorios","8":"product_tag-can-100","9":"product_tag-queclink","10":"grve-entry-item","12":"first","13":"instock","14":"taxable","15":"shipping-taxable","16":"purchasable","17":"product-type-simple"},"_links":{"self":[{"href":"https:\/\/www.emprenet.com.mx\/en\/wp-json\/wp\/v2\/product\/3231","targetHints":{"allow":["GET"]}}],"collection":[{"href":"https:\/\/www.emprenet.com.mx\/en\/wp-json\/wp\/v2\/product"}],"about":[{"href":"https:\/\/www.emprenet.com.mx\/en\/wp-json\/wp\/v2\/types\/product"}],"wp:featuredmedia":[{"embeddable":true,"href":"https:\/\/www.emprenet.com.mx\/en\/wp-json\/wp\/v2\/media\/3232"}],"wp:attachment":[{"href":"https:\/\/www.emprenet.com.mx\/en\/wp-json\/wp\/v2\/media?parent=3231"}],"wp:term":[{"taxonomy":"product_brand","embeddable":true,"href":"https:\/\/www.emprenet.com.mx\/en\/wp-json\/wp\/v2\/product_brand?post=3231"},{"taxonomy":"product_cat","embeddable":true,"href":"https:\/\/www.emprenet.com.mx\/en\/wp-json\/wp\/v2\/product_cat?post=3231"},{"taxonomy":"product_tag","embeddable":true,"href":"https:\/\/www.emprenet.com.mx\/en\/wp-json\/wp\/v2\/product_tag?post=3231"}],"curies":[{"name":"wp","href":"https:\/\/api.w.org\/{rel}","templated":true}]}}