{"id":3928,"date":"2022-08-02T16:20:05","date_gmt":"2022-08-02T16:20:05","guid":{"rendered":"https:\/\/www.emprenet.com.mx\/?post_type=product&#038;p=3928"},"modified":"2025-05-08T21:27:47","modified_gmt":"2025-05-08T21:27:47","slug":"cbp-adaptador-de-energia","status":"publish","type":"product","link":"https:\/\/www.emprenet.com.mx\/en\/tienda\/queclink\/cbp-adaptador-de-energia\/","title":{"rendered":"CBP Adaptador de energ\u00eda"},"content":{"rendered":"<p>Adaptador de energ\u00eda para la bater\u00eda del veh\u00edculo<\/p>","protected":false},"excerpt":{"rendered":"<p>El adaptador de energ\u00eda para la bater\u00eda del veh\u00edculo (CBP) es un convertidor robusto para los productos de la serie GL300.<\/p>","protected":false},"featured_media":3929,"template":"","meta":{"content-type":"","_monsterinsights_skip_tracking":false,"_monsterinsights_sitenote_active":false,"_monsterinsights_sitenote_note":"","_monsterinsights_sitenote_category":0},"product_brand":[],"product_cat":[70],"product_tag":[193,289,306,307,204],"class_list":{"0":"post-3928","1":"product","2":"type-product","3":"status-publish","4":"has-post-thumbnail","6":"product_cat-queclink","7":"product_tag-accesorio","8":"product_tag-adaptador","9":"product_tag-cbp","10":"product_tag-eneria","11":"product_tag-queclink","12":"grve-entry-item","14":"first","15":"instock","16":"taxable","17":"shipping-taxable","18":"purchasable","19":"product-type-simple"},"_links":{"self":[{"href":"https:\/\/www.emprenet.com.mx\/en\/wp-json\/wp\/v2\/product\/3928","targetHints":{"allow":["GET"]}}],"collection":[{"href":"https:\/\/www.emprenet.com.mx\/en\/wp-json\/wp\/v2\/product"}],"about":[{"href":"https:\/\/www.emprenet.com.mx\/en\/wp-json\/wp\/v2\/types\/product"}],"wp:featuredmedia":[{"embeddable":true,"href":"https:\/\/www.emprenet.com.mx\/en\/wp-json\/wp\/v2\/media\/3929"}],"wp:attachment":[{"href":"https:\/\/www.emprenet.com.mx\/en\/wp-json\/wp\/v2\/media?parent=3928"}],"wp:term":[{"taxonomy":"product_brand","embeddable":true,"href":"https:\/\/www.emprenet.com.mx\/en\/wp-json\/wp\/v2\/product_brand?post=3928"},{"taxonomy":"product_cat","embeddable":true,"href":"https:\/\/www.emprenet.com.mx\/en\/wp-json\/wp\/v2\/product_cat?post=3928"},{"taxonomy":"product_tag","embeddable":true,"href":"https:\/\/www.emprenet.com.mx\/en\/wp-json\/wp\/v2\/product_tag?post=3928"}],"curies":[{"name":"wp","href":"https:\/\/api.w.org\/{rel}","templated":true}]}}