{"id":9573,"date":"2023-03-27T23:20:49","date_gmt":"2023-03-27T23:20:49","guid":{"rendered":"https:\/\/www.emprenet.com.mx\/?post_type=product&#038;p=9573"},"modified":"2024-07-11T16:47:12","modified_gmt":"2024-07-11T16:47:12","slug":"tat100","status":"publish","type":"product","link":"https:\/\/www.emprenet.com.mx\/en\/tienda\/teltonika\/tat100\/","title":{"rendered":"TAT100"},"content":{"rendered":"<p>\u00daNICA PIEZA DISPONIBLE<\/p>\n<table id=\"features_info_table\">\n<tbody>\n<tr>\n<td class=\"table-header\" colspan=\"2\"><strong>HARDWARE<\/strong><\/td>\n<\/tr>\n<\/tbody>\n<tbody>\n<tr>\n<td>M\u00f3dulo<\/td>\n<td>Teltonika TM2500<\/td>\n<\/tr>\n<\/tbody>\n<tbody>\n<tr>\n<td>Tecnolog\u00eda<\/td>\n<td>GSM\/GPRS\/GNSS<\/td>\n<\/tr>\n<\/tbody>\n<tbody>\n<tr>\n<td>GNSS<\/td>\n<td>GPS, GLONASS, GALILEO, BEIDOU, SBAS, QZSS, DGPS, AGPS<\/td>\n<\/tr>\n<\/tbody>\n<tbody>\n<tr>\n<td>Fuentes<\/td>\n<td>GNSS, LBS<\/td>\n<\/tr>\n<\/tbody>\n<tbody>\n<tr>\n<td>Receptor<\/td>\n<td>33 channel<\/td>\n<\/tr>\n<\/tbody>\n<tbody>\n<tr>\n<td>Sensibilidad de Tracking<\/td>\n<td>-165 dBm<\/td>\n<\/tr>\n<\/tbody>\n<tbody>\n<tr>\n<td>Celular<\/td>\n<td>Quad-band GSM 850 \/ 900 \/ 1800 \/ 1900 MHz<br \/>\nGPRS Multi-Slot Class 12 (up to 440 kbps)<br \/>\nGPRS Mobile Station Class B<\/td>\n<\/tr>\n<\/tbody>\n<tbody>\n<tr>\n<td>Energ\u00eda<\/td>\n<td>Alimentaci\u00f3n Bater\u00eda intercambiable Li-SOCl2 de autodescarga extremadamente baja, 7.2V 2200mAh (15,84Wh)<\/td>\n<\/tr>\n<\/tbody>\n<tbody>\n<tr>\n<td>Antena<\/td>\n<td>GNSS Internal High Gain), GSM (Internal High Gain)<\/td>\n<\/tr>\n<\/tbody>\n<tbody>\n<tr>\n<td>Interface<\/td>\n<td>Interfaz Conjunto de chips Bluetooth BlueNRG-232 de consumo ultrabajo,\u00a0 2.0 micro-USB, Slot Interno eSIM,<br \/>\n128 MB Memoria interna flash (220\u2018000 records), Bot\u00f3n \u201cReset\u201d<\/td>\n<\/tr>\n<\/tbody>\n<tbody>\n<tr>\n<td>Sensors<\/td>\n<td>Aceler\u00f3metro integrado<\/td>\n<\/tr>\n<\/tbody>\n<tbody>\n<tr>\n<td>External<\/td>\n<td>Bluetooth Sensors (up to BLE 5.0)<\/td>\n<\/tr>\n<\/tbody>\n<tbody>\n<tr>\n<td class=\"table-header\" colspan=\"2\">&nbsp;<\/p>\n<p><strong>SOFTWARE<\/strong><\/td>\n<\/tr>\n<\/tbody>\n<tbody>\n<tr>\n<td>Escenarios<\/td>\n<td>Escenarios Detecci\u00f3n de manipulaci\u00f3n mejorada, activaci\u00f3n del aceler\u00f3metro, GNSS y LBS, seguimiento en interiores, sensor Bluetooth\u00a0(Luz, Temperatura, Humedad, etc.). Modo de recuperaci\u00f3n, Geo-cerca manual, Detecci\u00f3n de movimiento,<br \/>\nProgramador con zonas horarias, Seguimiento en parada \/ en movimiento, Seguimiento de copia de seguridad, Navegaci\u00f3n est\u00e1tica.<\/td>\n<\/tr>\n<\/tbody>\n<tbody>\n<tr>\n<td>Env\u00edo de datos<\/td>\n<td>Servidores principal, duplicado y de respaldo<\/td>\n<\/tr>\n<\/tbody>\n<tbody>\n<tr>\n<td>Configurac\u00f3n y actualizaci\u00f3n de firmware<\/td>\n<td>Configuraci\u00f3n y actualizaci\u00f3n de firmware FOTA Web (soluci\u00f3n basada en la nube)<\/td>\n<\/tr>\n<\/tbody>\n<tbody>\n<tr>\n<td>Protocolos<\/td>\n<td>UDP\/TCP\/SMS<\/td>\n<\/tr>\n<\/tbody>\n<tbody>\n<tr>\n<td>Seguridad<\/td>\n<td>Contrase\u00f1a de configuraci\u00f3n<br \/>\nSMS de inicio de sesi\u00f3n y contrase\u00f1a<br \/>\nLista de n\u00fameros GSM autorizados<\/td>\n<\/tr>\n<\/tbody>\n<tbody>\n<tr>\n<td class=\"table-header\" colspan=\"2\">&nbsp;<\/p>\n<p>Especificaciones<\/td>\n<\/tr>\n<\/tbody>\n<tbody>\n<tr>\n<td>Dimensiones<\/td>\n<td>78 x 63 x 28 mm (L x W x H)<\/td>\n<\/tr>\n<\/tbody>\n<tbody>\n<tr>\n<td>Protecci\u00f3n<\/td>\n<td>IP68<\/td>\n<\/tr>\n<\/tbody>\n<\/table>","protected":false},"excerpt":{"rendered":"<p>PIEZA \u00daNICA<\/p>\n<p><a href=\"https:\/\/www.emprenet.com.mx\/wp-content\/uploads\/2023\/03\/Datasheet-TAT100.pdf\">FICHA TECNICA: TAT100<\/a><\/p>\n<p>El TAT100 es un dispositivo de seguimiento de activos con bater\u00eda interna que puede durar hasta 1 a\u00f1o mientras se env\u00edan datos una vez al d\u00eda.\u00a0Es perfecto para seguimiento de paquetes, alquiler, generadores, seguimiento de herramientas, seguimiento de contenedores, monitoreo de equipos de construcci\u00f3n.<\/p>\n<p>Es resistente al agua y al polvo para integraciones exteriores (IP67), adem\u00e1s su\u00a0actualizaci\u00f3n OTA es pr\u00e1ctica (sobre el aire) a trav\u00e9s de aplicaciones f\u00e1ciles de usar.\u00a0El dispositivo utiliza un chipset BlueNRG-232 de baja potencia, m\u00f3dulo TM2500, GNSS, antenas GSM, 2 bater\u00edas Li-SOCl2 de baja autodescarga.<\/p>","protected":false},"featured_media":9575,"template":"","meta":{"content-type":"","_monsterinsights_skip_tracking":false,"_monsterinsights_sitenote_active":false,"_monsterinsights_sitenote_note":"","_monsterinsights_sitenote_category":0},"product_brand":[],"product_cat":[74],"product_tag":[],"class_list":{"0":"post-9573","1":"product","2":"type-product","3":"status-publish","4":"has-post-thumbnail","6":"product_cat-teltonika","7":"grve-entry-item","9":"first","10":"outofstock","11":"taxable","12":"shipping-taxable","13":"purchasable","14":"product-type-simple"},"_links":{"self":[{"href":"https:\/\/www.emprenet.com.mx\/en\/wp-json\/wp\/v2\/product\/9573","targetHints":{"allow":["GET"]}}],"collection":[{"href":"https:\/\/www.emprenet.com.mx\/en\/wp-json\/wp\/v2\/product"}],"about":[{"href":"https:\/\/www.emprenet.com.mx\/en\/wp-json\/wp\/v2\/types\/product"}],"wp:featuredmedia":[{"embeddable":true,"href":"https:\/\/www.emprenet.com.mx\/en\/wp-json\/wp\/v2\/media\/9575"}],"wp:attachment":[{"href":"https:\/\/www.emprenet.com.mx\/en\/wp-json\/wp\/v2\/media?parent=9573"}],"wp:term":[{"taxonomy":"product_brand","embeddable":true,"href":"https:\/\/www.emprenet.com.mx\/en\/wp-json\/wp\/v2\/product_brand?post=9573"},{"taxonomy":"product_cat","embeddable":true,"href":"https:\/\/www.emprenet.com.mx\/en\/wp-json\/wp\/v2\/product_cat?post=9573"},{"taxonomy":"product_tag","embeddable":true,"href":"https:\/\/www.emprenet.com.mx\/en\/wp-json\/wp\/v2\/product_tag?post=9573"}],"curies":[{"name":"wp","href":"https:\/\/api.w.org\/{rel}","templated":true}]}}