{"id":9583,"date":"2023-03-27T23:36:38","date_gmt":"2023-03-27T23:36:38","guid":{"rendered":"https:\/\/www.emprenet.com.mx\/?post_type=product&#038;p=9583"},"modified":"2025-06-04T16:33:03","modified_gmt":"2025-06-04T16:33:03","slug":"fmc920","status":"publish","type":"product","link":"https:\/\/www.emprenet.com.mx\/en\/tienda\/teltonika\/fmc920\/","title":{"rendered":"FMC920"},"content":{"rendered":"","protected":false},"excerpt":{"rendered":"<p><a href=\"https:\/\/www.emprenet.com.mx\/wp-content\/uploads\/2023\/03\/Datasheet-FMC920.pdf\">FICHA TECNICA: FMC920<\/a><\/p>\n<p>Teltonika FMC920 es un rastreador peque\u00f1o e inteligente con conectividad Bluetooth, antenas internas GNSS y GSM de alta ganancia y una bater\u00eda de respaldo integrada. La tecnolog\u00eda 4G Cat 1 ofrece un ancho de banda mucho mayor, una latencia m\u00e1s baja y una eficiencia de espectro mejorada.<\/p>\n<p>Todas las interfaces que tiene son m\u00e1s que suficientes para un seguimiento b\u00e1sico. La entrada digital se puede usar para monitorear el estado del encendido, la puerta o el bot\u00f3n de alarma, mientras que la inmovilizaci\u00f3n remota del veh\u00edculo se puede lograr usando la salida digital del dispositivo. Al mismo tiempo, la entrada anal\u00f3gica ampl\u00eda los escenarios de uso del dispositivo con control de temperatura, humedad, nivel de l\u00edquido y muchos m\u00e1s.<\/p>\n<p>&nbsp;<\/p>","protected":false},"featured_media":9584,"template":"","meta":{"content-type":"","_monsterinsights_skip_tracking":false,"_monsterinsights_sitenote_active":false,"_monsterinsights_sitenote_note":"","_monsterinsights_sitenote_category":0},"product_brand":[],"product_cat":[74],"product_tag":[281,28,176,239],"class_list":{"0":"post-9583","1":"product","2":"type-product","3":"status-publish","4":"has-post-thumbnail","6":"product_cat-teltonika","7":"product_tag-fmc920","8":"product_tag-gps","9":"product_tag-mas-vendidos","10":"product_tag-teltonika","11":"grve-entry-item","13":"first","14":"instock","15":"taxable","16":"shipping-taxable","17":"purchasable","18":"product-type-simple"},"_links":{"self":[{"href":"https:\/\/www.emprenet.com.mx\/en\/wp-json\/wp\/v2\/product\/9583","targetHints":{"allow":["GET"]}}],"collection":[{"href":"https:\/\/www.emprenet.com.mx\/en\/wp-json\/wp\/v2\/product"}],"about":[{"href":"https:\/\/www.emprenet.com.mx\/en\/wp-json\/wp\/v2\/types\/product"}],"wp:featuredmedia":[{"embeddable":true,"href":"https:\/\/www.emprenet.com.mx\/en\/wp-json\/wp\/v2\/media\/9584"}],"wp:attachment":[{"href":"https:\/\/www.emprenet.com.mx\/en\/wp-json\/wp\/v2\/media?parent=9583"}],"wp:term":[{"taxonomy":"product_brand","embeddable":true,"href":"https:\/\/www.emprenet.com.mx\/en\/wp-json\/wp\/v2\/product_brand?post=9583"},{"taxonomy":"product_cat","embeddable":true,"href":"https:\/\/www.emprenet.com.mx\/en\/wp-json\/wp\/v2\/product_cat?post=9583"},{"taxonomy":"product_tag","embeddable":true,"href":"https:\/\/www.emprenet.com.mx\/en\/wp-json\/wp\/v2\/product_tag?post=9583"}],"curies":[{"name":"wp","href":"https:\/\/api.w.org\/{rel}","templated":true}]}}