{"id":9588,"date":"2023-03-27T23:46:01","date_gmt":"2023-03-27T23:46:01","guid":{"rendered":"https:\/\/www.emprenet.com.mx\/?post_type=product&#038;p=9588"},"modified":"2025-03-04T17:28:51","modified_gmt":"2025-03-04T17:28:51","slug":"rut955","status":"publish","type":"product","link":"https:\/\/www.emprenet.com.mx\/en\/tienda\/teltonika\/rut955\/","title":{"rendered":"RUT955"},"content":{"rendered":"","protected":false},"excerpt":{"rendered":"<h3 class=\"font-oswald font-semibold text-3.5xl md:text-6xl md:leading-72 uppercase md:mb-2 md:font-bold\"><a href=\"https:\/\/www.emprenet.com.mx\/wp-content\/uploads\/2023\/03\/rut955-datasheet-v13.pdf\">FICHA TECNICA: RUT955<\/a><\/h3>\n<div class=\"font-bold text-sm md:mb-2\"><strong>ROUTER CELULAR INDUSTRIAL<\/strong><\/div>\n<div class=\"font-semibold text-base hidden md:block\">El RUT955 ofrece una conexi\u00f3n celular doble SIM, cuatro puertos Ethernet y Wi-Fi combinados con interfaces RS232, RS485, USB y entradas\/salidas para una incre\u00edble variedad de escenarios de aplicaciones profesionales. Este router incluye funciones de software avanzadas de RutOS, como Modbus, SNMP, TR-069, NTRIP, compatibilidad con protocolos MQTT y funciones de seguimiento GNSS.<\/div>\n<div><\/div>\n<div>\n<div class=\"font-oswald text-2xl md:text-3.5xl font-semibold mb-2 md:mb-0 uppercase\"><strong>CONECTIVIDAD<\/strong><\/div>\n<div class=\"text-sm md:text-base\">4G LTE (Cat 4), 3G, 2G<\/div>\n<div>\n<div class=\"font-oswald text-2xl md:text-3.5xl font-semibold mb-2 md:mb-0 uppercase\"><strong>DOBLE SIM<\/strong><\/div>\n<div class=\"text-sm md:text-base\">Con conmutaci\u00f3n autom\u00e1tica por error, WAN de reserva y otros escenarios de conmutaci\u00f3n<\/div>\n<div>\n<div class=\"font-oswald text-2xl md:text-3.5xl font-semibold mb-2 md:mb-0 uppercase\"><strong>M\u00daLTIPLES INTERFACES<\/strong><\/div>\n<div class=\"text-sm md:text-base\">Ethernet, serie (RS232, RS485) y m\u00faltiples entradas\/salidas<\/div>\n<div>\n<div class=\"font-oswald text-2xl md:text-3.5xl font-semibold mb-2 md:mb-0 uppercase\"><strong>GNSS<\/strong><\/div>\n<div class=\"text-sm md:text-base\">Sistema Mundial de Navegaci\u00f3n por Sat\u00e9lite para servicios de localizaci\u00f3n y sincronizaci\u00f3n horaria<\/div>\n<\/div>\n<\/div>\n<\/div>\n<\/div>","protected":false},"featured_media":9589,"template":"","meta":{"content-type":"","_monsterinsights_skip_tracking":false,"_monsterinsights_sitenote_active":false,"_monsterinsights_sitenote_note":"","_monsterinsights_sitenote_category":0},"product_brand":[],"product_cat":[74],"product_tag":[280,239],"class_list":{"0":"post-9588","1":"product","2":"type-product","3":"status-publish","4":"has-post-thumbnail","6":"product_cat-teltonika","7":"product_tag-rut955","8":"product_tag-teltonika","9":"grve-entry-item","11":"first","12":"outofstock","13":"taxable","14":"shipping-taxable","15":"purchasable","16":"product-type-simple"},"_links":{"self":[{"href":"https:\/\/www.emprenet.com.mx\/en\/wp-json\/wp\/v2\/product\/9588","targetHints":{"allow":["GET"]}}],"collection":[{"href":"https:\/\/www.emprenet.com.mx\/en\/wp-json\/wp\/v2\/product"}],"about":[{"href":"https:\/\/www.emprenet.com.mx\/en\/wp-json\/wp\/v2\/types\/product"}],"wp:featuredmedia":[{"embeddable":true,"href":"https:\/\/www.emprenet.com.mx\/en\/wp-json\/wp\/v2\/media\/9589"}],"wp:attachment":[{"href":"https:\/\/www.emprenet.com.mx\/en\/wp-json\/wp\/v2\/media?parent=9588"}],"wp:term":[{"taxonomy":"product_brand","embeddable":true,"href":"https:\/\/www.emprenet.com.mx\/en\/wp-json\/wp\/v2\/product_brand?post=9588"},{"taxonomy":"product_cat","embeddable":true,"href":"https:\/\/www.emprenet.com.mx\/en\/wp-json\/wp\/v2\/product_cat?post=9588"},{"taxonomy":"product_tag","embeddable":true,"href":"https:\/\/www.emprenet.com.mx\/en\/wp-json\/wp\/v2\/product_tag?post=9588"}],"curies":[{"name":"wp","href":"https:\/\/api.w.org\/{rel}","templated":true}]}}