{"id":9595,"date":"2023-03-28T23:14:57","date_gmt":"2023-03-28T23:14:57","guid":{"rendered":"https:\/\/www.emprenet.com.mx\/?post_type=product&#038;p=9595"},"modified":"2025-06-04T16:31:12","modified_gmt":"2025-06-04T16:31:12","slug":"pro5-lite","status":"publish","type":"product","link":"https:\/\/www.emprenet.com.mx\/en\/tienda\/ruptela\/pro5-lite\/","title":{"rendered":"PRO5 LITE"},"content":{"rendered":"<table class=\"data-table\">\n<tbody>\n<tr class=\"odd\">\n<td class=\"spec-name\">MANUFACTURERS<\/td>\n<td class=\"spec-value\">Ruptela<\/td>\n<\/tr>\n<tr class=\"even\">\n<td class=\"spec-name\">CONNECTIVITY<\/td>\n<td class=\"spec-value\">2G GSM\/GPRS\/EDGE<\/td>\n<\/tr>\n<tr class=\"odd\">\n<td class=\"spec-name\">CONNECTIVITY<\/td>\n<td class=\"spec-value\">3G UMTS\/HSPA+<\/td>\n<\/tr>\n<tr class=\"even\">\n<td class=\"spec-name\">CONNECTIVITY<\/td>\n<td class=\"spec-value\">LTE Cat-M1<\/td>\n<\/tr>\n<tr class=\"odd\">\n<td class=\"spec-name\">POWER RANGE<\/td>\n<td class=\"spec-value\">9-32 V DC<\/td>\n<\/tr>\n<tr class=\"even\">\n<td class=\"spec-name\">BLUETOOTH<\/td>\n<td class=\"spec-value\">Yes<\/td>\n<\/tr>\n<tr class=\"odd\">\n<td class=\"spec-name\">DIGITAL INPUT<\/td>\n<td class=\"spec-value\">3<\/td>\n<\/tr>\n<tr class=\"even\">\n<td class=\"spec-name\">DIGITAL OUTPUT<\/td>\n<td class=\"spec-value\">2<\/td>\n<\/tr>\n<tr class=\"odd\">\n<td class=\"spec-name\">ANALOG INPUT<\/td>\n<td class=\"spec-value\">2<\/td>\n<\/tr>\n<tr class=\"even\">\n<td class=\"spec-name\">EXTERNAL ANTENNA<\/td>\n<td class=\"spec-value\">No<\/td>\n<\/tr>\n<tr class=\"odd\">\n<td class=\"spec-name\">1-WIRE<\/td>\n<td class=\"spec-value\">1<\/td>\n<\/tr>\n<tr class=\"even\">\n<td class=\"spec-name\">RS232\/RS485<\/td>\n<td class=\"spec-value\">No<\/td>\n<\/tr>\n<tr class=\"odd\">\n<td class=\"spec-name\">DUAL SIM<\/td>\n<td class=\"spec-value\">No<\/td>\n<\/tr>\n<tr class=\"even\">\n<td class=\"spec-name\">IGNITION DETECT<\/td>\n<td class=\"spec-value\">Yes<\/td>\n<\/tr>\n<tr class=\"odd\">\n<td class=\"spec-name\">INTERNAL BATTERY<\/td>\n<td class=\"spec-value\">Li-Polymer 3.7 V 1050 mAH<\/td>\n<\/tr>\n<tr class=\"even\">\n<td class=\"spec-name\">EXTENDED BATTERY LIFE<\/td>\n<td class=\"spec-value\">No<\/td>\n<\/tr>\n<tr class=\"odd\">\n<td class=\"spec-name\">GNSS<\/td>\n<td class=\"spec-value\">GPS, Glonass, Galileo, BaiDou<\/td>\n<\/tr>\n<tr class=\"even\">\n<td class=\"spec-name\">DRIVER BEHAVIOR<\/td>\n<td class=\"spec-value\">Yes<\/td>\n<\/tr>\n<tr class=\"odd\">\n<td class=\"spec-name\">APPLICATION<\/td>\n<td class=\"spec-value\">Safety &amp; Security<\/td>\n<\/tr>\n<tr class=\"even\">\n<td class=\"spec-name\">APPLICATION<\/td>\n<td class=\"spec-value\">Customizable With Accessories<\/td>\n<\/tr>\n<tr class=\"odd\">\n<td class=\"spec-name\">APPLICATION<\/td>\n<td class=\"spec-value\">Remote Tachograph Solution<\/td>\n<\/tr>\n<tr class=\"even\">\n<td class=\"spec-name\">APPLICATION<\/td>\n<td class=\"spec-value\">Fleet Efficiency Optimization<\/td>\n<\/tr>\n<tr class=\"odd\">\n<td class=\"spec-name\">APPLICATION<\/td>\n<td class=\"spec-value\">Fleet Management<\/td>\n<\/tr>\n<tr class=\"even\">\n<td class=\"spec-name\">APPLICATION<\/td>\n<td class=\"spec-value\">Fuel Monitoring<\/td>\n<\/tr>\n<tr class=\"odd\">\n<td class=\"spec-name\">APPLICATION<\/td>\n<td class=\"spec-value\">Cargo Conditions Monitoring<\/td>\n<\/tr>\n<tr class=\"even\">\n<td class=\"spec-name\">APPLICATION<\/td>\n<td class=\"spec-value\">Cargo Monitoring<\/td>\n<\/tr>\n<tr class=\"odd\">\n<td class=\"spec-name\">ODB\/CAN DIAGNOSTICS<\/td>\n<td class=\"spec-value\">Yes<\/td>\n<\/tr>\n<tr class=\"even\">\n<td class=\"spec-name\">CAN INTERFACE<\/td>\n<td class=\"spec-value\">2<\/td>\n<\/tr>\n<\/tbody>\n<\/table>\n<p>&nbsp;<\/p>","protected":false},"excerpt":{"rendered":"<p><a href=\"https:\/\/www.emprenet.com.mx\/wp-content\/uploads\/2023\/03\/EN-Pro5-Lite-Datasheet-1.pdf\">Ficha T\u00e9cnica: Pro5LITE<\/a><\/p>\n<p>Pro5 es un rastreador GPS avanzado para camiones, autobuses, veh\u00edculos agr\u00edcolas y otras m\u00e1quinas especializadas. Pro5 est\u00e1 dise\u00f1ado para rastrear veh\u00edculos y tareas avanzadas \u2013 lectura de datos del ordenador a bordo (CAN), seguimiento del comportamiento de los conductores, gesti\u00f3n del combustible, etc. El dispositivo puede usar redes LTE Cat M1 (4G) y Bluetooth para comunicarse.<\/p>\n<ul>\n<li>GSM (2G) &amp; LTE Cat1 (4G)\u00a0and Bluetooth<\/li>\n<li>Data reading\u00a0FMS, J1939, HCV CAN, LCV CAN, OBD\u00a0and tachograph<\/li>\n<li>Remote download of tachograph data (.ddd)<\/li>\n<li>Antenna: Internal and external (available as an additional accessory)<\/li>\n<li>Internal Battery<\/li>\n<li>2x RS232<\/li>\n<li>1x RS485<\/li>\n<li>3x\u00a0Digital Inputs<\/li>\n<li>2x\u00a0Analogic Input<\/li>\n<li>2x\u00a0Digital Output<\/li>\n<li>2\u00a0x Interfaces CAN\u00a0\u00a0(2xCAN and K-Line Interface (ObD and DTC Parameter Reading)<\/li>\n<li>1-Wire Interface<\/li>\n<li>Micro USB and 3 x LED Indicators<\/li>\n<li>Built-in 3-axis accelerometer (self-calibrated, shock detection, motion and tilt, g-force up to 4 g)<\/li>\n<li>Power range 9 \u2013 32 V DC<\/li>\n<li>Dimensions 101 x 74 x 23 mm<\/li>\n<\/ul>\n<p>&nbsp;<\/p>","protected":false},"featured_media":9597,"template":"","meta":{"content-type":"","_monsterinsights_skip_tracking":false,"_monsterinsights_sitenote_active":false,"_monsterinsights_sitenote_note":"","_monsterinsights_sitenote_category":0},"product_brand":[],"product_cat":[71],"product_tag":[189,188,28],"class_list":{"0":"post-9595","1":"product","2":"type-product","3":"status-publish","4":"has-post-thumbnail","6":"product_cat-ruptela","7":"product_tag-can","8":"product_tag-canbus","9":"product_tag-gps","10":"grve-entry-item","12":"first","13":"instock","14":"taxable","15":"shipping-taxable","16":"purchasable","17":"product-type-simple"},"_links":{"self":[{"href":"https:\/\/www.emprenet.com.mx\/en\/wp-json\/wp\/v2\/product\/9595","targetHints":{"allow":["GET"]}}],"collection":[{"href":"https:\/\/www.emprenet.com.mx\/en\/wp-json\/wp\/v2\/product"}],"about":[{"href":"https:\/\/www.emprenet.com.mx\/en\/wp-json\/wp\/v2\/types\/product"}],"wp:featuredmedia":[{"embeddable":true,"href":"https:\/\/www.emprenet.com.mx\/en\/wp-json\/wp\/v2\/media\/9597"}],"wp:attachment":[{"href":"https:\/\/www.emprenet.com.mx\/en\/wp-json\/wp\/v2\/media?parent=9595"}],"wp:term":[{"taxonomy":"product_brand","embeddable":true,"href":"https:\/\/www.emprenet.com.mx\/en\/wp-json\/wp\/v2\/product_brand?post=9595"},{"taxonomy":"product_cat","embeddable":true,"href":"https:\/\/www.emprenet.com.mx\/en\/wp-json\/wp\/v2\/product_cat?post=9595"},{"taxonomy":"product_tag","embeddable":true,"href":"https:\/\/www.emprenet.com.mx\/en\/wp-json\/wp\/v2\/product_tag?post=9595"}],"curies":[{"name":"wp","href":"https:\/\/api.w.org\/{rel}","templated":true}]}}