{"id":10283,"date":"2023-05-16T22:06:22","date_gmt":"2023-05-16T22:06:22","guid":{"rendered":"https:\/\/www.emprenet.com.mx\/?post_type=product&#038;p=10283"},"modified":"2025-08-14T18:35:26","modified_gmt":"2025-08-14T18:35:26","slug":"fuel-level-sensor-afl7-700mm","status":"publish","type":"product","link":"https:\/\/www.emprenet.com.mx\/es\/tienda\/ligo\/fuel-level-sensor-afl7-700mm\/","title":{"rendered":"FUEL LEVEL SENSOR AFL7 700MM"},"content":{"rendered":"<h4><strong>Caracter\u00edsticas:<\/strong><\/h4>\n<ul>\n<li class=\"p1\"><em>Aislamiento Galv\u00e1nico<\/em><\/li>\n<li class=\"p1\"><em>Opera en temperaturas desde los -40 a los 85\u00baC<\/em><\/li>\n<li class=\"p1\"><em>IP67 y aprueba de polvo<\/em><\/li>\n<li class=\"p1\"><em>Certificado Quatest 1<\/em><\/li>\n<li class=\"p1\"><em>Puede ser cortado o prolongado hasta 6000mm<\/em><\/li>\n<li class=\"p1\"><em>Reconoce automaticamente el corte<\/em><\/li>\n<li class=\"p1\"><em>La instalaci\u00f3n y configuraci\u00f3n se realizan a trav\u00e9s de una conexi\u00f3n a PC<\/em><\/li>\n<li class=\"p1\"><em>Precisi\u00f3n de hasta 99.5%<\/em><\/li>\n<\/ul>\n","protected":false},"excerpt":{"rendered":"<h4><strong><a href=\"https:\/\/www.emprenet.com.mx\/wp-content\/uploads\/2025\/08\/Datasheet-LIGO-PRO-AF-RS232RS485-series-EN-2023.pdf\">Consulta la ficha t\u00e9cnica dando clic aqu\u00ed<\/a><\/strong><\/h4>\n<p>El dispositivo est\u00e1 dise\u00f1ado para medir el nivel de combustible l\u00edquido y otros l\u00edquidos no conductores en los tanques del veh\u00edculo y el almacenamiento de combustible estacionario, aplicable en diferentes campos.<\/p>\n<p>En condiciones particulares, el dispositivo puede alcanzar una alta precisi\u00f3n de hasta el 99,5%.<\/p>\n<p>&nbsp;<\/p>\n<table class=\"data-table\">\n<tbody>\n<tr class=\"odd\">\n<td class=\"spec-name\">FABRICANTES<\/td>\n<td class=\"spec-value\">LIGO<\/td>\n<\/tr>\n<tr class=\"even\">\n<td class=\"spec-name\">RANGO DE PODER<\/td>\n<td class=\"spec-value\">9-37V DC<\/td>\n<\/tr>\n<tr class=\"odd\">\n<td class=\"spec-name\">CALIFICACI\u00d3N AMBIENTAL<\/td>\n<td class=\"spec-value\">IP67 (Dust proof and Water proof)<\/td>\n<\/tr>\n<\/tbody>\n<\/table>\n<p>&nbsp;<\/p>\n<p>&nbsp;<\/p>\n","protected":false},"featured_media":17118,"template":"","meta":{"content-type":"","_monsterinsights_skip_tracking":false,"_monsterinsights_sitenote_active":false,"_monsterinsights_sitenote_note":"","_monsterinsights_sitenote_category":0},"product_brand":[],"product_cat":[88],"product_tag":[277,276,275,195],"class_list":{"0":"post-10283","1":"product","2":"type-product","3":"status-publish","4":"has-post-thumbnail","6":"product_cat-ligo","7":"product_tag-afl","8":"product_tag-fuel-sensor","9":"product_tag-ligo","10":"product_tag-sensor","11":"grve-entry-item","13":"first","14":"instock","15":"taxable","16":"shipping-taxable","17":"purchasable","18":"product-type-simple"},"_links":{"self":[{"href":"https:\/\/www.emprenet.com.mx\/es\/wp-json\/wp\/v2\/product\/10283","targetHints":{"allow":["GET"]}}],"collection":[{"href":"https:\/\/www.emprenet.com.mx\/es\/wp-json\/wp\/v2\/product"}],"about":[{"href":"https:\/\/www.emprenet.com.mx\/es\/wp-json\/wp\/v2\/types\/product"}],"wp:featuredmedia":[{"embeddable":true,"href":"https:\/\/www.emprenet.com.mx\/es\/wp-json\/wp\/v2\/media\/17118"}],"wp:attachment":[{"href":"https:\/\/www.emprenet.com.mx\/es\/wp-json\/wp\/v2\/media?parent=10283"}],"wp:term":[{"taxonomy":"product_brand","embeddable":true,"href":"https:\/\/www.emprenet.com.mx\/es\/wp-json\/wp\/v2\/product_brand?post=10283"},{"taxonomy":"product_cat","embeddable":true,"href":"https:\/\/www.emprenet.com.mx\/es\/wp-json\/wp\/v2\/product_cat?post=10283"},{"taxonomy":"product_tag","embeddable":true,"href":"https:\/\/www.emprenet.com.mx\/es\/wp-json\/wp\/v2\/product_tag?post=10283"}],"curies":[{"name":"wp","href":"https:\/\/api.w.org\/{rel}","templated":true}]}}