{"id":11233,"date":"2023-07-18T16:11:11","date_gmt":"2023-07-18T16:11:11","guid":{"rendered":"https:\/\/www.emprenet.com.mx\/?post_type=product&#038;p=11233"},"modified":"2025-06-04T16:37:42","modified_gmt":"2025-06-04T16:37:42","slug":"gv350-ceu","status":"publish","type":"product","link":"https:\/\/www.emprenet.com.mx\/es\/tienda\/queclink\/gv350-ceu\/","title":{"rendered":"GV350 CEU"},"content":{"rendered":"<div class=\"et_pb_module et_pb_wc_description et_pb_wc_description_0 et_pb_bg_layout_light et_pb_text_align_left\">\n<div class=\"et_pb_module_inner\">\n<h4>Rastreador de veh\u00edculos LTE con soporte CanBus<\/h4>\n<\/div>\n<\/div>\n<div class=\"et_pb_module et_pb_text et_pb_text_0 et_pb_text_align_left et_pb_bg_layout_light et_multi_view__hover_selector\">\n<div class=\"et_pb_text_inner\" style=\"box-sizing: border-box; margin: 0px; padding: 0px; border: 0px; outline: 0px; font-size: 21px; text-size-adjust: 100%; vertical-align: baseline; background: transparent; position: relative;\" data-et-multi-view=\"{&quot;schema&quot;:{&quot;content&quot;:{&quot;desktop&quot;:&quot;&lt;p style=\\&quot;overflow: hidden; margin-bottom: 20px;\\&quot;&gt;&lt;strong style=\\&quot;font-size: 32px; float: left; width: 8%;\\&quot;&gt;1.&lt;\\\/strong&gt;LTE Cat 1 con auxiliar 2G utilizando una soluci\\u00f3n de antena \\u00fanica&lt;\\\/p&gt;\\n&lt;p style=\\&quot;overflow: hidden; margin-bottom: 20px;\\&quot;&gt;&lt;strong style=\\&quot;font-size: 32px; float: left; width: 8%;\\&quot;&gt;2.&lt;\\\/strong&gt;CANBus integrado y J1708 Bus para la lectura de datos avanzados del veh\\u00edculo&lt;\\\/p&gt;\\n&lt;p style=\\&quot;overflow: hidden; margin-bottom: 20px;\\&quot;&gt;&lt;strong style=\\&quot;font-size: 32px; float: left; width: 8%;\\&quot;&gt;3.&lt;\\\/strong&gt; M\\u00faltiples E\\\/S compatibles con diversos accesorios como sensores de control de temperatura y combustible&lt;\\\/p&gt;\\n&lt;p style=\\&quot;overflow: hidden; margin-bottom: 20px;\\&quot;&gt;&lt;strong style=\\&quot;font-size: 32px; float: left; width: 8%;\\&quot;&gt;4.&lt;\\\/strong&gt;Soporta BLE 5.2&lt;\\\/p&gt;&quot;,&quot;tablet&quot;:&quot;&quot;}},&quot;slug&quot;:&quot;et_pb_text&quot;}\" data-et-multi-view-load-tablet-hidden=\"true\">\n<h6><strong>1.LTE Cat 1 con auxiliar 2G utilizando una soluci\u00f3n de antena \u00fanica<\/strong><\/h6>\n<h6><strong>2.CANBus integrado y J1708 Bus para la lectura de datos avanzados del veh\u00edculo<\/strong><\/h6>\n<h6><strong>3.M\u00faltiples E\/S compatibles con diversos accesorios como sensores de control de temperatura y combustible<\/strong><\/h6>\n<h6><strong>4.Soporta BLE 5.2<\/strong><\/h6>\n<\/div>\n<\/div>\n","protected":false},"excerpt":{"rendered":"<h3><a href=\"https:\/\/www.emprenet.com.mx\/wp-content\/uploads\/2023\/07\/GV350CEU-with-ACC-20220715.pdf\">Ficha tecnica aqu\u00ed: GV350CEU<\/a><\/h3>\n<p>El GV350CEU es la soluci\u00f3n telem\u00e1tica m\u00e1s avanzada de nueva generaci\u00f3n equipada con LTE Cat 1 y m\u00f3dulos GNSS de posicionamiento de alta precisi\u00f3n. Es capaz de leer datos avanzados de veh\u00edculos de camiones pesados (CAN y J1708), veh\u00edculos comerciales ligeros y furgonetas de turismo sin interferir con el cableado del bus del veh\u00edculo o los puertos de datos del veh\u00edculo. Con m\u00faltiples interfaces, el dispositivo es compatible con una amplia gama de accesorios preintegrados, ya sea de Queclink o de nuestros socios seleccionados, a trav\u00e9s del puerto serie RS232 y de la interfaz de 1 hilo, proporcionando funciones adicionales como el control del nivel de combustible y la identificaci\u00f3n del conductor. Su BLE integrado permite la conectividad con diversos accesorios inal\u00e1mbricos como balizas BLE y sensores de monitorizaci\u00f3n de temperatura.<\/p>\n","protected":false},"featured_media":11235,"template":"","meta":{"content-type":"","_monsterinsights_skip_tracking":false,"_monsterinsights_sitenote_active":false,"_monsterinsights_sitenote_note":"","_monsterinsights_sitenote_category":0},"product_brand":[],"product_cat":[70],"product_tag":[188,228,28,272,204],"class_list":{"0":"post-11233","1":"product","2":"type-product","3":"status-publish","4":"has-post-thumbnail","6":"product_cat-queclink","7":"product_tag-canbus","8":"product_tag-dispositivo-de-rastreo","9":"product_tag-gps","10":"product_tag-gv350","11":"product_tag-queclink","12":"grve-entry-item","14":"first","15":"instock","16":"taxable","17":"shipping-taxable","18":"purchasable","19":"product-type-simple"},"_links":{"self":[{"href":"https:\/\/www.emprenet.com.mx\/es\/wp-json\/wp\/v2\/product\/11233","targetHints":{"allow":["GET"]}}],"collection":[{"href":"https:\/\/www.emprenet.com.mx\/es\/wp-json\/wp\/v2\/product"}],"about":[{"href":"https:\/\/www.emprenet.com.mx\/es\/wp-json\/wp\/v2\/types\/product"}],"wp:featuredmedia":[{"embeddable":true,"href":"https:\/\/www.emprenet.com.mx\/es\/wp-json\/wp\/v2\/media\/11235"}],"wp:attachment":[{"href":"https:\/\/www.emprenet.com.mx\/es\/wp-json\/wp\/v2\/media?parent=11233"}],"wp:term":[{"taxonomy":"product_brand","embeddable":true,"href":"https:\/\/www.emprenet.com.mx\/es\/wp-json\/wp\/v2\/product_brand?post=11233"},{"taxonomy":"product_cat","embeddable":true,"href":"https:\/\/www.emprenet.com.mx\/es\/wp-json\/wp\/v2\/product_cat?post=11233"},{"taxonomy":"product_tag","embeddable":true,"href":"https:\/\/www.emprenet.com.mx\/es\/wp-json\/wp\/v2\/product_tag?post=11233"}],"curies":[{"name":"wp","href":"https:\/\/api.w.org\/{rel}","templated":true}]}}