{"id":11682,"date":"2023-09-25T18:37:35","date_gmt":"2023-09-25T18:37:35","guid":{"rendered":"https:\/\/www.emprenet.com.mx\/?post_type=product&#038;p=11682"},"modified":"2025-10-22T18:51:09","modified_gmt":"2025-10-22T18:51:09","slug":"fmc150","status":"publish","type":"product","link":"https:\/\/www.emprenet.com.mx\/es\/tienda\/teltonika\/fmc150\/","title":{"rendered":"FMC150"},"content":{"rendered":"<div>\n<div class=\"has-link list-disc py-4 md:pb-8 pt-2 container\">\n<div class=\"flex md:justify-end text-gray-1 flex-col md:flex-row gap-2 md:gap-6 mb-8 last:mb-0\">\n<div class=\"font-semibold w-full max-w-[296px]\">\n<p>Name Teltonika TM2500<\/p>\n<\/div>\n<\/div>\n<div class=\"flex md:justify-end text-gray-1 flex-col md:flex-row gap-2 md:gap-6 mb-8 last:mb-0\">\n<div class=\"font-semibold w-full max-w-[296px]\">\n<p>Technology LTE Cat 1\/GSM\/GPRS\/GNSS\/BLUETOOTH<\/p>\n<div>\n<div class=\"has-link list-disc py-4 md:pb-8 pt-2 container\">\n<div class=\"flex md:justify-end text-gray-1 flex-col md:flex-row gap-2 md:gap-6 mb-8 last:mb-0\">\n<div class=\"font-semibold w-full max-w-[296px]\">\n<p>GNSS GPS, GLONASS, GALILEO, BEIDOU, SBAS, QZSS, DGPS, AGPS<\/p>\n<\/div>\n<\/div>\n<div class=\"flex md:justify-end text-gray-1 flex-col md:flex-row gap-2 md:gap-6 mb-8 last:mb-0\">\n<div class=\"font-semibold w-full max-w-[296px]\">\n<p>Tracking sensitivity -165 dBM<\/p>\n<\/div>\n<\/div>\n<div class=\"flex md:justify-end text-gray-1 flex-col md:flex-row gap-2 md:gap-6 mb-8 last:mb-0\">\n<div class=\"font-semibold w-full max-w-[296px]\">\n<p>Receiver 33 channel<\/p>\n<\/div>\n<\/div>\n<div class=\"flex md:justify-end text-gray-1 flex-col md:flex-row gap-2 md:gap-6 mb-8 last:mb-0\">\n<div class=\"font-semibold w-full max-w-[296px]\">\n<p>Position Accuracy &lt; 2.5 m CEP<\/p>\n<\/div>\n<\/div>\n<div class=\"flex md:justify-end text-gray-1 flex-col md:flex-row gap-2 md:gap-6 mb-8 last:mb-0\">\n<div class=\"font-semibold w-full max-w-[296px]\">\n<p>Hot start &lt; 1 s<\/p>\n<\/div>\n<\/div>\n<div class=\"flex md:justify-end text-gray-1 flex-col md:flex-row gap-2 md:gap-6 mb-8 last:mb-0\">\n<div class=\"font-semibold w-full max-w-[296px]\">\n<p>Warm start &lt; 25 s<\/p>\n<\/div>\n<\/div>\n<div class=\"flex md:justify-end text-gray-1 flex-col md:flex-row gap-2 md:gap-6 mb-8 last:mb-0\">\n<div class=\"font-semibold w-full max-w-[296px]\">\n<p>Cold start &lt; 35 s<\/p>\n<div>\n<div class=\"has-link list-disc py-4 md:pb-8 pt-2 container\">\n<div class=\"flex md:justify-end text-gray-1 flex-col md:flex-row gap-2 md:gap-6 mb-8 last:mb-0\">\n<div class=\"font-semibold w-full max-w-[296px]\">\n<p>Technology LTE Cat 1, GSM<\/p>\n<\/div>\n<\/div>\n<div class=\"flex md:justify-end text-gray-1 flex-col md:flex-row gap-2 md:gap-6 mb-8 last:mb-0\">\n<div class=\"font-semibold w-full max-w-[296px]\">\n<p>2G bands FMC150-QJIB0: GSM: B2\/B3\/B5\/B8\u00a0\u00a0 I\u00a0 FMC150-QKIB0: GSM: B2\/B3\/B5\/B8<\/p>\n<\/div>\n<\/div>\n<div class=\"flex md:justify-end text-gray-1 flex-col md:flex-row gap-2 md:gap-6 mb-8 last:mb-0\">\n<div class=\"font-semibold w-full max-w-[296px]\">\n<p>4G LTE Cat 1 bands FMC150-QJIB0: LTE FDD: B1\/B3\/B7\/B8\/B20\/B28\u00a0 I\u00a0 FMC150-QKIB0: LTE FDD: B2\/B3\/B4\/B5\/B7\/B8\/B28\/ B66<\/p>\n<\/div>\n<\/div>\n<div class=\"flex md:justify-end text-gray-1 flex-col md:flex-row gap-2 md:gap-6 mb-8 last:mb-0\">\n<div class=\"font-semibold w-full max-w-[296px]\">\n<p>Data transfer LTE: LTE FDD : Max 10Mbps (DL)\/Max 5Mbps (UL)\u00a0 I\u00a0 LTE TDD: Max 85.6 Mbps (DL)\/Max 85.6 Mbps (UL)\u00a0 I\u00a0 GSM: GPRS: Max 85.6Kbps (DL)\/ Max 85.6Kbps (UL)<\/p>\n<\/div>\n<\/div>\n<div class=\"flex md:justify-end text-gray-1 flex-col md:flex-row gap-2 md:gap-6 mb-8 last:mb-0\">\n<div class=\"font-semibold w-full max-w-[296px]\">\n<p>Data support SMS (text\/data)<\/p>\n<div>\n<div class=\"has-link list-disc py-4 md:pb-8 pt-2 container\">\n<div class=\"flex md:justify-end text-gray-1 flex-col md:flex-row gap-2 md:gap-6 mb-8 last:mb-0\">\n<div class=\"font-semibold w-full max-w-[296px]\">\n<p>Input voltage range 10\u201330 V DC with overvoltage and reverse polarity protection<\/p>\n<\/div>\n<\/div>\n<div class=\"flex md:justify-end text-gray-1 flex-col md:flex-row gap-2 md:gap-6 mb-8 last:mb-0\">\n<div class=\"font-semibold w-full max-w-[296px]\">\n<p>Internal Back-up battery 170 mAh Li-Ion battery, 3.7 V (0.63 Wh)<\/p>\n<\/div>\n<\/div>\n<div class=\"flex md:justify-end text-gray-1 flex-col md:flex-row gap-2 md:gap-6 mb-8 last:mb-0\">\n<div class=\"font-semibold w-full max-w-[296px]\">\n<p>Power consumption<\/p>\n<\/div>\n<div class=\"w-full max-w-[620px] disc less-bold\">\n<p>At 12V &lt; 6mA (Ultra Deep Sleep)<\/p>\n<p>At 12V &lt; 8mA (Deep Sleep)<\/p>\n<p>At 12V &lt; 11mA (Online Deep Sleep)<\/p>\n<p>At 12V &lt; 20mA (GPS Sleep)<\/p>\n<p>At 12V &lt; 35 mA (Nominal with no load)<\/p>\n<p>At 12V &lt; 250 mA Max. (with full Load \/ Peak)<\/p>\n<div>\n<div class=\"has-link list-disc py-4 md:pb-8 pt-2 container\">\n<div class=\"flex md:justify-end text-gray-1 flex-col md:flex-row gap-2 md:gap-6 mb-8 last:mb-0\">\n<div class=\"font-semibold w-full max-w-[296px]\">\n<p>Specification 4.0 + LE<\/p>\n<\/div>\n<\/div>\n<div class=\"flex md:justify-end text-gray-1 flex-col md:flex-row gap-2 md:gap-6 mb-8 last:mb-0\">\n<div class=\"font-semibold w-full max-w-[296px]\">\n<p>Supported peripherals Temperature and Humidity sensor, Inateck Barcode Scanner, Universal BLE sensors support<\/p>\n<div>\n<div class=\"has-link list-disc py-4 md:pb-8 pt-2 container\">\n<div class=\"flex md:justify-end text-gray-1 flex-col md:flex-row gap-2 md:gap-6 mb-8 last:mb-0\">\n<div class=\"font-semibold w-full max-w-[296px]\">\n<p>Dimensions 65 x 56,6 x 20,6 mm (L x W x H)<\/p>\n<\/div>\n<\/div>\n<div class=\"flex md:justify-end text-gray-1 flex-col md:flex-row gap-2 md:gap-6 mb-8 last:mb-0\">\n<div class=\"font-semibold w-full max-w-[296px]\">\n<p>Weight 55 g<\/p>\n<div>\n<div class=\"has-link list-disc py-4 md:pb-8 pt-2 container\">\n<div class=\"flex md:justify-end text-gray-1 flex-col md:flex-row gap-2 md:gap-6 mb-8 last:mb-0\">\n<div class=\"font-semibold w-full max-w-[296px]\">\n<p>Operating temperature (without battery)<\/p>\n<\/div>\n<div class=\"w-full max-w-[620px] disc less-bold\">\n<p>-40 \u00b0C to +85 \u00b0C<\/p>\n<\/div>\n<\/div>\n<div class=\"flex md:justify-end text-gray-1 flex-col md:flex-row gap-2 md:gap-6 mb-8 last:mb-0\">\n<div class=\"font-semibold w-full max-w-[296px]\">\n<p>Storage temperature (without battery)<\/p>\n<\/div>\n<div class=\"w-full max-w-[620px] disc less-bold\">\n<p>-40 \u00b0C to +85 \u00b0C<\/p>\n<\/div>\n<\/div>\n<div class=\"flex md:justify-end text-gray-1 flex-col md:flex-row gap-2 md:gap-6 mb-8 last:mb-0\">\n<div class=\"font-semibold w-full max-w-[296px]\">\n<p>Operating humidity 5% to 95% non-condensing<\/p>\n<\/div>\n<\/div>\n<div class=\"flex md:justify-end text-gray-1 flex-col md:flex-row gap-2 md:gap-6 mb-8 last:mb-0\">\n<div class=\"font-semibold w-full max-w-[296px]\">\n<p>Ingress Protection Rating IP41<\/p>\n<\/div>\n<\/div>\n<div class=\"flex md:justify-end text-gray-1 flex-col md:flex-row gap-2 md:gap-6 mb-8 last:mb-0\">\n<div class=\"font-semibold w-full max-w-[296px]\">\n<p>Battery charge temperature 0 \u00b0C to +45 \u00b0C<\/p>\n<\/div>\n<\/div>\n<div class=\"flex md:justify-end text-gray-1 flex-col md:flex-row gap-2 md:gap-6 mb-8 last:mb-0\">\n<div class=\"font-semibold w-full max-w-[296px]\">\n<p>Battery discharge temperature -20 \u00b0C to +60 \u00b0C<\/p>\n<\/div>\n<\/div>\n<div class=\"flex md:justify-end text-gray-1 flex-col md:flex-row gap-2 md:gap-6 mb-8 last:mb-0\">\n<div class=\"font-semibold w-full max-w-[296px]\">\n<p>Battery storage temperature -20 \u00b0C to +45 \u00b0C for 1 month\u00a0\u00a0 I\u00a0\u00a0 -20 \u00b0C to +35 \u00b0C for 6 months<\/p>\n<div>\n<div class=\"has-link list-disc py-4 md:pb-8 pt-2 container\">\n<div class=\"flex md:justify-end text-gray-1 flex-col md:flex-row gap-2 md:gap-6 mb-8 last:mb-0\">\n<div class=\"font-semibold w-full max-w-[296px]\">\n<p>Digital Inputs FMC150-QJIB0: 3\u00a0\u00a0 I\u00a0\u00a0 FMC150-QKIB0: 2<\/p>\n<\/div>\n<\/div>\n<div class=\"flex md:justify-end text-gray-1 flex-col md:flex-row gap-2 md:gap-6 mb-8 last:mb-0\">\n<div class=\"font-semibold w-full max-w-[296px]\">\n<p>Negative Inputs FMC150-QJIB0: 1 (Digital Input 2)\u00a0\u00a0 I\u00a0\u00a0 FMC150-QKIB0: \u2013<\/p>\n<\/div>\n<\/div>\n<div class=\"flex md:justify-end text-gray-1 flex-col md:flex-row gap-2 md:gap-6 mb-8 last:mb-0\">\n<div class=\"font-semibold w-full max-w-[296px]\">\n<p>Impuls Inputs FMC150-QJIB0: 2 (Digital Input 1, Digital Input 2)\u00a0\u00a0 I\u00a0\u00a0 FMC150-QKIB0: 1 (Digital Input 1)<\/p>\n<\/div>\n<\/div>\n<div class=\"flex md:justify-end text-gray-1 flex-col md:flex-row gap-2 md:gap-6 mb-8 last:mb-0\">\n<div class=\"font-semibold w-full max-w-[296px]\">\n<p>Analog Inputs FMC150-QJIB0: 2\u00a0\u00a0 I\u00a0\u00a0 FMC150-QKIB0: 1<\/p>\n<\/div>\n<\/div>\n<div class=\"flex md:justify-end text-gray-1 flex-col md:flex-row gap-2 md:gap-6 mb-8 last:mb-0\">\n<div class=\"font-semibold w-full max-w-[296px]\">\n<p>Digital Outputs FMC150-QJIB0: 2\u00a0\u00a0 I\u00a0\u00a0 FMC150-QKIB0: 3<\/p>\n<\/div>\n<\/div>\n<div class=\"flex md:justify-end text-gray-1 flex-col md:flex-row gap-2 md:gap-6 mb-8 last:mb-0\">\n<div class=\"font-semibold w-full max-w-[296px]\">\n<p>CAN interfaces 2<\/p>\n<\/div>\n<\/div>\n<div class=\"flex md:justify-end text-gray-1 flex-col md:flex-row gap-2 md:gap-6 mb-8 last:mb-0\">\n<div class=\"font-semibold w-full max-w-[296px]\">\n<p>1-Wire 1 (1-Wire data)<\/p>\n<\/div>\n<\/div>\n<div class=\"flex md:justify-end text-gray-1 flex-col md:flex-row gap-2 md:gap-6 mb-8 last:mb-0\">\n<div class=\"font-semibold w-full max-w-[296px]\">\n<p>GNSS antenna Internal High Gain<\/p>\n<\/div>\n<\/div>\n<div class=\"flex md:justify-end text-gray-1 flex-col md:flex-row gap-2 md:gap-6 mb-8 last:mb-0\">\n<div class=\"font-semibold w-full max-w-[296px]\">\n<p>Cellular antenna Internal GSM High Gain<\/p>\n<\/div>\n<\/div>\n<div class=\"flex md:justify-end text-gray-1 flex-col md:flex-row gap-2 md:gap-6 mb-8 last:mb-0\">\n<div class=\"font-semibold w-full max-w-[296px]\">\n<p>USB 2.0 Micro-USB<\/p>\n<\/div>\n<\/div>\n<div class=\"flex md:justify-end text-gray-1 flex-col md:flex-row gap-2 md:gap-6 mb-8 last:mb-0\">\n<div class=\"font-semibold w-full max-w-[296px]\">\n<p>LED indication 3<\/p>\n<\/div>\n<\/div>\n<div class=\"flex md:justify-end text-gray-1 flex-col md:flex-row gap-2 md:gap-6 mb-8 last:mb-0\">\n<div class=\"font-semibold w-full max-w-[296px]\">\n<p>SIM Micro-SIM or eSIM<\/p>\n<\/div>\n<\/div>\n<div class=\"flex md:justify-end text-gray-1 flex-col md:flex-row gap-2 md:gap-6 mb-8 last:mb-0\">\n<div class=\"font-semibold w-full max-w-[296px]\">\n<p>Memory 128MB internal flash memory<\/p>\n<div>\n<div class=\"has-link list-disc py-4 md:pb-8 pt-2 container\">\n<div class=\"flex md:justify-end text-gray-1 flex-col md:flex-row gap-2 md:gap-6 mb-8 last:mb-0\">\n<div class=\"font-semibold w-full max-w-[296px]\">\n<p>CAN Data Fuel Level (Dashboard), Total fuel consumption, Vehicle speed (wheel), Vehicle driven distance, Engine speed (RPM), Accelerator pedal position<\/p>\n<\/div>\n<\/div>\n<div class=\"flex md:justify-end text-gray-1 flex-col md:flex-row gap-2 md:gap-6 mb-8 last:mb-0\">\n<div class=\"font-semibold w-full max-w-[296px]\">\n<p>Sensors Accelerometer<\/p>\n<\/div>\n<\/div>\n<div class=\"flex md:justify-end text-gray-1 flex-col md:flex-row gap-2 md:gap-6 mb-8 last:mb-0\">\n<div class=\"font-semibold w-full max-w-[296px]\">\n<p>Scenarios Green Driving, Over Speeding detection, Jamming detection, GNSS Fuel Counter, DOUT Control Via Call, Excessive Idling detection, Immobilizer, iButton Read Notification, Unplug detection, Towing detection, Crash detection, Auto Geofence, Manual Geofence, Trip<\/p>\n<\/div>\n<\/div>\n<div class=\"flex md:justify-end text-gray-1 flex-col md:flex-row gap-2 md:gap-6 mb-8 last:mb-0\">\n<div class=\"font-semibold w-full max-w-[296px]\">\n<p>Sleep modes GPS Sleep, Online Deep Sleep, Deep Sleep, Ultra Deep Sleep<\/p>\n<\/div>\n<\/div>\n<div class=\"flex md:justify-end text-gray-1 flex-col md:flex-row gap-2 md:gap-6 mb-8 last:mb-0\">\n<div class=\"font-semibold w-full max-w-[296px]\">\n<p>Configuration and firmware update FOTA WEB, FOTA, Teltonika Configurator (USB, Bluetooth), FMBT mobile application (Configuration)<\/p>\n<\/div>\n<\/div>\n<div class=\"flex md:justify-end text-gray-1 flex-col md:flex-row gap-2 md:gap-6 mb-8 last:mb-0\">\n<div class=\"font-semibold w-full max-w-[296px]\">\n<p>SMS Configuration, Events, DOUT control, Debug<\/p>\n<\/div>\n<\/div>\n<div class=\"flex md:justify-end text-gray-1 flex-col md:flex-row gap-2 md:gap-6 mb-8 last:mb-0\">\n<div class=\"font-semibold w-full max-w-[296px]\">\n<p>GPRS commands Configuration, DOUT control, Debug<\/p>\n<\/div>\n<\/div>\n<div class=\"flex md:justify-end text-gray-1 flex-col md:flex-row gap-2 md:gap-6 mb-8 last:mb-0\">\n<div class=\"font-semibold w-full max-w-[296px]\">\n<p>Time Synchronization GNSS, NITZ, NTP<\/p>\n<\/div>\n<\/div>\n<div class=\"flex md:justify-end text-gray-1 flex-col md:flex-row gap-2 md:gap-6 mb-8 last:mb-0\">\n<div class=\"font-semibold w-full max-w-[296px]\">\n<p>Ignition detection Digital Input 1, Accelerometer, External Power Voltage, Engine RPM<\/p>\n<\/div>\n<\/div>\n<\/div>\n<\/div>\n<\/div>\n<\/div>\n<\/div>\n<\/div>\n<\/div>\n<\/div>\n<\/div>\n<\/div>\n<\/div>\n<\/div>\n<\/div>\n<\/div>\n<\/div>\n<\/div>\n<\/div>\n<\/div>\n<\/div>\n<\/div>\n<\/div>\n<\/div>\n<\/div>\n<\/div>\n<\/div>\n<\/div>\n<\/div>\n<\/div>\n<\/div>\n<\/div>\n<\/div>\n<\/div>\n<\/div>\n<\/div>\n","protected":false},"excerpt":{"rendered":"<p><a href=\"https:\/\/www.emprenet.com.mx\/wp-content\/uploads\/2023\/09\/DS-FMC150.pdf\"><strong>Consulta la ficha t\u00e9cnica dando clic aqu\u00ed\u00a0<\/strong><\/a><\/p>\n<p>Rastreador GPS avanzado con procesador de datos CAN integrado.<br \/>\nLectura de datos CAN de veh\u00edculos ligeros y el\u00e9ctricos, camiones, autobuses y maquinaria especial, cobertura de red 4G LTE Cat. 1 fiable con retorno a 2G: soporte de red garantizado para el futuro de su flota.<br \/>\nAporta nuevo valor y amplia los escenarios de uso con m\u00e1s de 40 veh\u00edculos compatibles en el mercado de veh\u00edculos el\u00e9ctricos.<\/p>\n<p>*PRECIO EN DOLARES TIPO DE CAMBIO DOF AL D\u00cdA DE COTIZACI\u00d3N (COMPRA)*<\/p>\n","protected":false},"featured_media":11684,"template":"","meta":{"content-type":"","_monsterinsights_skip_tracking":false,"_monsterinsights_sitenote_active":false,"_monsterinsights_sitenote_note":"","_monsterinsights_sitenote_category":0},"product_brand":[],"product_cat":[74],"product_tag":[259,28,176,239],"class_list":{"0":"post-11682","1":"product","2":"type-product","3":"status-publish","4":"has-post-thumbnail","6":"product_cat-teltonika","7":"product_tag-fmc150","8":"product_tag-gps","9":"product_tag-mas-vendidos","10":"product_tag-teltonika","11":"grve-entry-item","13":"first","14":"instock","15":"taxable","16":"shipping-taxable","17":"purchasable","18":"product-type-simple"},"_links":{"self":[{"href":"https:\/\/www.emprenet.com.mx\/es\/wp-json\/wp\/v2\/product\/11682","targetHints":{"allow":["GET"]}}],"collection":[{"href":"https:\/\/www.emprenet.com.mx\/es\/wp-json\/wp\/v2\/product"}],"about":[{"href":"https:\/\/www.emprenet.com.mx\/es\/wp-json\/wp\/v2\/types\/product"}],"wp:featuredmedia":[{"embeddable":true,"href":"https:\/\/www.emprenet.com.mx\/es\/wp-json\/wp\/v2\/media\/11684"}],"wp:attachment":[{"href":"https:\/\/www.emprenet.com.mx\/es\/wp-json\/wp\/v2\/media?parent=11682"}],"wp:term":[{"taxonomy":"product_brand","embeddable":true,"href":"https:\/\/www.emprenet.com.mx\/es\/wp-json\/wp\/v2\/product_brand?post=11682"},{"taxonomy":"product_cat","embeddable":true,"href":"https:\/\/www.emprenet.com.mx\/es\/wp-json\/wp\/v2\/product_cat?post=11682"},{"taxonomy":"product_tag","embeddable":true,"href":"https:\/\/www.emprenet.com.mx\/es\/wp-json\/wp\/v2\/product_tag?post=11682"}],"curies":[{"name":"wp","href":"https:\/\/api.w.org\/{rel}","templated":true}]}}