{"id":11685,"date":"2023-09-25T18:46:41","date_gmt":"2023-09-25T18:46:41","guid":{"rendered":"https:\/\/www.emprenet.com.mx\/?post_type=product&#038;p=11685"},"modified":"2025-01-20T21:49:12","modified_gmt":"2025-01-20T21:49:12","slug":"gl530mg","status":"publish","type":"product","link":"https:\/\/www.emprenet.com.mx\/es\/tienda\/queclink\/gl530mg\/","title":{"rendered":"GL530MG"},"content":{"rendered":"<p>Especificaciones LTE<\/p>\n<table width=\"100%\">\n<tbody>\n<tr>\n<td width=\"30%\"><b>Bandas de Operaci\u00f3n<\/b><\/td>\n<td width=\"70%\">LTE Cat M1\/NB2<br \/>\nCat M1:<br \/>\nB1\/B2\/B3\/B4\/B5\/B8\/B12\/B13\/B18\/B19\/B20\/B25\/<br \/>\nB27\/B28\/B66\/B85<br \/>\nCat NB2:<br \/>\nB1\/B2\/B3\/B4\/B5\/B8\/B12\/B13\/B18\/B19\/B20\/B25\/<br \/>\nB28\/B66\/B71\/B85<\/td>\n<\/tr>\n<tr>\n<td width=\"30%\"><strong>Transmisi\u00f3n de Datos<\/strong><\/td>\n<td width=\"70%\">eMTC (DL) 348kbps<br \/>\neMTC (UL) 1.08Mbps<br \/>\nNB2 (DL) 121kbps<br \/>\nNB2 (UL) 150kbps<br \/>\nNB1 (DL) 74.1kbps<br \/>\nNB1 (UL) 101kbps<\/td>\n<\/tr>\n<\/tbody>\n<\/table>\n<p>Especificaciones EGPRS<\/p>\n<table width=\"100%\">\n<tbody>\n<tr>\n<td width=\"30%\"><strong>Frecuencia<\/strong><\/td>\n<td width=\"70%\">EGPRS 850\/900\/1800\/1900 MHz<\/td>\n<\/tr>\n<tr>\n<td width=\"30%\"><strong>Transmisi\u00f3n de datos<\/strong><\/td>\n<td width=\"70%\">GPRS 107 Kbps(DL)\/ 85.6 Kbps(UL)<br \/>\nEDGE 296 Kbps(DL)\/ 236.8 Kbps(UL)<\/td>\n<\/tr>\n<\/tbody>\n<\/table>\n<p>Especificaciones Generales<\/p>\n<table width=\"100%\">\n<tbody>\n<tr>\n<td width=\"30%\"><strong>Dimensiones<\/strong><\/td>\n<td width=\"70%\">87 \u00d7 51 \u00d7 30mm<br \/>\n3.43\u2019\u2019(Largo) \u00d7 2.01\u2019\u2019(Ancho) \u00d7 1.18\u2019\u2019(Alto)<br \/>\n87 \u00d7 51 \u00d7 33.5mm<br \/>\n3.43\u2019\u2019(Largo) \u00d7 2.01\u2019\u2019(Ancho) \u00d7 1.32\u2019\u2019(Alto)<br \/>\n(versi\u00f3n para montaje en carcasa magn\u00e9tica)<\/td>\n<\/tr>\n<tr>\n<td width=\"30%\"><strong>Peso<\/strong><\/td>\n<td width=\"70%\">140 g (4.94 oz)<br \/>\n160 g (5.64 oz)<br \/>\n(versi\u00f3n para montaje en carcasa magn\u00e9tica)<\/td>\n<\/tr>\n<tr>\n<td width=\"30%\"><strong>Bater\u00eda de Respaldo<\/strong><\/td>\n<td width=\"70%\">3 bater\u00edas de litio CR123A, 1 400 mAh<\/td>\n<\/tr>\n<tr>\n<td width=\"30%\"><strong>Tiempo de Espera<\/strong><\/td>\n<td width=\"70%\">1 reporte al d\u00eda (GNSS activado): 5 a\u00f1os<br \/>\n1 reporte al d\u00eda (s\u00f3lo ID de celda): 7 a\u00f1os<\/td>\n<\/tr>\n<tr>\n<td width=\"30%\"><strong>A prueba de Agua<\/strong><\/td>\n<td width=\"70%\">Conforme IP67<\/td>\n<\/tr>\n<tr>\n<td width=\"30%\"><strong>Temperatura de funcionamiento<\/strong><\/td>\n<td width=\"70%\">-20\u2103 ~ +60\u2103<\/td>\n<\/tr>\n<tr>\n<td width=\"30%\"><strong>Sensor de Temperatura Interna<\/strong><\/td>\n<td width=\"70%\">Para controlar la temperatura<br \/>\nPrecisi\u00f3n: \u00b11\u2103<\/td>\n<\/tr>\n<tr>\n<td width=\"30%\"><strong>Sensor de Luz Interna<\/strong><\/td>\n<td width=\"70%\">Para la detecci\u00f3n de manipulaciones<\/td>\n<\/tr>\n<tr>\n<td width=\"30%\"><strong>Motor Interno<\/strong><\/td>\n<td width=\"70%\">Para la retroalimentaci\u00f3n de vibraci\u00f3n despu\u00e9s de la operaci\u00f3n exitosa del bot\u00f3n de funci\u00f3n<\/td>\n<\/tr>\n<tr>\n<td width=\"30%\"><strong>Carcasa de Montaje Magn\u00e9tico (Opcional)<\/strong><\/td>\n<td width=\"70%\">Para facilitar la instalaci\u00f3n en superficies met\u00e1licas<\/td>\n<\/tr>\n<\/tbody>\n<\/table>\n<p>Especificaciones del GNSS<\/p>\n<table width=\"100%\">\n<tbody>\n<tr>\n<td width=\"30%\"><strong>Tipo de GNSS<\/strong><\/td>\n<td width=\"70%\">Receptor GNSS u-box todo en uno<\/td>\n<\/tr>\n<tr>\n<td width=\"30%\"><strong>Constellation Support<\/strong><\/td>\n<td width=\"70%\">GPS, Glonass, Galileo, Beidou<\/td>\n<\/tr>\n<tr>\n<td width=\"30%\"><strong>Sensibilidad<\/strong><\/td>\n<td width=\"70%\">Arranque en fr\u00edo: -148dBm<br \/>\nArranque en caliente: -160 dBm<br \/>\nRastreo: -167 dBm<\/td>\n<\/tr>\n<tr>\n<td width=\"30%\"><strong>Precisi\u00f3n de Ubicaci\u00f3n (CEP)<\/strong><\/td>\n<td width=\"70%\">Aut\u00f3nomo: &lt; 2m<\/td>\n<\/tr>\n<tr>\n<td width=\"30%\"><strong>Primera posici\u00f3n (TTFF) \u2013 Cielo Abierto<\/strong><\/td>\n<td width=\"70%\">Arranque en fr\u00edo: Promedio 24s<br \/>\nArranque en caliente: Promedio 1s<\/td>\n<\/tr>\n<\/tbody>\n<\/table>\n<p>Interfaces<\/p>\n<table width=\"100%\">\n<tbody>\n<tr>\n<td width=\"30%\"><strong>Bot\u00f3n de Funci\u00f3n<\/strong><\/td>\n<td width=\"70%\">Utilizado para el encendido\/apagado y la comprobaci\u00f3n del estado de funcionamiento<\/td>\n<\/tr>\n<tr>\n<td width=\"30%\"><strong>Antena LTE<\/strong><\/td>\n<td width=\"70%\">S\u00f3lo interna<\/td>\n<\/tr>\n<tr>\n<td width=\"30%\"><strong>Antena GNSS<\/strong><\/td>\n<td width=\"70%\">S\u00f3lo interna<\/td>\n<\/tr>\n<tr>\n<td width=\"30%\"><strong>Indicadores LED<\/strong><\/td>\n<td width=\"70%\">GNSS, Estado<\/td>\n<\/tr>\n<\/tbody>\n<\/table>\n<p>Protocolo de Interfaz de A\u00e9rea<\/p>\n<table width=\"100%\">\n<tbody>\n<tr>\n<td width=\"30%\"><strong>Conjunto de Comandos <\/strong><\/td>\n<td width=\"70%\">Comandos de Protocolo Queclink, @Track (@Track is the name of the protocol, should not be translated)<\/td>\n<\/tr>\n<tr>\n<td width=\"30%\"><strong>Protocolo de Transmisi\u00f3n<\/strong><\/td>\n<td width=\"70%\">TCP, UDP, SMS<\/td>\n<\/tr>\n<tr>\n<td width=\"30%\"><strong>Modos de Trabajo<\/strong><\/td>\n<td width=\"70%\">Modo de ahorro de energ\u00eda para un tiempo de espera prolongado<br \/>\nModo continuo para rastreo de emergencia<\/td>\n<\/tr>\n<tr>\n<td width=\"30%\"><strong>Reporte de Tiempo Programado<\/strong><\/td>\n<td width=\"70%\">Reporte de posici\u00f3n y estado a intervalos de tiempo preestablecidos<\/td>\n<\/tr>\n<tr>\n<td width=\"30%\"><strong>Geocercas<\/strong><\/td>\n<td width=\"70%\">Soporta hasta 20 regiones internas de geocercas<\/td>\n<\/tr>\n<tr>\n<td width=\"30%\"><strong>Alarma de Bater\u00eda Baja<\/strong><\/td>\n<td width=\"70%\">Alarma cuando la carga de la bater\u00eda interna est\u00e1 baja<\/td>\n<\/tr>\n<tr>\n<td width=\"30%\"><strong>Reporte de Activaci\u00f3n<\/strong><\/td>\n<td width=\"70%\">Reporte cuando el dispositivo se activa<\/td>\n<\/tr>\n<tr>\n<td width=\"30%\"><strong>Detecci\u00f3n de Movimiento<\/strong><\/td>\n<td width=\"70%\">Detecci\u00f3n de movimiento basada en el aceler\u00f3metro interno de 3 ejes<\/td>\n<\/tr>\n<tr>\n<td width=\"30%\"><strong>Ajuste de la Frecuencia de Reportes<\/strong><\/td>\n<td width=\"70%\">Ajuste inteligente de la frecuencia de notificaciones<\/td>\n<\/tr>\n<\/tbody>\n<\/table>\n","protected":false},"excerpt":{"rendered":"<p><a href=\"https:\/\/www.emprenet.com.mx\/wp-content\/uploads\/2023\/09\/GL530MG-ESFlyer-20230801.pdf\"><strong>Para mayor informaci\u00f3n consulta la ficha t\u00e9cnica aqu\u00ed<\/strong><\/a><\/p>\n<p>GL530MG es la versi\u00f3n LTE Cat M1\/NB2 mejorada del GL500MG. Integra los \u00faltimos est\u00e1ndares de red de \u00e1rea amplia de baja potencia (LPWA) y cubre un \u00e1rea m\u00e1s amplia, haciendo que su despliegue sea m\u00e1s flexible. Es un rastreador de activos de f\u00e1cil despliegue, basado en la innovadora tecnolog\u00eda de gesti\u00f3n de energ\u00eda de Queclink. Tiene una duraci\u00f3n de hasta 7 a\u00f1os y adopta una de las bater\u00edas m\u00e1s duraderas del mercado entre los dispositivos de su tama\u00f1o. Los sensores de luz incorporados hacen que el producto sea sensible a los intentos de manipulaci\u00f3n y su dise\u00f1o resistente al agua facilita su uso en entornos dif\u00edciles. Con sensores internos de temperatura y luz, el producto es ideal para una amplia gama de aplicaciones de supervisi\u00f3n medioambiental, como log\u00edstica de la cadena de fr\u00edo, gesti\u00f3n de almacenes, transporte de mercanc\u00edas por carretera, supervisi\u00f3n de activos est\u00e1ticos de alto valor, etc. El GL530MG admite varias alternativas de montaje que utilizan el exclusivo dise\u00f1o de clip para fijar el dispositivo de forma segura a cualquier activo.<\/p>\n<div class=\"et_pb_module et_pb_wc_description et_pb_wc_description_0 et_pb_bg_layout_light  et_pb_text_align_left\">\n<div class=\"et_pb_module_inner\">\n<p>Rastreador de activos en espera a prueba de agua LTE<\/p>\n<\/div>\n<\/div>\n<div class=\"et_pb_module et_pb_text et_pb_text_0  et_pb_text_align_left et_pb_bg_layout_light et_multi_view__hover_selector\">\n<div class=\"et_pb_text_inner\" data-et-multi-view=\"{&quot;schema&quot;:{&quot;content&quot;:{&quot;desktop&quot;:&quot;&lt;p style=\\&quot;overflow: hidden; margin-bottom: 20px;\\&quot;&gt;&lt;strong style=\\&quot;font-size: 32px; float: left; width: 8%;\\&quot;&gt;1.&lt;\\\/strong&gt; &lt;span style=\\&quot;float: left; margin-left: 10px; width: 85%;\\&quot;&gt;LTE global Cat M1\\\/NB2 con 2G fallback mediante una soluci\\u00f3n de antena \\u00fanica&lt;\\\/span&gt;&lt;\\\/p&gt;\\n&lt;p style=\\&quot;overflow: hidden; margin-bottom: 20px;\\&quot;&gt;&lt;strong style=\\&quot;font-size: 32px; float: left; width: 8%;\\&quot;&gt;2.&lt;\\\/strong&gt; &lt;span style=\\&quot;float: left; margin-left: 10px; width: 85%;\\&quot;&gt;Hasta 7 a\\u00f1os en espera&lt;\\\/span&gt;&lt;\\\/p&gt;\\n&lt;p style=\\&quot;overflow: hidden; margin-bottom: 20px;\\&quot;&gt;&lt;strong style=\\&quot;font-size: 32px; float: left; width: 8%;\\&quot;&gt;3.&lt;\\\/strong&gt; &lt;span style=\\&quot;float: left; margin-left: 10px; width: 85%;\\&quot;&gt;Resistente al agua, conforme a IP67&lt;\\\/span&gt;&lt;\\\/p&gt;\\n&lt;p style=\\&quot;overflow: hidden; margin-bottom: 20px;\\&quot;&gt;&lt;strong style=\\&quot;font-size: 32px; float: left; width: 8%;\\&quot;&gt;4.&lt;\\\/strong&gt; &lt;span style=\\&quot;float: left; margin-left: 10px; width: 85%;\\&quot;&gt;Instalaci\\u00f3n r\\u00e1pida y flexible&lt;\\\/span&gt;&lt;\\\/p&gt;\\n&lt;p style=\\&quot;overflow: hidden; margin-bottom: 20px;\\&quot;&gt;&lt;strong style=\\&quot;font-size: 32px; float: left; width: 8%;\\&quot;&gt;5.&lt;\\\/strong&gt; &lt;span style=\\&quot;float: left; margin-left: 10px; width: 85%;\\&quot;&gt;Ideal para la supervisi\\u00f3n de activos y la gesti\\u00f3n de lotes&lt;\\\/span&gt;&lt;\\\/p&gt;\\n&lt;p style=\\&quot;overflow: hidden; margin-bottom: 20px; font-size: 12px;\\&quot;&gt;*The standby time is estimated under the condition of operating with LTE CAT M1\\\/NB-IoT and the CSQ is greater than 15, working at a constant ambient temperature of 25\\u00b0C and reporting once a day without any sensors.&lt;\\\/p&gt;&quot;,&quot;phone&quot;:&quot;&lt;p style=\\&quot;overflow: hidden; margin-bottom: 20px;\\&quot;&gt;&lt;strong style=\\&quot;font-size: 24px; float: left; width: 8%;\\&quot;&gt;1.&lt;\\\/strong&gt; &lt;span style=\\&quot;float: left; margin-left: 10px; width: 85%;\\&quot;&gt;Global LTE Cat M1\\\/NB2 with 2G fallback using unique antenna solution&lt;\\\/span&gt;&lt;\\\/p&gt;\\n&lt;p style=\\&quot;overflow: hidden; margin-bottom: 20px;\\&quot;&gt;&lt;strong style=\\&quot;font-size: 24px; float: left; width: 8%;\\&quot;&gt;2.&lt;\\\/strong&gt; &lt;span style=\\&quot;float: left; margin-left: 10px; width: 85%;\\&quot;&gt;Up to 7-year standby time&lt;\\\/span&gt;&lt;\\\/p&gt;\\n&lt;p style=\\&quot;overflow: hidden; margin-bottom: 20px;\\&quot;&gt;&lt;strong style=\\&quot;font-size: 24px; float: left; width: 8%;\\&quot;&gt;3.&lt;\\\/strong&gt; &lt;span style=\\&quot;float: left; margin-left: 10px; width: 85%;\\&quot;&gt;Waterproof, compliant to IP67&lt;\\\/span&gt;&lt;\\\/p&gt;\\n&lt;p style=\\&quot;overflow: hidden; margin-bottom: 20px;\\&quot;&gt;&lt;strong style=\\&quot;font-size: 24px; float: left; width: 8%;\\&quot;&gt;4.&lt;\\\/strong&gt; &lt;span style=\\&quot;float: left; margin-left: 10px; width: 85%;\\&quot;&gt;Rapid and flexible installation &lt;\\\/span&gt;&lt;\\\/p&gt;\\n&lt;p style=\\&quot;overflow: hidden; margin-bottom: 20px;\\&quot;&gt;&lt;strong style=\\&quot;font-size: 24px; float: left; width: 8%;\\&quot;&gt;5.&lt;\\\/strong&gt; &lt;span style=\\&quot;float: left; margin-left: 10px; width: 85%;\\&quot;&gt;Ideal for asset monitoring and lot management&lt;\\\/span&gt;&lt;\\\/p&gt;\\n&lt;p style=\\&quot;overflow: hidden; margin-bottom: 20px;font-size: 12px\\&quot;&gt;*The standby time is estimated under the condition of operating with LTE CAT M1\\\/NB-IoT and the CSQ is greater than 15, working at a constant ambient temperature of 25\\u00b0C and reporting once a day without any sensors.&lt;\\\/p&gt;&quot;}},&quot;slug&quot;:&quot;et_pb_text&quot;}\" data-et-multi-view-load-phone-hidden=\"true\">\n<p><strong>1.<\/strong> LTE global Cat M1\/NB2 con 2G fallback mediante una soluci\u00f3n de antena \u00fanica<br \/>\n<strong>2.<\/strong> Hasta 7 a\u00f1os en espera<br \/>\n<strong>3.<\/strong> Resistente al agua, conforme a IP67<br \/>\n<strong>4.<\/strong> Instalaci\u00f3n r\u00e1pida y flexible<br \/>\n<strong>5.<\/strong> Ideal para la supervisi\u00f3n de activos y la gesti\u00f3n de lotes<\/p>\n<p><em>*The standby time is estimated under the condition of operating with LTE CAT M1\/NB-IoT and the CSQ is greater than 15, working at a constant ambient temperature of 25\u00b0C and reporting once a day without any sensors.<\/em><\/p>\n<\/div>\n<p>*Costo en dolares tipo de cambio DOF al d\u00eda de la cotizaci\u00f3n (Compra)*<\/p>\n<p>&nbsp;<\/p>\n<\/div>\n","protected":false},"featured_media":11687,"template":"","meta":{"content-type":"","_monsterinsights_skip_tracking":false,"_monsterinsights_sitenote_active":false,"_monsterinsights_sitenote_note":"","_monsterinsights_sitenote_category":0},"product_brand":[],"product_cat":[70],"product_tag":[257,256,258,204],"class_list":{"0":"post-11685","1":"product","2":"type-product","3":"status-publish","4":"has-post-thumbnail","6":"product_cat-queclink","7":"product_tag-dispositivos-gps","8":"product_tag-gl530mg","9":"product_tag-portatil-desechable","10":"product_tag-queclink","11":"grve-entry-item","13":"first","14":"outofstock","15":"taxable","16":"shipping-taxable","17":"purchasable","18":"product-type-simple"},"_links":{"self":[{"href":"https:\/\/www.emprenet.com.mx\/es\/wp-json\/wp\/v2\/product\/11685","targetHints":{"allow":["GET"]}}],"collection":[{"href":"https:\/\/www.emprenet.com.mx\/es\/wp-json\/wp\/v2\/product"}],"about":[{"href":"https:\/\/www.emprenet.com.mx\/es\/wp-json\/wp\/v2\/types\/product"}],"wp:featuredmedia":[{"embeddable":true,"href":"https:\/\/www.emprenet.com.mx\/es\/wp-json\/wp\/v2\/media\/11687"}],"wp:attachment":[{"href":"https:\/\/www.emprenet.com.mx\/es\/wp-json\/wp\/v2\/media?parent=11685"}],"wp:term":[{"taxonomy":"product_brand","embeddable":true,"href":"https:\/\/www.emprenet.com.mx\/es\/wp-json\/wp\/v2\/product_brand?post=11685"},{"taxonomy":"product_cat","embeddable":true,"href":"https:\/\/www.emprenet.com.mx\/es\/wp-json\/wp\/v2\/product_cat?post=11685"},{"taxonomy":"product_tag","embeddable":true,"href":"https:\/\/www.emprenet.com.mx\/es\/wp-json\/wp\/v2\/product_tag?post=11685"}],"curies":[{"name":"wp","href":"https:\/\/api.w.org\/{rel}","templated":true}]}}