{"id":11692,"date":"2023-09-25T18:56:21","date_gmt":"2023-09-25T18:56:21","guid":{"rendered":"https:\/\/www.emprenet.com.mx\/?post_type=product&#038;p=11692"},"modified":"2025-02-12T17:39:08","modified_gmt":"2025-02-12T17:39:08","slug":"ebk","status":"publish","type":"product","link":"https:\/\/www.emprenet.com.mx\/es\/tienda\/queclink\/ebk\/","title":{"rendered":"EBK"},"content":{"rendered":"<div class=\"et_pb_module et_pb_wc_description et_pb_wc_description_0 et_pb_bg_layout_light  et_pb_text_align_left\">\n<div class=\"et_pb_module_inner\">\n<p>Kit de bater\u00eda externa<\/p>\n<\/div>\n<\/div>\n<div class=\"et_pb_module et_pb_text et_pb_text_0  et_pb_text_align_left et_pb_bg_layout_light et_multi_view__hover_selector et_multi_view__hovered\">\n<div class=\"et_pb_text_inner\" data-et-multi-view=\"{&quot;schema&quot;:{&quot;content&quot;:{&quot;desktop&quot;:&quot;&lt;p style=\\&quot;overflow: hidden; margin-bottom: 20px;\\&quot;&gt;&lt;strong style=\\&quot;font-size: 32px; float: left; width: 8%;\\&quot;&gt;1.&lt;\\\/strong&gt; &lt;span style=\\&quot;float: left; margin-left: 10px; width: 85%;\\&quot;&gt;Funciona con la serie GL300 para asegurar la vigilancia en tiempo real durante el transporte de larga distancia&lt;\\\/span&gt;&lt;\\\/p&gt;\\n&lt;p style=\\&quot;overflow: hidden; margin-bottom: 20px;\\&quot;&gt;&lt;strong style=\\&quot;font-size: 32px; float: left; width: 8%;\\&quot;&gt;2.&lt;\\\/strong&gt; &lt;span style=\\&quot;float: left; margin-left: 10px; width: 85%;\\&quot;&gt;Capacidad de la bater\\u00eda recargable de 17600 mA&lt;\\\/span&gt;&lt;\\\/p&gt;\\n&lt;p style=\\&quot;overflow: hidden; margin-bottom: 20px;\\&quot;&gt;&lt;strong style=\\&quot;font-size: 32px; float: left; width: 8%;\\&quot;&gt;3.&lt;\\\/strong&gt; &lt;span style=\\&quot;float: left; margin-left: 10px; width: 85%;\\&quot;&gt;Incluye unidad de control para ahorro de energ\\u00eda y detecci\\u00f3n de movimiento &lt;\\\/span&gt;&lt;\\\/p&gt;\\n&lt;p style=\\&quot;overflow: hidden; margin-bottom: 20px;\\&quot;&gt;&lt;strong style=\\&quot;font-size: 32px; float: left; width: 8%;\\&quot;&gt;4.&lt;\\\/strong&gt; &lt;span style=\\&quot;float: left; margin-left: 10px; width: 85%;\\&quot;&gt;Resistencia al agua IP67&lt;\\\/span&gt;&lt;\\\/p&gt;&quot;,&quot;phone&quot;:&quot;&lt;p style=\\&quot;overflow: hidden; margin-bottom: 20px;\\&quot;&gt;&lt;strong style=\\&quot;font-size: 24px; float: left; width: 8%;\\&quot;&gt;1.&lt;\\\/strong&gt; &lt;span style=\\&quot;float: left; margin-left: 10px; width: 85%;\\&quot;&gt;Funciona con la serie GL300 para asegurar la vigilancia en tiempo real durante el transporte de larga distancia&lt;\\\/span&gt;&lt;\\\/p&gt;\\n&lt;p style=\\&quot;overflow: hidden; margin-bottom: 20px;\\&quot;&gt;&lt;strong style=\\&quot;font-size: 24px; float: left; width: 8%;\\&quot;&gt;2.&lt;\\\/strong&gt; &lt;span style=\\&quot;float: left; margin-left: 10px; width: 85%;\\&quot;&gt;Capacidad de la bater\\u00eda recargable de 17600 mA&lt;\\\/span&gt;&lt;\\\/p&gt;\\n&lt;p style=\\&quot;overflow: hidden; margin-bottom: 20px;\\&quot;&gt;&lt;strong style=\\&quot;font-size: 24px; float: left; width: 8%;\\&quot;&gt;3.&lt;\\\/strong&gt; &lt;span style=\\&quot;float: left; margin-left: 10px; width: 85%;\\&quot;&gt;Incluye unidad de control para ahorro de energ\\u00eda y detecci\\u00f3n de movimiento &lt;\\\/span&gt;&lt;\\\/p&gt;\\n&lt;p style=\\&quot;overflow: hidden; margin-bottom: 20px;\\&quot;&gt;&lt;strong style=\\&quot;font-size: 24px; float: left; width: 8%;\\&quot;&gt;4.&lt;\\\/strong&gt; &lt;span style=\\&quot;float: left; margin-left: 10px; width: 85%;\\&quot;&gt;Resistencia al agua IP67&lt;\\\/span&gt;&lt;\\\/p&gt;&quot;}},&quot;slug&quot;:&quot;et_pb_text&quot;}\" data-et-multi-view-load-phone-hidden=\"true\">\n<p><strong>1.<\/strong> Funciona con la serie GL300 para asegurar la vigilancia en tiempo real durante el transporte de larga distancia<br \/>\n<strong>2.<\/strong> Capacidad de la bater\u00eda recargable de 17600 mA<br \/>\n<strong>3.<\/strong> Incluye unidad de control para ahorro de energ\u00eda y detecci\u00f3n de movimiento<br \/>\n<strong>4.<\/strong> Resistencia al agua IP67<\/p>\n<table width=\"100%\">\n<tbody>\n<tr>\n<td width=\"30%\">Dimensiones<\/td>\n<td width=\"70%\">6.30\u2019\u2019(L)\u00d74.72\u2019\u2019(W)\u00d72.36\u2019\u2019(H)&nbsp;<\/p>\n<p>(160\u00d7120\u00d760mm)<\/td>\n<\/tr>\n<tr>\n<td width=\"30%\">Peso<\/td>\n<td width=\"70%\">28.2oz (0.8kg)<\/td>\n<\/tr>\n<tr>\n<td width=\"30%\">Bater\u00eda<\/td>\n<td width=\"70%\">17600 mAh<\/td>\n<\/tr>\n<\/tbody>\n<\/table>\n<\/div>\n<\/div>\n","protected":false},"excerpt":{"rendered":"<p>Kit de bater\u00eda externa para el GL300 (no incluye el GL300).<\/p>\n<p>El kit incluye: Estuche Pelican 1020 Unidad de control de energ\u00eda con sensor de movimiento incorporado Bater\u00eda externa de 17600 mA<br \/>\nCargador de pared para la bater\u00eda externa Marco y cables Soporte magn\u00e9tico opcional para una f\u00e1cil instalaci\u00f3n<\/p>\n<p>*PRECIO EN DOLARES TIPO DE CAMBIO DOF AL D\u00cdA DE COTIZACI\u00d3N (PAGO)*<\/p>\n","protected":false},"featured_media":11693,"template":"","meta":{"content-type":"","_monsterinsights_skip_tracking":false,"_monsterinsights_sitenote_active":false,"_monsterinsights_sitenote_note":"","_monsterinsights_sitenote_category":0},"product_brand":[],"product_cat":[70],"product_tag":[252,204,253],"class_list":{"0":"post-11692","1":"product","2":"type-product","3":"status-publish","4":"has-post-thumbnail","6":"product_cat-queclink","7":"product_tag-ebk","8":"product_tag-queclink","9":"product_tag-vehiculos","10":"grve-entry-item","12":"first","13":"outofstock","14":"taxable","15":"shipping-taxable","16":"purchasable","17":"product-type-simple"},"_links":{"self":[{"href":"https:\/\/www.emprenet.com.mx\/es\/wp-json\/wp\/v2\/product\/11692","targetHints":{"allow":["GET"]}}],"collection":[{"href":"https:\/\/www.emprenet.com.mx\/es\/wp-json\/wp\/v2\/product"}],"about":[{"href":"https:\/\/www.emprenet.com.mx\/es\/wp-json\/wp\/v2\/types\/product"}],"wp:featuredmedia":[{"embeddable":true,"href":"https:\/\/www.emprenet.com.mx\/es\/wp-json\/wp\/v2\/media\/11693"}],"wp:attachment":[{"href":"https:\/\/www.emprenet.com.mx\/es\/wp-json\/wp\/v2\/media?parent=11692"}],"wp:term":[{"taxonomy":"product_brand","embeddable":true,"href":"https:\/\/www.emprenet.com.mx\/es\/wp-json\/wp\/v2\/product_brand?post=11692"},{"taxonomy":"product_cat","embeddable":true,"href":"https:\/\/www.emprenet.com.mx\/es\/wp-json\/wp\/v2\/product_cat?post=11692"},{"taxonomy":"product_tag","embeddable":true,"href":"https:\/\/www.emprenet.com.mx\/es\/wp-json\/wp\/v2\/product_tag?post=11692"}],"curies":[{"name":"wp","href":"https:\/\/api.w.org\/{rel}","templated":true}]}}