{"id":11704,"date":"2023-09-25T20:52:28","date_gmt":"2023-09-25T20:52:28","guid":{"rendered":"https:\/\/www.emprenet.com.mx\/?post_type=product&#038;p=11704"},"modified":"2025-09-01T18:28:31","modified_gmt":"2025-09-01T18:28:31","slug":"ll303-pro","status":"publish","type":"product","link":"https:\/\/www.emprenet.com.mx\/es\/tienda\/jimiiot\/ll303-pro\/","title":{"rendered":"LL303 PRO"},"content":{"rendered":"<table>\n<tbody>\n<tr>\n<td class=\"ty_SPECIFICATIONS_title_bk\" width=\"205\"><strong><b>GNSS<\/b><\/strong><\/td>\n<td class=\"ty_SPECIFICATIONS_title_bk\" width=\"402\"><strong><b>\u00a0<\/b><\/strong><\/td>\n<\/tr>\n<tr>\n<td>Positioning system<\/td>\n<td width=\"402\">GPS+BDS+LBS<\/td>\n<\/tr>\n<tr>\n<td>Positioning accuracy<\/td>\n<td width=\"402\">\uff1c2.5m CEP<\/td>\n<\/tr>\n<tr>\n<td>Tracking sensitivity<\/td>\n<td width=\"402\">-165dBm<\/td>\n<\/tr>\n<tr>\n<td>Acquisition sensitivity<\/td>\n<td width=\"402\">-148dBm<\/td>\n<\/tr>\n<tr>\n<td>TTFF (open sky)<\/td>\n<td width=\"402\">Avg. hot start \u22641sec<br \/>\nAvg. cold start \u226432sec<\/td>\n<\/tr>\n<tr>\n<td class=\"ty_SPECIFICATIONS_title_bk\"><strong><b>Cellular<\/b><\/strong><\/td>\n<td class=\"ty_SPECIFICATIONS_title_bk\"><strong><b>\u00a0<\/b><\/strong><\/td>\n<\/tr>\n<tr>\n<td>Communication network<\/td>\n<td width=\"402\">LTE Cat 1\/GSM; LTE Cat M1\/Cat NB2<\/td>\n<\/tr>\n<tr>\n<td>Frequency<\/td>\n<td width=\"402\">LL303-L<br \/>\nLTE-FDD: B1\/B2\/B3\/B4\/B5\/B7\/B8\/B20\/B28<br \/>\nLTE-TDD: B40<br \/>\nGSM: B2\/B3\/B5\/B8LL303-E<br \/>\nLTE-FDD: B1\/B3\/B5\/\/B7\/B8\/B20\/B28<br \/>\nLTE-TDD: B38\/B40\/B41<br \/>\nGSM: B2\/B3\/B5\/B8LL303-A<br \/>\nCat M1: B2\/B4\/B5\/B12\/B13\/B25\/B26\/B66<br \/>\nCat NB2: B2\/B4\/B5\/B12\/B13\/B25\/B66<br \/>\nGSM: B2\/B3\/B5\/B8<\/td>\n<\/tr>\n<tr>\n<td class=\"ty_SPECIFICATIONS_title_bk\"><strong><b>Power<\/b><\/strong><\/td>\n<td class=\"ty_SPECIFICATIONS_title_bk\"><strong><b>\u00a0<\/b><\/strong><\/td>\n<\/tr>\n<tr>\n<td>Battery<\/td>\n<td width=\"402\">10,000mAh\/3.7V industrial-grade Li-Polymer battery<\/td>\n<\/tr>\n<tr>\n<td>Solar power<\/td>\n<td width=\"402\">5V\/400mA (Standard Operating Voltage\/Current @STC)<br \/>\nSTC: Direct illumination with 38,000lux halogen lamp on the test bench.<\/td>\n<\/tr>\n<tr>\n<td>Magnetic charger<\/td>\n<td width=\"402\">5V\/2A<\/td>\n<\/tr>\n<tr>\n<td>Working modes<\/td>\n<td width=\"402\">Mode 1: Timing positioning mode<br \/>\nMode 2: Intelligent positioning mode<br \/>\nMode 3: Battery saving mode<\/td>\n<\/tr>\n<tr>\n<td>Standby time<\/td>\n<td width=\"402\">Up to 2 years in battery saving mode<\/td>\n<\/tr>\n<tr>\n<td class=\"ty_SPECIFICATIONS_title_bk\"><strong><b>Interface<\/b><\/strong><\/td>\n<td class=\"ty_SPECIFICATIONS_title_bk\"><strong><b>\u00a0<\/b><\/strong><\/td>\n<\/tr>\n<tr>\n<td>LED indication<\/td>\n<td width=\"402\">Cellular (Green), Power (Red)<\/td>\n<\/tr>\n<tr>\n<td>SIM<\/td>\n<td width=\"402\">Nano-SIM<\/td>\n<\/tr>\n<tr>\n<td>Tamper proof<\/td>\n<td width=\"402\">Hall effect sensor<\/td>\n<\/tr>\n<tr>\n<td class=\"ty_SPECIFICATIONS_title_bk\"><strong><b>Physical specification<\/b><\/strong><\/td>\n<td class=\"ty_SPECIFICATIONS_title_bk\"><strong><b>\u00a0<\/b><\/strong><\/td>\n<\/tr>\n<tr>\n<td>Dimensions<\/td>\n<td width=\"402\">203x122x33mm<\/td>\n<\/tr>\n<tr>\n<td>Weight<\/td>\n<td width=\"402\">548g<\/td>\n<\/tr>\n<tr>\n<td class=\"ty_SPECIFICATIONS_title_bk\"><strong><b>Operating environment<\/b><\/strong><\/td>\n<td class=\"ty_SPECIFICATIONS_title_bk\"><strong><b>\u00a0<\/b><\/strong><\/td>\n<\/tr>\n<tr>\n<td>Operating temperature<\/td>\n<td width=\"402\">\u201320\u2103\u00a0to +70\u2103<\/td>\n<\/tr>\n<tr>\n<td>Operating humidity<\/td>\n<td width=\"402\">5%\uff5e95%, non-condensing<\/td>\n<\/tr>\n<tr>\n<td>IP rating<\/td>\n<td width=\"402\">IP67<\/td>\n<\/tr>\n<tr>\n<td class=\"ty_SPECIFICATIONS_title_bk\"><strong><b>Feature<\/b><\/strong><\/td>\n<td class=\"ty_SPECIFICATIONS_title_bk\"><strong><b>\u00a0<\/b><\/strong><\/td>\n<\/tr>\n<tr>\n<td>Sensors<\/td>\n<td width=\"402\">Accelerometer, Hall effect sensor<\/td>\n<\/tr>\n<tr>\n<td>Scenarios<\/td>\n<td width=\"402\">Low battery alert, Tamper alert, Vibrating Alert<\/td>\n<\/tr>\n<tr>\n<td>Bluetooth<\/td>\n<td width=\"402\">BLE 5.0<\/td>\n<\/tr>\n<tr>\n<td>RFID<\/td>\n<td width=\"402\">2.4GHz<\/td>\n<\/tr>\n<\/tbody>\n<\/table>\n<p>* We reserve the right to the final interpretation of this page. All information is for reference only and is subject to change without further notice.<\/p>\n","protected":false},"excerpt":{"rendered":"<p><a href=\"https:\/\/www.emprenet.com.mx\/wp-content\/uploads\/2023\/09\/LL303-0711-1.pdf\"><strong>Conoce m\u00e1s, da clic aqu\u00ed para visualizar ficha t\u00e9cnica<\/strong> <\/a><\/p>\n<p>El dispositivo LL303 es un equipo 4G con energ\u00eda solar dise\u00f1ado para el manejo de veh\u00edculos de construcci\u00f3n, contiene un panel solar, cargador magn\u00e9tico y certificado IP67 a prueba de agua.<br \/>\nEste dispositivo es ideal para una variedad de implementaciones que requieren un tiempo de espera prolongado y un rendimiento \u00f3ptimo continuo.<\/p>\n<p>Comunicaci\u00f3n LTE con fallback 2G (GSM) que asegura una conexi\u00f3n solida en la mayor\u00eda de los casos, adicional a esto los m\u00faltiples modos de trabajo, los diversos accesorios perif\u00e9ricos y el conjunto de alertas activadas por eventos har\u00e1n del LL303 una parte valiosa de su estrategia de gesti\u00f3n de flotas.<\/p>\n<p>*Precio en dolares tipo de cambio DOF, al d\u00eda de la compra (cotizaci\u00f3n)<\/p>\n","protected":false},"featured_media":11705,"template":"","meta":{"content-type":"","_monsterinsights_skip_tracking":false,"_monsterinsights_sitenote_active":false,"_monsterinsights_sitenote_note":"","_monsterinsights_sitenote_category":0},"product_brand":[],"product_cat":[99],"product_tag":[186,184,28,185,183],"class_list":{"0":"post-11704","1":"product","2":"type-product","3":"status-publish","4":"has-post-thumbnail","6":"product_cat-jimiiot","7":"product_tag-ble-5-0","8":"product_tag-carga-magnetica","9":"product_tag-gps","10":"product_tag-ip67","11":"product_tag-solar","12":"grve-entry-item","14":"first","15":"outofstock","16":"taxable","17":"shipping-taxable","18":"purchasable","19":"product-type-simple"},"_links":{"self":[{"href":"https:\/\/www.emprenet.com.mx\/es\/wp-json\/wp\/v2\/product\/11704","targetHints":{"allow":["GET"]}}],"collection":[{"href":"https:\/\/www.emprenet.com.mx\/es\/wp-json\/wp\/v2\/product"}],"about":[{"href":"https:\/\/www.emprenet.com.mx\/es\/wp-json\/wp\/v2\/types\/product"}],"wp:featuredmedia":[{"embeddable":true,"href":"https:\/\/www.emprenet.com.mx\/es\/wp-json\/wp\/v2\/media\/11705"}],"wp:attachment":[{"href":"https:\/\/www.emprenet.com.mx\/es\/wp-json\/wp\/v2\/media?parent=11704"}],"wp:term":[{"taxonomy":"product_brand","embeddable":true,"href":"https:\/\/www.emprenet.com.mx\/es\/wp-json\/wp\/v2\/product_brand?post=11704"},{"taxonomy":"product_cat","embeddable":true,"href":"https:\/\/www.emprenet.com.mx\/es\/wp-json\/wp\/v2\/product_cat?post=11704"},{"taxonomy":"product_tag","embeddable":true,"href":"https:\/\/www.emprenet.com.mx\/es\/wp-json\/wp\/v2\/product_tag?post=11704"}],"curies":[{"name":"wp","href":"https:\/\/api.w.org\/{rel}","templated":true}]}}