{"id":11707,"date":"2023-09-25T21:05:28","date_gmt":"2023-09-25T21:05:28","guid":{"rendered":"https:\/\/www.emprenet.com.mx\/?post_type=product&#038;p=11707"},"modified":"2025-06-04T16:26:26","modified_gmt":"2025-06-04T16:26:26","slug":"vl502-obdii","status":"publish","type":"product","link":"https:\/\/www.emprenet.com.mx\/es\/tienda\/jimiiot\/vl502-obdii\/","title":{"rendered":"VL502 OBDII"},"content":{"rendered":"<table>\n<tbody>\n<tr>\n<td class=\"ty_SPECIFICATIONS_title_bk\" width=\"107\"><strong><b>GNSS<\/b><\/strong><\/td>\n<td class=\"ty_SPECIFICATIONS_title_bk\" width=\"191\"><strong><b>\u00a0<\/b><\/strong><\/td>\n<\/tr>\n<tr>\n<td width=\"107\">Positioning system<\/td>\n<td width=\"191\">GPS\/BDS<\/td>\n<\/tr>\n<tr>\n<td width=\"107\">Positioning accuracy<\/td>\n<td width=\"191\">\uff1c2.5m CEP<\/td>\n<\/tr>\n<tr>\n<td width=\"107\">Track sensitivity<\/td>\n<td width=\"191\">-162 dBm<\/td>\n<\/tr>\n<tr>\n<td width=\"107\">Acquisition sensitivity<\/td>\n<td width=\"191\">-148 dBm (cold) \/-156 dBM (hot)<\/td>\n<\/tr>\n<tr>\n<td width=\"107\">TTFF (open sky)<\/td>\n<td width=\"191\">Avg. hot start \u22641sec<br \/>\nAvg. cold start \u226432sec<\/td>\n<\/tr>\n<tr>\n<td class=\"ty_SPECIFICATIONS_title_bk\" width=\"107\"><strong><b>Cellular<\/b><\/strong><\/td>\n<td class=\"ty_SPECIFICATIONS_title_bk\" width=\"191\"><strong><b>\u00a0<\/b><\/strong><\/td>\n<\/tr>\n<tr>\n<td width=\"107\">Communication network<\/td>\n<td width=\"191\">LTE + GSM<\/td>\n<\/tr>\n<tr>\n<td width=\"107\">Frequency<\/td>\n<td width=\"191\">VL502 (L):<br \/>\nLTE-FDD: B2\/B3\/B4\/B5\/B7\/B8\/B28\/B66<br \/>\nGSM: B2\/B3\/B5\/B8<br \/>\nVL502 (E):<br \/>\nLTE-FDD: B1\/B3\/B5\/B7\/B8\/B20\/B28<br \/>\nGSM: B2\/B3\/B5\/B8VL502 (A):<br \/>\nCat M1: B2\/B4\/B5\/B12\/B13<br \/>\nCat NB2: B2\/B4\/B5\/B12\/B13<\/td>\n<\/tr>\n<tr>\n<td class=\"ty_SPECIFICATIONS_title_bk\" width=\"107\"><strong><b>Power<\/b><\/strong><\/td>\n<td class=\"ty_SPECIFICATIONS_title_bk\" width=\"191\"><strong><b>\u00a0<\/b><\/strong><\/td>\n<\/tr>\n<tr>\n<td width=\"107\">Battery<\/td>\n<td width=\"191\">50mAh\/3.7V<\/td>\n<\/tr>\n<tr>\n<td width=\"107\">Input voltage<\/td>\n<td width=\"191\">9-36VDC<\/td>\n<\/tr>\n<tr>\n<td class=\"ty_SPECIFICATIONS_title_bk\" width=\"107\"><strong><b>Interface<\/b><\/strong><\/td>\n<td class=\"ty_SPECIFICATIONS_title_bk\" width=\"191\"><strong><b>\u00a0<\/b><\/strong><\/td>\n<\/tr>\n<tr>\n<td width=\"107\">LED indication<\/td>\n<td width=\"191\">1 status indicator (Blue)<\/td>\n<\/tr>\n<tr>\n<td width=\"107\">SIM<\/td>\n<td width=\"191\">Nano-SIM<\/td>\n<\/tr>\n<tr>\n<td width=\"107\">Data storage<\/td>\n<td width=\"191\">8+16MB<\/td>\n<\/tr>\n<tr>\n<td class=\"ty_SPECIFICATIONS_title_bk\" width=\"107\"><strong><b>OBD port<\/b><\/strong><\/td>\n<td class=\"ty_SPECIFICATIONS_title_bk\" width=\"191\"><strong><b>\u00a0<\/b><\/strong><\/td>\n<\/tr>\n<tr>\n<td width=\"107\">Connection<\/td>\n<td width=\"191\">OBDII port<\/td>\n<\/tr>\n<tr>\n<td width=\"107\">Data<\/td>\n<td width=\"191\">K-Line, CAN Bus<\/td>\n<\/tr>\n<tr>\n<td width=\"107\">OBD protocols<\/td>\n<td width=\"191\">ISO 9141-2 (5 baud init, 10.4 kbaud)<br \/>\nISO 14230-4 KWP (5 baud init, 10.4 kbaud)<br \/>\nISO 14230-4 KWP (fast init, 10.4 kbaud)<br \/>\nISO 15765-4 CAN (11 bit ID, 250 kbaud)<br \/>\nISO 15765-4 CAN (11 bit ID, 500 kbaud)<br \/>\nISO 15765-4 CAN (29 bit ID, 250 kbaud)<br \/>\nISO 15765-4 CAN (29 bit ID, 500 kbaud)<br \/>\nSAE J1939 CAN(29bit ID, 250kbaud)<br \/>\nSAE J1939 CAN(29bit ID, 500kbaud)<\/td>\n<\/tr>\n<tr>\n<td class=\"ty_SPECIFICATIONS_title_bk\" width=\"107\"><strong><b>Physical specification<\/b><\/strong><\/td>\n<td class=\"ty_SPECIFICATIONS_title_bk\" width=\"191\"><strong><b>\u00a0<\/b><\/strong><\/td>\n<\/tr>\n<tr>\n<td width=\"107\">Dimensions<\/td>\n<td width=\"191\">61.0 x 52.0 x 26.0mm<\/td>\n<\/tr>\n<tr>\n<td width=\"107\">Weight<\/td>\n<td width=\"191\">55g<\/td>\n<\/tr>\n<tr>\n<td class=\"ty_SPECIFICATIONS_title_bk\" width=\"107\"><strong><b>Operating environment<\/b><\/strong><\/td>\n<td class=\"ty_SPECIFICATIONS_title_bk\" width=\"191\"><strong><b>\u00a0<\/b><\/strong><\/td>\n<\/tr>\n<tr>\n<td width=\"107\">Operating temperature<\/td>\n<td width=\"191\">-20\u00b0C to 70\u00b0C<\/td>\n<\/tr>\n<tr>\n<td width=\"107\">Operating humidity<\/td>\n<td width=\"191\">5%\uff5e95%, non-condensing<\/td>\n<\/tr>\n<tr>\n<td class=\"ty_SPECIFICATIONS_title_bk\" width=\"107\"><strong><b>Feature<\/b><\/strong><\/td>\n<td class=\"ty_SPECIFICATIONS_title_bk\" width=\"191\"><strong><b>\u00a0<\/b><\/strong><\/td>\n<\/tr>\n<tr>\n<td width=\"107\">Sensors<\/td>\n<td width=\"191\">Accelerometer<\/td>\n<\/tr>\n<tr>\n<td width=\"107\">Ignition detection<\/td>\n<td width=\"191\">External Power Voltage<\/td>\n<\/tr>\n<tr>\n<td width=\"107\">Scenarios<\/td>\n<td width=\"191\">Car Fault, Over-Speed, Ignition detection, Collision, Geo-fence entry\/exit, Power on, Device pull-out, Engine idling<\/td>\n<\/tr>\n<tr>\n<td width=\"107\">Driving behavior analysis<\/td>\n<td width=\"191\">Harsh acceleration, Harsh braking, Harsh cornering, Collision<\/td>\n<\/tr>\n<\/tbody>\n<\/table>\n<p>&nbsp;<\/p>\n","protected":false},"excerpt":{"rendered":"<p><strong><a href=\"https:\/\/www.emprenet.com.mx\/wp-content\/uploads\/2023\/09\/VL502-0609.pdf\">Para visualizar ficha t\u00e9cnica da clic aqu\u00ed<\/a><\/strong><\/p>\n<p>*SOLICITA T\u00c9RMINOS Y CONDICIONES EN PRECIO REBAJADO\/OFERTA*<\/p>\n<p>El VL502 es una nueva generaci\u00f3n de OBDII 4G Cat 1. Puede obtener informaci\u00f3n del veh\u00edculo como c\u00f3digo VIN, velocidad, temperatura del agua, etc.<\/p>\n<p>Con el algoritmo UBI, para an\u00e1lisis del comportamiento del conductor, el VL502 puede analizar de manera precisa 4 tipos de comportamientos peligrosos, monitoreo de veh\u00edculo y status en tiempo real.<\/p>\n<p>*Precio en dolares m\u00e1s iva*<\/p>\n<p>*Tipo de cambio DOF al d\u00eda de la compra\/cotizaci\u00f3n*<\/p>\n","protected":false},"featured_media":11708,"template":"","meta":{"content-type":"","_monsterinsights_skip_tracking":false,"_monsterinsights_sitenote_active":false,"_monsterinsights_sitenote_note":"","_monsterinsights_sitenote_category":0},"product_brand":[],"product_cat":[99],"product_tag":[182,172,181],"class_list":{"0":"post-11707","1":"product","2":"type-product","3":"status-publish","4":"has-post-thumbnail","6":"product_cat-jimiiot","7":"product_tag-can-bus","8":"product_tag-lte-4g","9":"product_tag-obdii","10":"grve-entry-item","12":"first","13":"instock","14":"taxable","15":"shipping-taxable","16":"purchasable","17":"product-type-simple"},"_links":{"self":[{"href":"https:\/\/www.emprenet.com.mx\/es\/wp-json\/wp\/v2\/product\/11707","targetHints":{"allow":["GET"]}}],"collection":[{"href":"https:\/\/www.emprenet.com.mx\/es\/wp-json\/wp\/v2\/product"}],"about":[{"href":"https:\/\/www.emprenet.com.mx\/es\/wp-json\/wp\/v2\/types\/product"}],"wp:featuredmedia":[{"embeddable":true,"href":"https:\/\/www.emprenet.com.mx\/es\/wp-json\/wp\/v2\/media\/11708"}],"wp:attachment":[{"href":"https:\/\/www.emprenet.com.mx\/es\/wp-json\/wp\/v2\/media?parent=11707"}],"wp:term":[{"taxonomy":"product_brand","embeddable":true,"href":"https:\/\/www.emprenet.com.mx\/es\/wp-json\/wp\/v2\/product_brand?post=11707"},{"taxonomy":"product_cat","embeddable":true,"href":"https:\/\/www.emprenet.com.mx\/es\/wp-json\/wp\/v2\/product_cat?post=11707"},{"taxonomy":"product_tag","embeddable":true,"href":"https:\/\/www.emprenet.com.mx\/es\/wp-json\/wp\/v2\/product_tag?post=11707"}],"curies":[{"name":"wp","href":"https:\/\/api.w.org\/{rel}","templated":true}]}}