{"id":11712,"date":"2023-09-25T22:31:24","date_gmt":"2023-09-25T22:31:24","guid":{"rendered":"https:\/\/www.emprenet.com.mx\/?post_type=product&#038;p=11712"},"modified":"2025-06-04T16:25:49","modified_gmt":"2025-06-04T16:25:49","slug":"vl802","status":"publish","type":"product","link":"https:\/\/www.emprenet.com.mx\/es\/tienda\/jimiiot\/vl802\/","title":{"rendered":"VL802"},"content":{"rendered":"<table>\n<tbody>\n<tr>\n<td class=\"ty_SPECIFICATIONS_title_bk\" width=\"205\"><strong><b>GNSS<\/b><\/strong><\/td>\n<td class=\"ty_SPECIFICATIONS_title_bk\" width=\"487\"><strong><b>\u00a0<\/b><\/strong><\/td>\n<\/tr>\n<tr>\n<td>Positioning system<\/td>\n<td width=\"487\">GPS+BDS+LBS<\/td>\n<\/tr>\n<tr>\n<td>Positioning accuracy<\/td>\n<td width=\"487\">\uff1c2.5m CEP<\/td>\n<\/tr>\n<tr>\n<td>Tracking sensitivity<\/td>\n<td width=\"487\">-162dBm<\/td>\n<\/tr>\n<tr>\n<td>Acquisition sensitivity<\/td>\n<td width=\"487\">-160dBm<\/td>\n<\/tr>\n<tr>\n<td>TTFF (open sky)<\/td>\n<td width=\"487\">Avg. hot start \u22641sec<br \/>\nAvg. cold start \u226432sec<\/td>\n<\/tr>\n<tr>\n<td class=\"ty_SPECIFICATIONS_title_bk\"><strong><b>Cellular<\/b><\/strong><\/td>\n<td class=\"ty_SPECIFICATIONS_title_bk\"><strong><b>\u00a0<\/b><\/strong><\/td>\n<\/tr>\n<tr>\n<td>Communication network<\/td>\n<td width=\"487\">LTE Cat 1\/GSM<\/td>\n<\/tr>\n<tr>\n<td>Frequency<\/td>\n<td class=\"ty_SPECIFICATIONS_title_bk\" width=\"487\"><strong><b>VL802-E:<\/b><\/strong><strong><b><br \/>\n<\/b><\/strong>LTE-FDD: B1\/B3\/B7\/B8\/B20\/B28<br \/>\nLTE-TDD: B34\/B38\/B39\/B40\/B41<br \/>\nGSM: 850\/900\/1800\/1900MHz<\/p>\n<p class=\"ty_SPECIFICATIONS_title_bk\"><strong><b>VL802-L: <\/b><\/strong><strong><b><br \/>\n<\/b><\/strong>LTE-FDD: B1\/B2\/B3\/B4\/B5\/B7\/B8\/B28<br \/>\nGSM: 850\/900\/1800\/1900MHz<\/p>\n<\/td>\n<\/tr>\n<tr>\n<td class=\"ty_SPECIFICATIONS_title_bk\"><strong><b>Power<\/b><\/strong><\/td>\n<td class=\"ty_SPECIFICATIONS_title_bk\"><strong><b>\u00a0<\/b><\/strong><\/td>\n<\/tr>\n<tr>\n<td>Battery<\/td>\n<td width=\"487\">1,000mAh\/3.7V industrial-grade Li-Polymer battery<\/td>\n<\/tr>\n<tr>\n<td>Input voltage<\/td>\n<td width=\"487\">9-36VDC<\/td>\n<\/tr>\n<tr>\n<td class=\"ty_SPECIFICATIONS_title_bk\"><strong><b>Interface<\/b><\/strong><\/td>\n<td class=\"ty_SPECIFICATIONS_title_bk\"><strong><b>\u00a0<\/b><\/strong><\/td>\n<\/tr>\n<tr>\n<td>LED indication<\/td>\n<td width=\"487\">GNSS (Green), Cellular (Blue), Power (Red)<\/td>\n<\/tr>\n<tr>\n<td>SIM<\/td>\n<td width=\"487\">Micro-SIM<\/td>\n<\/tr>\n<tr>\n<td>Data storage<\/td>\n<td width=\"487\">16+16MB<\/td>\n<\/tr>\n<tr>\n<td>Digital inputs<\/td>\n<td width=\"487\">ACC, SOS<\/td>\n<\/tr>\n<tr>\n<td>Digital outputs<\/td>\n<td width=\"487\">Relay<\/td>\n<\/tr>\n<tr>\n<td>Configurable I\/O<\/td>\n<td width=\"487\">2 special I\/Os can be configured as extra digital inputs or outputs<\/td>\n<\/tr>\n<tr>\n<td>Analog detect<\/td>\n<td width=\"487\">Support 0-5V<\/td>\n<\/tr>\n<tr>\n<td class=\"ty_SPECIFICATIONS_title_bk\"><strong><b>Physical specification<\/b><\/strong><\/td>\n<td class=\"ty_SPECIFICATIONS_title_bk\"><strong><b>\u00a0<\/b><\/strong><\/td>\n<\/tr>\n<tr>\n<td>Dimensions<\/td>\n<td width=\"487\">105 x 56 x 22mm<\/td>\n<\/tr>\n<tr>\n<td>Weight<\/td>\n<td width=\"487\">120g<\/td>\n<\/tr>\n<tr>\n<td class=\"ty_SPECIFICATIONS_title_bk\"><strong><b>Operating environment<\/b><\/strong><\/td>\n<td class=\"ty_SPECIFICATIONS_title_bk\"><strong><b>\u00a0<\/b><\/strong><\/td>\n<\/tr>\n<tr>\n<td>Operating temperature<\/td>\n<td width=\"487\">\u201320\u2103 to +70\u2103<\/td>\n<\/tr>\n<tr>\n<td>IP rating<\/td>\n<td width=\"487\">IP65<\/td>\n<\/tr>\n<tr>\n<td class=\"ty_SPECIFICATIONS_title_bk\"><strong><b>Feature<\/b><\/strong><\/td>\n<td class=\"ty_SPECIFICATIONS_title_bk\"><strong><b>\u00a0<\/b><\/strong><\/td>\n<\/tr>\n<tr>\n<td>Sensors<\/td>\n<td width=\"487\">Accelerometer<\/td>\n<\/tr>\n<tr>\n<td>Scenarios<\/td>\n<td width=\"487\">SOS alert, Speeding alert, Abnormal vibration alert, Fatigue driving alert<\/td>\n<\/tr>\n<\/tbody>\n<\/table>\n<p>&nbsp;<\/p>\n","protected":false},"excerpt":{"rendered":"<p><a href=\"https:\/\/www.emprenet.com.mx\/wp-content\/uploads\/2023\/09\/VL802-0703.pdf\"><strong>Ficha t\u00e9cnica<\/strong> <\/a><\/p>\n<p>*SOLICITA T\u00c9RMINOS Y CONDICIONES EN PRECIO REBAJADO\/OFERTA*<\/p>\n<p>El VL802 es un dispositivo 4G avanzado dise\u00f1ado para el manejo industrial y comercial, con su doble v\u00eda de comunicaci\u00f3n ayuda a la mejora de las estrategias del conductor. Tiene una comunicaci\u00f3n LTE con fallback 2G que asegura una conexi\u00f3n segura, ademas de asegurar el monitoreo de la flotilla en tiempo real.<\/p>\n<p>*Precio en d\u00f3lares, tipo de cambio DOF al d\u00eda de compra\/cotizaci\u00f3n*<\/p>\n","protected":false},"featured_media":11715,"template":"","meta":{"content-type":"","_monsterinsights_skip_tracking":false,"_monsterinsights_sitenote_active":false,"_monsterinsights_sitenote_note":"","_monsterinsights_sitenote_category":0},"product_brand":[],"product_cat":[99],"product_tag":[28,180,179],"class_list":{"0":"post-11712","1":"product","2":"type-product","3":"status-publish","4":"has-post-thumbnail","6":"product_cat-jimiiot","7":"product_tag-gps","8":"product_tag-ip65","9":"product_tag-lte-cat-1","10":"grve-entry-item","12":"first","13":"instock","14":"taxable","15":"shipping-taxable","16":"purchasable","17":"product-type-simple"},"_links":{"self":[{"href":"https:\/\/www.emprenet.com.mx\/es\/wp-json\/wp\/v2\/product\/11712","targetHints":{"allow":["GET"]}}],"collection":[{"href":"https:\/\/www.emprenet.com.mx\/es\/wp-json\/wp\/v2\/product"}],"about":[{"href":"https:\/\/www.emprenet.com.mx\/es\/wp-json\/wp\/v2\/types\/product"}],"wp:featuredmedia":[{"embeddable":true,"href":"https:\/\/www.emprenet.com.mx\/es\/wp-json\/wp\/v2\/media\/11715"}],"wp:attachment":[{"href":"https:\/\/www.emprenet.com.mx\/es\/wp-json\/wp\/v2\/media?parent=11712"}],"wp:term":[{"taxonomy":"product_brand","embeddable":true,"href":"https:\/\/www.emprenet.com.mx\/es\/wp-json\/wp\/v2\/product_brand?post=11712"},{"taxonomy":"product_cat","embeddable":true,"href":"https:\/\/www.emprenet.com.mx\/es\/wp-json\/wp\/v2\/product_cat?post=11712"},{"taxonomy":"product_tag","embeddable":true,"href":"https:\/\/www.emprenet.com.mx\/es\/wp-json\/wp\/v2\/product_tag?post=11712"}],"curies":[{"name":"wp","href":"https:\/\/api.w.org\/{rel}","templated":true}]}}