{"id":12306,"date":"2024-01-15T23:44:42","date_gmt":"2024-01-15T23:44:42","guid":{"rendered":"https:\/\/www.emprenet.com.mx\/?post_type=product&#038;p=12306"},"modified":"2025-10-01T20:38:08","modified_gmt":"2025-10-01T20:38:08","slug":"jc261","status":"publish","type":"product","link":"https:\/\/www.emprenet.com.mx\/es\/tienda\/jimiiot\/jc261\/","title":{"rendered":"JC261"},"content":{"rendered":"<div id=\"general_info\" class=\"model-info__wrap\">\n<h2 class=\"model-info__label\">Informaci\u00f3n general<\/h2>\n<table class=\"model-info__table\">\n<tbody>\n<tr>\n<td>Finalidad<\/td>\n<td>Veh\u00edculo<\/td>\n<\/tr>\n<tr>\n<td>Peso<\/td>\n<td>233 g (8.22 oz.)<\/td>\n<\/tr>\n<tr>\n<td>Tama\u00f1o<\/td>\n<td>109x69x52 mm (4.29&#215;2.72&#215;2.05 in)<\/td>\n<\/tr>\n<tr>\n<td>Antena interna (GNSS)<\/td>\n<td>Yes<\/td>\n<\/tr>\n<tr>\n<td>Antena interna (Conexi\u00f3n)<\/td>\n<td>Yes<\/td>\n<\/tr>\n<\/tbody>\n<\/table>\n<\/div>\n<div id=\"connectivity\" class=\"model-info__wrap\">\n<h2 class=\"model-info__label\">Conectividad<\/h2>\n<table class=\"model-info__table\">\n<tbody>\n<tr>\n<td>Nivel de se\u00f1al<\/td>\n<td>S\u00ed<\/td>\n<\/tr>\n<tr>\n<td>ID del operador<\/td>\n<td>S\u00ed<\/td>\n<\/tr>\n<tr>\n<td>Generaci\u00f3n de red celular<\/td>\n<td>3G, LTE Cat 4, 2G<\/td>\n<\/tr>\n<\/tbody>\n<\/table>\n<\/div>\n<div id=\"location\" class=\"model-info__wrap\">\n<h2 class=\"model-info__label\">Informaci\u00f3n de ubicaci\u00f3n<\/h2>\n<table class=\"model-info__table\">\n<tbody>\n<tr>\n<td>Nivel de se\u00f1al GNSS<\/td>\n<td>S\u00ed<\/td>\n<\/tr>\n<tr>\n<td>LBS<\/td>\n<td>S\u00ed<\/td>\n<\/tr>\n<tr>\n<td>Localizaci\u00f3n forzada por GNSS preferente a GPRS<\/td>\n<td>S\u00ed<\/td>\n<\/tr>\n<tr>\n<td>Localizaci\u00f3n forzada de GNSS preferente a SMS<\/td>\n<td>S\u00ed<\/td>\n<\/tr>\n<tr>\n<td>GPS<\/td>\n<td>S\u00ed<\/td>\n<\/tr>\n<tr>\n<td>Beidou<\/td>\n<td>S\u00ed<\/td>\n<\/tr>\n<\/tbody>\n<\/table>\n<\/div>\n","protected":false},"excerpt":{"rendered":"<p><strong><a href=\"https:\/\/www.emprenet.com.mx\/wp-content\/uploads\/2024\/01\/2023.08.30-JC261-leaflet.pdf\">CONSULTA LA FICHA T\u00c9CNICA DANDO CLIC AQU\u00cd:<\/a> <\/strong><\/p>\n<p>Jimi JC261 GPS dash cam, una versi\u00f3n mejorada de la JC400. Con la JC261, tiene la flexibilidad de a\u00f1adir una c\u00e1mara orientada hacia el conductor, hacia el interior o de reserva, seg\u00fan sus necesidades. La c\u00e1mara integrada en el dispositivo vigila la carretera por delante, mientras que la c\u00e1mara perif\u00e9rica puede vigilar al conductor, la cabina o la parte trasera. Equipado con varias funciones de seguridad, como DMS, ADAS, alertas de excepci\u00f3n, etc., el JC261 garantiza una experiencia de conducci\u00f3n segura. Pero eso no es todo. Gracias a su capacidad 4G, este dispositivo permite la transmisi\u00f3n de v\u00eddeo sin interrupciones, alertas de audio en directo, repetici\u00f3n de rutas y reproducci\u00f3n del historial de v\u00eddeo. El JC261 cambia las reglas del juego para los gestores de flotas de sectores como la administraci\u00f3n p\u00fablica, la log\u00edstica, el transporte p\u00fablico o las flotas de taxis. Al utilizar los datos recopilados por esta avanzada c\u00e1mara, los gestores de flotas pueden orientar a los conductores y mejorar la eficiencia operativa, lo que les reportar\u00e1 numerosas ventajas.<\/p>\n<p>&nbsp;<\/p>\n<p><strong>*PRECIOS EN DOLARES + IVA, TIPO DE CAMBIO AL D\u00cdA*<\/strong><br \/>\n<strong>*PREGUNTA POR CAMARAS ADICIONALES*<\/strong><\/p>\n<p>&nbsp;<\/p>\n","protected":false},"featured_media":12534,"template":"","meta":{"content-type":"","_monsterinsights_skip_tracking":false,"_monsterinsights_sitenote_active":false,"_monsterinsights_sitenote_note":"","_monsterinsights_sitenote_category":0},"product_brand":[],"product_cat":[99],"product_tag":[177,173,178,172,176],"class_list":{"0":"post-12306","1":"product","2":"type-product","3":"status-publish","4":"has-post-thumbnail","6":"product_cat-jimiiot","7":"product_tag-3g","8":"product_tag-camara","9":"product_tag-dashcam","10":"product_tag-lte-4g","11":"product_tag-mas-vendidos","12":"grve-entry-item","14":"first","15":"instock","16":"taxable","17":"shipping-taxable","18":"purchasable","19":"product-type-simple"},"_links":{"self":[{"href":"https:\/\/www.emprenet.com.mx\/es\/wp-json\/wp\/v2\/product\/12306","targetHints":{"allow":["GET"]}}],"collection":[{"href":"https:\/\/www.emprenet.com.mx\/es\/wp-json\/wp\/v2\/product"}],"about":[{"href":"https:\/\/www.emprenet.com.mx\/es\/wp-json\/wp\/v2\/types\/product"}],"wp:featuredmedia":[{"embeddable":true,"href":"https:\/\/www.emprenet.com.mx\/es\/wp-json\/wp\/v2\/media\/12534"}],"wp:attachment":[{"href":"https:\/\/www.emprenet.com.mx\/es\/wp-json\/wp\/v2\/media?parent=12306"}],"wp:term":[{"taxonomy":"product_brand","embeddable":true,"href":"https:\/\/www.emprenet.com.mx\/es\/wp-json\/wp\/v2\/product_brand?post=12306"},{"taxonomy":"product_cat","embeddable":true,"href":"https:\/\/www.emprenet.com.mx\/es\/wp-json\/wp\/v2\/product_cat?post=12306"},{"taxonomy":"product_tag","embeddable":true,"href":"https:\/\/www.emprenet.com.mx\/es\/wp-json\/wp\/v2\/product_tag?post=12306"}],"curies":[{"name":"wp","href":"https:\/\/api.w.org\/{rel}","templated":true}]}}