{"id":12537,"date":"2024-01-15T23:49:09","date_gmt":"2024-01-15T23:49:09","guid":{"rendered":"https:\/\/www.emprenet.com.mx\/?post_type=product&#038;p=12537"},"modified":"2025-06-04T16:25:37","modified_gmt":"2025-06-04T16:25:37","slug":"jc450","status":"publish","type":"product","link":"https:\/\/www.emprenet.com.mx\/es\/tienda\/jimiiot\/jc450\/","title":{"rendered":"JC450"},"content":{"rendered":"<table>\n<tbody>\n<tr>\n<td class=\"\" colspan=\"2\" width=\"99.2800%\"><strong>Red<\/strong><\/td>\n<\/tr>\n<tr>\n<td width=\"33.3800%\">Est\u00e1ndar<\/td>\n<td width=\"65.5400%\">4G LTE<\/td>\n<\/tr>\n<tr>\n<td width=\"33.3800%\">Bandas de frecuencia<\/td>\n<td width=\"65.5400%\">JC450 Series-AFX (para pa\u00edses y regiones de Am\u00e9rica del Norte)\u00a0FDD-LTE: B2\/B4\/B5\/B12\/B13\/B14\/B66<\/p>\n<p>WCDMA: B2\/B4\/B5<\/p>\n<p>Serie JC450-AUX (para pa\u00edses y regiones de Am\u00e9rica Latina)<\/p>\n<p>FDD-LTE: B1\/B2\/B3\/B4\/B5\/B7\/B8\/B28<\/p>\n<p>TDD-LTE: B40<\/p>\n<p>WCDMA: B1\/B2\/B4\/B5\/B8<\/p>\n<p>G\/M: B2\/B3\/B5\/B8<\/p>\n<p>JC450 Series-EUX (para pa\u00edses y regiones de Europa y Asia)<\/p>\n<p>FDD-LTE: B1\/B3\/B7\/B8\/B20\/B28A<\/p>\n<p>TDD-LTE: B38\/B40\/B41<\/p>\n<p>WCDMA: B1\/B8<\/p>\n<p>G\/M: B3\/B8<\/td>\n<\/tr>\n<tr>\n<td width=\"33.3800%\">Wifi<\/td>\n<td width=\"65.5400%\">2,4 GHz<\/td>\n<\/tr>\n<tr>\n<td class=\"ty_SPECIFICATIONS_title_bk\" colspan=\"2\" width=\"99.2800%\">&nbsp;<\/p>\n<p><strong>Configuraci\u00f3n<\/strong><\/td>\n<\/tr>\n<tr>\n<td width=\"33.3800%\">UPC<\/td>\n<td width=\"65.5400%\">Hexa-n\u00facleo<\/td>\n<\/tr>\n<tr>\n<td width=\"33.3800%\">Memoria<\/td>\n<td width=\"65.5400%\">2GB+8GB<\/td>\n<\/tr>\n<tr>\n<td width=\"33.3800%\">Sistema operativo<\/td>\n<td width=\"65.5400%\">Android 7.1<\/td>\n<\/tr>\n<tr>\n<td width=\"33.3800%\">Posicionamiento<\/td>\n<td width=\"65.5400%\">GPS y BDS<\/td>\n<\/tr>\n<tr>\n<td width=\"33.3800%\">Sensor<\/td>\n<td width=\"65.5400%\">3 ejes<\/td>\n<\/tr>\n<tr>\n<td width=\"33.3800%\">Micr\u00f3fono<\/td>\n<td width=\"65.5400%\">\u2713<\/td>\n<\/tr>\n<tr>\n<td width=\"33.3800%\">Altavoz<\/td>\n<td width=\"65.5400%\">\u2713<\/td>\n<\/tr>\n<tr>\n<td width=\"33.3800%\">Bluetooth<\/td>\n<td width=\"65.5400%\">Bluetooth 4.0<\/td>\n<\/tr>\n<tr>\n<td class=\"ty_SPECIFICATIONS_title_bk\" colspan=\"2\" width=\"99.2800%\">&nbsp;<\/p>\n<p><strong>C\u00e1mara<\/strong><\/td>\n<\/tr>\n<tr>\n<td width=\"33.3800%\">C\u00e1mara orientada a la carretera (principal)<\/td>\n<td width=\"65.5400%\">WDR con poca luz de 720P o 1080P (opcional)<\/td>\n<\/tr>\n<tr>\n<td width=\"33.3800%\">Subc\u00e1mara (Opcional)<\/td>\n<td width=\"65.5400%\">C\u00e1mara interior: 720P, visi\u00f3n nocturna IR\u00a0C\u00e1mara remota orientada a la cabina: 720P, visi\u00f3n nocturna por infrarrojos<\/p>\n<p>C\u00e1mara a prueba de agua: 720P, IP67<\/p>\n<p>C\u00e1mara orientada al conductor: 720P, visi\u00f3n nocturna por infrarrojos<\/td>\n<\/tr>\n<tr>\n<td width=\"33.3800%\">Codificaci\u00f3n de v\u00eddeo<\/td>\n<td width=\"65.5400%\">H.264<\/td>\n<\/tr>\n<tr>\n<td width=\"33.3800%\">Formato de video<\/td>\n<td width=\"65.5400%\">TS\/MP4<\/td>\n<\/tr>\n<tr>\n<td class=\"ty_SPECIFICATIONS_title_bk\" colspan=\"2\" width=\"99.2800%\">&nbsp;<\/p>\n<p><strong>Otros<\/strong><\/td>\n<\/tr>\n<tr>\n<td width=\"33.3800%\">Memoria ampliable<\/td>\n<td width=\"65.5400%\">Admite Dual-Micro SD (m\u00e1x. 256 GB para cada uno)<\/td>\n<\/tr>\n<tr>\n<td width=\"33.3800%\">Tarjeta SIM<\/td>\n<td width=\"65.5400%\">Nano<\/td>\n<\/tr>\n<tr>\n<td width=\"33.3800%\">Interfaces de extensi\u00f3n (opcional)<\/td>\n<td width=\"65.5400%\">SOS*2;\u00a0(Solo Pro) Rel\u00e9*1, RS232*1 y detecci\u00f3n de se\u00f1al de giro*2<\/td>\n<\/tr>\n<tr>\n<td width=\"33.3800%\">Indicaci\u00f3n<\/td>\n<td width=\"65.5400%\">Rojo (alimentaci\u00f3n), Verde (GNSS), Azul (Celular)<\/td>\n<\/tr>\n<tr>\n<td width=\"33.3800%\">Tensi\u00f3n de funcionamiento<\/td>\n<td width=\"65.5400%\">DC 9\u201333V (adecuado para veh\u00edculos de 12V y 24V)<\/td>\n<\/tr>\n<tr>\n<td width=\"33.3800%\">Requisito del entorno<\/td>\n<td width=\"65.5400%\">Temperatura de funcionamiento: -20 \u2103 a 70 \u2103\u00a0Temperatura de almacenamiento: \u201330 \u2103 a 85 \u2103<\/td>\n<\/tr>\n<\/tbody>\n<\/table>\n","protected":false},"excerpt":{"rendered":"<p><a href=\"https:\/\/www.emprenet.com.mx\/wp-content\/uploads\/2024\/01\/2023.07.03-JC450-Series-Leaflet-2.pdf\"><strong>CONSULTA FICHA TECNICA AQUI<\/strong><\/a><\/p>\n<p>&nbsp;<\/p>\n<p>La JC450 es un sistema dashcam LTE dise\u00f1ada espec\u00edficamente para su uso en veh\u00edculos comerciales. Es capaz de grabar 4\/5 canales separados simult\u00e1neamente y detecta eventos ADAS y DMS que ayudan a los conductores a aumentar la conciencia y la seguridad en la carretera al proporcionar alertas accionables en tiempo real.\u00a0Los videoclips activados por eventos clave o el bot\u00f3n SOS en la cabina,l se guardan en plataforma para su posterior revisi\u00f3n o apoyo probatorio.<\/p>\n<p>La JC450 proporciona visibilidad de video a trav\u00e9s de hasta 5 canales en tiempo real.\u00a0Tiene 1 c\u00e1mara incorporada (720P por defecto o 1080P a pedido) y admite hasta 4 c\u00e1maras remotas (opcionales) para monitorear el exterior, la cabina, los lados, la parte trasera o al conductor del veh\u00edculo, independientemente de si est\u00e1 en movimiento o estacionado. Algunas de las c\u00e1maras pueden incluso emitir alertas para recordar a los conductores o pasajeros sobre cualquier riesgo potencial.<\/p>\n<p>Las secuencias de video cr\u00edticas sobre colisiones u otros eventos no se sobrescriben ni se ver\u00e1n afectados por la grabaci\u00f3n en bucle y cargaran en plataforma para su almacenamiento.\u00a0Cuenta con 2 ranuras microSD en la unidad principal del sistema de c\u00e1mara, lo que permite hasta 512 GB de almacenamiento en el dispositivo.<\/p>\n<p>&nbsp;<\/p>\n<p>*PRECIOS EN D\u00d3LARES MAS IVA A TIPO DE CAMBIO DEL D\u00cdA*<br \/>\n*PREGUNTA POR ACCESORIOS Y C\u00c1MARAS ADICIONALES*<\/p>\n","protected":false},"featured_media":17480,"template":"","meta":{"content-type":"","_monsterinsights_skip_tracking":false,"_monsterinsights_sitenote_active":false,"_monsterinsights_sitenote_note":"","_monsterinsights_sitenote_category":0},"product_brand":[],"product_cat":[99],"product_tag":[174,173,175,172,176],"class_list":{"0":"post-12537","1":"product","2":"type-product","3":"status-publish","4":"has-post-thumbnail","6":"product_cat-jimiiot","7":"product_tag-adas","8":"product_tag-camara","9":"product_tag-dms","10":"product_tag-lte-4g","11":"product_tag-mas-vendidos","12":"grve-entry-item","14":"first","15":"instock","16":"taxable","17":"shipping-taxable","18":"purchasable","19":"product-type-simple"},"_links":{"self":[{"href":"https:\/\/www.emprenet.com.mx\/es\/wp-json\/wp\/v2\/product\/12537","targetHints":{"allow":["GET"]}}],"collection":[{"href":"https:\/\/www.emprenet.com.mx\/es\/wp-json\/wp\/v2\/product"}],"about":[{"href":"https:\/\/www.emprenet.com.mx\/es\/wp-json\/wp\/v2\/types\/product"}],"wp:featuredmedia":[{"embeddable":true,"href":"https:\/\/www.emprenet.com.mx\/es\/wp-json\/wp\/v2\/media\/17480"}],"wp:attachment":[{"href":"https:\/\/www.emprenet.com.mx\/es\/wp-json\/wp\/v2\/media?parent=12537"}],"wp:term":[{"taxonomy":"product_brand","embeddable":true,"href":"https:\/\/www.emprenet.com.mx\/es\/wp-json\/wp\/v2\/product_brand?post=12537"},{"taxonomy":"product_cat","embeddable":true,"href":"https:\/\/www.emprenet.com.mx\/es\/wp-json\/wp\/v2\/product_cat?post=12537"},{"taxonomy":"product_tag","embeddable":true,"href":"https:\/\/www.emprenet.com.mx\/es\/wp-json\/wp\/v2\/product_tag?post=12537"}],"curies":[{"name":"wp","href":"https:\/\/api.w.org\/{rel}","templated":true}]}}