{"id":13000,"date":"2024-02-19T22:09:58","date_gmt":"2024-02-19T22:09:58","guid":{"rendered":"https:\/\/www.emprenet.com.mx\/?post_type=product&#038;p=13000"},"modified":"2025-06-04T16:25:25","modified_gmt":"2025-06-04T16:25:25","slug":"vl106","status":"publish","type":"product","link":"https:\/\/www.emprenet.com.mx\/es\/tienda\/jimiiot\/vl106\/","title":{"rendered":"VL106"},"content":{"rendered":"<table>\n<tbody>\n<tr>\n<td class=\"ty_SPECIFICATIONS_title_bk\" width=\"284\"><strong><b>GNSS<\/b><\/strong><\/td>\n<td class=\"ty_SPECIFICATIONS_title_bk\" width=\"365\"><strong><b>\u00a0<\/b><\/strong><\/td>\n<\/tr>\n<tr>\n<td>Positioning system<\/td>\n<td width=\"365\">GPS\/BDS\/GLONASS\/Galileo + INS (inertial navigation system)<\/td>\n<\/tr>\n<tr>\n<td>Positioning accuracy<\/td>\n<td width=\"365\">\uff1c2.0m CEP<\/td>\n<\/tr>\n<tr>\n<td>INS accuracy<\/td>\n<td width=\"365\">\uff1c2%<\/td>\n<\/tr>\n<tr>\n<td>Tracking sensitivity<\/td>\n<td width=\"365\">-165dBm<\/td>\n<\/tr>\n<tr>\n<td>Acquisition sensitivity<\/td>\n<td width=\"365\">-148dBm<\/td>\n<\/tr>\n<tr>\n<td>TTFF (open sky)<\/td>\n<td width=\"365\">Avg. hot start \u22641sec<br \/>\nAvg. cold start \u226424sec<\/td>\n<\/tr>\n<tr>\n<td class=\"ty_SPECIFICATIONS_title_bk\"><strong><b>Cellular<\/b><\/strong><\/td>\n<td class=\"ty_SPECIFICATIONS_title_bk\"><strong><b>\u00a0<\/b><\/strong><\/td>\n<\/tr>\n<tr>\n<td>Communication network<\/td>\n<td width=\"365\">LTE\/GSM<\/td>\n<\/tr>\n<tr>\n<td>Frequency<\/td>\n<td width=\"365\">VL106-E:<br \/>\nLTE-FDD: B1\/B3\/B7\/B8\/B20\/B28<br \/>\nLTE-TDD: B34\/B38\/B39\/B40\/B41<br \/>\nGSM: 850\/900\/1800\/1900 MHzVL106-L:<br \/>\nLTE-FDD: B1\/B2\/B3\/B4\/B5\/B7\/B8\/B28<br \/>\nGSM: 850\/900\/1800\/1900 MHz<\/td>\n<\/tr>\n<tr>\n<td class=\"ty_SPECIFICATIONS_title_bk\"><strong><b>Power<\/b><\/strong><\/td>\n<td class=\"ty_SPECIFICATIONS_title_bk\"><strong><b>\u00a0<\/b><\/strong><\/td>\n<\/tr>\n<tr>\n<td>Battery<\/td>\n<td width=\"365\">100mAh\/3.7V industrial-grade Li-Polymer battery<\/td>\n<\/tr>\n<tr>\n<td>Input voltage<\/td>\n<td width=\"365\">9-36VDC<\/td>\n<\/tr>\n<tr>\n<td class=\"ty_SPECIFICATIONS_title_bk\"><strong><b>Interface<\/b><\/strong><\/td>\n<td class=\"ty_SPECIFICATIONS_title_bk\"><strong><b>\u00a0<\/b><\/strong><\/td>\n<\/tr>\n<tr>\n<td>LED indication<\/td>\n<td width=\"365\">GNSS (Blue), Cellular (Green), Power (Red)<\/td>\n<\/tr>\n<tr>\n<td>SIM<\/td>\n<td width=\"365\">Micro-SIM<\/td>\n<\/tr>\n<tr>\n<td>Data storage<\/td>\n<td width=\"365\">128+128Mb<\/td>\n<\/tr>\n<tr>\n<td>Digital inputs<\/td>\n<td width=\"365\">ACC<\/td>\n<\/tr>\n<tr>\n<td>Digital outputs<\/td>\n<td width=\"365\">Relay<\/td>\n<\/tr>\n<tr>\n<td class=\"ty_SPECIFICATIONS_title_bk\"><strong><b>Physical specification<\/b><\/strong><\/td>\n<td class=\"ty_SPECIFICATIONS_title_bk\"><strong><b>\u00a0<\/b><\/strong><\/td>\n<\/tr>\n<tr>\n<td>Dimensions<\/td>\n<td width=\"365\">94.3 x 50.4 x 15.0mm<\/td>\n<\/tr>\n<tr>\n<td>Weight<\/td>\n<td width=\"365\">69.0g<\/td>\n<\/tr>\n<tr>\n<td class=\"ty_SPECIFICATIONS_title_bk\"><strong><b>Operating environment<\/b><\/strong><\/td>\n<td class=\"ty_SPECIFICATIONS_title_bk\"><strong><b>\u00a0<\/b><\/strong><\/td>\n<\/tr>\n<tr>\n<td>Operating temperature<\/td>\n<td width=\"365\">\u201320\u2103\u00a0to +70\u2103<\/td>\n<\/tr>\n<tr>\n<td>IP rating<\/td>\n<td width=\"365\">IP65<\/td>\n<\/tr>\n<tr>\n<td class=\"ty_SPECIFICATIONS_title_bk\"><strong><b>Feature<\/b><\/strong><\/td>\n<td class=\"ty_SPECIFICATIONS_title_bk\"><strong><b>\u00a0<\/b><\/strong><\/td>\n<\/tr>\n<tr>\n<td>Sensors<\/td>\n<td width=\"365\">Accelerometer and gyroscope<\/td>\n<\/tr>\n<tr>\n<td>Scenarios<\/td>\n<td width=\"365\">Vehicle movement alert, Speeding alert, Geo-fence entry\/exit, SOS call, Power supply disconnection, Vehicle battery detection<\/td>\n<\/tr>\n<tr>\n<td>Driving behavior analysis<\/td>\n<td width=\"365\">Harsh acceleration, Harsh braking, Harsh cornering, Sudden lane change, Collision, Skidding, Rollover, Roll &amp; pitch<\/td>\n<\/tr>\n<\/tbody>\n<\/table>\n<p>&nbsp;<\/p>\n","protected":false},"excerpt":{"rendered":"<p><a href=\"https:\/\/www.emprenet.com.mx\/wp-content\/uploads\/2024\/02\/VL106-leaflet.pdf\"><strong>CONSULTA FICHA TECNICA AQUI<\/strong><\/a><\/p>\n<p>*SOLICITA T\u00c9RMINOS Y CONDICIONES EN PRECIO REBAJADO\/OFERTA*<\/p>\n<p>LTE GPS\/BDS\/GLONASS\/Galileo<\/p>\n<p>Con un sistema de navegaci\u00f3n interno, es capaz de proveer una posici\u00f3n y se\u00f1al precisa incluso en un t\u00fanel, en estacionamiento<br \/>\nsubterr\u00e1neo y otras localizaciones.<br \/>\nCon detecci\u00f3n de ACC y bot\u00f3n SOS<\/p>\n<p>*PRECIOS EN D\u00d3LARES MAS IVA A TIPO DE CAMBIO DEL D\u00cdA*<br \/>\n*PREGUNTA POR ACCESORIOS*<\/p>\n","protected":false},"featured_media":13001,"template":"","meta":{"content-type":"","_monsterinsights_skip_tracking":false,"_monsterinsights_sitenote_active":false,"_monsterinsights_sitenote_note":"","_monsterinsights_sitenote_category":0},"product_brand":[],"product_cat":[99],"product_tag":[28,171,172],"class_list":{"0":"post-13000","1":"product","2":"type-product","3":"status-publish","4":"has-post-thumbnail","6":"product_cat-jimiiot","7":"product_tag-gps","8":"product_tag-jimi-iot","9":"product_tag-lte-4g","10":"grve-entry-item","12":"first","13":"outofstock","14":"taxable","15":"shipping-taxable","16":"purchasable","17":"product-type-simple"},"_links":{"self":[{"href":"https:\/\/www.emprenet.com.mx\/es\/wp-json\/wp\/v2\/product\/13000","targetHints":{"allow":["GET"]}}],"collection":[{"href":"https:\/\/www.emprenet.com.mx\/es\/wp-json\/wp\/v2\/product"}],"about":[{"href":"https:\/\/www.emprenet.com.mx\/es\/wp-json\/wp\/v2\/types\/product"}],"wp:featuredmedia":[{"embeddable":true,"href":"https:\/\/www.emprenet.com.mx\/es\/wp-json\/wp\/v2\/media\/13001"}],"wp:attachment":[{"href":"https:\/\/www.emprenet.com.mx\/es\/wp-json\/wp\/v2\/media?parent=13000"}],"wp:term":[{"taxonomy":"product_brand","embeddable":true,"href":"https:\/\/www.emprenet.com.mx\/es\/wp-json\/wp\/v2\/product_brand?post=13000"},{"taxonomy":"product_cat","embeddable":true,"href":"https:\/\/www.emprenet.com.mx\/es\/wp-json\/wp\/v2\/product_cat?post=13000"},{"taxonomy":"product_tag","embeddable":true,"href":"https:\/\/www.emprenet.com.mx\/es\/wp-json\/wp\/v2\/product_tag?post=13000"}],"curies":[{"name":"wp","href":"https:\/\/api.w.org\/{rel}","templated":true}]}}