{"id":13008,"date":"2024-02-19T23:13:21","date_gmt":"2024-02-19T23:13:21","guid":{"rendered":"https:\/\/www.emprenet.com.mx\/?post_type=product&#038;p=13008"},"modified":"2025-10-01T18:27:53","modified_gmt":"2025-10-01T18:27:53","slug":"gv57mg","status":"publish","type":"product","link":"https:\/\/www.emprenet.com.mx\/es\/tienda\/queclink\/gv57mg\/","title":{"rendered":"GV57MG"},"content":{"rendered":"<div class=\"et_pb_module et_pb_wc_description et_pb_wc_description_0 et_pb_bg_layout_light et_pb_text_align_left\">\n<div class=\"et_pb_module_inner\">\n<p>Rastreador de veh\u00edculos compacto a prueba de agua<\/p>\n<\/div>\n<\/div>\n<div class=\"et_pb_module et_pb_text et_pb_text_0 et_pb_text_align_left et_pb_bg_layout_light et_multi_view__hover_selector et_multi_view__hovered\">\n<div class=\"et_pb_text_inner\" data-et-multi-view=\"{&quot;schema&quot;:{&quot;content&quot;:{&quot;desktop&quot;:&quot;&lt;p style=\\&quot;overflow: hidden; margin-bottom: 20px;\\&quot;&gt;&lt;strong style=\\&quot;font-size: 32px; float: left; width: 8%;\\&quot;&gt;1.&lt;\\\/strong&gt; &lt;span style=\\&quot;float: left; margin-left: 10px; width: 85%;\\&quot;&gt;A prueba de agua, IP67&lt;\\\/span&gt;&lt;\\\/p&gt;\\n&lt;p style=\\&quot;overflow: hidden; margin-bottom: 20px;\\&quot;&gt;&lt;strong style=\\&quot;font-size: 32px; float: left; width: 8%;\\&quot;&gt;2.&lt;\\\/strong&gt; &lt;span style=\\&quot;float: left; margin-left: 10px; width: 85%;\\&quot;&gt;Una simple instalaci\\u00f3n de cinco cables usando un conector en l\\u00ednea&lt;\\\/span&gt;&lt;\\\/p&gt;\\n&lt;p style=\\&quot;overflow: hidden; margin-bottom: 20px;\\&quot;&gt;&lt;strong style=\\&quot;font-size: 32px; float: left; width: 8%;\\&quot;&gt;3.&lt;\\\/strong&gt; &lt;span style=\\&quot;float: left; margin-left: 10px; width: 85%;\\&quot;&gt;E\\\/S digitales para la detecci\\u00f3n de la encendido, bot\\u00f3n de p\\u00e1nico, etc.&lt;\\\/span&gt;&lt;\\\/p&gt;\\n&lt;p style=\\&quot;overflow: hidden; margin-bottom: 20px;\\&quot;&gt;&lt;strong style=\\&quot;font-size: 32px; float: left; width: 8%;\\&quot;&gt;4.&lt;\\\/strong&gt; &lt;span style=\\&quot;float: left; margin-left: 10px; width: 85%;\\&quot;&gt;Soporta BLE 5.1&lt;\\\/span&gt;&lt;\\\/p&gt;\\n&lt;p style=\\&quot;overflow: hidden; margin-bottom: 20px;\\&quot;&gt;&lt;strong style=\\&quot;font-size: 32px; float: left; width: 8%;\\&quot;&gt;5.&lt;\\\/strong&gt; &lt;span style=\\&quot;float: left; margin-left: 10px; width: 85%;\\&quot;&gt;Ideal para aplicaciones de rastreo de veh\\u00edculos ligeros&lt;\\\/span&gt;&lt;\\\/p&gt;&quot;,&quot;phone&quot;:&quot;&lt;p style=\\&quot;overflow: hidden; margin-bottom: 20px;\\&quot;&gt;&lt;strong style=\\&quot;font-size: 24px; float: left; width: 8%;\\&quot;&gt;1.&lt;\\\/strong&gt; &lt;span style=\\&quot;float: left; margin-left: 10px; width: 85%;\\&quot;&gt;A prueba de agua, IP67&lt;\\\/span&gt;&lt;\\\/p&gt;\\n&lt;p style=\\&quot;overflow: hidden; margin-bottom: 20px;\\&quot;&gt;&lt;strong style=\\&quot;font-size: 24px; float: left; width: 8%;\\&quot;&gt;2.&lt;\\\/strong&gt; &lt;span style=\\&quot;float: left; margin-left: 10px; width: 85%;\\&quot;&gt;Una simple instalaci\\u00f3n de cinco cables usando un conector en l\\u00ednea&lt;\\\/span&gt;&lt;\\\/p&gt;\\n&lt;p style=\\&quot;overflow: hidden; margin-bottom: 20px;\\&quot;&gt;&lt;strong style=\\&quot;font-size: 24px; float: left; width: 8%;\\&quot;&gt;3.&lt;\\\/strong&gt; &lt;span style=\\&quot;float: left; margin-left: 10px; width: 85%;\\&quot;&gt;E\\\/S digitales para la detecci\\u00f3n de la encendido, bot\\u00f3n de p\\u00e1nico, etc.&lt;\\\/span&gt;&lt;\\\/p&gt;\\n&lt;p style=\\&quot;overflow: hidden; margin-bottom: 20px;\\&quot;&gt;&lt;strong style=\\&quot;font-size: 24px; float: left; width: 8%;\\&quot;&gt;4.&lt;\\\/strong&gt; &lt;span style=\\&quot;float: left; margin-left: 10px; width: 85%;\\&quot;&gt;Soporta BLE 5.1&lt;\\\/span&gt;&lt;\\\/p&gt;\\n&lt;p style=\\&quot;overflow: hidden; margin-bottom: 20px;\\&quot;&gt;&lt;strong style=\\&quot;font-size: 24px; float: left; width: 8%;\\&quot;&gt;5.&lt;\\\/strong&gt; &lt;span style=\\&quot;float: left; margin-left: 10px; width: 85%;\\&quot;&gt;Ideal para aplicaciones de rastreo de veh\\u00edculos ligeros&lt;\\\/span&gt;&lt;\\\/p&gt;&quot;}},&quot;slug&quot;:&quot;et_pb_text&quot;}\" data-et-multi-view-load-phone-hidden=\"true\">\n<p><strong>1.<\/strong> A prueba de agua, IP67<\/p>\n<p><strong>2.<\/strong> Una simple instalaci\u00f3n de cinco cables usando un conector en l\u00ednea<\/p>\n<p><strong>3.<\/strong> E\/S digitales para la detecci\u00f3n de la encendido, bot\u00f3n de p\u00e1nico, etc.<\/p>\n<p><strong>4.<\/strong> Soporta BLE 5.1<\/p>\n<p><strong>5.<\/strong> Ideal para aplicaciones de rastreo de veh\u00edculos ligeros<\/p>\n<\/div>\n<\/div>\n","protected":false},"excerpt":{"rendered":"<p><strong><a href=\"https:\/\/www.emprenet.com.mx\/wp-content\/uploads\/2024\/02\/ES-GV57MG-20220621.pdf\">Consulta la ficha t\u00e9cnica aqu\u00ed<\/a><\/strong><\/p>\n<p>*SOLICITA T\u00c9RMINOS Y CONDICIONES EN PRECIO REBAJADO\/OFERTA*<\/p>\n<p>El GV57MG integra los \u00faltimos est\u00e1ndares de redes de \u00e1rea amplia de bajo consumo y cubre un \u00e1rea m\u00e1s amplia, lo que la hace m\u00e1s flexible de implementar. Con un dise\u00f1o resistente al agua, asegura que el producto siga siendo fiable hasta cuando se instala en los entornos m\u00e1s demandantes. Ofrece E \/ S digitales b\u00e1sicas que se pueden utilizar para la detecci\u00f3n de encendido y el control del veh\u00edculo. Combinando el revolucionario consumo de energ\u00eda-cero de Queclink con un innovador algoritmo de gesti\u00f3n del consumo de energ\u00eda, el dispositivo permite a los motociclistas dejar sus motos estacionadas durante largos per\u00edodos de tiempo sin tener que preocuparse por una bater\u00eda agotada. El producto es ideal para la recuperaci\u00f3n de veh\u00edculos robados, el arrendamiento automotriz y otras aplicaciones de necesidades b\u00e1sicas de seguimiento.<\/p>\n<p>&nbsp;<\/p>\n<p>*PRECIO EN D\u00d3LARES M\u00c1S IVA*<br \/>\n*TIPO DE CAMBIO AL D\u00cdA DE PAGO*<\/p>\n","protected":false},"featured_media":13009,"template":"","meta":{"content-type":"","_monsterinsights_skip_tracking":false,"_monsterinsights_sitenote_active":false,"_monsterinsights_sitenote_note":"","_monsterinsights_sitenote_category":0},"product_brand":[],"product_cat":[70],"product_tag":[28,205,204],"class_list":{"0":"post-13008","1":"product","2":"type-product","3":"status-publish","4":"has-post-thumbnail","6":"product_cat-queclink","7":"product_tag-gps","8":"product_tag-gv57mg","9":"product_tag-queclink","10":"grve-entry-item","12":"first","13":"outofstock","14":"taxable","15":"shipping-taxable","16":"purchasable","17":"product-type-simple"},"_links":{"self":[{"href":"https:\/\/www.emprenet.com.mx\/es\/wp-json\/wp\/v2\/product\/13008","targetHints":{"allow":["GET"]}}],"collection":[{"href":"https:\/\/www.emprenet.com.mx\/es\/wp-json\/wp\/v2\/product"}],"about":[{"href":"https:\/\/www.emprenet.com.mx\/es\/wp-json\/wp\/v2\/types\/product"}],"wp:featuredmedia":[{"embeddable":true,"href":"https:\/\/www.emprenet.com.mx\/es\/wp-json\/wp\/v2\/media\/13009"}],"wp:attachment":[{"href":"https:\/\/www.emprenet.com.mx\/es\/wp-json\/wp\/v2\/media?parent=13008"}],"wp:term":[{"taxonomy":"product_brand","embeddable":true,"href":"https:\/\/www.emprenet.com.mx\/es\/wp-json\/wp\/v2\/product_brand?post=13008"},{"taxonomy":"product_cat","embeddable":true,"href":"https:\/\/www.emprenet.com.mx\/es\/wp-json\/wp\/v2\/product_cat?post=13008"},{"taxonomy":"product_tag","embeddable":true,"href":"https:\/\/www.emprenet.com.mx\/es\/wp-json\/wp\/v2\/product_tag?post=13008"}],"curies":[{"name":"wp","href":"https:\/\/api.w.org\/{rel}","templated":true}]}}