{"id":13018,"date":"2024-02-19T23:28:06","date_gmt":"2024-02-19T23:28:06","guid":{"rendered":"https:\/\/www.emprenet.com.mx\/?post_type=product&#038;p=13018"},"modified":"2025-06-04T16:35:26","modified_gmt":"2025-06-04T16:35:26","slug":"cv200xeu","status":"publish","type":"product","link":"https:\/\/www.emprenet.com.mx\/es\/tienda\/queclink\/cv200xeu\/","title":{"rendered":"CV200XEU"},"content":{"rendered":"<p>Especificaciones LTE<\/p>\n<table width=\"100%\">\n<tbody>\n<tr>\n<td width=\"30%\"><b>Banda de operaci\u00f3n<\/b><\/td>\n<td width=\"70%\">CV200XEU:<br \/>\nLTE CAT6:<br \/>\nLTE-FDD: B1\/B2\/B3\/B4\/B5\/B7\/B8\/B20\/B28<br \/>\nLTE-TDD: B38\/B39\/B40\/B41<br \/>\nWCDMA: B1\/B2\/B4\/B5\/B8<br \/>\nCV200XNA:<br \/>\nLTE CAT6:<br \/>\nLTE-FDD: B2\/B4\/B5\/B12\/B13\/B14\/B17\/B66<br \/>\nLTE-TDD: B41<br \/>\nWCDMA: B2\/B4\/B5<\/td>\n<\/tr>\n<tr>\n<td width=\"30%\"><strong>Transmisi\u00f3n de datos<\/strong><\/td>\n<td width=\"70%\">LTE: 50Mbps UL\/300Mbps DL<\/td>\n<\/tr>\n<\/tbody>\n<\/table>\n<p>Especificaciones Wi-Fi<\/p>\n<table width=\"100%\">\n<tbody>\n<tr>\n<td width=\"30%\"><strong>Modo de Trabajo<\/strong><\/td>\n<td width=\"70%\">Punto de Acceso (AP = Access Point) y Estaci\u00f3n<\/td>\n<\/tr>\n<tr>\n<td width=\"30%\"><strong>Frecuencia<\/strong><\/td>\n<td width=\"70%\">2.4GHz \/ 5GHz<\/td>\n<\/tr>\n<tr>\n<td width=\"30%\"><strong>Est\u00e1ndar<\/strong><\/td>\n<td width=\"70%\">IEEE 802.11b\/g\/n\/ac<\/td>\n<\/tr>\n<\/tbody>\n<\/table>\n<p>Especificaciones de BLE<\/p>\n<table width=\"100%\">\n<tbody>\n<tr>\n<td width=\"30%\"><strong>Modo de Trabajo<\/strong><\/td>\n<td width=\"70%\">BT 4.2 + BLE<\/td>\n<\/tr>\n<tr>\n<td width=\"30%\"><strong>Frecuencia<\/strong><\/td>\n<td width=\"70%\">2.4GHz<\/td>\n<\/tr>\n<\/tbody>\n<\/table>\n<p>Especificaciones de GNSS<\/p>\n<table width=\"100%\">\n<tbody>\n<tr>\n<td width=\"30%\"><strong>Tipo de GNSS<\/strong><\/td>\n<td width=\"70%\">GPS\/BDS\/GLONASS\/Galileo<\/td>\n<\/tr>\n<tr>\n<td width=\"30%\"><strong>Sensibilidad<\/strong><\/td>\n<td width=\"70%\">Rastreo: -159 dBm<br \/>\nArranque en fr\u00edo: -148 dBm<br \/>\nArranque en tibio: -151 dBm<br \/>\nArranque en caliente: -158 dBm<\/td>\n<\/tr>\n<tr>\n<td width=\"30%\"><strong>Precisi\u00f3n de Ubicaci\u00f3n (CEP)<\/strong><\/td>\n<td width=\"70%\">&lt; 3m<\/td>\n<\/tr>\n<tr>\n<td width=\"30%\"><strong>TTFF (cielo abierto)<\/strong><\/td>\n<td width=\"70%\">Arranque en fr\u00edo: Promedio 35s<br \/>\nArranque en tibio: Promedio 35s<br \/>\nArranque en caliente: Promedio 1s<\/td>\n<\/tr>\n<\/tbody>\n<\/table>\n<p>Especificaciones Generales<\/p>\n<table width=\"100%\">\n<tbody>\n<tr>\n<td width=\"30%\"><strong>Dimensiones<\/strong><\/td>\n<td width=\"70%\">120*60 *30 mm (sin soporte)<br \/>\n120*60 *70 mm (con soporte)<\/td>\n<\/tr>\n<tr>\n<td width=\"30%\"><strong>Peso<\/strong><\/td>\n<td width=\"70%\">220g<\/td>\n<\/tr>\n<tr>\n<td width=\"30%\"><strong>Bater\u00eda de Respaldo<\/strong><\/td>\n<td width=\"70%\">Recargable de Pol\u00edmero de Litio, 470mAh<\/td>\n<\/tr>\n<tr>\n<td width=\"30%\"><strong>Voltaje de Operaci\u00f3n<\/strong><\/td>\n<td width=\"70%\">8V~32V CC<\/td>\n<\/tr>\n<tr>\n<td width=\"30%\"><strong>Temperatura de Funcionamiento<\/strong><\/td>\n<td width=\"70%\">-20\u2103 ~ +70\u2103<\/td>\n<\/tr>\n<tr>\n<td width=\"30%\"><strong>Temperatura de Almacenamiento<\/strong><\/td>\n<td width=\"70%\">-40\u2103 ~ +85\u2103<\/td>\n<\/tr>\n<tr>\n<td width=\"30%\"><strong>Rotaci\u00f3n del Soporte<\/strong><\/td>\n<td width=\"70%\">\u00c1ngulos de rotaci\u00f3n ajustables\uff1a0\u00b0 a 80\u00b0<\/td>\n<\/tr>\n<tr>\n<td width=\"30%\"><strong>Montaje<\/strong><\/td>\n<td width=\"70%\">Cinta adhesiva 3M, instalaci\u00f3n en el parabrisas<\/td>\n<\/tr>\n<\/tbody>\n<\/table>\n<p>Interfaces<\/p>\n<table width=\"100%\">\n<tbody>\n<tr>\n<td width=\"30%\"><strong>Conector Interfaz<\/strong><\/td>\n<td width=\"70%\">Entrada de Alimentaci\u00f3n<br \/>\nEntrada de Detecci\u00f3n de ignici\u00f3n<br \/>\nTierra<br \/>\n1 x RS232<br \/>\n1 x DIN: activaci\u00f3n negativa<br \/>\n1 x DOUT: Salida digital colector abierto<br \/>\nConector de 4 PINES para 1 c\u00e1mara adicional<\/td>\n<\/tr>\n<tr>\n<td width=\"30%\"><strong>USB tipo C<\/strong><\/td>\n<td width=\"70%\">Actualizaci\u00f3n\/Diagnostico\/Configuraci\u00f3n\/Transmisi\u00f3n de Datos<\/td>\n<\/tr>\n<tr>\n<td width=\"30%\"><strong>Ranura para Tarjeta TF<\/strong><\/td>\n<td width=\"70%\">Micro SD<\/td>\n<\/tr>\n<tr>\n<td width=\"30%\"><strong>Tarjeta SIM<\/strong><\/td>\n<td width=\"70%\">Nano SIM (4FF)<\/td>\n<\/tr>\n<tr>\n<td width=\"30%\"><strong>Antena Celular<\/strong><\/td>\n<td width=\"70%\">S\u00f3lo interna<\/td>\n<\/tr>\n<tr>\n<td width=\"30%\"><strong>Antena GNSS<\/strong><\/td>\n<td width=\"70%\">S\u00f3lo interna<\/td>\n<\/tr>\n<tr>\n<td width=\"30%\"><strong>Antena Wi-Fi<\/strong><\/td>\n<td width=\"70%\">S\u00f3lo interna<\/td>\n<\/tr>\n<tr>\n<td width=\"30%\"><strong>Antena BLE<\/strong><\/td>\n<td width=\"70%\">S\u00f3lo interna<\/td>\n<\/tr>\n<tr>\n<td width=\"30%\"><strong>Indicador LED<\/strong><\/td>\n<td width=\"70%\">GNSS\/CEL\/PWR\/REC<\/td>\n<\/tr>\n<tr>\n<td width=\"30%\"><strong>IMU<\/strong><\/td>\n<td width=\"70%\">Aceler\u00f3metro de 3 ejes + Giroscopio de 3 ejes<\/td>\n<\/tr>\n<tr>\n<td width=\"30%\"><strong>Bot\u00f3n multifunci\u00f3n<\/strong><\/td>\n<td width=\"70%\">Interruptor Wi-Fi\/Bot\u00f3n de P\u00e1nico\/Alarma SOS<\/td>\n<\/tr>\n<tr>\n<td width=\"30%\"><strong>Bot\u00f3n de Reinicio<\/strong><\/td>\n<td width=\"70%\">Incorporado<\/td>\n<\/tr>\n<\/tbody>\n<\/table>\n<p>Funci\u00f3n<\/p>\n<table width=\"100%\">\n<tbody>\n<tr>\n<td width=\"30%\"><strong>Protocolo de Red <\/strong><\/td>\n<td width=\"70%\">TCP, UDP, SMS, FTP, RTMP, HTTP, NTP<\/td>\n<\/tr>\n<tr>\n<td width=\"30%\"><strong>Transmisi\u00f3n de archivos<\/strong><\/td>\n<td width=\"70%\">Carga de videos y fotos a un servidor de archivos por red IP<\/td>\n<\/tr>\n<tr>\n<td width=\"30%\"><strong>Transmisi\u00f3n en directo <\/strong><\/td>\n<td width=\"70%\">Monitorizaci\u00f3n de la vista frontal e interior en cualquier momento<\/td>\n<\/tr>\n<tr>\n<td width=\"30%\"><strong>V\u00eddeo a la carta <\/strong><\/td>\n<td width=\"70%\">Solicita la descarga y reproducci\u00f3n de v\u00eddeo<\/td>\n<\/tr>\n<tr>\n<td width=\"30%\"><strong>Grabaci\u00f3n Basada en Eventos<\/strong><\/td>\n<td width=\"70%\">Grabe autom\u00e1ticamente las secuencias mientras se detectan los eventos predefinidos o se pulsa manualmente el bot\u00f3n de p\u00e1nico<\/td>\n<\/tr>\n<tr>\n<td width=\"30%\"><strong>Llamada de Emergencia<\/strong><\/td>\n<td width=\"70%\">Realiza llamadas de emergencia en situaciones de accidentes graves<\/td>\n<\/tr>\n<tr>\n<td width=\"30%\"><strong>IA inteligente*<\/strong><\/td>\n<td width=\"70%\">ADAS: FCW, HMW, PCW<br \/>\nDMS: Cierre de Ojos, Bostezos, Distracciones,Uso del Tel\u00e9fono, Fumar<br \/>\nDetecci\u00f3n de V\u00eddeo: Detecci\u00f3n de V\u00eddeo Sin Imagen, Detecci\u00f3n de V\u00eddeo Perdido<\/td>\n<\/tr>\n<tr>\n<td width=\"30%\"><strong>Sincronizaci\u00f3n Horaria<\/strong><\/td>\n<td width=\"70%\">NTP\/GPS<\/td>\n<\/tr>\n<tr>\n<td width=\"30%\"><strong>Asignaci\u00f3n Inteligente de Almacenamiento<\/strong><\/td>\n<td width=\"70%\">Sobreescritura en bucle y asignaci\u00f3n del espacio de grabaci\u00f3n seg\u00fan se requiera<\/td>\n<\/tr>\n<tr>\n<td width=\"30%\"><strong>Protecci\u00f3n contra Sobre descarga<\/strong><\/td>\n<td width=\"70%\">Corte de la alimentaci\u00f3n para evitar la sobre descarga de la bater\u00eda del veh\u00edculo<\/td>\n<\/tr>\n<tr>\n<td width=\"30%\"><strong>Modo Estacionado<\/strong><\/td>\n<td width=\"70%\">Detecci\u00f3n de impactos y golpes cuando esta estacionado<\/td>\n<\/tr>\n<tr>\n<td width=\"30%\"><strong>Telem\u00e1tica del Veh\u00edculo<\/strong><\/td>\n<td width=\"70%\">Seguimiento en tiempo real, Geocercas circulares y Poligonales, Exceso de velocidad, Comportamiento de conducci\u00f3n brusco, Detecci\u00f3n de colisi\u00f3n, Kilometraje Total<\/td>\n<\/tr>\n<tr>\n<td width=\"30%\"><strong>Almacenamiento en B\u00fafer de Mensajes<\/strong><\/td>\n<td width=\"70%\">Hasta 10.000 Mensajes en el B\u00fafer<\/td>\n<\/tr>\n<tr>\n<td width=\"30%\"><strong>Control de Secuencia de Hardware (Watchdog)<\/strong><\/td>\n<td width=\"70%\">Recuperaci\u00f3n autom\u00e1tica cuando se produce una excepci\u00f3n del sistema<\/td>\n<\/tr>\n<tr>\n<td width=\"30%\"><strong>Actualizaci\u00f3n y Configuraci\u00f3no<\/strong><\/td>\n<td width=\"70%\">Por Aire (OTA) y de forma local<\/td>\n<\/tr>\n<\/tbody>\n<\/table>\n<p>Especificaciones de Grabaci\u00f3n<\/p>\n<table width=\"100%\">\n<tbody>\n<tr>\n<td width=\"30%\"><strong>Sensor de Imagen <\/strong><\/td>\n<td width=\"70%\">2 megap\u00edxeles FHD RGB<\/td>\n<\/tr>\n<tr>\n<td width=\"30%\"><strong>Lente<\/strong><\/td>\n<td width=\"70%\">DFOV &gt;140\u00b0, 6G+ Filtro de Corte IR<\/td>\n<\/tr>\n<tr>\n<td width=\"30%\"><strong>Resoluci\u00f3n <\/strong><\/td>\n<td width=\"70%\">1920*1080P<\/td>\n<\/tr>\n<tr>\n<td width=\"30%\"><strong>Calidad de Grabaci\u00f3n <\/strong><\/td>\n<td width=\"70%\">Baja\/Media\/Alta, ajustable<\/td>\n<\/tr>\n<tr>\n<td width=\"30%\"><strong>Visualizaci\u00f3n en Pantalla<\/strong><\/td>\n<td width=\"70%\">Fecha y Hora, Velocidad del Veh\u00edculo, Coordenadas, Datos del aceler\u00f3metro, Superposici\u00f3n de Logotipo<\/td>\n<\/tr>\n<tr>\n<td width=\"30%\"><strong>Almacenamiento Externo<\/strong><\/td>\n<td width=\"70%\">Micro SD, UHS-1 128 GB M\u00e1x. sistema de archivos FAT32<\/td>\n<\/tr>\n<tr>\n<td width=\"30%\"><strong>Modo de Grabaci\u00f3n<\/strong><\/td>\n<td width=\"70%\">Grabaci\u00f3n continua mediante sobreescritura en bucle<\/td>\n<\/tr>\n<tr>\n<td width=\"30%\"><strong>Control de Audio<\/strong><\/td>\n<td width=\"70%\">Activar\/Desactivar<\/td>\n<\/tr>\n<tr>\n<td width=\"30%\"><strong>Volumen de Voz<\/strong><\/td>\n<td width=\"70%\">Silencio\/Bajo\/Medio\/Alto<\/td>\n<\/tr>\n<tr>\n<td width=\"30%\"><strong>Formato de V\u00eddeo<\/strong><\/td>\n<td width=\"70%\">MP4<\/td>\n<\/tr>\n<tr>\n<td width=\"30%\"><strong>Formato de Imagen<\/strong><\/td>\n<td width=\"70%\">JPG<\/td>\n<\/tr>\n<tr>\n<td width=\"30%\"><strong>Micr\u00f3fono<\/strong><\/td>\n<td width=\"70%\">Incorporado<\/td>\n<\/tr>\n<tr>\n<td width=\"30%\"><strong>Altavoz<\/strong><\/td>\n<td width=\"70%\">Incorporado<\/td>\n<\/tr>\n<\/tbody>\n<\/table>\n","protected":false},"excerpt":{"rendered":"<div class=\"et_pb_module et_pb_wc_description et_pb_wc_description_0 et_pb_bg_layout_light  et_pb_text_align_left\">\n<div class=\"et_pb_module_inner\">\n<p><a href=\"https:\/\/www.emprenet.com.mx\/wp-content\/uploads\/2024\/02\/CV200XEU-XNA-ES-Flyer-20230711.pdf\"><strong>Consulta la ficha t\u00e9cnica aqu\u00ed<\/strong><\/a><\/p>\n<p>La CV200 es la segunda generaci\u00f3n de c\u00e1maras inteligentes LTE Cat 6 de Queclink que combina funciones telem\u00e1ticas todo en uno. Puede funcionar sola, o conectarse a una segunda c\u00e1mara adicional para proporcionar la vista dentro de cabina o vista de la carga. El potente ADAS\/DMS (opcional) mejora el nivel de seguridad de los sistemas de gesti\u00f3n de flotas. La CV200, es una c\u00e1mara para tablero, flexible, la cual soporta E\/S f\u00edsicas por cable o BLE para conectar diversos accesorios. Es perfecta para aplicaciones como la negociaci\u00f3n de reclamaciones de seguros, la capacitaci\u00f3n de conductores, la supervisi\u00f3n de la cabina y el reporte de accidentes.<\/p>\n<p>C\u00e1mara Inteligente para Tablero (DASH Cam) 4G con Funciones completas de telem\u00e1tica<\/p>\n<\/div>\n<\/div>\n<div class=\"et_pb_module et_pb_text et_pb_text_0  et_pb_text_align_left et_pb_bg_layout_light et_multi_view__hover_selector et_multi_view__hovered\">\n<div class=\"et_pb_text_inner\" data-et-multi-view=\"{&quot;schema&quot;:{&quot;content&quot;:{&quot;desktop&quot;:&quot;&lt;p style=\\&quot;overflow: hidden; margin-bottom: 20px;\\&quot;&gt;&lt;strong style=\\&quot;font-size: 32px; float: left; width: 8%;\\&quot;&gt;1.&lt;\\\/strong&gt; &lt;span style=\\&quot;float: left; margin-left: 10px; width: 85%;\\&quot;&gt;LTE Cat 6 para garantizar la cobertura global&lt;\\\/span&gt;&lt;\\\/p&gt;\\n&lt;p style=\\&quot;overflow: hidden; margin-bottom: 20px;\\&quot;&gt;&lt;strong style=\\&quot;font-size: 32px; float: left; width: 8%;\\&quot;&gt;2.&lt;\\\/strong&gt; &lt;span style=\\&quot;float: left; margin-left: 10px; width: 85%;\\&quot;&gt;Funci\\u00f3n opcional de IA (DMS \\\/ ADAS) para mejorar la seguridad&lt;\\\/span&gt;&lt;\\\/p&gt;\\n&lt;p style=\\&quot;overflow: hidden; margin-bottom: 20px;\\&quot;&gt;&lt;strong style=\\&quot;font-size: 32px; float: left; width: 8%;\\&quot;&gt;3.&lt;\\\/strong&gt; &lt;span style=\\&quot;float: left; margin-left: 10px; width: 85%;\\&quot;&gt;C\\u00e1mara frontal FHD y c\\u00e1mara interior secundaria desmontable para una alta flexibilidad&lt;\\\/span&gt;&lt;\\\/p&gt;\\n&lt;p style=\\&quot;overflow: hidden; margin-bottom: 20px;\\&quot;&gt;&lt;strong style=\\&quot;font-size: 32px; float: left; width: 8%;\\&quot;&gt;4.&lt;\\\/strong&gt; &lt;span style=\\&quot;float: left; margin-left: 10px; width: 85%;\\&quot;&gt;RS232 y E\\\/S para accesorios&lt;\\\/span&gt;&lt;\\\/p&gt;\\n&lt;p style=\\&quot;overflow: hidden; margin-bottom: 20px;\\&quot;&gt;&lt;strong style=\\&quot;font-size: 32px; float: left; width: 8%;\\&quot;&gt;5.&lt;\\\/strong&gt; &lt;span style=\\&quot;float: left; margin-left: 10px; width: 85%;\\&quot;&gt;Cable de alimentaci\\u00f3n OBD opcional&lt;\\\/span&gt;&lt;\\\/p&gt;&quot;,&quot;tablet&quot;:&quot;&quot;}},&quot;slug&quot;:&quot;et_pb_text&quot;}\" data-et-multi-view-load-tablet-hidden=\"true\">\n<p><strong>1.<\/strong> LTE Cat 6 para garantizar la cobertura global<\/p>\n<p><strong>2.<\/strong> Funci\u00f3n opcional de IA (DMS \/ ADAS) para mejorar la seguridad<\/p>\n<p><strong>3.<\/strong> C\u00e1mara frontal FHD y c\u00e1mara interior secundaria desmontable para una alta flexibilidad<\/p>\n<p><strong>4.<\/strong> RS232 y E\/S para accesorios<\/p>\n<p><strong>5.<\/strong> Cable de alimentaci\u00f3n OBD opcional<\/p>\n<\/div>\n<p><strong>*PRECIO EN USD + IVA*<\/strong><br \/>\n<strong>*TIPO DE CAMBIO AL D\u00cdA DE COMPRA*<\/strong><\/p>\n<\/div>\n","protected":false},"featured_media":13021,"template":"","meta":{"content-type":"","_monsterinsights_skip_tracking":false,"_monsterinsights_sitenote_active":false,"_monsterinsights_sitenote_note":"","_monsterinsights_sitenote_category":0},"product_brand":[],"product_cat":[70],"product_tag":[173,242,244,204,243,221],"class_list":{"0":"post-13018","1":"product","2":"type-product","3":"status-publish","4":"has-post-thumbnail","6":"product_cat-queclink","7":"product_tag-camara","8":"product_tag-cv200xeu","9":"product_tag-ia","10":"product_tag-queclink","11":"product_tag-telemetria","12":"product_tag-vehiculo","13":"grve-entry-item","15":"first","16":"instock","17":"taxable","18":"shipping-taxable","19":"purchasable","20":"product-type-simple"},"_links":{"self":[{"href":"https:\/\/www.emprenet.com.mx\/es\/wp-json\/wp\/v2\/product\/13018","targetHints":{"allow":["GET"]}}],"collection":[{"href":"https:\/\/www.emprenet.com.mx\/es\/wp-json\/wp\/v2\/product"}],"about":[{"href":"https:\/\/www.emprenet.com.mx\/es\/wp-json\/wp\/v2\/types\/product"}],"wp:featuredmedia":[{"embeddable":true,"href":"https:\/\/www.emprenet.com.mx\/es\/wp-json\/wp\/v2\/media\/13021"}],"wp:attachment":[{"href":"https:\/\/www.emprenet.com.mx\/es\/wp-json\/wp\/v2\/media?parent=13018"}],"wp:term":[{"taxonomy":"product_brand","embeddable":true,"href":"https:\/\/www.emprenet.com.mx\/es\/wp-json\/wp\/v2\/product_brand?post=13018"},{"taxonomy":"product_cat","embeddable":true,"href":"https:\/\/www.emprenet.com.mx\/es\/wp-json\/wp\/v2\/product_cat?post=13018"},{"taxonomy":"product_tag","embeddable":true,"href":"https:\/\/www.emprenet.com.mx\/es\/wp-json\/wp\/v2\/product_tag?post=13018"}],"curies":[{"name":"wp","href":"https:\/\/api.w.org\/{rel}","templated":true}]}}