{"id":13022,"date":"2024-02-19T23:40:39","date_gmt":"2024-02-19T23:40:39","guid":{"rendered":"https:\/\/www.emprenet.com.mx\/?post_type=product&#038;p=13022"},"modified":"2025-06-04T16:31:01","modified_gmt":"2025-06-04T16:31:01","slug":"trace5-lte-la-ip67","status":"publish","type":"product","link":"https:\/\/www.emprenet.com.mx\/es\/tienda\/ruptela\/trace5-lte-la-ip67\/","title":{"rendered":"TRACE5 LTE LA IP67"},"content":{"rendered":"<p>Conectividad LTE con respaldo 2G<br \/>\nAceler\u00f3metro de 3 ejes<br \/>\nTama\u00f1o peque\u00f1o 95 x 77 x 29 mm<br \/>\nBater\u00eda interna de respaldo de 190 mAh<br \/>\nM\u00f3dulo GNSS U-blox<br \/>\nFuente de alimentaci\u00f3n 8-32 VCC<br \/>\nMemoria interna 8MB<br \/>\nGNSS interno y antenas celulares<br \/>\nInstalaci\u00f3n r\u00e1pida y sencilla<br \/>\n4xDIN, 2xAIN,<br \/>\n2XDOUT, 1-wire<br \/>\n2 entradas digitales configurables (invertibles)<br \/>\nDetecci\u00f3n de interferencias<br \/>\nConfiguraci\u00f3n FW SMS\/ GPRS\/USB (FOTA)<br \/>\nTemperatura de funcionamiento -20 \u00b0C a +60 \u00b0C<br \/>\nBLE 4.2 cl\u00e1sico y LE<br \/>\nCarcasa impermeable IP67<\/p>\n","protected":false},"excerpt":{"rendered":"<p><a href=\"https:\/\/www.emprenet.com.mx\/wp-content\/uploads\/2024\/02\/EN-Trace5-LTE-Datasheet.pdf\"><strong>Consulta la ficha t\u00e9cnica aqu\u00ed<\/strong><\/a><\/p>\n<p>Trace5 Versi\u00f3n IP67 del dispositivo con carcasa robusta, que proporciona protecci\u00f3n completa contra el agua, la suciedad y factores mec\u00e1nicos. Esta versi\u00f3n est\u00e1 dise\u00f1ada para soportar entornos hostiles<br \/>\ny puede instalarse fuera de la cabina, cerca del motor, garantizando al mismo tiempo un rendimiento y una funcionalidad \u00f3ptimos.<\/p>\n<p><strong>*PRECIOS EN D\u00d3LARES M\u00c1S IVA*<\/strong><br \/>\n<strong>*TIPO DE CAMBIO AL D\u00cdA DE COMPRA*<\/strong><\/p>\n","protected":false},"featured_media":13023,"template":"","meta":{"content-type":"","_monsterinsights_skip_tracking":false,"_monsterinsights_sitenote_active":false,"_monsterinsights_sitenote_note":"","_monsterinsights_sitenote_category":0},"product_brand":[],"product_cat":[71],"product_tag":[190,28,191,187],"class_list":{"0":"post-13022","1":"product","2":"type-product","3":"status-publish","4":"has-post-thumbnail","6":"product_cat-ruptela","7":"product_tag-ble-4-2","8":"product_tag-gps","9":"product_tag-lte","10":"product_tag-trace-5","11":"grve-entry-item","13":"first","14":"instock","15":"taxable","16":"shipping-taxable","17":"purchasable","18":"product-type-simple"},"_links":{"self":[{"href":"https:\/\/www.emprenet.com.mx\/es\/wp-json\/wp\/v2\/product\/13022","targetHints":{"allow":["GET"]}}],"collection":[{"href":"https:\/\/www.emprenet.com.mx\/es\/wp-json\/wp\/v2\/product"}],"about":[{"href":"https:\/\/www.emprenet.com.mx\/es\/wp-json\/wp\/v2\/types\/product"}],"wp:featuredmedia":[{"embeddable":true,"href":"https:\/\/www.emprenet.com.mx\/es\/wp-json\/wp\/v2\/media\/13023"}],"wp:attachment":[{"href":"https:\/\/www.emprenet.com.mx\/es\/wp-json\/wp\/v2\/media?parent=13022"}],"wp:term":[{"taxonomy":"product_brand","embeddable":true,"href":"https:\/\/www.emprenet.com.mx\/es\/wp-json\/wp\/v2\/product_brand?post=13022"},{"taxonomy":"product_cat","embeddable":true,"href":"https:\/\/www.emprenet.com.mx\/es\/wp-json\/wp\/v2\/product_cat?post=13022"},{"taxonomy":"product_tag","embeddable":true,"href":"https:\/\/www.emprenet.com.mx\/es\/wp-json\/wp\/v2\/product_tag?post=13022"}],"curies":[{"name":"wp","href":"https:\/\/api.w.org\/{rel}","templated":true}]}}