{"id":13026,"date":"2024-02-19T23:46:20","date_gmt":"2024-02-19T23:46:20","guid":{"rendered":"https:\/\/www.emprenet.com.mx\/?post_type=product&#038;p=13026"},"modified":"2025-05-28T17:02:43","modified_gmt":"2025-05-28T17:02:43","slug":"trace5-ltm-ip67-trailer-tracker","status":"publish","type":"product","link":"https:\/\/www.emprenet.com.mx\/es\/tienda\/ruptela\/trace5-ltm-ip67-trailer-tracker\/","title":{"rendered":"TRACE5 LTM IP67 TRAILER TRACKER"},"content":{"rendered":"<p>Conectividad LTE\/LTM con respaldo 2G<br \/>\nAceler\u00f3metro de 3 ejes<br \/>\nTama\u00f1o peque\u00f1o 95 x 77 x 29 mm<br \/>\nGran bater\u00eda interna de 3100 mAh<br \/>\nM\u00f3dulo GNSS U-blox<br \/>\nFuente de alimentaci\u00f3n 8-32 VCC<br \/>\nMemoria interna 8MB GNSS interno y antenas celulares<br \/>\nInstalaci\u00f3n r\u00e1pida y sencilla<br \/>\n4xDIN, 2xAIN,2XDOUT, 1-wire<br \/>\n2 entradas digitales configurables (invertibles)<br \/>\nDetecci\u00f3n de interferencias<br \/>\nConfiguraci\u00f3n FW SMS\/GPRS\/USB (FOTA)<br \/>\nTemperatura de funcionamiento -20 \u00b0C a +60 \u00b0C<br \/>\nCarcasa impermeable IP67<\/p>\n","protected":false},"excerpt":{"rendered":"<p><a href=\"https:\/\/www.emprenet.com.mx\/wp-content\/uploads\/2024\/02\/ES-Trace5-Ficha-Tecnica.pdf\"><strong>Consulta ficha t\u00e9cnica aqu\u00ed<\/strong><\/a><\/p>\n<p>Trace5 Trailer Tracker: un rastreador compacto de localizaci\u00f3n autom\u00e1tica de veh\u00edculos (AVL) basado en GNSS que abarca todas las funciones esenciales para el seguimiento de veh\u00edculos y remolques,<br \/>\nas\u00ed como para la gesti\u00f3n de flotas. Este dispositivo avanzado utiliza se\u00f1ales GNSS para adquirir datos de ubicaci\u00f3n precisos y los transfiere a un servidor a trav\u00e9s de opciones de conectividad celular,<br \/>\nincluidas redes LTE Cat M1, NB-IoT o GSM.<\/p>\n<p><strong>*PRECIO EN D\u00d3LARES M\u00c1S IVA*<\/strong><br \/>\n<strong>*TIPO DE CAMBIO AL D\u00cdA DE COMPRA*<\/strong><\/p>\n","protected":false},"featured_media":13028,"template":"","meta":{"content-type":"","_monsterinsights_skip_tracking":false,"_monsterinsights_sitenote_active":false,"_monsterinsights_sitenote_note":"","_monsterinsights_sitenote_category":0},"product_brand":[],"product_cat":[71],"product_tag":[28,185,241,227,187,240],"class_list":{"0":"post-13026","1":"product","2":"type-product","3":"status-publish","4":"has-post-thumbnail","6":"product_cat-ruptela","7":"product_tag-gps","8":"product_tag-ip67","9":"product_tag-rastreo-vehicular","10":"product_tag-ruptela","11":"product_tag-trace-5","12":"product_tag-trailer-tracker","13":"grve-entry-item","15":"first","16":"outofstock","17":"taxable","18":"shipping-taxable","19":"purchasable","20":"product-type-simple"},"_links":{"self":[{"href":"https:\/\/www.emprenet.com.mx\/es\/wp-json\/wp\/v2\/product\/13026","targetHints":{"allow":["GET"]}}],"collection":[{"href":"https:\/\/www.emprenet.com.mx\/es\/wp-json\/wp\/v2\/product"}],"about":[{"href":"https:\/\/www.emprenet.com.mx\/es\/wp-json\/wp\/v2\/types\/product"}],"wp:featuredmedia":[{"embeddable":true,"href":"https:\/\/www.emprenet.com.mx\/es\/wp-json\/wp\/v2\/media\/13028"}],"wp:attachment":[{"href":"https:\/\/www.emprenet.com.mx\/es\/wp-json\/wp\/v2\/media?parent=13026"}],"wp:term":[{"taxonomy":"product_brand","embeddable":true,"href":"https:\/\/www.emprenet.com.mx\/es\/wp-json\/wp\/v2\/product_brand?post=13026"},{"taxonomy":"product_cat","embeddable":true,"href":"https:\/\/www.emprenet.com.mx\/es\/wp-json\/wp\/v2\/product_cat?post=13026"},{"taxonomy":"product_tag","embeddable":true,"href":"https:\/\/www.emprenet.com.mx\/es\/wp-json\/wp\/v2\/product_tag?post=13026"}],"curies":[{"name":"wp","href":"https:\/\/api.w.org\/{rel}","templated":true}]}}