{"id":13029,"date":"2024-02-20T15:42:02","date_gmt":"2024-02-20T15:42:02","guid":{"rendered":"https:\/\/www.emprenet.com.mx\/?post_type=product&#038;p=13029"},"modified":"2024-12-16T16:16:27","modified_gmt":"2024-12-16T16:16:27","slug":"tat140","status":"publish","type":"product","link":"https:\/\/www.emprenet.com.mx\/es\/tienda\/teltonika\/tat140\/","title":{"rendered":"TAT140"},"content":{"rendered":"<div>\n<div class=\"has-link list-disc py-4 md:pb-8 pt-2 container\">\n<div class=\"flex md:justify-end text-gray-1 flex-col md:flex-row gap-2 md:gap-6 mb-8 last:mb-0\">\n<div class=\"font-semibold w-full max-w-[296px]\">\n<p>Name<\/p>\n<\/div>\n<div class=\"w-full max-w-[620px] disc less-bold\">\n<p>TAT140-QJIBO: Quectel EG915U-EU with Teltonika TM2500;<br \/>\nTAT140-QKIB0: Quectel EG915U-LA with Teltonika TM2500<\/p>\n<\/div>\n<\/div>\n<div class=\"flex md:justify-end text-gray-1 flex-col md:flex-row gap-2 md:gap-6 mb-8 last:mb-0\">\n<div class=\"font-semibold w-full max-w-[296px]\">\n<p>Technology<br \/>\nLTE Cat 1\/GSM\/GPRS\/GNSS\/BLUETOOTH<\/p>\n<div>\n<div class=\"has-link list-disc py-4 md:pb-8 pt-2 container\">\n<div class=\"flex md:justify-end text-gray-1 flex-col md:flex-row gap-2 md:gap-6 mb-8 last:mb-0\">\n<div class=\"font-semibold w-full max-w-[296px]\">\n<p>GNSS<br \/>\nGPS, GLONASS, GALILEO, BEIDOU<\/p>\n<\/div>\n<\/div>\n<div class=\"flex md:justify-end text-gray-1 flex-col md:flex-row gap-2 md:gap-6 mb-8 last:mb-0\">\n<div class=\"font-semibold w-full max-w-[296px]\">\n<p>Receiver<br \/>\n33 channel<\/p>\n<\/div>\n<\/div>\n<div class=\"flex md:justify-end text-gray-1 flex-col md:flex-row gap-2 md:gap-6 mb-8 last:mb-0\">\n<div class=\"font-semibold w-full max-w-[296px]\">\n<p>Tracking sensitivity<br \/>\n-165 dBM<\/p>\n<\/div>\n<\/div>\n<div class=\"flex md:justify-end text-gray-1 flex-col md:flex-row gap-2 md:gap-6 mb-8 last:mb-0\">\n<div class=\"font-semibold w-full max-w-[296px]\">\n<p>Position Accuracy<br \/>\n&lt; 2.5 m CEP<\/p>\n<div>\n<div class=\"has-link list-disc py-4 md:pb-8 pt-2 container\">\n<div class=\"flex md:justify-end text-gray-1 flex-col md:flex-row gap-2 md:gap-6 mb-8 last:mb-0\">\n<div class=\"font-semibold w-full max-w-[296px]\">\n<p>Technology<br \/>\nLTE Cat 1, GSM<\/p>\n<\/div>\n<\/div>\n<div class=\"flex md:justify-end text-gray-1 flex-col md:flex-row gap-2 md:gap-6 mb-8 last:mb-0\">\n<div class=\"font-semibold w-full max-w-[296px]\">\n<p>2G bands<br \/>\nTAT140-QJIBO: EG915U-EU GSM: B2\/B3\/B5\/B8;<br \/>\nTAT140-QKIB0: EG915U-LA GSM: B2\/B3\/B5\/B8<\/p>\n<\/div>\n<\/div>\n<div class=\"flex md:justify-end text-gray-1 flex-col md:flex-row gap-2 md:gap-6 mb-8 last:mb-0\">\n<div class=\"font-semibold w-full max-w-[296px]\">\n<p>4G LTE bands<br \/>\nTAT140-QJIBO: EG915U-EU LTE-FDD: B1\/B3\/B5\/B7\/B8\/B20\/B28;<br \/>\nTAT140-QKIB0: EG915U-LA LTE-FDD: B2\/B3\/B4\/B5\/B7\/B8\/B28\/B66<\/p>\n<\/div>\n<\/div>\n<div class=\"flex md:justify-end text-gray-1 flex-col md:flex-row gap-2 md:gap-6 mb-8 last:mb-0\">\n<div class=\"font-semibold w-full max-w-[296px]\">\n<p>Data transfer<br \/>\nLTE: LTE FDD : Max 10Mbps (DL)\/Max 5Mbps (UL)<br \/>\nGSM: GPRS: Max 85.6Kbps (DL)\/Max 85.6Kbps (UL)<\/p>\n<\/div>\n<\/div>\n<div class=\"flex md:justify-end text-gray-1 flex-col md:flex-row gap-2 md:gap-6 mb-8 last:mb-0\">\n<div class=\"font-semibold w-full max-w-[296px]\">\n<p>Data transfer<br \/>\nLTE: LTE FDD : Max 10Mbps (DL)\/Max 5Mbps (UL)]<br \/>\nGSM: GPRS: Max 85.6Kbps (DL)\/Max 85.6Kbps (UL)<\/p>\n<\/div>\n<\/div>\n<div class=\"flex md:justify-end text-gray-1 flex-col md:flex-row gap-2 md:gap-6 mb-8 last:mb-0\">\n<div class=\"font-semibold w-full max-w-[296px]\">\n<p>Data support<br \/>\nSMS (text\/data)<\/p>\n<div class=\"flex md:justify-end text-gray-1 flex-col md:flex-row gap-2 md:gap-6 mb-8 last:mb-0\">\n<div class=\"font-semibold w-full max-w-[296px]\">\n<p>Internal battery<br \/>\nExtremely low self-discharge Li-SOCl2 swappable, non-rechargeable battery, 7,2V 2200mAh<\/p>\n<\/div>\n<\/div>\n<div class=\"flex md:justify-end text-gray-1 flex-col md:flex-row gap-2 md:gap-6 mb-8 last:mb-0\">\n<div class=\"font-semibold w-full max-w-[296px]\">\n<p>Battery life<br \/>\n<strong>Up to 5 years<\/strong> (when used as a backup tracker only via Bluetooth\u00ae)*<br \/>\n<strong>Up to 4 years<\/strong> (1 LBS \u2013 cell towers report per day)*<br \/>\n<strong>Up to 3 years<\/strong> (1 GNSS report per day)*<br \/>\n*<em>Battery life estimates are influenced by many factors such as outdoor temperature, frequency of reporting, installation, and orientation of the device, network coverage, additional functionalities (like Bluetooth\u00ae scanning enabled) and more.<\/em><\/p>\n<div>\n<div class=\"has-link list-disc py-4 md:pb-8 pt-2 container\">\n<div class=\"flex md:justify-end text-gray-1 flex-col md:flex-row gap-2 md:gap-6 mb-8 last:mb-0\">\n<div class=\"font-semibold w-full max-w-[296px]\">\n<p>Specification<br \/>\n4.2 + LE<\/p>\n<\/div>\n<\/div>\n<div class=\"flex md:justify-end text-gray-1 flex-col md:flex-row gap-2 md:gap-6 mb-8 last:mb-0\">\n<div class=\"font-semibold w-full max-w-[296px]\">\n<p>Supported peripherals<br \/>\nEYE sensors, Beacons, Universal BLE sensor support<\/p>\n<div>\n<div class=\"has-link list-disc py-4 md:pb-8 pt-2 container\">\n<div class=\"flex md:justify-end text-gray-1 flex-col md:flex-row gap-2 md:gap-6 mb-8 last:mb-0\">\n<div class=\"font-semibold w-full max-w-[296px]\">\n<p>Dimensions<br \/>\n78 x 63 x 28 mm (L x W x H)<\/p>\n<\/div>\n<\/div>\n<div class=\"flex md:justify-end text-gray-1 flex-col md:flex-row gap-2 md:gap-6 mb-8 last:mb-0\">\n<div class=\"font-semibold w-full max-w-[296px]\">\n<p>Weight<br \/>\n115 g<\/p>\n<div>\n<div class=\"has-link list-disc py-4 md:pb-8 pt-2 container\">\n<div class=\"flex md:justify-end text-gray-1 flex-col md:flex-row gap-2 md:gap-6 mb-8 last:mb-0\">\n<div class=\"font-semibold w-full max-w-[296px]\">\n<p>GNSS antenna<br \/>\nInternal High Gain<\/p>\n<\/div>\n<\/div>\n<div class=\"flex md:justify-end text-gray-1 flex-col md:flex-row gap-2 md:gap-6 mb-8 last:mb-0\">\n<div class=\"font-semibold w-full max-w-[296px]\">\n<p>Cellular antenna<br \/>\nInternal GSM High Gain<\/p>\n<\/div>\n<\/div>\n<div class=\"flex md:justify-end text-gray-1 flex-col md:flex-row gap-2 md:gap-6 mb-8 last:mb-0\">\n<div class=\"font-semibold w-full max-w-[296px]\">\n<p>USB]<br \/>\n2.0 Micro-USB<\/p>\n<\/div>\n<\/div>\n<div class=\"flex md:justify-end text-gray-1 flex-col md:flex-row gap-2 md:gap-6 mb-8 last:mb-0\">\n<div class=\"font-semibold w-full max-w-[296px]\">\n<p>LED indication<br \/>\n1 status LED light<\/p>\n<\/div>\n<\/div>\n<div class=\"flex md:justify-end text-gray-1 flex-col md:flex-row gap-2 md:gap-6 mb-8 last:mb-0\">\n<div class=\"font-semibold w-full max-w-[296px]\">\n<p>SIM<br \/>\nMicro-SIM<\/p>\n<\/div>\n<\/div>\n<div class=\"flex md:justify-end text-gray-1 flex-col md:flex-row gap-2 md:gap-6 mb-8 last:mb-0\">\n<div class=\"font-semibold w-full max-w-[296px]\">\n<p>Memory<br \/>\n128MB internal flash memory<\/p>\n<div>\n<div class=\"has-link list-disc py-4 md:pb-8 pt-2 container\">\n<div class=\"flex md:justify-end text-gray-1 flex-col md:flex-row gap-2 md:gap-6 mb-8 last:mb-0\">\n<div class=\"font-semibold w-full max-w-[296px]\">\n<p>Operating temperature (without battery)<br \/>\n-20 \u00b0C to +60 \u00b0C<\/p>\n<\/div>\n<\/div>\n<div class=\"flex md:justify-end text-gray-1 flex-col md:flex-row gap-2 md:gap-6 mb-8 last:mb-0\">\n<div class=\"font-semibold w-full max-w-[296px]\">\n<p>Battery discharge temperature<br \/>\n-60 \u00b0C to +85 \u00b0C<\/p>\n<\/div>\n<\/div>\n<div class=\"flex md:justify-end text-gray-1 flex-col md:flex-row gap-2 md:gap-6 mb-8 last:mb-0\">\n<div class=\"font-semibold w-full max-w-[296px]\">\n<p>Battery storage temperature<br \/>\nRecommended max 30\u00b0C<\/p>\n<\/div>\n<\/div>\n<div class=\"flex md:justify-end text-gray-1 flex-col md:flex-row gap-2 md:gap-6 mb-8 last:mb-0\">\n<div class=\"font-semibold w-full max-w-[296px]\">\n<p>Ingress Protection Rating<br \/>\nIP68<\/p>\n<div>\n<div class=\"has-link list-disc py-4 md:pb-8 pt-2 container\">\n<div class=\"flex md:justify-end text-gray-1 flex-col md:flex-row gap-2 md:gap-6 mb-8 last:mb-0\">\n<div class=\"font-semibold w-full max-w-[296px]\">\n<p>Scenarios<br \/>\nAccelerometer wake up, GNSS, Bluetooth\u00ae sensor support, Recovery mode, Periodic tracking on stop \/ on move, Scheduler with time zones, Backup tracking, Static navigation, Lost BLE sensor<\/p>\n<\/div>\n<\/div>\n<div class=\"flex md:justify-end text-gray-1 flex-col md:flex-row gap-2 md:gap-6 mb-8 last:mb-0\">\n<div class=\"font-semibold w-full max-w-[296px]\">\n<p>Sensors<br \/>\nAccelerometer<\/p>\n<\/div>\n<\/div>\n<div class=\"flex md:justify-end text-gray-1 flex-col md:flex-row gap-2 md:gap-6 mb-8 last:mb-0\">\n<div class=\"font-semibold w-full max-w-[296px]\">\n<p>Sleep modes<br \/>\nSingle custom sleep mode<\/p>\n<\/div>\n<\/div>\n<div class=\"flex md:justify-end text-gray-1 flex-col md:flex-row gap-2 md:gap-6 mb-8 last:mb-0\">\n<div class=\"font-semibold w-full max-w-[296px]\">\n<p>Configuration and firmware update<br \/>\nFOTA Web, Teltonika Configurator (USB)<\/p>\n<\/div>\n<\/div>\n<div class=\"flex md:justify-end text-gray-1 flex-col md:flex-row gap-2 md:gap-6 mb-8 last:mb-0\">\n<div class=\"font-semibold w-full max-w-[296px]\">\n<p>SMS<br \/>\nConfiguration, Events, Debug<\/p>\n<\/div>\n<\/div>\n<div class=\"flex md:justify-end text-gray-1 flex-col md:flex-row gap-2 md:gap-6 mb-8 last:mb-0\">\n<div class=\"font-semibold w-full max-w-[296px]\">\n<p>GPRS commands<br \/>\nConfiguration, Debug<\/p>\n<\/div>\n<\/div>\n<div class=\"flex md:justify-end text-gray-1 flex-col md:flex-row gap-2 md:gap-6 mb-8 last:mb-0\">\n<div class=\"font-semibold w-full max-w-[296px]\">\n<p>Time Synchronization<br \/>\nGNSS, NITZ, NTP<\/p>\n<div>\n<div class=\"has-link list-disc py-4 md:pb-8 pt-2 container\">\n<div class=\"flex md:justify-end text-gray-1 flex-col md:flex-row gap-2 md:gap-6 mb-8 last:mb-0\">\n<div class=\"font-semibold w-full max-w-[296px]\">\n<p>Regulatory<br \/>\nCE\/RED, E-Mark, RCM, UKCA, CITC, TRA<\/p>\n<\/div>\n<\/div>\n<\/div>\n<\/div>\n<\/div>\n<\/div>\n<\/div>\n<\/div>\n<\/div>\n<\/div>\n<\/div>\n<\/div>\n<\/div>\n<\/div>\n<\/div>\n<\/div>\n<\/div>\n<\/div>\n<\/div>\n<\/div>\n<\/div>\n<\/div>\n<\/div>\n<\/div>\n<\/div>\n<\/div>\n<\/div>\n<\/div>\n<\/div>\n<\/div>\n<\/div>\n<\/div>\n<\/div>\n<\/div>\n<\/div>\n<\/div>\n<\/div>\n<\/div>\n","protected":false},"excerpt":{"rendered":"<p><a href=\"https:\/\/www.emprenet.com.mx\/wp-content\/uploads\/2024\/02\/DS-TAT140.pdf\"><strong>*Consulta la ficha t\u00e9cnica aqu\u00ed<\/strong><\/a><\/p>\n<p>Rastreador de activos 4G LTE Cat 1 para cobertura mundial<br \/>\nIdeal para utilizarlo como rastreador de reserva: f\u00e1cil de ocultar en cualquier lugar del veh\u00edculo gracias a su tama\u00f1o compacto, mientras que el modo de suspensi\u00f3n protege contra la detecci\u00f3n del rastreador por parte de ladrones<\/p>\n<div class=\"flex-1\">\n<div class=\"text-center md:text-left mb-4 md:mb-0 md:pr-6 lg:pr-12 md:ml-6\">\n<div class=\"font-oswald font-semibold text-2xl lg:text-3.5xl mb-4 uppercase\">Hasta 3 a\u00f1os de duraci\u00f3n de la bater\u00eda*<\/div>\n<div class=\"lg:text-2xl\">\n<p>Env\u00edo de registros una vez al d\u00eda con conectividad 4G LTE Cat 1, modos offline y escenarios de ahorro de bater\u00eda para el seguimiento de diversos activos.<br \/>\n<sub>* La duraci\u00f3n de la bater\u00eda puede verse afectada por diversos factores, como la intensidad de la se\u00f1al, etc.<\/sub><\/p>\n<p><strong>*PRECIO EN D\u00d3LARES M\u00c1S IVA*<\/strong><br \/>\n<strong>*TIPO DE CAMBIO AL D\u00cdA DE COMPRA*<\/strong><\/p>\n<\/div>\n<\/div>\n<\/div>\n","protected":false},"featured_media":13030,"template":"","meta":{"content-type":"","_monsterinsights_skip_tracking":false,"_monsterinsights_sitenote_active":false,"_monsterinsights_sitenote_note":"","_monsterinsights_sitenote_category":0},"product_brand":[],"product_cat":[74],"product_tag":[28,238,239],"class_list":{"0":"post-13029","1":"product","2":"type-product","3":"status-publish","4":"has-post-thumbnail","6":"product_cat-teltonika","7":"product_tag-gps","8":"product_tag-tat","9":"product_tag-teltonika","10":"grve-entry-item","12":"first","13":"outofstock","14":"taxable","15":"shipping-taxable","16":"purchasable","17":"product-type-simple"},"_links":{"self":[{"href":"https:\/\/www.emprenet.com.mx\/es\/wp-json\/wp\/v2\/product\/13029","targetHints":{"allow":["GET"]}}],"collection":[{"href":"https:\/\/www.emprenet.com.mx\/es\/wp-json\/wp\/v2\/product"}],"about":[{"href":"https:\/\/www.emprenet.com.mx\/es\/wp-json\/wp\/v2\/types\/product"}],"wp:featuredmedia":[{"embeddable":true,"href":"https:\/\/www.emprenet.com.mx\/es\/wp-json\/wp\/v2\/media\/13030"}],"wp:attachment":[{"href":"https:\/\/www.emprenet.com.mx\/es\/wp-json\/wp\/v2\/media?parent=13029"}],"wp:term":[{"taxonomy":"product_brand","embeddable":true,"href":"https:\/\/www.emprenet.com.mx\/es\/wp-json\/wp\/v2\/product_brand?post=13029"},{"taxonomy":"product_cat","embeddable":true,"href":"https:\/\/www.emprenet.com.mx\/es\/wp-json\/wp\/v2\/product_cat?post=13029"},{"taxonomy":"product_tag","embeddable":true,"href":"https:\/\/www.emprenet.com.mx\/es\/wp-json\/wp\/v2\/product_tag?post=13029"}],"curies":[{"name":"wp","href":"https:\/\/api.w.org\/{rel}","templated":true}]}}